{"id":14010,"date":"2019-12-22T18:05:33","date_gmt":"2019-12-22T17:05:33","guid":{"rendered":"https:\/\/www.challenge-agriculture.fr\/tensiometry\/good-practices-2\/"},"modified":"2021-04-23T20:56:00","modified_gmt":"2021-04-23T18:56:00","slug":"good-practices","status":"publish","type":"page","link":"https:\/\/dev.challenge-agriculture.fr\/en\/tensiometry\/good-practices\/","title":{"rendered":"Good practices"},"content":{"rendered":"\t\t<div data-elementor-type=\"wp-page\" data-elementor-id=\"14010\" class=\"elementor elementor-14010 elementor-6686\" data-elementor-post-type=\"page\">\n\t\t\t\t\t\t<section class=\"elementor-section elementor-top-section elementor-element elementor-element-e2897c0 elementor-section-full_width texte_resume elementor-section-height-default elementor-section-height-default\" data-id=\"e2897c0\" data-element_type=\"section\">\n\t\t\t\t\t\t<div class=\"elementor-container elementor-column-gap-default\">\n\t\t\t\t\t<div class=\"elementor-column elementor-col-100 elementor-top-column elementor-element elementor-element-720b229\" data-id=\"720b229\" data-element_type=\"column\">\n\t\t\t<div class=\"elementor-widget-wrap elementor-element-populated\">\n\t\t\t\t\t\t<div class=\"elementor-element elementor-element-8b8f6ed elementor-widget elementor-widget-text-editor\" data-id=\"8b8f6ed\" data-element_type=\"widget\" data-widget_type=\"text-editor.default\">\n\t\t\t\t<div class=\"elementor-widget-container\">\n\t\t\t\t\t\t\t<h2>Good field practices will avoid disturbing the soil to be observed<\/h2><p>Our<strong> instructions<\/strong> describe suitable techniques for instrumentation, installation and removal of sensors, adapted frequency of measure, etc&#8230;<\/p><p>4 <strong>technical levels<\/strong> can be achieved :\u00a0<\/p><p>&#8211; simple observation<\/p><p>&#8211; decision help<\/p><p>&#8211; irrigation management<\/p><p>&#8211; smart irrigation<\/p><p>Performance is obtained with respect of <strong>soil<\/strong>, <strong>equipement<\/strong> and <strong>tensiometry<\/strong>.<\/p><p>Things stay clear as long as there is no confusion beetween technical levels. For example, not possible to pretend monitor <strong>irrigation<\/strong> out of a casual observation, without repetitions (see below).<\/p>\t\t\t\t\t\t<\/div>\n\t\t\t\t<\/div>\n\t\t\t\t\t<\/div>\n\t\t<\/div>\n\t\t\t\t\t<\/div>\n\t\t<\/section>\n\t\t\t\t<section class=\"elementor-section elementor-top-section elementor-element elementor-element-41c3a7b6 elementor-section-full_width texte_complet elementor-section-height-default elementor-section-height-default\" data-id=\"41c3a7b6\" data-element_type=\"section\">\n\t\t\t\t\t\t<div class=\"elementor-container elementor-column-gap-default\">\n\t\t\t\t\t<div class=\"elementor-column elementor-col-100 elementor-top-column elementor-element elementor-element-2c6536e4\" data-id=\"2c6536e4\" data-element_type=\"column\">\n\t\t\t<div class=\"elementor-widget-wrap elementor-element-populated\">\n\t\t\t\t\t\t<div class=\"elementor-element elementor-element-c171189 elementor-widget elementor-widget-heading\" data-id=\"c171189\" data-element_type=\"widget\" data-widget_type=\"heading.default\">\n\t\t\t\t<div class=\"elementor-widget-container\">\n\t\t\t<h2 class=\"elementor-heading-title elementor-size-default\">A minimum of 3 repetitions <\/h2>\t\t<\/div>\n\t\t\t\t<\/div>\n\t\t\t\t<div class=\"elementor-element elementor-element-ccf437e elementor-widget elementor-widget-text-editor\" data-id=\"ccf437e\" data-element_type=\"widget\" data-widget_type=\"text-editor.default\">\n\t\t\t\t<div class=\"elementor-widget-container\">\n\t\t\t\t\t\t\t<p>Having a minimum of 3 repetitions is the only possible answer to the heterogeneity of water in <strong>cultivated irrigated soils<\/strong>. The rule of taking the median of\u00a0 3 values for each depth has been documented for over 30 years. The heterogeneity of soil humidity increases on dessication phase, means when the<strong> irrigation decision<\/strong> need to be taken. Distribution of <strong>irrigation water<\/strong> further increases the heterogeneity.<\/p><p>Technical levels of &#8220;help decision&#8221; and &#8220;monitor irrigation&#8221; need consistant decisions, respecting those rules.<\/p><p>The investment is roughly\u00a0 around 500 \u20ac per\u00a0 field for manual readings, 800 \u20ac for registering, around 1200 \u20ac for transmission. Those costs are very reasonable, compared with economical challenges.<\/p><p><strong>Decision making measures<\/strong> need good strategy, good pratices with correct equipment, rather than improvisation.<\/p>\t\t\t\t\t\t<\/div>\n\t\t\t\t<\/div>\n\t\t\t\t<div class=\"elementor-element elementor-element-58b4136 elementor-widget elementor-widget-heading\" data-id=\"58b4136\" data-element_type=\"widget\" data-widget_type=\"heading.default\">\n\t\t\t\t<div class=\"elementor-widget-container\">\n\t\t\t<h2 class=\"elementor-heading-title elementor-size-default\">Fr\u00e9quence des mesures tensiom\u00e9triques<\/h2>\t\t<\/div>\n\t\t\t\t<\/div>\n\t\t\t\t<div class=\"elementor-element elementor-element-5af7a5b elementor-widget elementor-widget-text-editor\" data-id=\"5af7a5b\" data-element_type=\"widget\" data-widget_type=\"text-editor.default\">\n\t\t\t\t<div class=\"elementor-widget-container\">\n\t\t\t\t\t\t\t<p>La <strong>tension de l&#8217;eau<\/strong> dans le sol \u00e9volue classiquement de quelques cb \/ jour.<\/p><p>Une fois l&#8217;outil d&#8217;<strong>aide \u00e0 la d\u00e9cision<\/strong> mis en main, la visualisation, le conseil et la d\u00e9cision se font sur une fr\u00e9quence hebdomadaire, parfois bi-hebdomadaire. Ceci permet une bonne ma\u00eetrise, sans devenir fastidieux.<\/p><p>L&#8217;intervalle ad\u00e9quat entre 2 mesures est de 4 \u00e0 6 h, sauf cas tr\u00e8s particulier.<\/p><p>La fr\u00e9quence d&#8217;envoi n\u00e9cessaire des 4 \u00e0 6 lignes de donn\u00e9es peut \u00eatre journali\u00e8re, voire bi-journali\u00e8re en sol l\u00e9ger.<\/p><p>Ces intervalles sont adapt\u00e9s \u00e0 la <strong>tensiom\u00e9trie<\/strong>.<\/p>\t\t\t\t\t\t<\/div>\n\t\t\t\t<\/div>\n\t\t\t\t<div class=\"elementor-element elementor-element-948e8b0 elementor-widget elementor-widget-heading\" data-id=\"948e8b0\" data-element_type=\"widget\" data-widget_type=\"heading.default\">\n\t\t\t\t<div class=\"elementor-widget-container\">\n\t\t\t<h3 class=\"elementor-heading-title elementor-size-default\">Fr\u00e9quences anormales <\/h3>\t\t<\/div>\n\t\t\t\t<\/div>\n\t\t\t\t<div class=\"elementor-element elementor-element-5aaca8f elementor-widget elementor-widget-text-editor\" data-id=\"5aaca8f\" data-element_type=\"widget\" data-widget_type=\"text-editor.default\">\n\t\t\t\t<div class=\"elementor-widget-container\">\n\t\t\t\t\t\t\t<p>Certaines centrales multi-capteurs n&#8217;ont pas \u00e9t\u00e9 adapt\u00e9es aux mesures dans le sol. Par exemple, une mesure toutes les 15 minutes g\u00e9n\u00e8re 8640 mesures sur 3 mois, l\u2019\u00e9quivalent de plus de 5 ans de mesures. On fatigue inutilement les <strong>capteurs<\/strong> en seulement 1 an d&#8217;utilisation.<\/p><p>Le calage de certaines solutions, sur une fr\u00e9quence de mesure inutilement \u00e9lev\u00e9e, n&#8217;est pas une bonne id\u00e9e.<\/p>\t\t\t\t\t\t<\/div>\n\t\t\t\t<\/div>\n\t\t\t\t<div class=\"elementor-element elementor-element-f9c35c1 elementor-widget elementor-widget-heading\" data-id=\"f9c35c1\" data-element_type=\"widget\" data-widget_type=\"heading.default\">\n\t\t\t\t<div class=\"elementor-widget-container\">\n\t\t\t<h2 class=\"elementor-heading-title elementor-size-default\">Test des sondes<\/h2>\t\t<\/div>\n\t\t\t\t<\/div>\n\t\t\t\t<div class=\"elementor-element elementor-element-72d9d89 elementor-widget elementor-widget-text-editor\" data-id=\"72d9d89\" data-element_type=\"widget\" data-widget_type=\"text-editor.default\">\n\t\t\t\t<div class=\"elementor-widget-container\">\n\t\t\t\t\t\t\t<p>Le fonctionnement et la dur\u00e9e de vie des sondes est document\u00e9e : <a href=\"https:\/\/www.challenge-agriculture.fr\/en\/equipment\/watermark-sensors\/\">sondes WATERMARK<\/a><\/p><p>Certaines m\u00e9thodes pr\u00e9conisent un test chaque saison. Pourquoi pas, mais \u00e0 condition de respecter la proc\u00e9dure de test.<\/p><p>Notamment tremper les sondes pendant 2 minutes dans seulement 6 cm d&#8217;eau.\u00a0Ne pas les submerger, ne pas laisser entrer de l&#8217;eau par le trou en bas de tube. Sous peine de faire entrer de l&#8217;eau par la mise \u00e0 l&#8217;air de la sonde, ce qui peut fausser le test en question.<\/p><p style=\"text-align: center;\"><strong>Le contact sol \/ sonde est essentiel<\/strong><b><br \/><\/b><\/p>\t\t\t\t\t\t<\/div>\n\t\t\t\t<\/div>\n\t\t\t\t<div class=\"elementor-element elementor-element-980fb46 elementor-widget elementor-widget-heading\" data-id=\"980fb46\" data-element_type=\"widget\" data-widget_type=\"heading.default\">\n\t\t\t\t<div class=\"elementor-widget-container\">\n\t\t\t<h2 class=\"elementor-heading-title elementor-size-default\">Le tubage de sondes<\/h2>\t\t<\/div>\n\t\t\t\t<\/div>\n\t\t\t\t<div class=\"elementor-element elementor-element-5a7e49f elementor-widget elementor-widget-text-editor\" data-id=\"5a7e49f\" data-element_type=\"widget\" data-widget_type=\"text-editor.default\">\n\t\t\t\t<div class=\"elementor-widget-container\">\n\t\t\t\t\t\t\t<p>Le <strong>tubage PVC<\/strong> \u00e0 deux diam\u00e8tres 25\/22 mm correspond \u00e0 la <a href=\"https:\/\/www.challenge-agriculture.fr\/produit\/nitrates\/spirale\/\"><strong>tari\u00e8re spirale<\/strong><\/a> 25\/22 mm.<\/p><p>Ceci permet de descendre les sondes dans le sol sans ab\u00eemer leur &#8220;peau&#8221;.<\/p><p>Tout en assurant un contact parfait avec le sol non perturb\u00e9.<\/p>\t\t\t\t\t\t<\/div>\n\t\t\t\t<\/div>\n\t\t\t\t<div class=\"elementor-element elementor-element-536da2d elementor-widget elementor-widget-heading\" data-id=\"536da2d\" data-element_type=\"widget\" data-widget_type=\"heading.default\">\n\t\t\t\t<div class=\"elementor-widget-container\">\n\t\t\t<h2 class=\"elementor-heading-title elementor-size-default\">L'installation<\/h2>\t\t<\/div>\n\t\t\t\t<\/div>\n\t\t\t\t<div class=\"elementor-element elementor-element-960993f elementor-widget elementor-widget-text-editor\" data-id=\"960993f\" data-element_type=\"widget\" data-widget_type=\"text-editor.default\">\n\t\t\t\t<div class=\"elementor-widget-container\">\n\t\t\t\t\t\t\t<p>Le pr\u00e9-trou doit \u00eatre fait avec la<strong> tari\u00e8re spirale<\/strong>, par des\u00a0 aller-retours successifs de 15 cm maximum, afin de ne pas comprimer le sol.<\/p><p><strong>\u00c0 proscrire :<\/strong> des outils hors c\u00f4te, des pr\u00e9-trous plus gros, de la boue cr\u00e9ant une &#8220;poterie&#8221; autour de la sonde, qui ralentit les \u00e9changes avec le sol r\u00e9el. On voit cette mauvaise id\u00e9e sur certaines vid\u00e9os. Perturber ou modifier le sol qu&#8217;on veut observer, est totalement \u00e0 proscrire.<\/p>\t\t\t\t\t\t<\/div>\n\t\t\t\t<\/div>\n\t\t\t\t<div class=\"elementor-element elementor-element-83dbd11 elementor-widget elementor-widget-heading\" data-id=\"83dbd11\" data-element_type=\"widget\" data-widget_type=\"heading.default\">\n\t\t\t\t<div class=\"elementor-widget-container\">\n\t\t\t<h2 class=\"elementor-heading-title elementor-size-default\">Peut-on se passer de c\u00e2ble sur les sondes WATERMARK ?<\/h2>\t\t<\/div>\n\t\t\t\t<\/div>\n\t\t\t\t<div class=\"elementor-element elementor-element-07335db elementor-widget elementor-widget-text-editor\" data-id=\"07335db\" data-element_type=\"widget\" data-widget_type=\"text-editor.default\">\n\t\t\t\t<div class=\"elementor-widget-container\">\n\t\t\t\t\t\t\t<p>Avec le recul sur l\u2019usage des <strong>Monitor R2-DX<\/strong> (c\u00e2bl\u00e9s) et <strong>R2-XD<\/strong> (non c\u00e2bl\u00e9s) il ressort\u00a0:<\/p><ol><li>En <strong>culture annuelle<\/strong> sous aspersion ou goutte-\u00e0-goutte \u00e0 faible \u00e9cartement, les 2 solutions peuvent \u00eatre \u00e9quivalentes, \u00e0 conditions de pouvoir ajuster la hauteur au dessus du sol et respecter le nombre minimum des 3 r\u00e9p\u00e9titions x 2 positions, au moins&#8230;<\/li><li>En<strong> irrigatio<\/strong>n \u00e0 la raie, idem. La garde au sol est essentielle.<\/li><li>En <strong>culture p\u00e9renne<\/strong> sous goutte-\u00e0-goutte, la solution c\u00e2bl\u00e9e est sup\u00e9rieure pour ajuster le bon positionnement des sondes autour du <strong>bulbe<\/strong>. \u00c9galement pour mettre l&#8217;\u00e9lectronique \u00e0 l&#8217;abri du d\u00e9sherbage m\u00e9canique, de plus en plus utilis\u00e9.<\/li><li>C\u00e2blage indispensable \u00e9galement en \u00e9chographie du <strong>bulbe<\/strong>.<\/li><\/ol>\t\t\t\t\t\t<\/div>\n\t\t\t\t<\/div>\n\t\t\t\t\t<\/div>\n\t\t<\/div>\n\t\t\t\t\t<\/div>\n\t\t<\/section>\n\t\t\t\t<\/div>\n\t\t","protected":false},"excerpt":{"rendered":"<p>Good field practices will avoid disturbing the soil to be observed Our instructions describe suitable techniques for instrumentation, installation and removal of sensors, adapted frequency of measure, etc&#8230; 4 technical levels can be achieved :\u00a0 &#8211; simple observation &#8211; decision help &#8211; irrigation management &#8211; smart irrigation Performance is obtained with respect of soil, equipement [&hellip;]<\/p>\n","protected":false},"author":24155,"featured_media":0,"parent":80,"menu_order":11,"comment_status":"closed","ping_status":"closed","template":"","meta":{"_acf_changed":false,"footnotes":""},"acf":[],"yoast_head":"<!-- This site is optimized with the Yoast SEO plugin v22.0 - https:\/\/yoast.com\/wordpress\/plugins\/seo\/ -->\n<title>Tensiometry : good pratices &#x2d; Challenge agriculture<\/title>\n<meta name=\"description\" content=\"Tensiometry : good pratices. Service distributed by Challenge agriculture, made in France.\" \/>\n<meta name=\"robots\" content=\"index, follow, max-snippet:-1, max-image-preview:large, max-video-preview:-1\" \/>\n<link rel=\"canonical\" href=\"https:\/\/dev.challenge-agriculture.fr\/en\/tensiometry\/good-practices\/\" \/>\n<meta property=\"og:locale\" content=\"fr_FR\" \/>\n<meta property=\"og:type\" content=\"article\" \/>\n<meta property=\"og:title\" content=\"Tensiometry : good pratices &#x2d; Challenge agriculture\" \/>\n<meta property=\"og:description\" content=\"Tensiometry : good pratices. Service distributed by Challenge agriculture, made in France.\" \/>\n<meta property=\"og:url\" content=\"https:\/\/dev.challenge-agriculture.fr\/en\/tensiometry\/good-practices\/\" \/>\n<meta property=\"og:site_name\" content=\"Challenge Agriculture\" \/>\n<meta property=\"article:modified_time\" content=\"2021-04-23T18:56:00+00:00\" \/>\n<meta property=\"og:image\" content=\"https:\/\/dev.challenge-agriculture.fr\/wp-content\/uploads\/2021\/04\/favicon.png\" \/>\n\t<meta property=\"og:image:width\" content=\"512\" \/>\n\t<meta property=\"og:image:height\" content=\"512\" \/>\n\t<meta property=\"og:image:type\" content=\"image\/png\" \/>\n<meta name=\"twitter:card\" content=\"summary_large_image\" \/>\n<meta name=\"twitter:label1\" content=\"Est. reading time\" \/>\n\t<meta name=\"twitter:data1\" content=\"4 minutes\" \/>\n<script type=\"application\/ld+json\" class=\"yoast-schema-graph\">{\"@context\":\"https:\/\/schema.org\",\"@graph\":[{\"@type\":\"WebPage\",\"@id\":\"https:\/\/dev.challenge-agriculture.fr\/en\/tensiometry\/good-practices\/\",\"url\":\"https:\/\/dev.challenge-agriculture.fr\/en\/tensiometry\/good-practices\/\",\"name\":\"Tensiometry : good pratices &#x2d; Challenge agriculture\",\"isPartOf\":{\"@id\":\"https:\/\/dev.challenge-agriculture.fr\/#website\"},\"datePublished\":\"2019-12-22T17:05:33+00:00\",\"dateModified\":\"2021-04-23T18:56:00+00:00\",\"description\":\"Tensiometry : good pratices. Service distributed by Challenge agriculture, made in France.\",\"breadcrumb\":{\"@id\":\"https:\/\/dev.challenge-agriculture.fr\/en\/tensiometry\/good-practices\/#breadcrumb\"},\"inLanguage\":\"en-US\",\"potentialAction\":[{\"@type\":\"ReadAction\",\"target\":[\"https:\/\/dev.challenge-agriculture.fr\/en\/tensiometry\/good-practices\/\"]}]},{\"@type\":\"BreadcrumbList\",\"@id\":\"https:\/\/dev.challenge-agriculture.fr\/en\/tensiometry\/good-practices\/#breadcrumb\",\"itemListElement\":[{\"@type\":\"ListItem\",\"position\":1,\"name\":\"Home\",\"item\":\"https:\/\/dev.challenge-agriculture.fr\/en\/\"},{\"@type\":\"ListItem\",\"position\":2,\"name\":\"Tensiometry\",\"item\":\"https:\/\/dev.challenge-agriculture.fr\/en\/tensiometry\/\"},{\"@type\":\"ListItem\",\"position\":3,\"name\":\"Good practices\"}]},{\"@type\":\"WebSite\",\"@id\":\"https:\/\/dev.challenge-agriculture.fr\/#website\",\"url\":\"https:\/\/dev.challenge-agriculture.fr\/\",\"name\":\"Challenge Agriculture\",\"description\":\"\",\"publisher\":{\"@id\":\"https:\/\/dev.challenge-agriculture.fr\/#organization\"},\"potentialAction\":[{\"@type\":\"SearchAction\",\"target\":{\"@type\":\"EntryPoint\",\"urlTemplate\":\"https:\/\/dev.challenge-agriculture.fr\/?s={search_term_string}\"},\"query-input\":\"required name=search_term_string\"}],\"inLanguage\":\"en-US\"},{\"@type\":\"Organization\",\"@id\":\"https:\/\/dev.challenge-agriculture.fr\/#organization\",\"name\":\"Challenge Agriculture\",\"url\":\"https:\/\/dev.challenge-agriculture.fr\/\",\"logo\":{\"@type\":\"ImageObject\",\"inLanguage\":\"en-US\",\"@id\":\"https:\/\/dev.challenge-agriculture.fr\/#\/schema\/logo\/image\/\",\"url\":\"https:\/\/www.challenge-agriculture.fr\/wp-content\/uploads\/2020\/02\/logo-doc.png\",\"contentUrl\":\"https:\/\/www.challenge-agriculture.fr\/wp-content\/uploads\/2020\/02\/logo-doc.png\",\"width\":1497,\"height\":355,\"caption\":\"Challenge Agriculture\"},\"image\":{\"@id\":\"https:\/\/dev.challenge-agriculture.fr\/#\/schema\/logo\/image\/\"}}]}<\/script>\n<!-- \/ Yoast SEO plugin. -->","yoast_head_json":{"title":"Tensiometry : good pratices &#x2d; Challenge agriculture","description":"Tensiometry : good pratices. Service distributed by Challenge agriculture, made in France.","robots":{"index":"index","follow":"follow","max-snippet":"max-snippet:-1","max-image-preview":"max-image-preview:large","max-video-preview":"max-video-preview:-1"},"canonical":"https:\/\/dev.challenge-agriculture.fr\/en\/tensiometry\/good-practices\/","og_locale":"fr_FR","og_type":"article","og_title":"Tensiometry : good pratices &#x2d; Challenge agriculture","og_description":"Tensiometry : good pratices. Service distributed by Challenge agriculture, made in France.","og_url":"https:\/\/dev.challenge-agriculture.fr\/en\/tensiometry\/good-practices\/","og_site_name":"Challenge Agriculture","article_modified_time":"2021-04-23T18:56:00+00:00","og_image":[{"width":512,"height":512,"url":"https:\/\/dev.challenge-agriculture.fr\/wp-content\/uploads\/2021\/04\/favicon.png","type":"image\/png"}],"twitter_card":"summary_large_image","twitter_misc":{"Est. reading time":"4 minutes"},"schema":{"@context":"https:\/\/schema.org","@graph":[{"@type":"WebPage","@id":"https:\/\/dev.challenge-agriculture.fr\/en\/tensiometry\/good-practices\/","url":"https:\/\/dev.challenge-agriculture.fr\/en\/tensiometry\/good-practices\/","name":"Tensiometry : good pratices &#x2d; Challenge agriculture","isPartOf":{"@id":"https:\/\/dev.challenge-agriculture.fr\/#website"},"datePublished":"2019-12-22T17:05:33+00:00","dateModified":"2021-04-23T18:56:00+00:00","description":"Tensiometry : good pratices. Service distributed by Challenge agriculture, made in France.","breadcrumb":{"@id":"https:\/\/dev.challenge-agriculture.fr\/en\/tensiometry\/good-practices\/#breadcrumb"},"inLanguage":"en-US","potentialAction":[{"@type":"ReadAction","target":["https:\/\/dev.challenge-agriculture.fr\/en\/tensiometry\/good-practices\/"]}]},{"@type":"BreadcrumbList","@id":"https:\/\/dev.challenge-agriculture.fr\/en\/tensiometry\/good-practices\/#breadcrumb","itemListElement":[{"@type":"ListItem","position":1,"name":"Home","item":"https:\/\/dev.challenge-agriculture.fr\/en\/"},{"@type":"ListItem","position":2,"name":"Tensiometry","item":"https:\/\/dev.challenge-agriculture.fr\/en\/tensiometry\/"},{"@type":"ListItem","position":3,"name":"Good practices"}]},{"@type":"WebSite","@id":"https:\/\/dev.challenge-agriculture.fr\/#website","url":"https:\/\/dev.challenge-agriculture.fr\/","name":"Challenge Agriculture","description":"","publisher":{"@id":"https:\/\/dev.challenge-agriculture.fr\/#organization"},"potentialAction":[{"@type":"SearchAction","target":{"@type":"EntryPoint","urlTemplate":"https:\/\/dev.challenge-agriculture.fr\/?s={search_term_string}"},"query-input":"required name=search_term_string"}],"inLanguage":"en-US"},{"@type":"Organization","@id":"https:\/\/dev.challenge-agriculture.fr\/#organization","name":"Challenge Agriculture","url":"https:\/\/dev.challenge-agriculture.fr\/","logo":{"@type":"ImageObject","inLanguage":"en-US","@id":"https:\/\/dev.challenge-agriculture.fr\/#\/schema\/logo\/image\/","url":"https:\/\/www.challenge-agriculture.fr\/wp-content\/uploads\/2020\/02\/logo-doc.png","contentUrl":"https:\/\/www.challenge-agriculture.fr\/wp-content\/uploads\/2020\/02\/logo-doc.png","width":1497,"height":355,"caption":"Challenge Agriculture"},"image":{"@id":"https:\/\/dev.challenge-agriculture.fr\/#\/schema\/logo\/image\/"}}]}},"_links":{"self":[{"href":"https:\/\/dev.challenge-agriculture.fr\/en\/wp-json\/wp\/v2\/pages\/14010"}],"collection":[{"href":"https:\/\/dev.challenge-agriculture.fr\/en\/wp-json\/wp\/v2\/pages"}],"about":[{"href":"https:\/\/dev.challenge-agriculture.fr\/en\/wp-json\/wp\/v2\/types\/page"}],"author":[{"embeddable":true,"href":"https:\/\/dev.challenge-agriculture.fr\/en\/wp-json\/wp\/v2\/users\/24155"}],"replies":[{"embeddable":true,"href":"https:\/\/dev.challenge-agriculture.fr\/en\/wp-json\/wp\/v2\/comments?post=14010"}],"version-history":[{"count":25,"href":"https:\/\/dev.challenge-agriculture.fr\/en\/wp-json\/wp\/v2\/pages\/14010\/revisions"}],"predecessor-version":[{"id":28505,"href":"https:\/\/dev.challenge-agriculture.fr\/en\/wp-json\/wp\/v2\/pages\/14010\/revisions\/28505"}],"up":[{"embeddable":true,"href":"https:\/\/dev.challenge-agriculture.fr\/en\/wp-json\/wp\/v2\/pages\/80"}],"wp:attachment":[{"href":"https:\/\/dev.challenge-agriculture.fr\/en\/wp-json\/wp\/v2\/media?parent=14010"}],"curies":[{"name":"wp","href":"https:\/\/api.w.org\/{rel}","templated":true}]}}