{"id":1704,"date":"2017-11-08T15:01:25","date_gmt":"2017-11-08T14:01:25","guid":{"rendered":"http:\/\/www.challenge-agriculture.fr\/?page_id=1704"},"modified":"2021-04-23T20:23:58","modified_gmt":"2021-04-23T18:23:58","slug":"application-domain","status":"publish","type":"page","link":"https:\/\/dev.challenge-agriculture.fr\/en\/tensiometry\/application-domain\/","title":{"rendered":"Application domain"},"content":{"rendered":"\t\t<div data-elementor-type=\"wp-page\" data-elementor-id=\"1704\" class=\"elementor elementor-1704 elementor-121\" data-elementor-post-type=\"page\">\n\t\t\t\t\t\t<section class=\"elementor-section elementor-top-section elementor-element elementor-element-ffef600 elementor-section-full_width texte_resume elementor-section-height-default elementor-section-height-default\" data-id=\"ffef600\" data-element_type=\"section\">\n\t\t\t\t\t\t<div class=\"elementor-container elementor-column-gap-default\">\n\t\t\t\t\t<div class=\"elementor-column elementor-col-100 elementor-top-column elementor-element elementor-element-2160ab1\" data-id=\"2160ab1\" data-element_type=\"column\">\n\t\t\t<div class=\"elementor-widget-wrap elementor-element-populated\">\n\t\t\t\t\t\t<div class=\"elementor-element elementor-element-1a83e9f elementor-widget elementor-widget-text-editor\" data-id=\"1a83e9f\" data-element_type=\"widget\" data-widget_type=\"text-editor.default\">\n\t\t\t\t<div class=\"elementor-widget-container\">\n\t\t\t\t\t\t\t<p>Trois grands domaines d\u2019application : <strong>l\u2019irrigation agricole<\/strong>, la reprise d\u2019<strong>arbres transplant\u00e9s <\/strong>en milieu urbain et la <strong>g\u00e9otechnique, <\/strong>portance et stabilit\u00e9 des sols.<\/p>\t\t\t\t\t\t<\/div>\n\t\t\t\t<\/div>\n\t\t\t\t\t<\/div>\n\t\t<\/div>\n\t\t\t\t\t<\/div>\n\t\t<\/section>\n\t\t\t\t<section class=\"elementor-section elementor-top-section elementor-element elementor-element-4c65b498 elementor-section-full_width texte_complet elementor-section-height-default elementor-section-height-default\" data-id=\"4c65b498\" data-element_type=\"section\">\n\t\t\t\t\t\t<div class=\"elementor-container elementor-column-gap-default\">\n\t\t\t\t\t<div class=\"elementor-column elementor-col-100 elementor-top-column elementor-element elementor-element-6da4111a\" data-id=\"6da4111a\" data-element_type=\"column\">\n\t\t\t<div class=\"elementor-widget-wrap elementor-element-populated\">\n\t\t\t\t\t\t<div class=\"elementor-element elementor-element-71942b3 elementor-widget elementor-widget-heading\" data-id=\"71942b3\" data-element_type=\"widget\" data-widget_type=\"heading.default\">\n\t\t\t\t<div class=\"elementor-widget-container\">\n\t\t\t<h2 class=\"elementor-heading-title elementor-size-default\">Irrigation agricole<\/h2>\t\t<\/div>\n\t\t\t\t<\/div>\n\t\t\t\t<div class=\"elementor-element elementor-element-6d4eece elementor-widget elementor-widget-text-editor\" data-id=\"6d4eece\" data-element_type=\"widget\" data-widget_type=\"text-editor.default\">\n\t\t\t\t<div class=\"elementor-widget-container\">\n\t\t\t\t\t\t\t<p>La<strong> tensiom\u00e9trie<\/strong> ou mesure dans un cadre structur\u00e9, de la tension (ou disponibilit\u00e9 de l&#8217;eau dans le sol) est une technique universelle, qui permet de piloter tout syst\u00e8me d&#8217;irrigation, sur tout sol, toute culture, tout climat.<\/p><p>La <strong>tensiom\u00e9trie<\/strong> permet \u00e0 l&#8217;irrigant de ma\u00eetriser lui-m\u00eame sa saison en 10 \u00e0 20 d\u00e9cisions, s&#8217;adaptant en permanence au contexte sol, plante, climat.<\/p><p style=\"text-align: center;\"><strong>La technique est majoritairement utilis\u00e9e par les agriculteurs et leur conseiller technique.<\/strong><\/p><p>Ayant \u00e9t\u00e9 nous-m\u00eame agriculteur et conseiller, nous l\u2019avons d\u00e9velopp\u00e9e dans ce but, autour de quelques principes simples : abordable, meilleur rapport qualit\u00e9-prix-service du march\u00e9, solidit\u00e9 technique et respect des prescriptions scientifiques, source gratuite, aide \u00e0 la mise en \u0153uvre pour obtenir du r\u00e9sultat imm\u00e9diat et p\u00e9renne, conseil hebdomadaire en ligne.<\/p><p>La technique est utilis\u00e9e et valid\u00e9e par tous les instituts de recherche appliqu\u00e9e : <strong>CEMAGREF<\/strong>, <strong>ITCF<\/strong>, <strong>IRSTEA<\/strong>, <strong>ARVALIS<\/strong>, <strong>CTIFL<\/strong>, <strong>CIREA<\/strong>, <strong>SERAIL<\/strong>, <strong>CETIOM<\/strong>, <strong>CEREMA<\/strong>.<\/p><p><strong>Exemples, t\u00e9moignages, r\u00e9sultats\u00a0 :<\/strong><\/p><p>En arboriculture, un pilotage professionnel avec <strong>Monitor<\/strong> co\u00fbte 20 \u00e0 30 kg de fruits\/ha\/an avec l&#8217;espoir de gain d&#8217;un calibre soit 2 \u00e0 3 T\/ha\/an et des \u00e9conomies de 20 \u00e0 50 % en goutte-\u00e0-goutte, par exemple.<\/p><ul><li>Sur le <strong>melon<\/strong> : gain de rendement et \u00e9conomie d&#8217;eau.<\/li><li>Sur la <strong>semence potag\u00e8re<\/strong> : meilleur r\u00e9sultat et \u00e9conomies.<\/li><li>Sur les <strong>c\u00e9r\u00e9ales<\/strong> : le co\u00fbt est de 1 quintal \/ ha \/ an avec un espoir de gain du double, avec optimisation du m3 utilis\u00e9.<\/li><li>Sur le <strong>ma\u00efs<\/strong>, l&#8217;\u00e9conomie en condition non limitante est de 1,5 tour d&#8217;eau moyen.<\/li><\/ul><p><img decoding=\"async\" class=\"size-full wp-image-363 alignright\" src=\"https:\/\/www.challenge-agriculture.fr\/wp-content\/uploads\/2016\/02\/Pivot1.jpg\" alt=\"Pivot1\" \/><br \/><strong>Sur une centaine d&#8217;autres cultures irrigu\u00e9es, que nous avons suivies, m\u00eame constat. <\/strong>La <strong>tensiom\u00e9trie<\/strong>, dans le cadre du suivi agronomique de cultures, permet :<\/p><ul><li>la mesure en temps r\u00e9el de l&#8217;\u00e9tat hydrique du sol.<\/li><li>le confort dans le <strong>pilotage d&#8217;irrigation<\/strong>, permettant de prendre les d\u00e9cisions d&#8217;irrigation pour la semaine suivante.<\/li><li>le suivi du d\u00e9veloppement racinaire de la culture.<\/li><\/ul><p>Elle permet \u00e9galement, au niveau \u00e9conomique (voir <a title=\"Les prix\" href=\"https:\/\/www.challenge-agriculture.fr\/materiel\/les-prix\/\" target=\"_blank\" rel=\"noopener noreferrer\">exemples chiffr\u00e9s ici<\/a>) : <a href=\"https:\/\/www.challenge-agriculture.fr\/wp-content\/uploads\/2018\/08\/les-monitor-challenge-agriculture.png\"><img fetchpriority=\"high\" decoding=\"async\" class=\"alignright wp-image-3291 size-medium\" src=\"https:\/\/www.challenge-agriculture.fr\/wp-content\/uploads\/2018\/08\/les-monitor-challenge-agriculture-300x225.png\" alt=\"Les Monitor - Challenge Agriculture\" width=\"300\" height=\"225\" srcset=\"https:\/\/dev.challenge-agriculture.fr\/wp-content\/uploads\/2018\/08\/les-monitor-challenge-agriculture-300x225.png 300w, https:\/\/dev.challenge-agriculture.fr\/wp-content\/uploads\/2018\/08\/les-monitor-challenge-agriculture-150x113.png 150w, https:\/\/dev.challenge-agriculture.fr\/wp-content\/uploads\/2018\/08\/les-monitor-challenge-agriculture-768x576.png 768w, https:\/\/dev.challenge-agriculture.fr\/wp-content\/uploads\/2018\/08\/les-monitor-challenge-agriculture-100x75.png 100w, https:\/\/dev.challenge-agriculture.fr\/wp-content\/uploads\/2018\/08\/les-monitor-challenge-agriculture-200x150.png 200w, https:\/\/dev.challenge-agriculture.fr\/wp-content\/uploads\/2018\/08\/les-monitor-challenge-agriculture-450x338.png 450w, https:\/\/dev.challenge-agriculture.fr\/wp-content\/uploads\/2018\/08\/les-monitor-challenge-agriculture-600x450.png 600w, https:\/\/dev.challenge-agriculture.fr\/wp-content\/uploads\/2018\/08\/les-monitor-challenge-agriculture.png 800w\" sizes=\"(max-width: 300px) 100vw, 300px\" \/><\/a><\/p><ul><li><strong>L&#8217;\u00e9conomie d&#8217;eau<\/strong> : les apports s&#8217;ajustent au sol : bon moment, bon volume, bon retour, bonne fr\u00e9quence..<\/li><li><strong>Observer le so<\/strong>l, dans lequel se fait la synth\u00e8se entre consommations fluctuantes de la plante, apport fluctuant du climat et irrigation h\u00e9t\u00e9rog\u00e8ne.<\/li><li>Le <strong>gain de productivit\u00e9 et de qualit\u00e9<\/strong> : le maintien en confort hydrique sans exc\u00e8s, adapt\u00e9 aux stades de d\u00e9veloppement am\u00e9liore la r\u00e9colte en qualit\u00e9 et quantit\u00e9.<\/li><li>La<strong> gestion optimale<\/strong> de volumes limit\u00e9s, avec le choix du moment ou critique pour les irrigations possibles.<\/li><\/ul>\t\t\t\t\t\t<\/div>\n\t\t\t\t<\/div>\n\t\t\t\t<div class=\"elementor-element elementor-element-5f2595a elementor-widget elementor-widget-heading\" data-id=\"5f2595a\" data-element_type=\"widget\" data-widget_type=\"heading.default\">\n\t\t\t\t<div class=\"elementor-widget-container\">\n\t\t\t<h2 class=\"elementor-heading-title elementor-size-default\">Reprise d'arbres transplant\u00e9s<\/h2>\t\t<\/div>\n\t\t\t\t<\/div>\n\t\t\t\t<div class=\"elementor-element elementor-element-c4144a2 elementor-widget elementor-widget-text-editor\" data-id=\"c4144a2\" data-element_type=\"widget\" data-widget_type=\"text-editor.default\">\n\t\t\t\t<div class=\"elementor-widget-container\">\n\t\t\t\t\t\t\t<p>La <strong>tensiom\u00e9trie<\/strong>, observe la sortie des racines de la motte transplant\u00e9e, pour assurer :<\/p><p><img decoding=\"async\" class=\"size-full wp-image-350 alignright\" src=\"https:\/\/www.challenge-agriculture.fr\/wp-content\/uploads\/2016\/02\/Geneve.jpg\" alt=\"Geneve\" align=\"right\" \/><\/p><ul><li>le <strong>suivi<\/strong> de reprise et d&#8217;enracinement des arbres transplant\u00e9s.<\/li><li>le <strong>pilotage<\/strong> essentiel de l&#8217;arrosage urbain.<\/li><\/ul><p>Article tr\u00e8s complet sur le <a href=\"https:\/\/www.challenge-agriculture.fr\/wp-content\/uploads\/2016\/02\/Chabbey-2004-r\u00e9sum\u00e9-2007.pdf\" target=\"_blank\" rel=\"noopener noreferrer\">&#8220;Suivi de reprise et d\u2019enracinement des arbres transplant\u00e9s gr\u00e2ce aux sondes tensiom\u00e9triques Watermark&#8221;<\/a>, publi\u00e9 par L. Chabbey, avec en exemple un travail effectu\u00e9 (en collaboration avec <strong>Challenge Agriculture<\/strong>) sur les platanes de la Place du march\u00e9 de Carouge (Gen\u00e8ve).<\/p><p>Retour d&#8217;exp\u00e9riences et nombreux exemples (une dizaine d&#8217;arbres diff\u00e9rents) sur &#8220;<a href=\"http:\/\/hepia.hesge.ch\/fileadmin\/filieres\/agronomie\/DT18marsr%C3%A9sultats2009tentio2.pdf\" target=\"_blank\" rel=\"noopener noreferrer\">le suivi de la reprise de plantations d\u2019arbres par la m\u00e9thode tensiom\u00e9trique<\/a>&#8221; sur le site de l&#8217;<strong>HEPIA<\/strong> (Haute Ecole du Paysage, d\u2019Ing\u00e9nierie et d&#8217;Architecture).<\/p>\t\t\t\t\t\t<\/div>\n\t\t\t\t<\/div>\n\t\t\t\t<div class=\"elementor-element elementor-element-0b932ce elementor-widget elementor-widget-heading\" data-id=\"0b932ce\" data-element_type=\"widget\" data-widget_type=\"heading.default\">\n\t\t\t\t<div class=\"elementor-widget-container\">\n\t\t\t<h2 class=\"elementor-heading-title elementor-size-default\">G\u00e9otechnique : portance et stabilit\u00e9 des sols<\/h2>\t\t<\/div>\n\t\t\t\t<\/div>\n\t\t\t\t<div class=\"elementor-element elementor-element-54a13754 elementor-widget elementor-widget-text-editor\" data-id=\"54a13754\" data-element_type=\"widget\" data-widget_type=\"text-editor.default\">\n\t\t\t\t<div class=\"elementor-widget-container\">\n\t\t\t\t\t\t\t<p>La <strong>tensiom\u00e9trie<\/strong> est utilis\u00e9e en G\u00e9otechnique, avec plusieurs objectifs :<br \/><img decoding=\"async\" class=\"size-full wp-image-343 alignright\" src=\"\/wp-content\/uploads\/2016\/02\/aplan.jpg\" alt=\"aplan\" align=\"right\" \/><\/p><ul><li>Construire en respectant les sols<\/li><li>Suivre les chantiers \u00e0 distance<\/li><li>Surveiller la stabilit\u00e9 des talus<\/li><li>Comprendre les mouvements sous-chauss\u00e9e.<\/li><li>Conforter les constructions sur sol argileux instable<\/li><\/ul><p>Les diff\u00e9rentes applications portent sur :<\/p><ul><li><strong>La portance des sols<\/strong> : la pression acceptable par un sol, sans d\u00e9formation irr\u00e9versible, est la contrepartie de la d\u00e9pression (ou tension) dans ce sol, au moment en question.<\/li><li><strong>Le travail des soubassements<\/strong> : le gonflement \/ retrait des argiles est actionn\u00e9 par la tension.<\/li><li><strong>La stabilit\u00e9 des talus<\/strong> : la coh\u00e9sion est g\u00e9n\u00e9r\u00e9e par la tension. La cons\u00e9quence est importante pour la s\u00e9curit\u00e9 des chantiers.<\/li><\/ul><p>Exemple d&#8217;un travail r\u00e9alis\u00e9 avec le <strong>CETE<\/strong> de Normandie Centre (Centre d&#8217;\u00c9tudes Techniques de l&#8217;\u00c9quipement) sur la s\u00e9cheresse et la d\u00e9formation des routes : <a href=\"\/wp-content\/uploads\/2016\/02\/MATHON.pdf\" target=\"_blank\" rel=\"noopener noreferrer\">Rapport de 2010 sur les constations, installation de mat\u00e9riel sur 5 sites et conclusions<\/a>.<\/p><p>Dossier technique intitul\u00e9 <a href=\"\/wp-content\/uploads\/2016\/02\/Cohesion_apparente_des_sols_non_satur\u00e9s.pdf\" target=\"_blank\" rel=\"noopener noreferrer\">&#8220;Coh\u00e9sion apparente des sols non satur\u00e9s&#8221;<\/a> du CSTC (<a title=\"CSTC\" href=\"http:\/\/www.cstc.be\/homepage\/index.cfm?cat=publications&amp;sub=bbri-contact&amp;pag=Contact26&amp;art=393&amp;lang=fr\" target=\"_blank\" rel=\"noopener noreferrer\">Centre Scientifique et Technique de la Construction<\/a>).<\/p><p>La <strong>tensiom\u00e9trie<\/strong> (<strong>sondes WATERMARK<\/strong>) est ici utilis\u00e9e pour mesurer l&#8217;effet de succion, en cause dans le mauvais dimensionnement des pentes de certains fouilles, tranch\u00e9es ou excavations soutenues.<\/p>\t\t\t\t\t\t<\/div>\n\t\t\t\t<\/div>\n\t\t\t\t\t<\/div>\n\t\t<\/div>\n\t\t\t\t\t<\/div>\n\t\t<\/section>\n\t\t\t\t<\/div>\n\t\t","protected":false},"excerpt":{"rendered":"<p>Trois grands domaines d\u2019application : l\u2019irrigation agricole, la reprise d\u2019arbres transplant\u00e9s en milieu urbain et la g\u00e9otechnique, portance et stabilit\u00e9 des sols. Irrigation agricole La tensiom\u00e9trie ou mesure dans un cadre structur\u00e9, de la tension (ou disponibilit\u00e9 de l&#8217;eau dans le sol) est une technique universelle, qui permet de piloter tout syst\u00e8me d&#8217;irrigation, sur tout [&hellip;]<\/p>\n","protected":false},"author":3,"featured_media":0,"parent":80,"menu_order":23,"comment_status":"closed","ping_status":"closed","template":"","meta":{"_acf_changed":false,"footnotes":""},"acf":[],"yoast_head":"<!-- This site is optimized with the Yoast SEO plugin v22.0 - https:\/\/yoast.com\/wordpress\/plugins\/seo\/ -->\n<title>Tensiometry : application domain &#x2d; Challenge agriculture<\/title>\n<meta name=\"description\" content=\"Tensiometry : application domain. Product distributed by Challenge agriculture, made in France.\" \/>\n<meta name=\"robots\" content=\"index, follow, max-snippet:-1, max-image-preview:large, max-video-preview:-1\" \/>\n<link rel=\"canonical\" href=\"https:\/\/dev.challenge-agriculture.fr\/en\/tensiometry\/application-domain\/\" \/>\n<meta property=\"og:locale\" content=\"fr_FR\" \/>\n<meta property=\"og:type\" content=\"article\" \/>\n<meta property=\"og:title\" content=\"Tensiometry : application domain &#x2d; Challenge agriculture\" \/>\n<meta property=\"og:description\" content=\"Tensiometry : application domain. Product distributed by Challenge agriculture, made in France.\" \/>\n<meta property=\"og:url\" content=\"https:\/\/dev.challenge-agriculture.fr\/en\/tensiometry\/application-domain\/\" \/>\n<meta property=\"og:site_name\" content=\"Challenge Agriculture\" \/>\n<meta property=\"article:modified_time\" content=\"2021-04-23T18:23:58+00:00\" \/>\n<meta property=\"og:image\" content=\"https:\/\/www.challenge-agriculture.fr\/wp-content\/uploads\/2016\/02\/Pivot1.jpg\" \/>\n<meta name=\"twitter:card\" content=\"summary_large_image\" \/>\n<meta name=\"twitter:label1\" content=\"Est. reading time\" \/>\n\t<meta name=\"twitter:data1\" content=\"4 minutes\" \/>\n<script type=\"application\/ld+json\" class=\"yoast-schema-graph\">{\"@context\":\"https:\/\/schema.org\",\"@graph\":[{\"@type\":\"WebPage\",\"@id\":\"https:\/\/dev.challenge-agriculture.fr\/en\/tensiometry\/application-domain\/\",\"url\":\"https:\/\/dev.challenge-agriculture.fr\/en\/tensiometry\/application-domain\/\",\"name\":\"Tensiometry : application domain &#x2d; Challenge agriculture\",\"isPartOf\":{\"@id\":\"https:\/\/dev.challenge-agriculture.fr\/#website\"},\"datePublished\":\"2017-11-08T14:01:25+00:00\",\"dateModified\":\"2021-04-23T18:23:58+00:00\",\"description\":\"Tensiometry : application domain. Product distributed by Challenge agriculture, made in France.\",\"breadcrumb\":{\"@id\":\"https:\/\/dev.challenge-agriculture.fr\/en\/tensiometry\/application-domain\/#breadcrumb\"},\"inLanguage\":\"en-US\",\"potentialAction\":[{\"@type\":\"ReadAction\",\"target\":[\"https:\/\/dev.challenge-agriculture.fr\/en\/tensiometry\/application-domain\/\"]}]},{\"@type\":\"BreadcrumbList\",\"@id\":\"https:\/\/dev.challenge-agriculture.fr\/en\/tensiometry\/application-domain\/#breadcrumb\",\"itemListElement\":[{\"@type\":\"ListItem\",\"position\":1,\"name\":\"Home\",\"item\":\"https:\/\/dev.challenge-agriculture.fr\/en\/\"},{\"@type\":\"ListItem\",\"position\":2,\"name\":\"Tensiometry\",\"item\":\"https:\/\/dev.challenge-agriculture.fr\/en\/tensiometry\/\"},{\"@type\":\"ListItem\",\"position\":3,\"name\":\"Application domain\"}]},{\"@type\":\"WebSite\",\"@id\":\"https:\/\/dev.challenge-agriculture.fr\/#website\",\"url\":\"https:\/\/dev.challenge-agriculture.fr\/\",\"name\":\"Challenge Agriculture\",\"description\":\"\",\"publisher\":{\"@id\":\"https:\/\/dev.challenge-agriculture.fr\/#organization\"},\"potentialAction\":[{\"@type\":\"SearchAction\",\"target\":{\"@type\":\"EntryPoint\",\"urlTemplate\":\"https:\/\/dev.challenge-agriculture.fr\/?s={search_term_string}\"},\"query-input\":\"required name=search_term_string\"}],\"inLanguage\":\"en-US\"},{\"@type\":\"Organization\",\"@id\":\"https:\/\/dev.challenge-agriculture.fr\/#organization\",\"name\":\"Challenge Agriculture\",\"url\":\"https:\/\/dev.challenge-agriculture.fr\/\",\"logo\":{\"@type\":\"ImageObject\",\"inLanguage\":\"en-US\",\"@id\":\"https:\/\/dev.challenge-agriculture.fr\/#\/schema\/logo\/image\/\",\"url\":\"https:\/\/www.challenge-agriculture.fr\/wp-content\/uploads\/2020\/02\/logo-doc.png\",\"contentUrl\":\"https:\/\/www.challenge-agriculture.fr\/wp-content\/uploads\/2020\/02\/logo-doc.png\",\"width\":1497,\"height\":355,\"caption\":\"Challenge Agriculture\"},\"image\":{\"@id\":\"https:\/\/dev.challenge-agriculture.fr\/#\/schema\/logo\/image\/\"}}]}<\/script>\n<!-- \/ Yoast SEO plugin. -->","yoast_head_json":{"title":"Tensiometry : application domain &#x2d; Challenge agriculture","description":"Tensiometry : application domain. Product distributed by Challenge agriculture, made in France.","robots":{"index":"index","follow":"follow","max-snippet":"max-snippet:-1","max-image-preview":"max-image-preview:large","max-video-preview":"max-video-preview:-1"},"canonical":"https:\/\/dev.challenge-agriculture.fr\/en\/tensiometry\/application-domain\/","og_locale":"fr_FR","og_type":"article","og_title":"Tensiometry : application domain &#x2d; Challenge agriculture","og_description":"Tensiometry : application domain. Product distributed by Challenge agriculture, made in France.","og_url":"https:\/\/dev.challenge-agriculture.fr\/en\/tensiometry\/application-domain\/","og_site_name":"Challenge Agriculture","article_modified_time":"2021-04-23T18:23:58+00:00","og_image":[{"url":"https:\/\/www.challenge-agriculture.fr\/wp-content\/uploads\/2016\/02\/Pivot1.jpg"}],"twitter_card":"summary_large_image","twitter_misc":{"Est. reading time":"4 minutes"},"schema":{"@context":"https:\/\/schema.org","@graph":[{"@type":"WebPage","@id":"https:\/\/dev.challenge-agriculture.fr\/en\/tensiometry\/application-domain\/","url":"https:\/\/dev.challenge-agriculture.fr\/en\/tensiometry\/application-domain\/","name":"Tensiometry : application domain &#x2d; Challenge agriculture","isPartOf":{"@id":"https:\/\/dev.challenge-agriculture.fr\/#website"},"datePublished":"2017-11-08T14:01:25+00:00","dateModified":"2021-04-23T18:23:58+00:00","description":"Tensiometry : application domain. Product distributed by Challenge agriculture, made in France.","breadcrumb":{"@id":"https:\/\/dev.challenge-agriculture.fr\/en\/tensiometry\/application-domain\/#breadcrumb"},"inLanguage":"en-US","potentialAction":[{"@type":"ReadAction","target":["https:\/\/dev.challenge-agriculture.fr\/en\/tensiometry\/application-domain\/"]}]},{"@type":"BreadcrumbList","@id":"https:\/\/dev.challenge-agriculture.fr\/en\/tensiometry\/application-domain\/#breadcrumb","itemListElement":[{"@type":"ListItem","position":1,"name":"Home","item":"https:\/\/dev.challenge-agriculture.fr\/en\/"},{"@type":"ListItem","position":2,"name":"Tensiometry","item":"https:\/\/dev.challenge-agriculture.fr\/en\/tensiometry\/"},{"@type":"ListItem","position":3,"name":"Application domain"}]},{"@type":"WebSite","@id":"https:\/\/dev.challenge-agriculture.fr\/#website","url":"https:\/\/dev.challenge-agriculture.fr\/","name":"Challenge Agriculture","description":"","publisher":{"@id":"https:\/\/dev.challenge-agriculture.fr\/#organization"},"potentialAction":[{"@type":"SearchAction","target":{"@type":"EntryPoint","urlTemplate":"https:\/\/dev.challenge-agriculture.fr\/?s={search_term_string}"},"query-input":"required name=search_term_string"}],"inLanguage":"en-US"},{"@type":"Organization","@id":"https:\/\/dev.challenge-agriculture.fr\/#organization","name":"Challenge Agriculture","url":"https:\/\/dev.challenge-agriculture.fr\/","logo":{"@type":"ImageObject","inLanguage":"en-US","@id":"https:\/\/dev.challenge-agriculture.fr\/#\/schema\/logo\/image\/","url":"https:\/\/www.challenge-agriculture.fr\/wp-content\/uploads\/2020\/02\/logo-doc.png","contentUrl":"https:\/\/www.challenge-agriculture.fr\/wp-content\/uploads\/2020\/02\/logo-doc.png","width":1497,"height":355,"caption":"Challenge Agriculture"},"image":{"@id":"https:\/\/dev.challenge-agriculture.fr\/#\/schema\/logo\/image\/"}}]}},"_links":{"self":[{"href":"https:\/\/dev.challenge-agriculture.fr\/en\/wp-json\/wp\/v2\/pages\/1704"}],"collection":[{"href":"https:\/\/dev.challenge-agriculture.fr\/en\/wp-json\/wp\/v2\/pages"}],"about":[{"href":"https:\/\/dev.challenge-agriculture.fr\/en\/wp-json\/wp\/v2\/types\/page"}],"author":[{"embeddable":true,"href":"https:\/\/dev.challenge-agriculture.fr\/en\/wp-json\/wp\/v2\/users\/3"}],"replies":[{"embeddable":true,"href":"https:\/\/dev.challenge-agriculture.fr\/en\/wp-json\/wp\/v2\/comments?post=1704"}],"version-history":[{"count":13,"href":"https:\/\/dev.challenge-agriculture.fr\/en\/wp-json\/wp\/v2\/pages\/1704\/revisions"}],"predecessor-version":[{"id":28463,"href":"https:\/\/dev.challenge-agriculture.fr\/en\/wp-json\/wp\/v2\/pages\/1704\/revisions\/28463"}],"up":[{"embeddable":true,"href":"https:\/\/dev.challenge-agriculture.fr\/en\/wp-json\/wp\/v2\/pages\/80"}],"wp:attachment":[{"href":"https:\/\/dev.challenge-agriculture.fr\/en\/wp-json\/wp\/v2\/media?parent=1704"}],"curies":[{"name":"wp","href":"https:\/\/api.w.org\/{rel}","templated":true}]}}