{"id":1734,"date":"2017-11-08T15:15:06","date_gmt":"2017-11-08T14:15:06","guid":{"rendered":"http:\/\/www.challenge-agriculture.fr\/?page_id=1734"},"modified":"2021-04-22T14:10:16","modified_gmt":"2021-04-22T12:10:16","slug":"prices-and-costs","status":"publish","type":"page","link":"https:\/\/dev.challenge-agriculture.fr\/en\/equipment\/prices-and-costs\/","title":{"rendered":"Prices and costs"},"content":{"rendered":"<h2>Le Monitor R2-DX co\u00fbte 880\u20ac HT<\/h2>\n<p>Le pack de <strong>sondes<\/strong> de base co\u00fbte 290\u20ac HT (1 sonde Temp\u00e9rature Sol et 6 <strong>sondes Watermark<\/strong> + 1 sonde Temp\u00e9rature d&#8217;air)<br \/>\nLa <strong>carte SIM<\/strong> pr\u00e9pay\u00e9e co\u00fbte 65\u20ac HT pour la saison (comprenant abonnement et communications, 120\u20ac HT pour 2 saisons, 150\u20ac HT pour 3 saisons.<\/p>\n<p>Le <strong>pluviom\u00e8tre enregistreur<\/strong> co\u00fbte 175\u20ac HT. Pour les grandes cultures, il faut le monter sur une perche t\u00e9lescopique au prix de 35\u20ac HT.<\/p>\n<h2>Calcul des \u00e9conomies<\/h2>\n<p>Retour d&#8217;exp\u00e9rience chiffr\u00e9 :<br \/>\n&#8211; Sur le ma\u00efs, l&#8217;\u00e9conomie moyenne (en condition non limitante) est de 1,5 tour d&#8217;eau moyen.<br \/>\n&#8211; En arboriculture, un pilotage professionnel avec Monitor co\u00fbte 20 \u00e0 30 kg de fruits\/ha\/an avec l&#8217;espoir de gain d&#8217;un calibre soit 2 \u00e0 3 T\/ha\/an et des \u00e9conomies de 20 \u00e0 50 % en goutte-\u00e0-goutte.<br \/>\n&#8211; Sur c\u00e9r\u00e9ales, le co\u00fbt est de 1 quintal\/ha\/an, la projection de gain est du triple, avec optimisation du m3 utilis\u00e9.<\/p>\n<p>Exemple complet : <a title=\"Exemple melon\" href=\"\/materiel\/les-prix\/exemple-melon\/\">gain en productivit\u00e9 sur Melon, chez M.Dabilly<\/a>.<br \/>\nRapport Agralys : <a href=\"\/wp-content\/uploads\/2016\/02\/AGRALYS.pdf\">\u00e9conomies d&#8217;eau constat\u00e9e sur Ma\u00efs, exp\u00e9rimentations 2006\/2007<\/a><\/p>\n<p>Pour plus de d\u00e9tails, voici le <a href=\"\/wp-content\/uploads\/2016\/02\/COUT-culture-perenne-1.pdf\">tableau des co\u00fbts et amortissement en culture p\u00e9renne<\/a><br \/>\net le <a href=\"\/wp-content\/uploads\/2016\/02\/COUT-culture-annuelle.pdf\">tableau des co\u00fbts et amortissement en culture annuelle<\/a>.<\/p>\n","protected":false},"excerpt":{"rendered":"<p>Le Monitor R2-DX co\u00fbte 880\u20ac HT Le pack de sondes de base co\u00fbte 290\u20ac HT (1 sonde Temp\u00e9rature Sol et 6 sondes Watermark + 1 sonde Temp\u00e9rature d&#8217;air) La carte SIM pr\u00e9pay\u00e9e co\u00fbte 65\u20ac HT pour la saison (comprenant abonnement et communications, 120\u20ac HT pour 2 saisons, 150\u20ac HT pour 3 saisons. Le pluviom\u00e8tre enregistreur [&hellip;]<\/p>\n","protected":false},"author":3,"featured_media":0,"parent":90,"menu_order":14,"comment_status":"closed","ping_status":"closed","template":"","meta":{"_acf_changed":false,"footnotes":""},"acf":[],"yoast_head":"<!-- This site is optimized with the Yoast SEO plugin v22.0 - https:\/\/yoast.com\/wordpress\/plugins\/seo\/ -->\n<title>Equipment : prices and costs &#x2d; Challenge agriculture<\/title>\n<meta name=\"description\" content=\"Equipment : prices and costs. Product distributed by Challenge agriculture, made in France.\" \/>\n<meta name=\"robots\" content=\"index, follow, max-snippet:-1, max-image-preview:large, max-video-preview:-1\" \/>\n<link rel=\"canonical\" href=\"https:\/\/dev.challenge-agriculture.fr\/en\/equipment\/prices-and-costs\/\" \/>\n<meta property=\"og:locale\" content=\"fr_FR\" \/>\n<meta property=\"og:type\" content=\"article\" \/>\n<meta property=\"og:title\" content=\"Equipment : prices and costs &#x2d; Challenge agriculture\" \/>\n<meta property=\"og:description\" content=\"Equipment : prices and costs. Product distributed by Challenge agriculture, made in France.\" \/>\n<meta property=\"og:url\" content=\"https:\/\/dev.challenge-agriculture.fr\/en\/equipment\/prices-and-costs\/\" \/>\n<meta property=\"og:site_name\" content=\"Challenge Agriculture\" \/>\n<meta property=\"article:modified_time\" content=\"2021-04-22T12:10:16+00:00\" \/>\n<meta property=\"og:image\" content=\"https:\/\/dev.challenge-agriculture.fr\/wp-content\/uploads\/2021\/04\/favicon.png\" \/>\n\t<meta property=\"og:image:width\" content=\"512\" \/>\n\t<meta property=\"og:image:height\" content=\"512\" \/>\n\t<meta property=\"og:image:type\" content=\"image\/png\" \/>\n<meta name=\"twitter:card\" content=\"summary_large_image\" \/>\n<meta name=\"twitter:label1\" content=\"Est. reading time\" \/>\n\t<meta name=\"twitter:data1\" content=\"1 minute\" \/>\n<script type=\"application\/ld+json\" class=\"yoast-schema-graph\">{\"@context\":\"https:\/\/schema.org\",\"@graph\":[{\"@type\":\"WebPage\",\"@id\":\"https:\/\/dev.challenge-agriculture.fr\/en\/equipment\/prices-and-costs\/\",\"url\":\"https:\/\/dev.challenge-agriculture.fr\/en\/equipment\/prices-and-costs\/\",\"name\":\"Equipment : prices and costs &#x2d; Challenge agriculture\",\"isPartOf\":{\"@id\":\"https:\/\/dev.challenge-agriculture.fr\/#website\"},\"datePublished\":\"2017-11-08T14:15:06+00:00\",\"dateModified\":\"2021-04-22T12:10:16+00:00\",\"description\":\"Equipment : prices and costs. Product distributed by Challenge agriculture, made in France.\",\"breadcrumb\":{\"@id\":\"https:\/\/dev.challenge-agriculture.fr\/en\/equipment\/prices-and-costs\/#breadcrumb\"},\"inLanguage\":\"en-US\",\"potentialAction\":[{\"@type\":\"ReadAction\",\"target\":[\"https:\/\/dev.challenge-agriculture.fr\/en\/equipment\/prices-and-costs\/\"]}]},{\"@type\":\"BreadcrumbList\",\"@id\":\"https:\/\/dev.challenge-agriculture.fr\/en\/equipment\/prices-and-costs\/#breadcrumb\",\"itemListElement\":[{\"@type\":\"ListItem\",\"position\":1,\"name\":\"Home\",\"item\":\"https:\/\/dev.challenge-agriculture.fr\/en\/\"},{\"@type\":\"ListItem\",\"position\":2,\"name\":\"Equipment\",\"item\":\"https:\/\/dev.challenge-agriculture.fr\/en\/equipment\/\"},{\"@type\":\"ListItem\",\"position\":3,\"name\":\"Prices and costs\"}]},{\"@type\":\"WebSite\",\"@id\":\"https:\/\/dev.challenge-agriculture.fr\/#website\",\"url\":\"https:\/\/dev.challenge-agriculture.fr\/\",\"name\":\"Challenge Agriculture\",\"description\":\"\",\"publisher\":{\"@id\":\"https:\/\/dev.challenge-agriculture.fr\/#organization\"},\"potentialAction\":[{\"@type\":\"SearchAction\",\"target\":{\"@type\":\"EntryPoint\",\"urlTemplate\":\"https:\/\/dev.challenge-agriculture.fr\/?s={search_term_string}\"},\"query-input\":\"required name=search_term_string\"}],\"inLanguage\":\"en-US\"},{\"@type\":\"Organization\",\"@id\":\"https:\/\/dev.challenge-agriculture.fr\/#organization\",\"name\":\"Challenge Agriculture\",\"url\":\"https:\/\/dev.challenge-agriculture.fr\/\",\"logo\":{\"@type\":\"ImageObject\",\"inLanguage\":\"en-US\",\"@id\":\"https:\/\/dev.challenge-agriculture.fr\/#\/schema\/logo\/image\/\",\"url\":\"https:\/\/www.challenge-agriculture.fr\/wp-content\/uploads\/2020\/02\/logo-doc.png\",\"contentUrl\":\"https:\/\/www.challenge-agriculture.fr\/wp-content\/uploads\/2020\/02\/logo-doc.png\",\"width\":1497,\"height\":355,\"caption\":\"Challenge Agriculture\"},\"image\":{\"@id\":\"https:\/\/dev.challenge-agriculture.fr\/#\/schema\/logo\/image\/\"}}]}<\/script>\n<!-- \/ Yoast SEO plugin. -->","yoast_head_json":{"title":"Equipment : prices and costs &#x2d; Challenge agriculture","description":"Equipment : prices and costs. Product distributed by Challenge agriculture, made in France.","robots":{"index":"index","follow":"follow","max-snippet":"max-snippet:-1","max-image-preview":"max-image-preview:large","max-video-preview":"max-video-preview:-1"},"canonical":"https:\/\/dev.challenge-agriculture.fr\/en\/equipment\/prices-and-costs\/","og_locale":"fr_FR","og_type":"article","og_title":"Equipment : prices and costs &#x2d; Challenge agriculture","og_description":"Equipment : prices and costs. Product distributed by Challenge agriculture, made in France.","og_url":"https:\/\/dev.challenge-agriculture.fr\/en\/equipment\/prices-and-costs\/","og_site_name":"Challenge Agriculture","article_modified_time":"2021-04-22T12:10:16+00:00","og_image":[{"width":512,"height":512,"url":"https:\/\/dev.challenge-agriculture.fr\/wp-content\/uploads\/2021\/04\/favicon.png","type":"image\/png"}],"twitter_card":"summary_large_image","twitter_misc":{"Est. reading time":"1 minute"},"schema":{"@context":"https:\/\/schema.org","@graph":[{"@type":"WebPage","@id":"https:\/\/dev.challenge-agriculture.fr\/en\/equipment\/prices-and-costs\/","url":"https:\/\/dev.challenge-agriculture.fr\/en\/equipment\/prices-and-costs\/","name":"Equipment : prices and costs &#x2d; Challenge agriculture","isPartOf":{"@id":"https:\/\/dev.challenge-agriculture.fr\/#website"},"datePublished":"2017-11-08T14:15:06+00:00","dateModified":"2021-04-22T12:10:16+00:00","description":"Equipment : prices and costs. Product distributed by Challenge agriculture, made in France.","breadcrumb":{"@id":"https:\/\/dev.challenge-agriculture.fr\/en\/equipment\/prices-and-costs\/#breadcrumb"},"inLanguage":"en-US","potentialAction":[{"@type":"ReadAction","target":["https:\/\/dev.challenge-agriculture.fr\/en\/equipment\/prices-and-costs\/"]}]},{"@type":"BreadcrumbList","@id":"https:\/\/dev.challenge-agriculture.fr\/en\/equipment\/prices-and-costs\/#breadcrumb","itemListElement":[{"@type":"ListItem","position":1,"name":"Home","item":"https:\/\/dev.challenge-agriculture.fr\/en\/"},{"@type":"ListItem","position":2,"name":"Equipment","item":"https:\/\/dev.challenge-agriculture.fr\/en\/equipment\/"},{"@type":"ListItem","position":3,"name":"Prices and costs"}]},{"@type":"WebSite","@id":"https:\/\/dev.challenge-agriculture.fr\/#website","url":"https:\/\/dev.challenge-agriculture.fr\/","name":"Challenge Agriculture","description":"","publisher":{"@id":"https:\/\/dev.challenge-agriculture.fr\/#organization"},"potentialAction":[{"@type":"SearchAction","target":{"@type":"EntryPoint","urlTemplate":"https:\/\/dev.challenge-agriculture.fr\/?s={search_term_string}"},"query-input":"required name=search_term_string"}],"inLanguage":"en-US"},{"@type":"Organization","@id":"https:\/\/dev.challenge-agriculture.fr\/#organization","name":"Challenge Agriculture","url":"https:\/\/dev.challenge-agriculture.fr\/","logo":{"@type":"ImageObject","inLanguage":"en-US","@id":"https:\/\/dev.challenge-agriculture.fr\/#\/schema\/logo\/image\/","url":"https:\/\/www.challenge-agriculture.fr\/wp-content\/uploads\/2020\/02\/logo-doc.png","contentUrl":"https:\/\/www.challenge-agriculture.fr\/wp-content\/uploads\/2020\/02\/logo-doc.png","width":1497,"height":355,"caption":"Challenge Agriculture"},"image":{"@id":"https:\/\/dev.challenge-agriculture.fr\/#\/schema\/logo\/image\/"}}]}},"_links":{"self":[{"href":"https:\/\/dev.challenge-agriculture.fr\/en\/wp-json\/wp\/v2\/pages\/1734"}],"collection":[{"href":"https:\/\/dev.challenge-agriculture.fr\/en\/wp-json\/wp\/v2\/pages"}],"about":[{"href":"https:\/\/dev.challenge-agriculture.fr\/en\/wp-json\/wp\/v2\/types\/page"}],"author":[{"embeddable":true,"href":"https:\/\/dev.challenge-agriculture.fr\/en\/wp-json\/wp\/v2\/users\/3"}],"replies":[{"embeddable":true,"href":"https:\/\/dev.challenge-agriculture.fr\/en\/wp-json\/wp\/v2\/comments?post=1734"}],"version-history":[{"count":2,"href":"https:\/\/dev.challenge-agriculture.fr\/en\/wp-json\/wp\/v2\/pages\/1734\/revisions"}],"predecessor-version":[{"id":28342,"href":"https:\/\/dev.challenge-agriculture.fr\/en\/wp-json\/wp\/v2\/pages\/1734\/revisions\/28342"}],"up":[{"embeddable":true,"href":"https:\/\/dev.challenge-agriculture.fr\/en\/wp-json\/wp\/v2\/pages\/90"}],"wp:attachment":[{"href":"https:\/\/dev.challenge-agriculture.fr\/en\/wp-json\/wp\/v2\/media?parent=1734"}],"curies":[{"name":"wp","href":"https:\/\/api.w.org\/{rel}","templated":true}]}}