{"id":10270,"date":"2019-11-25T15:51:08","date_gmt":"2019-11-25T14:51:08","guid":{"rendered":"https:\/\/www.challenge-agriculture.fr\/?post_type=product&#038;p=10270"},"modified":"2023-01-20T11:52:22","modified_gmt":"2023-01-20T10:52:22","slug":"mise-a-disposition-dun-monitor-r2-dx","status":"publish","type":"product","link":"https:\/\/dev.challenge-agriculture.fr\/en\/produit\/non-classe\/mise-a-disposition-dun-monitor-r2-dx\/","title":{"rendered":"Mise \u00e0 disposition d&#8217;un Monitor R2-DX, pour la saison"},"content":{"rendered":"<p>Contr\u00f4leur irrigation<\/p>\n<table class=\"spectbl\">\n<tbody>\n<tr>\n<td><strong>Monitor<\/strong><\/td>\n<th>R2-DX<\/th>\n<\/tr>\n<tr>\n<td>Fabriqu\u00e9 100 % en France<\/td>\n<td>conception &amp; r\u00e9alisation par nos soins<\/td>\n<\/tr>\n<tr>\n<td>Couverture r\u00e9seau<\/td>\n<td>100 %, campagne et ville<\/td>\n<\/tr>\n<tr>\n<td>Fonction<\/td>\n<td>enregistrement et transmission automatique<\/td>\n<\/tr>\n<tr>\n<td>Prix d&#8217;achat HT<\/td>\n<td><strong>750 \u20ac<\/strong><\/td>\n<\/tr>\n<tr>\n<td>Mesures capteurs\u00a0 \u00a0<em>(Watermark, temp\u00e9rature\u2026)<\/em><\/td>\n<td>16 en standard, max <strong>32<\/strong> entr\u00e9es<\/td>\n<\/tr>\n<tr>\n<td>Pluviom\u00e8tre \/ compteur d&#8217;eau<\/td>\n<td><strong>2<\/strong> max<\/td>\n<\/tr>\n<tr>\n<td>Consommation r\u00e9duite<\/td>\n<td>\u25cf<\/td>\n<\/tr>\n<tr>\n<td>Afficheur LCD\u00a0\u00a0<em>(mesures + stats + \u00e9tat)<\/em><\/td>\n<td>\u25cf<\/td>\n<\/tr>\n<tr>\n<td>Enregistrement automatique<\/td>\n<td>\u25cf<\/td>\n<\/tr>\n<tr>\n<td>Sauvegarde sur carte microSD<\/td>\n<td>\u25cf<\/td>\n<\/tr>\n<tr>\n<td>Interface USB\u00a0\u00a0<em>(configuration \/ acc\u00e8s mesures)<\/em><\/td>\n<td>\u25cf<\/td>\n<\/tr>\n<tr>\n<td>Interface UART\u00a0\u00a0<em>(interface autres \u00e9quipements)<\/em><\/td>\n<td><\/td>\n<\/tr>\n<tr>\n<td>Source \/ Tension<\/td>\n<td>Batterie 12 V &#8211; 5 Ah<\/td>\n<\/tr>\n<tr>\n<td>Tension alerte et coupure<\/td>\n<td>11.6 V et 11 V<\/td>\n<\/tr>\n<tr>\n<td>\u00a0<em>Autonomie apr\u00e8s 24h de recharge<\/em><\/td>\n<td>16 mois mais recharge annuelle souhaitable<\/td>\n<\/tr>\n<tr>\n<td>Autonomie sur panneau solaire<\/td>\n<td>optionnel\u00a0 72 mois avant entretien<\/td>\n<\/tr>\n<tr>\n<td>Exp\u00e9rience<\/td>\n<td>&gt; 3000 Monitor en service \u00e0 fin 2018<\/td>\n<\/tr>\n<tr>\n<td>Transmission GSM<\/td>\n<td>\u25cf<\/td>\n<\/tr>\n<tr>\n<td>Programmable par sms<\/td>\n<td>oui<\/td>\n<\/tr>\n<tr>\n<td>Site Web d\u00e9di\u00e9\u00a0 \u00a0<em>(historique, grapheur, r\u00e9glages\u2026)<\/em><\/td>\n<td>oui<\/td>\n<\/tr>\n<tr>\n<td>Envoi des donn\u00e9es sur site<\/td>\n<td>automatique<\/td>\n<\/tr>\n<tr>\n<td>Graphique automatique en ligne.\u00a0Seuils de d\u00e9clenchement d&#8217;irrigation<\/td>\n<td>automatique<\/td>\n<\/tr>\n<tr>\n<td>\u00c9chographie du bulbe goutte-\u00e0-goutte<\/td>\n<td>oui<\/td>\n<\/tr>\n<tr>\n<td>Service technique\u00a0 \/ bo\u00eete de dialogue en ligne<\/td>\n<td>oui<\/td>\n<\/tr>\n<\/tbody>\n<\/table>\n","protected":false},"excerpt":{"rendered":"<p>Le <strong><a href=\"https:\/\/www.challenge-agriculture.fr\/materiel\/monitor-r2-dx-watermark\/\">Monitor R2-DX<\/a><\/strong> assure l&#8217;acquisition, le stockage et la transmission sur internet des mesures tensiom\u00e9triques de <strong>sondes Watermark<\/strong>, pluviom\u00e8tre, compteur d&#8217;eau&#8230;<\/p>\n","protected":false},"featured_media":1526,"template":"","meta":{"_acf_changed":false},"product_cat":[1034],"product_tag":[],"acf":[],"yoast_head":"<!-- This site is optimized with the Yoast SEO plugin v22.0 - https:\/\/yoast.com\/wordpress\/plugins\/seo\/ -->\n<title>Mise \u00e0 disposition d&#039;un R2&#x2d;DX pour une saison &#x2d; Challenge agriculture<\/title>\n<meta name=\"description\" content=\"Toutes les caract\u00e9ristiques techniques d&#039;un R2&#x2d;DX, produit distribu\u00e9 et mis \u00e0 disposition par Challenge agriculture.\" \/>\n<meta name=\"robots\" content=\"index, follow, max-snippet:-1, max-image-preview:large, max-video-preview:-1\" \/>\n<link rel=\"canonical\" href=\"https:\/\/dev.challenge-agriculture.fr\/produit\/non-classe\/mise-a-disposition-dun-monitor-r2-dx\/\" \/>\n<meta property=\"og:locale\" content=\"fr_FR\" \/>\n<meta property=\"og:type\" content=\"article\" \/>\n<meta property=\"og:title\" content=\"Mise \u00e0 disposition d&#039;un R2&#x2d;DX pour une saison &#x2d; Challenge agriculture\" \/>\n<meta property=\"og:description\" content=\"Toutes les caract\u00e9ristiques techniques d&#039;un R2&#x2d;DX, produit distribu\u00e9 et mis \u00e0 disposition par Challenge agriculture.\" \/>\n<meta property=\"og:url\" content=\"https:\/\/dev.challenge-agriculture.fr\/produit\/non-classe\/mise-a-disposition-dun-monitor-r2-dx\/\" \/>\n<meta property=\"og:site_name\" content=\"Challenge Agriculture\" \/>\n<meta property=\"article:modified_time\" content=\"2023-01-20T10:52:22+00:00\" \/>\n<meta property=\"og:image\" content=\"https:\/\/dev.challenge-agriculture.fr\/wp-content\/uploads\/2017\/07\/03-moniteur-1-e1618547082720.png\" \/>\n\t<meta property=\"og:image:width\" content=\"600\" \/>\n\t<meta property=\"og:image:height\" content=\"338\" \/>\n\t<meta property=\"og:image:type\" content=\"image\/png\" \/>\n<meta name=\"twitter:card\" content=\"summary_large_image\" \/>\n<meta name=\"twitter:label1\" content=\"Est. reading time\" \/>\n\t<meta name=\"twitter:data1\" content=\"1 minute\" \/>\n<script type=\"application\/ld+json\" class=\"yoast-schema-graph\">{\"@context\":\"https:\/\/schema.org\",\"@graph\":[{\"@type\":\"WebPage\",\"@id\":\"https:\/\/dev.challenge-agriculture.fr\/produit\/non-classe\/mise-a-disposition-dun-monitor-r2-dx\/\",\"url\":\"https:\/\/dev.challenge-agriculture.fr\/produit\/non-classe\/mise-a-disposition-dun-monitor-r2-dx\/\",\"name\":\"Mise \u00e0 disposition d'un R2&#x2d;DX pour une saison &#x2d; Challenge agriculture\",\"isPartOf\":{\"@id\":\"https:\/\/dev.challenge-agriculture.fr\/#website\"},\"datePublished\":\"2019-11-25T14:51:08+00:00\",\"dateModified\":\"2023-01-20T10:52:22+00:00\",\"description\":\"Toutes les caract\u00e9ristiques techniques d'un R2&#x2d;DX, produit distribu\u00e9 et mis \u00e0 disposition par Challenge agriculture.\",\"breadcrumb\":{\"@id\":\"https:\/\/dev.challenge-agriculture.fr\/produit\/non-classe\/mise-a-disposition-dun-monitor-r2-dx\/#breadcrumb\"},\"inLanguage\":\"en-US\",\"potentialAction\":[{\"@type\":\"ReadAction\",\"target\":[\"https:\/\/dev.challenge-agriculture.fr\/produit\/non-classe\/mise-a-disposition-dun-monitor-r2-dx\/\"]}]},{\"@type\":\"BreadcrumbList\",\"@id\":\"https:\/\/dev.challenge-agriculture.fr\/produit\/non-classe\/mise-a-disposition-dun-monitor-r2-dx\/#breadcrumb\",\"itemListElement\":[{\"@type\":\"ListItem\",\"position\":1,\"name\":\"Home\",\"item\":\"https:\/\/dev.challenge-agriculture.fr\/en\/\"},{\"@type\":\"ListItem\",\"position\":2,\"name\":\"Boutique\",\"item\":\"https:\/\/dev.challenge-agriculture.fr\/la-boutique\/\"},{\"@type\":\"ListItem\",\"position\":3,\"name\":\"Mise \u00e0 disposition d&rsquo;un Monitor R2-DX, pour la saison\"}]},{\"@type\":\"WebSite\",\"@id\":\"https:\/\/dev.challenge-agriculture.fr\/#website\",\"url\":\"https:\/\/dev.challenge-agriculture.fr\/\",\"name\":\"Challenge Agriculture\",\"description\":\"\",\"publisher\":{\"@id\":\"https:\/\/dev.challenge-agriculture.fr\/#organization\"},\"potentialAction\":[{\"@type\":\"SearchAction\",\"target\":{\"@type\":\"EntryPoint\",\"urlTemplate\":\"https:\/\/dev.challenge-agriculture.fr\/?s={search_term_string}\"},\"query-input\":\"required name=search_term_string\"}],\"inLanguage\":\"en-US\"},{\"@type\":\"Organization\",\"@id\":\"https:\/\/dev.challenge-agriculture.fr\/#organization\",\"name\":\"Challenge Agriculture\",\"url\":\"https:\/\/dev.challenge-agriculture.fr\/\",\"logo\":{\"@type\":\"ImageObject\",\"inLanguage\":\"en-US\",\"@id\":\"https:\/\/dev.challenge-agriculture.fr\/#\/schema\/logo\/image\/\",\"url\":\"https:\/\/www.challenge-agriculture.fr\/wp-content\/uploads\/2020\/02\/logo-doc.png\",\"contentUrl\":\"https:\/\/www.challenge-agriculture.fr\/wp-content\/uploads\/2020\/02\/logo-doc.png\",\"width\":1497,\"height\":355,\"caption\":\"Challenge Agriculture\"},\"image\":{\"@id\":\"https:\/\/dev.challenge-agriculture.fr\/#\/schema\/logo\/image\/\"}}]}<\/script>\n<!-- \/ Yoast SEO plugin. -->","yoast_head_json":{"title":"Mise \u00e0 disposition d'un R2&#x2d;DX pour une saison &#x2d; Challenge agriculture","description":"Toutes les caract\u00e9ristiques techniques d'un R2&#x2d;DX, produit distribu\u00e9 et mis \u00e0 disposition par Challenge agriculture.","robots":{"index":"index","follow":"follow","max-snippet":"max-snippet:-1","max-image-preview":"max-image-preview:large","max-video-preview":"max-video-preview:-1"},"canonical":"https:\/\/dev.challenge-agriculture.fr\/produit\/non-classe\/mise-a-disposition-dun-monitor-r2-dx\/","og_locale":"fr_FR","og_type":"article","og_title":"Mise \u00e0 disposition d'un R2&#x2d;DX pour une saison &#x2d; Challenge agriculture","og_description":"Toutes les caract\u00e9ristiques techniques d'un R2&#x2d;DX, produit distribu\u00e9 et mis \u00e0 disposition par Challenge agriculture.","og_url":"https:\/\/dev.challenge-agriculture.fr\/produit\/non-classe\/mise-a-disposition-dun-monitor-r2-dx\/","og_site_name":"Challenge Agriculture","article_modified_time":"2023-01-20T10:52:22+00:00","og_image":[{"width":600,"height":338,"url":"https:\/\/dev.challenge-agriculture.fr\/wp-content\/uploads\/2017\/07\/03-moniteur-1-e1618547082720.png","type":"image\/png"}],"twitter_card":"summary_large_image","twitter_misc":{"Est. reading time":"1 minute"},"schema":{"@context":"https:\/\/schema.org","@graph":[{"@type":"WebPage","@id":"https:\/\/dev.challenge-agriculture.fr\/produit\/non-classe\/mise-a-disposition-dun-monitor-r2-dx\/","url":"https:\/\/dev.challenge-agriculture.fr\/produit\/non-classe\/mise-a-disposition-dun-monitor-r2-dx\/","name":"Mise \u00e0 disposition d'un R2&#x2d;DX pour une saison &#x2d; Challenge agriculture","isPartOf":{"@id":"https:\/\/dev.challenge-agriculture.fr\/#website"},"datePublished":"2019-11-25T14:51:08+00:00","dateModified":"2023-01-20T10:52:22+00:00","description":"Toutes les caract\u00e9ristiques techniques d'un R2&#x2d;DX, produit distribu\u00e9 et mis \u00e0 disposition par Challenge agriculture.","breadcrumb":{"@id":"https:\/\/dev.challenge-agriculture.fr\/produit\/non-classe\/mise-a-disposition-dun-monitor-r2-dx\/#breadcrumb"},"inLanguage":"en-US","potentialAction":[{"@type":"ReadAction","target":["https:\/\/dev.challenge-agriculture.fr\/produit\/non-classe\/mise-a-disposition-dun-monitor-r2-dx\/"]}]},{"@type":"BreadcrumbList","@id":"https:\/\/dev.challenge-agriculture.fr\/produit\/non-classe\/mise-a-disposition-dun-monitor-r2-dx\/#breadcrumb","itemListElement":[{"@type":"ListItem","position":1,"name":"Home","item":"https:\/\/dev.challenge-agriculture.fr\/en\/"},{"@type":"ListItem","position":2,"name":"Boutique","item":"https:\/\/dev.challenge-agriculture.fr\/la-boutique\/"},{"@type":"ListItem","position":3,"name":"Mise \u00e0 disposition d&rsquo;un Monitor R2-DX, pour la saison"}]},{"@type":"WebSite","@id":"https:\/\/dev.challenge-agriculture.fr\/#website","url":"https:\/\/dev.challenge-agriculture.fr\/","name":"Challenge Agriculture","description":"","publisher":{"@id":"https:\/\/dev.challenge-agriculture.fr\/#organization"},"potentialAction":[{"@type":"SearchAction","target":{"@type":"EntryPoint","urlTemplate":"https:\/\/dev.challenge-agriculture.fr\/?s={search_term_string}"},"query-input":"required name=search_term_string"}],"inLanguage":"en-US"},{"@type":"Organization","@id":"https:\/\/dev.challenge-agriculture.fr\/#organization","name":"Challenge Agriculture","url":"https:\/\/dev.challenge-agriculture.fr\/","logo":{"@type":"ImageObject","inLanguage":"en-US","@id":"https:\/\/dev.challenge-agriculture.fr\/#\/schema\/logo\/image\/","url":"https:\/\/www.challenge-agriculture.fr\/wp-content\/uploads\/2020\/02\/logo-doc.png","contentUrl":"https:\/\/www.challenge-agriculture.fr\/wp-content\/uploads\/2020\/02\/logo-doc.png","width":1497,"height":355,"caption":"Challenge Agriculture"},"image":{"@id":"https:\/\/dev.challenge-agriculture.fr\/#\/schema\/logo\/image\/"}}]}},"_links":{"self":[{"href":"https:\/\/dev.challenge-agriculture.fr\/en\/wp-json\/wp\/v2\/product\/10270"}],"collection":[{"href":"https:\/\/dev.challenge-agriculture.fr\/en\/wp-json\/wp\/v2\/product"}],"about":[{"href":"https:\/\/dev.challenge-agriculture.fr\/en\/wp-json\/wp\/v2\/types\/product"}],"version-history":[{"count":4,"href":"https:\/\/dev.challenge-agriculture.fr\/en\/wp-json\/wp\/v2\/product\/10270\/revisions"}],"predecessor-version":[{"id":28445,"href":"https:\/\/dev.challenge-agriculture.fr\/en\/wp-json\/wp\/v2\/product\/10270\/revisions\/28445"}],"wp:featuredmedia":[{"embeddable":true,"href":"https:\/\/dev.challenge-agriculture.fr\/en\/wp-json\/wp\/v2\/media\/1526"}],"wp:attachment":[{"href":"https:\/\/dev.challenge-agriculture.fr\/en\/wp-json\/wp\/v2\/media?parent=10270"}],"wp:term":[{"taxonomy":"product_cat","embeddable":true,"href":"https:\/\/dev.challenge-agriculture.fr\/en\/wp-json\/wp\/v2\/product_cat?post=10270"},{"taxonomy":"product_tag","embeddable":true,"href":"https:\/\/dev.challenge-agriculture.fr\/en\/wp-json\/wp\/v2\/product_tag?post=10270"}],"curies":[{"name":"wp","href":"https:\/\/api.w.org\/{rel}","templated":true}]}}