{"id":10273,"date":"2019-11-25T15:53:47","date_gmt":"2019-11-25T14:53:47","guid":{"rendered":"https:\/\/www.challenge-agriculture.fr\/?post_type=product&#038;p=10273"},"modified":"2023-01-20T11:52:24","modified_gmt":"2023-01-20T10:52:24","slug":"mise-a-disposition-de-pack-de-sondes","status":"publish","type":"product","link":"https:\/\/dev.challenge-agriculture.fr\/en\/produit\/non-classe\/mise-a-disposition-de-pack-de-sondes\/","title":{"rendered":"Mise \u00e0 disposition de pack de sondes, pour la saison"},"content":{"rendered":"<h2>Nous fabriquons ce pack sur connecteur rapide CPC<\/h2>\n<p>Il est constitu\u00e9 de :<\/p>\n<ul>\n<li>1 sonde de temp\u00e9rature de sol (couleur brune)<\/li>\n<li>3 paires de <strong>sondes Watermark<\/strong><\/li>\n<li>1 sonde de temp\u00e9rature de l&#8217;air (couleur bleue).<\/li>\n<\/ul>\n<p>Les 6 <strong>sondes Watermark<\/strong> sont coll\u00e9es-rivet\u00e9es sur tube en pvc tendre, que nous r\u00e9treignons en double diam\u00e8tre, pour assurer un contact parfait avec le sol, sans d\u00e9g\u00e2ts lors de la descente dans le sol.<\/p>\n<p>Chaque paire de <strong>sonde Watermark<\/strong> est reli\u00e9e au connecteur par c\u00e2ble blind\u00e9, respectivement d&#8217;une longueur de 6m, 6m et 14 m, ce qui permet d&#8217;assurer au champ les 3 r\u00e9p\u00e9titions minimales x 2 profondeurs, n\u00e9cessaires pour s&#8217;adapter \u00e0 l&#8217;h\u00e9t\u00e9rog\u00e9n\u00e9it\u00e9 de structure classique en sol cultiv\u00e9 ainsi que l&#8217;h\u00e9t\u00e9rog\u00e9n\u00e9it\u00e9 de r\u00e9partition de l&#8217;eau intrins\u00e8que aux diff\u00e9rents <strong>modes d&#8217;irrigation<\/strong> : submersion, irrigation \u00e0 la raie, irrigation par aspersion, micro-irrigation, irrigation au goutte-\u00e0-goutte.<\/p>\n<p>Les <strong>sondes Watermark<\/strong> mesurent la tension de l&#8217;eau sur une gamme de 0 \u00e0 239 cb, permettant le <strong>pilotage d&#8217;irrigation<\/strong>, sur quasiment toute situation de culture, sol et climat.<\/p>\n<p>Leur dur\u00e9e de vie est document\u00e9e au <strong>chapitre <a href=\"https:\/\/www.challenge-agriculture.fr\/materiel\/sondes-watermark\/\">Mat\u00e9riel\/Sonde Watermark<\/a><\/strong><\/p>\n<p>Nous testons et r\u00e9parons les packs usag\u00e9s en atelier, ce qui permet de les remettre \u00e0 neuf et leur donner une seconde vie, \u00e0 moindre frais.<\/p>\n","protected":false},"excerpt":{"rendered":"<p>Nous fabriquons une vingtaine de packs diff\u00e9rents, adapt\u00e9s aux cultures. Les <strong><a href=\"https:\/\/www.challenge-agriculture.fr\/materiel\/sondes-watermark\/\">sondes Watermark<\/a><\/strong> sont mont\u00e9es sur c\u00e2bles blind\u00e9s et connecteur rapide. La sonde de temp\u00e9rature Sol est de couleur brune et la sonde de temp\u00e9rature Air, de couleur bleue.<\/p>\n","protected":false},"featured_media":851,"template":"","meta":{"_acf_changed":false},"product_cat":[1034],"product_tag":[],"acf":[],"yoast_head":"<!-- This site is optimized with the Yoast SEO plugin v22.0 - https:\/\/yoast.com\/wordpress\/plugins\/seo\/ -->\n<title>Mise \u00e0 disposition de sondes pour la saison &#x2d; Challenge agriculture<\/title>\n<meta name=\"description\" content=\"Toutes les caract\u00e9ristiques techniques des sondes Watermark mises \u00e0 disposition pour la saison, produits distribu\u00e9s par Challenge agriculture.\" \/>\n<meta name=\"robots\" content=\"index, follow, max-snippet:-1, max-image-preview:large, max-video-preview:-1\" \/>\n<link rel=\"canonical\" href=\"https:\/\/dev.challenge-agriculture.fr\/produit\/non-classe\/mise-a-disposition-de-pack-de-sondes\/\" \/>\n<meta property=\"og:locale\" content=\"fr_FR\" \/>\n<meta property=\"og:type\" content=\"article\" \/>\n<meta property=\"og:title\" content=\"Mise \u00e0 disposition de sondes pour la saison &#x2d; Challenge agriculture\" \/>\n<meta property=\"og:description\" content=\"Toutes les caract\u00e9ristiques techniques des sondes Watermark mises \u00e0 disposition pour la saison, produits distribu\u00e9s par Challenge agriculture.\" \/>\n<meta property=\"og:url\" content=\"https:\/\/dev.challenge-agriculture.fr\/produit\/non-classe\/mise-a-disposition-de-pack-de-sondes\/\" \/>\n<meta property=\"og:site_name\" content=\"Challenge Agriculture\" \/>\n<meta property=\"article:modified_time\" content=\"2023-01-20T10:52:24+00:00\" \/>\n<meta property=\"og:image\" content=\"https:\/\/dev.challenge-agriculture.fr\/wp-content\/uploads\/2016\/12\/Challenge-369-e1618215537184.jpg\" \/>\n\t<meta property=\"og:image:width\" content=\"1000\" \/>\n\t<meta property=\"og:image:height\" content=\"666\" \/>\n\t<meta property=\"og:image:type\" content=\"image\/jpeg\" \/>\n<meta name=\"twitter:card\" content=\"summary_large_image\" \/>\n<meta name=\"twitter:label1\" content=\"Est. reading time\" \/>\n\t<meta name=\"twitter:data1\" content=\"1 minute\" \/>\n<script type=\"application\/ld+json\" class=\"yoast-schema-graph\">{\"@context\":\"https:\/\/schema.org\",\"@graph\":[{\"@type\":\"WebPage\",\"@id\":\"https:\/\/dev.challenge-agriculture.fr\/produit\/non-classe\/mise-a-disposition-de-pack-de-sondes\/\",\"url\":\"https:\/\/dev.challenge-agriculture.fr\/produit\/non-classe\/mise-a-disposition-de-pack-de-sondes\/\",\"name\":\"Mise \u00e0 disposition de sondes pour la saison &#x2d; Challenge agriculture\",\"isPartOf\":{\"@id\":\"https:\/\/dev.challenge-agriculture.fr\/#website\"},\"datePublished\":\"2019-11-25T14:53:47+00:00\",\"dateModified\":\"2023-01-20T10:52:24+00:00\",\"description\":\"Toutes les caract\u00e9ristiques techniques des sondes Watermark mises \u00e0 disposition pour la saison, produits distribu\u00e9s par Challenge agriculture.\",\"breadcrumb\":{\"@id\":\"https:\/\/dev.challenge-agriculture.fr\/produit\/non-classe\/mise-a-disposition-de-pack-de-sondes\/#breadcrumb\"},\"inLanguage\":\"en-US\",\"potentialAction\":[{\"@type\":\"ReadAction\",\"target\":[\"https:\/\/dev.challenge-agriculture.fr\/produit\/non-classe\/mise-a-disposition-de-pack-de-sondes\/\"]}]},{\"@type\":\"BreadcrumbList\",\"@id\":\"https:\/\/dev.challenge-agriculture.fr\/produit\/non-classe\/mise-a-disposition-de-pack-de-sondes\/#breadcrumb\",\"itemListElement\":[{\"@type\":\"ListItem\",\"position\":1,\"name\":\"Home\",\"item\":\"https:\/\/dev.challenge-agriculture.fr\/en\/\"},{\"@type\":\"ListItem\",\"position\":2,\"name\":\"Boutique\",\"item\":\"https:\/\/dev.challenge-agriculture.fr\/la-boutique\/\"},{\"@type\":\"ListItem\",\"position\":3,\"name\":\"Mise \u00e0 disposition de pack de sondes, pour la saison\"}]},{\"@type\":\"WebSite\",\"@id\":\"https:\/\/dev.challenge-agriculture.fr\/#website\",\"url\":\"https:\/\/dev.challenge-agriculture.fr\/\",\"name\":\"Challenge Agriculture\",\"description\":\"\",\"publisher\":{\"@id\":\"https:\/\/dev.challenge-agriculture.fr\/#organization\"},\"potentialAction\":[{\"@type\":\"SearchAction\",\"target\":{\"@type\":\"EntryPoint\",\"urlTemplate\":\"https:\/\/dev.challenge-agriculture.fr\/?s={search_term_string}\"},\"query-input\":\"required name=search_term_string\"}],\"inLanguage\":\"en-US\"},{\"@type\":\"Organization\",\"@id\":\"https:\/\/dev.challenge-agriculture.fr\/#organization\",\"name\":\"Challenge Agriculture\",\"url\":\"https:\/\/dev.challenge-agriculture.fr\/\",\"logo\":{\"@type\":\"ImageObject\",\"inLanguage\":\"en-US\",\"@id\":\"https:\/\/dev.challenge-agriculture.fr\/#\/schema\/logo\/image\/\",\"url\":\"https:\/\/www.challenge-agriculture.fr\/wp-content\/uploads\/2020\/02\/logo-doc.png\",\"contentUrl\":\"https:\/\/www.challenge-agriculture.fr\/wp-content\/uploads\/2020\/02\/logo-doc.png\",\"width\":1497,\"height\":355,\"caption\":\"Challenge Agriculture\"},\"image\":{\"@id\":\"https:\/\/dev.challenge-agriculture.fr\/#\/schema\/logo\/image\/\"}}]}<\/script>\n<!-- \/ Yoast SEO plugin. -->","yoast_head_json":{"title":"Mise \u00e0 disposition de sondes pour la saison &#x2d; Challenge agriculture","description":"Toutes les caract\u00e9ristiques techniques des sondes Watermark mises \u00e0 disposition pour la saison, produits distribu\u00e9s par Challenge agriculture.","robots":{"index":"index","follow":"follow","max-snippet":"max-snippet:-1","max-image-preview":"max-image-preview:large","max-video-preview":"max-video-preview:-1"},"canonical":"https:\/\/dev.challenge-agriculture.fr\/produit\/non-classe\/mise-a-disposition-de-pack-de-sondes\/","og_locale":"fr_FR","og_type":"article","og_title":"Mise \u00e0 disposition de sondes pour la saison &#x2d; Challenge agriculture","og_description":"Toutes les caract\u00e9ristiques techniques des sondes Watermark mises \u00e0 disposition pour la saison, produits distribu\u00e9s par Challenge agriculture.","og_url":"https:\/\/dev.challenge-agriculture.fr\/produit\/non-classe\/mise-a-disposition-de-pack-de-sondes\/","og_site_name":"Challenge Agriculture","article_modified_time":"2023-01-20T10:52:24+00:00","og_image":[{"width":1000,"height":666,"url":"https:\/\/dev.challenge-agriculture.fr\/wp-content\/uploads\/2016\/12\/Challenge-369-e1618215537184.jpg","type":"image\/jpeg"}],"twitter_card":"summary_large_image","twitter_misc":{"Est. reading time":"1 minute"},"schema":{"@context":"https:\/\/schema.org","@graph":[{"@type":"WebPage","@id":"https:\/\/dev.challenge-agriculture.fr\/produit\/non-classe\/mise-a-disposition-de-pack-de-sondes\/","url":"https:\/\/dev.challenge-agriculture.fr\/produit\/non-classe\/mise-a-disposition-de-pack-de-sondes\/","name":"Mise \u00e0 disposition de sondes pour la saison &#x2d; Challenge agriculture","isPartOf":{"@id":"https:\/\/dev.challenge-agriculture.fr\/#website"},"datePublished":"2019-11-25T14:53:47+00:00","dateModified":"2023-01-20T10:52:24+00:00","description":"Toutes les caract\u00e9ristiques techniques des sondes Watermark mises \u00e0 disposition pour la saison, produits distribu\u00e9s par Challenge agriculture.","breadcrumb":{"@id":"https:\/\/dev.challenge-agriculture.fr\/produit\/non-classe\/mise-a-disposition-de-pack-de-sondes\/#breadcrumb"},"inLanguage":"en-US","potentialAction":[{"@type":"ReadAction","target":["https:\/\/dev.challenge-agriculture.fr\/produit\/non-classe\/mise-a-disposition-de-pack-de-sondes\/"]}]},{"@type":"BreadcrumbList","@id":"https:\/\/dev.challenge-agriculture.fr\/produit\/non-classe\/mise-a-disposition-de-pack-de-sondes\/#breadcrumb","itemListElement":[{"@type":"ListItem","position":1,"name":"Home","item":"https:\/\/dev.challenge-agriculture.fr\/en\/"},{"@type":"ListItem","position":2,"name":"Boutique","item":"https:\/\/dev.challenge-agriculture.fr\/la-boutique\/"},{"@type":"ListItem","position":3,"name":"Mise \u00e0 disposition de pack de sondes, pour la saison"}]},{"@type":"WebSite","@id":"https:\/\/dev.challenge-agriculture.fr\/#website","url":"https:\/\/dev.challenge-agriculture.fr\/","name":"Challenge Agriculture","description":"","publisher":{"@id":"https:\/\/dev.challenge-agriculture.fr\/#organization"},"potentialAction":[{"@type":"SearchAction","target":{"@type":"EntryPoint","urlTemplate":"https:\/\/dev.challenge-agriculture.fr\/?s={search_term_string}"},"query-input":"required name=search_term_string"}],"inLanguage":"en-US"},{"@type":"Organization","@id":"https:\/\/dev.challenge-agriculture.fr\/#organization","name":"Challenge Agriculture","url":"https:\/\/dev.challenge-agriculture.fr\/","logo":{"@type":"ImageObject","inLanguage":"en-US","@id":"https:\/\/dev.challenge-agriculture.fr\/#\/schema\/logo\/image\/","url":"https:\/\/www.challenge-agriculture.fr\/wp-content\/uploads\/2020\/02\/logo-doc.png","contentUrl":"https:\/\/www.challenge-agriculture.fr\/wp-content\/uploads\/2020\/02\/logo-doc.png","width":1497,"height":355,"caption":"Challenge Agriculture"},"image":{"@id":"https:\/\/dev.challenge-agriculture.fr\/#\/schema\/logo\/image\/"}}]}},"_links":{"self":[{"href":"https:\/\/dev.challenge-agriculture.fr\/en\/wp-json\/wp\/v2\/product\/10273"}],"collection":[{"href":"https:\/\/dev.challenge-agriculture.fr\/en\/wp-json\/wp\/v2\/product"}],"about":[{"href":"https:\/\/dev.challenge-agriculture.fr\/en\/wp-json\/wp\/v2\/types\/product"}],"version-history":[{"count":4,"href":"https:\/\/dev.challenge-agriculture.fr\/en\/wp-json\/wp\/v2\/product\/10273\/revisions"}],"predecessor-version":[{"id":28441,"href":"https:\/\/dev.challenge-agriculture.fr\/en\/wp-json\/wp\/v2\/product\/10273\/revisions\/28441"}],"wp:featuredmedia":[{"embeddable":true,"href":"https:\/\/dev.challenge-agriculture.fr\/en\/wp-json\/wp\/v2\/media\/851"}],"wp:attachment":[{"href":"https:\/\/dev.challenge-agriculture.fr\/en\/wp-json\/wp\/v2\/media?parent=10273"}],"wp:term":[{"taxonomy":"product_cat","embeddable":true,"href":"https:\/\/dev.challenge-agriculture.fr\/en\/wp-json\/wp\/v2\/product_cat?post=10273"},{"taxonomy":"product_tag","embeddable":true,"href":"https:\/\/dev.challenge-agriculture.fr\/en\/wp-json\/wp\/v2\/product_tag?post=10273"}],"curies":[{"name":"wp","href":"https:\/\/api.w.org\/{rel}","templated":true}]}}