{"id":10275,"date":"2019-11-25T15:54:46","date_gmt":"2019-11-25T14:54:46","guid":{"rendered":"https:\/\/www.challenge-agriculture.fr\/?post_type=product&#038;p=10275"},"modified":"2023-01-20T11:52:24","modified_gmt":"2023-01-20T10:52:24","slug":"mise-a-disposition-de-compteur-deau","status":"publish","type":"product","link":"https:\/\/dev.challenge-agriculture.fr\/en\/produit\/non-classe\/mise-a-disposition-de-compteur-deau\/","title":{"rendered":"Mise \u00e0 disposition du compteur d&#8217;eau, pour la saison"},"content":{"rendered":"<h2>Compteur d&#8217;eau, livr\u00e9 avec manchons adapt\u00e9s et boite de protection en inox<\/h2>\n<p>Il affichage les volumes et poss\u00e8de un contact reed c\u00e2bl\u00e9 au <strong>Monitor<\/strong>, qui permet d&#8217;enregistrer le comptage.<\/p>\n<p>Existe en 2 mod\u00e8les : 1L ou 10L par impulsion, choisi selon la configuration sur le terrain.<\/p>\n<p>Les volumes irrigu\u00e9s s&#8217;affichent sur le <strong>graphe en ligne<\/strong>, exprim\u00e9s dans l&#8217;unit\u00e9 agronomique la plus pertinente : en litres, litres par goutteur, litres par arbre, litres par hectare ou en dur\u00e9e d&#8217;irrigation.<\/p>\n<p>&nbsp;<\/p>\n","protected":false},"excerpt":{"rendered":"<p>Compteur d&#8217;eau, livr\u00e9 avec manchons adapt\u00e9s et boite de protection en inox Il affichage les volumes et poss\u00e8de un contact reed c\u00e2bl\u00e9 au Monitor, qui permet d&#8217;enregistrer le comptage. Existe en 2 mod\u00e8les : 1L ou 10L par impulsion, choisi selon la configuration sur le terrain. Les volumes irrigu\u00e9s s&#8217;affichent sur le graphe en ligne, [&hellip;]<\/p>\n","protected":false},"featured_media":3437,"template":"","meta":{"_acf_changed":false},"product_cat":[1034],"product_tag":[],"acf":[],"yoast_head":"<!-- This site is optimized with the Yoast SEO plugin v22.0 - https:\/\/yoast.com\/wordpress\/plugins\/seo\/ -->\n<title>Mise \u00e0 disposition du compteur d&#039;eau &#x2d; Challenge agriculture<\/title>\n<meta name=\"description\" content=\"Toutes les caract\u00e9ristiques techniques du compteur d&#039;eau mis \u00e0 disposition pour la saison, produit distribu\u00e9 par Challenge agriculture.\" \/>\n<meta name=\"robots\" content=\"index, follow, max-snippet:-1, max-image-preview:large, max-video-preview:-1\" \/>\n<link rel=\"canonical\" href=\"https:\/\/dev.challenge-agriculture.fr\/produit\/non-classe\/mise-a-disposition-de-compteur-deau\/\" \/>\n<meta property=\"og:locale\" content=\"fr_FR\" \/>\n<meta property=\"og:type\" content=\"article\" \/>\n<meta property=\"og:title\" content=\"Mise \u00e0 disposition du compteur d&#039;eau &#x2d; Challenge agriculture\" \/>\n<meta property=\"og:description\" content=\"Toutes les caract\u00e9ristiques techniques du compteur d&#039;eau mis \u00e0 disposition pour la saison, produit distribu\u00e9 par Challenge agriculture.\" \/>\n<meta property=\"og:url\" content=\"https:\/\/dev.challenge-agriculture.fr\/produit\/non-classe\/mise-a-disposition-de-compteur-deau\/\" \/>\n<meta property=\"og:site_name\" content=\"Challenge Agriculture\" \/>\n<meta property=\"article:modified_time\" content=\"2023-01-20T10:52:24+00:00\" \/>\n<meta property=\"og:image\" content=\"https:\/\/dev.challenge-agriculture.fr\/wp-content\/uploads\/2018\/08\/compteur-eau-3-e1618550023957.png\" \/>\n\t<meta property=\"og:image:width\" content=\"525\" \/>\n\t<meta property=\"og:image:height\" content=\"700\" \/>\n\t<meta property=\"og:image:type\" content=\"image\/png\" \/>\n<meta name=\"twitter:card\" content=\"summary_large_image\" \/>\n<script type=\"application\/ld+json\" class=\"yoast-schema-graph\">{\"@context\":\"https:\/\/schema.org\",\"@graph\":[{\"@type\":\"WebPage\",\"@id\":\"https:\/\/dev.challenge-agriculture.fr\/produit\/non-classe\/mise-a-disposition-de-compteur-deau\/\",\"url\":\"https:\/\/dev.challenge-agriculture.fr\/produit\/non-classe\/mise-a-disposition-de-compteur-deau\/\",\"name\":\"Mise \u00e0 disposition du compteur d'eau &#x2d; Challenge agriculture\",\"isPartOf\":{\"@id\":\"https:\/\/dev.challenge-agriculture.fr\/#website\"},\"datePublished\":\"2019-11-25T14:54:46+00:00\",\"dateModified\":\"2023-01-20T10:52:24+00:00\",\"description\":\"Toutes les caract\u00e9ristiques techniques du compteur d'eau mis \u00e0 disposition pour la saison, produit distribu\u00e9 par Challenge agriculture.\",\"breadcrumb\":{\"@id\":\"https:\/\/dev.challenge-agriculture.fr\/produit\/non-classe\/mise-a-disposition-de-compteur-deau\/#breadcrumb\"},\"inLanguage\":\"en-US\",\"potentialAction\":[{\"@type\":\"ReadAction\",\"target\":[\"https:\/\/dev.challenge-agriculture.fr\/produit\/non-classe\/mise-a-disposition-de-compteur-deau\/\"]}]},{\"@type\":\"BreadcrumbList\",\"@id\":\"https:\/\/dev.challenge-agriculture.fr\/produit\/non-classe\/mise-a-disposition-de-compteur-deau\/#breadcrumb\",\"itemListElement\":[{\"@type\":\"ListItem\",\"position\":1,\"name\":\"Home\",\"item\":\"https:\/\/dev.challenge-agriculture.fr\/en\/\"},{\"@type\":\"ListItem\",\"position\":2,\"name\":\"Boutique\",\"item\":\"https:\/\/dev.challenge-agriculture.fr\/la-boutique\/\"},{\"@type\":\"ListItem\",\"position\":3,\"name\":\"Mise \u00e0 disposition du compteur d&rsquo;eau, pour la saison\"}]},{\"@type\":\"WebSite\",\"@id\":\"https:\/\/dev.challenge-agriculture.fr\/#website\",\"url\":\"https:\/\/dev.challenge-agriculture.fr\/\",\"name\":\"Challenge Agriculture\",\"description\":\"\",\"publisher\":{\"@id\":\"https:\/\/dev.challenge-agriculture.fr\/#organization\"},\"potentialAction\":[{\"@type\":\"SearchAction\",\"target\":{\"@type\":\"EntryPoint\",\"urlTemplate\":\"https:\/\/dev.challenge-agriculture.fr\/?s={search_term_string}\"},\"query-input\":\"required name=search_term_string\"}],\"inLanguage\":\"en-US\"},{\"@type\":\"Organization\",\"@id\":\"https:\/\/dev.challenge-agriculture.fr\/#organization\",\"name\":\"Challenge Agriculture\",\"url\":\"https:\/\/dev.challenge-agriculture.fr\/\",\"logo\":{\"@type\":\"ImageObject\",\"inLanguage\":\"en-US\",\"@id\":\"https:\/\/dev.challenge-agriculture.fr\/#\/schema\/logo\/image\/\",\"url\":\"https:\/\/www.challenge-agriculture.fr\/wp-content\/uploads\/2020\/02\/logo-doc.png\",\"contentUrl\":\"https:\/\/www.challenge-agriculture.fr\/wp-content\/uploads\/2020\/02\/logo-doc.png\",\"width\":1497,\"height\":355,\"caption\":\"Challenge Agriculture\"},\"image\":{\"@id\":\"https:\/\/dev.challenge-agriculture.fr\/#\/schema\/logo\/image\/\"}}]}<\/script>\n<!-- \/ Yoast SEO plugin. -->","yoast_head_json":{"title":"Mise \u00e0 disposition du compteur d'eau &#x2d; Challenge agriculture","description":"Toutes les caract\u00e9ristiques techniques du compteur d'eau mis \u00e0 disposition pour la saison, produit distribu\u00e9 par Challenge agriculture.","robots":{"index":"index","follow":"follow","max-snippet":"max-snippet:-1","max-image-preview":"max-image-preview:large","max-video-preview":"max-video-preview:-1"},"canonical":"https:\/\/dev.challenge-agriculture.fr\/produit\/non-classe\/mise-a-disposition-de-compteur-deau\/","og_locale":"fr_FR","og_type":"article","og_title":"Mise \u00e0 disposition du compteur d'eau &#x2d; Challenge agriculture","og_description":"Toutes les caract\u00e9ristiques techniques du compteur d'eau mis \u00e0 disposition pour la saison, produit distribu\u00e9 par Challenge agriculture.","og_url":"https:\/\/dev.challenge-agriculture.fr\/produit\/non-classe\/mise-a-disposition-de-compteur-deau\/","og_site_name":"Challenge Agriculture","article_modified_time":"2023-01-20T10:52:24+00:00","og_image":[{"width":525,"height":700,"url":"https:\/\/dev.challenge-agriculture.fr\/wp-content\/uploads\/2018\/08\/compteur-eau-3-e1618550023957.png","type":"image\/png"}],"twitter_card":"summary_large_image","schema":{"@context":"https:\/\/schema.org","@graph":[{"@type":"WebPage","@id":"https:\/\/dev.challenge-agriculture.fr\/produit\/non-classe\/mise-a-disposition-de-compteur-deau\/","url":"https:\/\/dev.challenge-agriculture.fr\/produit\/non-classe\/mise-a-disposition-de-compteur-deau\/","name":"Mise \u00e0 disposition du compteur d'eau &#x2d; Challenge agriculture","isPartOf":{"@id":"https:\/\/dev.challenge-agriculture.fr\/#website"},"datePublished":"2019-11-25T14:54:46+00:00","dateModified":"2023-01-20T10:52:24+00:00","description":"Toutes les caract\u00e9ristiques techniques du compteur d'eau mis \u00e0 disposition pour la saison, produit distribu\u00e9 par Challenge agriculture.","breadcrumb":{"@id":"https:\/\/dev.challenge-agriculture.fr\/produit\/non-classe\/mise-a-disposition-de-compteur-deau\/#breadcrumb"},"inLanguage":"en-US","potentialAction":[{"@type":"ReadAction","target":["https:\/\/dev.challenge-agriculture.fr\/produit\/non-classe\/mise-a-disposition-de-compteur-deau\/"]}]},{"@type":"BreadcrumbList","@id":"https:\/\/dev.challenge-agriculture.fr\/produit\/non-classe\/mise-a-disposition-de-compteur-deau\/#breadcrumb","itemListElement":[{"@type":"ListItem","position":1,"name":"Home","item":"https:\/\/dev.challenge-agriculture.fr\/en\/"},{"@type":"ListItem","position":2,"name":"Boutique","item":"https:\/\/dev.challenge-agriculture.fr\/la-boutique\/"},{"@type":"ListItem","position":3,"name":"Mise \u00e0 disposition du compteur d&rsquo;eau, pour la saison"}]},{"@type":"WebSite","@id":"https:\/\/dev.challenge-agriculture.fr\/#website","url":"https:\/\/dev.challenge-agriculture.fr\/","name":"Challenge Agriculture","description":"","publisher":{"@id":"https:\/\/dev.challenge-agriculture.fr\/#organization"},"potentialAction":[{"@type":"SearchAction","target":{"@type":"EntryPoint","urlTemplate":"https:\/\/dev.challenge-agriculture.fr\/?s={search_term_string}"},"query-input":"required name=search_term_string"}],"inLanguage":"en-US"},{"@type":"Organization","@id":"https:\/\/dev.challenge-agriculture.fr\/#organization","name":"Challenge Agriculture","url":"https:\/\/dev.challenge-agriculture.fr\/","logo":{"@type":"ImageObject","inLanguage":"en-US","@id":"https:\/\/dev.challenge-agriculture.fr\/#\/schema\/logo\/image\/","url":"https:\/\/www.challenge-agriculture.fr\/wp-content\/uploads\/2020\/02\/logo-doc.png","contentUrl":"https:\/\/www.challenge-agriculture.fr\/wp-content\/uploads\/2020\/02\/logo-doc.png","width":1497,"height":355,"caption":"Challenge Agriculture"},"image":{"@id":"https:\/\/dev.challenge-agriculture.fr\/#\/schema\/logo\/image\/"}}]}},"_links":{"self":[{"href":"https:\/\/dev.challenge-agriculture.fr\/en\/wp-json\/wp\/v2\/product\/10275"}],"collection":[{"href":"https:\/\/dev.challenge-agriculture.fr\/en\/wp-json\/wp\/v2\/product"}],"about":[{"href":"https:\/\/dev.challenge-agriculture.fr\/en\/wp-json\/wp\/v2\/types\/product"}],"version-history":[{"count":2,"href":"https:\/\/dev.challenge-agriculture.fr\/en\/wp-json\/wp\/v2\/product\/10275\/revisions"}],"predecessor-version":[{"id":27660,"href":"https:\/\/dev.challenge-agriculture.fr\/en\/wp-json\/wp\/v2\/product\/10275\/revisions\/27660"}],"wp:featuredmedia":[{"embeddable":true,"href":"https:\/\/dev.challenge-agriculture.fr\/en\/wp-json\/wp\/v2\/media\/3437"}],"wp:attachment":[{"href":"https:\/\/dev.challenge-agriculture.fr\/en\/wp-json\/wp\/v2\/media?parent=10275"}],"wp:term":[{"taxonomy":"product_cat","embeddable":true,"href":"https:\/\/dev.challenge-agriculture.fr\/en\/wp-json\/wp\/v2\/product_cat?post=10275"},{"taxonomy":"product_tag","embeddable":true,"href":"https:\/\/dev.challenge-agriculture.fr\/en\/wp-json\/wp\/v2\/product_tag?post=10275"}],"curies":[{"name":"wp","href":"https:\/\/api.w.org\/{rel}","templated":true}]}}