{"id":10279,"date":"2019-11-26T11:12:10","date_gmt":"2019-11-26T10:12:10","guid":{"rendered":"https:\/\/www.challenge-agriculture.fr\/?post_type=product&#038;p=10279"},"modified":"2021-04-23T20:10:59","modified_gmt":"2021-04-23T18:10:59","slug":"solution-prestation-de-service-cle-en-main-sans-achat","status":"publish","type":"product","link":"https:\/\/dev.challenge-agriculture.fr\/en\/produit\/services\/solution-prestation-de-service-cle-en-main-sans-achat\/","title":{"rendered":"Prestation de service-cl\u00e9 en main (sans achat)"},"content":{"rendered":"<table class=\"spectbl\">\n<tbody>\n<tr>\n<th>Prestation<\/th>\n<th>Compl\u00e8te, cl\u00e9 en main<\/th>\n<\/tr>\n<tr>\n<td>\u00c9tude pr\u00e9alable<\/td>\n<td>Contexte, sols, parcelles, productions&#8230;<\/td>\n<\/tr>\n<tr>\n<td style=\"vertical-align: middle;\">Mise \u00e0 disposition du mat\u00e9riel<\/td>\n<td>\n<ul style=\"margin-top: 0;\">\n<li>Monitor <strong>R2-DX<\/strong> classique<\/li>\n<li>3 <strong>R2-XD<\/strong>, 4 <strong>R2-DX<\/strong>, pour les contextes tr\u00e8s h\u00e9t\u00e9rog\u00e8nes<\/li>\n<li><strong>R2-DL<\/strong> (acquisition sans transmission)<\/li>\n<li>Pack(s) de sondes<\/li>\n<li>Pluviom\u00e8tre enregistreur<\/li>\n<li>Compteur d&#8217;eau enregistreur<\/li>\n<\/ul>\n<\/td>\n<\/tr>\n<tr>\n<td>Pose<\/td>\n<td>Positionnement au champ, pose du mat\u00e9riel<\/td>\n<\/tr>\n<tr>\n<td>Transmission des donn\u00e9es<\/td>\n<td>Inclus<\/td>\n<\/tr>\n<tr>\n<td>Acc\u00e8s Web<\/td>\n<td>Inclus<\/td>\n<\/tr>\n<tr>\n<td>Maintenance<\/td>\n<td>Inclus<\/td>\n<\/tr>\n<tr>\n<td>Formation<\/td>\n<td>Ouverture du compte, mise en main, pour suivre les graphes et conseils en ligne<\/td>\n<\/tr>\n<tr>\n<td>Suivi en saison<\/td>\n<td>Graphe et conseil hebdomadaire dans la boite de dialogue.<\/td>\n<\/tr>\n<tr>\n<td>D\u00e9pose<\/td>\n<td>Inclus<\/td>\n<\/tr>\n<tr>\n<td>D\u00e9placements<\/td>\n<td>Inclus<\/td>\n<\/tr>\n<\/tbody>\n<\/table>\n","protected":false},"excerpt":{"rendered":"<h2>La solution de prestation compl\u00e8te, cl\u00e9 en main<\/h2>\n<p>Cette solution comprend :<\/p>\n<ul>\n<li>l&#8217;<strong>\u00e9tude pr\u00e9alable<\/strong> de l&#8217;exploitation, des cultures, des sols et de l&#8217;organisation de l&#8217;irrigation.<\/li>\n<li>la <strong>mise \u00e0 disposition<\/strong> du mat\u00e9riel adapt\u00e9<\/li>\n<li>la livraison, la pose et la d\u00e9pose du <strong>mat\u00e9riel tensiom\u00e9trique<\/strong><\/li>\n<li>la transmission et l&#8217;analyse des <strong>mesures<\/strong><\/li>\n<li>la <strong>mise en main<\/strong> de la plateforme technique en ligne<\/li>\n<li>le <strong>conseil<\/strong> hebdomadaire<\/li>\n<li>la<strong> maintenance<\/strong> du mat\u00e9riel<\/li>\n<li>les <strong>d\u00e9placements<\/strong> sont inclus<\/li>\n<\/ul>\n","protected":false},"featured_media":15632,"template":"","meta":{"_acf_changed":false},"product_cat":[353],"product_tag":[],"acf":[],"yoast_head":"<!-- This site is optimized with the Yoast SEO plugin v22.0 - https:\/\/yoast.com\/wordpress\/plugins\/seo\/ -->\n<title>Prestation de service cl\u00e9 en main &#x2d; Challenge agriculture<\/title>\n<meta name=\"description\" content=\"Toutes les caract\u00e9ristiques de la prestation de service cl\u00e9 en main, un service de Challenge agriculture.\" \/>\n<meta name=\"robots\" content=\"index, follow, max-snippet:-1, max-image-preview:large, max-video-preview:-1\" \/>\n<link rel=\"canonical\" href=\"https:\/\/dev.challenge-agriculture.fr\/produit\/services\/solution-prestation-de-service-cle-en-main-sans-achat\/\" \/>\n<meta property=\"og:locale\" content=\"fr_FR\" \/>\n<meta property=\"og:type\" content=\"article\" \/>\n<meta property=\"og:title\" content=\"Prestation de service cl\u00e9 en main &#x2d; Challenge agriculture\" \/>\n<meta property=\"og:description\" content=\"Toutes les caract\u00e9ristiques de la prestation de service cl\u00e9 en main, un service de Challenge agriculture.\" \/>\n<meta property=\"og:url\" content=\"https:\/\/dev.challenge-agriculture.fr\/produit\/services\/solution-prestation-de-service-cle-en-main-sans-achat\/\" \/>\n<meta property=\"og:site_name\" content=\"Challenge Agriculture\" \/>\n<meta property=\"article:modified_time\" content=\"2021-04-23T18:10:59+00:00\" \/>\n<meta property=\"og:image\" content=\"https:\/\/dev.challenge-agriculture.fr\/wp-content\/uploads\/2019\/11\/prestation-cle-en-main.jpg\" \/>\n\t<meta property=\"og:image:width\" content=\"345\" \/>\n\t<meta property=\"og:image:height\" content=\"259\" \/>\n\t<meta property=\"og:image:type\" content=\"image\/jpeg\" \/>\n<meta name=\"twitter:card\" content=\"summary_large_image\" \/>\n<meta name=\"twitter:label1\" content=\"Est. reading time\" \/>\n\t<meta name=\"twitter:data1\" content=\"1 minute\" \/>\n<script type=\"application\/ld+json\" class=\"yoast-schema-graph\">{\"@context\":\"https:\/\/schema.org\",\"@graph\":[{\"@type\":\"WebPage\",\"@id\":\"https:\/\/dev.challenge-agriculture.fr\/produit\/services\/solution-prestation-de-service-cle-en-main-sans-achat\/\",\"url\":\"https:\/\/dev.challenge-agriculture.fr\/produit\/services\/solution-prestation-de-service-cle-en-main-sans-achat\/\",\"name\":\"Prestation de service cl\u00e9 en main &#x2d; Challenge agriculture\",\"isPartOf\":{\"@id\":\"https:\/\/dev.challenge-agriculture.fr\/#website\"},\"datePublished\":\"2019-11-26T10:12:10+00:00\",\"dateModified\":\"2021-04-23T18:10:59+00:00\",\"description\":\"Toutes les caract\u00e9ristiques de la prestation de service cl\u00e9 en main, un service de Challenge agriculture.\",\"breadcrumb\":{\"@id\":\"https:\/\/dev.challenge-agriculture.fr\/produit\/services\/solution-prestation-de-service-cle-en-main-sans-achat\/#breadcrumb\"},\"inLanguage\":\"en-US\",\"potentialAction\":[{\"@type\":\"ReadAction\",\"target\":[\"https:\/\/dev.challenge-agriculture.fr\/produit\/services\/solution-prestation-de-service-cle-en-main-sans-achat\/\"]}]},{\"@type\":\"BreadcrumbList\",\"@id\":\"https:\/\/dev.challenge-agriculture.fr\/produit\/services\/solution-prestation-de-service-cle-en-main-sans-achat\/#breadcrumb\",\"itemListElement\":[{\"@type\":\"ListItem\",\"position\":1,\"name\":\"Home\",\"item\":\"https:\/\/dev.challenge-agriculture.fr\/en\/\"},{\"@type\":\"ListItem\",\"position\":2,\"name\":\"Boutique\",\"item\":\"https:\/\/dev.challenge-agriculture.fr\/la-boutique\/\"},{\"@type\":\"ListItem\",\"position\":3,\"name\":\"Prestation de service-cl\u00e9 en main (sans achat)\"}]},{\"@type\":\"WebSite\",\"@id\":\"https:\/\/dev.challenge-agriculture.fr\/#website\",\"url\":\"https:\/\/dev.challenge-agriculture.fr\/\",\"name\":\"Challenge Agriculture\",\"description\":\"\",\"publisher\":{\"@id\":\"https:\/\/dev.challenge-agriculture.fr\/#organization\"},\"potentialAction\":[{\"@type\":\"SearchAction\",\"target\":{\"@type\":\"EntryPoint\",\"urlTemplate\":\"https:\/\/dev.challenge-agriculture.fr\/?s={search_term_string}\"},\"query-input\":\"required name=search_term_string\"}],\"inLanguage\":\"en-US\"},{\"@type\":\"Organization\",\"@id\":\"https:\/\/dev.challenge-agriculture.fr\/#organization\",\"name\":\"Challenge Agriculture\",\"url\":\"https:\/\/dev.challenge-agriculture.fr\/\",\"logo\":{\"@type\":\"ImageObject\",\"inLanguage\":\"en-US\",\"@id\":\"https:\/\/dev.challenge-agriculture.fr\/#\/schema\/logo\/image\/\",\"url\":\"https:\/\/www.challenge-agriculture.fr\/wp-content\/uploads\/2020\/02\/logo-doc.png\",\"contentUrl\":\"https:\/\/www.challenge-agriculture.fr\/wp-content\/uploads\/2020\/02\/logo-doc.png\",\"width\":1497,\"height\":355,\"caption\":\"Challenge Agriculture\"},\"image\":{\"@id\":\"https:\/\/dev.challenge-agriculture.fr\/#\/schema\/logo\/image\/\"}}]}<\/script>\n<!-- \/ Yoast SEO plugin. -->","yoast_head_json":{"title":"Prestation de service cl\u00e9 en main &#x2d; Challenge agriculture","description":"Toutes les caract\u00e9ristiques de la prestation de service cl\u00e9 en main, un service de Challenge agriculture.","robots":{"index":"index","follow":"follow","max-snippet":"max-snippet:-1","max-image-preview":"max-image-preview:large","max-video-preview":"max-video-preview:-1"},"canonical":"https:\/\/dev.challenge-agriculture.fr\/produit\/services\/solution-prestation-de-service-cle-en-main-sans-achat\/","og_locale":"fr_FR","og_type":"article","og_title":"Prestation de service cl\u00e9 en main &#x2d; Challenge agriculture","og_description":"Toutes les caract\u00e9ristiques de la prestation de service cl\u00e9 en main, un service de Challenge agriculture.","og_url":"https:\/\/dev.challenge-agriculture.fr\/produit\/services\/solution-prestation-de-service-cle-en-main-sans-achat\/","og_site_name":"Challenge Agriculture","article_modified_time":"2021-04-23T18:10:59+00:00","og_image":[{"width":345,"height":259,"url":"https:\/\/dev.challenge-agriculture.fr\/wp-content\/uploads\/2019\/11\/prestation-cle-en-main.jpg","type":"image\/jpeg"}],"twitter_card":"summary_large_image","twitter_misc":{"Est. reading time":"1 minute"},"schema":{"@context":"https:\/\/schema.org","@graph":[{"@type":"WebPage","@id":"https:\/\/dev.challenge-agriculture.fr\/produit\/services\/solution-prestation-de-service-cle-en-main-sans-achat\/","url":"https:\/\/dev.challenge-agriculture.fr\/produit\/services\/solution-prestation-de-service-cle-en-main-sans-achat\/","name":"Prestation de service cl\u00e9 en main &#x2d; Challenge agriculture","isPartOf":{"@id":"https:\/\/dev.challenge-agriculture.fr\/#website"},"datePublished":"2019-11-26T10:12:10+00:00","dateModified":"2021-04-23T18:10:59+00:00","description":"Toutes les caract\u00e9ristiques de la prestation de service cl\u00e9 en main, un service de Challenge agriculture.","breadcrumb":{"@id":"https:\/\/dev.challenge-agriculture.fr\/produit\/services\/solution-prestation-de-service-cle-en-main-sans-achat\/#breadcrumb"},"inLanguage":"en-US","potentialAction":[{"@type":"ReadAction","target":["https:\/\/dev.challenge-agriculture.fr\/produit\/services\/solution-prestation-de-service-cle-en-main-sans-achat\/"]}]},{"@type":"BreadcrumbList","@id":"https:\/\/dev.challenge-agriculture.fr\/produit\/services\/solution-prestation-de-service-cle-en-main-sans-achat\/#breadcrumb","itemListElement":[{"@type":"ListItem","position":1,"name":"Home","item":"https:\/\/dev.challenge-agriculture.fr\/en\/"},{"@type":"ListItem","position":2,"name":"Boutique","item":"https:\/\/dev.challenge-agriculture.fr\/la-boutique\/"},{"@type":"ListItem","position":3,"name":"Prestation de service-cl\u00e9 en main (sans achat)"}]},{"@type":"WebSite","@id":"https:\/\/dev.challenge-agriculture.fr\/#website","url":"https:\/\/dev.challenge-agriculture.fr\/","name":"Challenge Agriculture","description":"","publisher":{"@id":"https:\/\/dev.challenge-agriculture.fr\/#organization"},"potentialAction":[{"@type":"SearchAction","target":{"@type":"EntryPoint","urlTemplate":"https:\/\/dev.challenge-agriculture.fr\/?s={search_term_string}"},"query-input":"required name=search_term_string"}],"inLanguage":"en-US"},{"@type":"Organization","@id":"https:\/\/dev.challenge-agriculture.fr\/#organization","name":"Challenge Agriculture","url":"https:\/\/dev.challenge-agriculture.fr\/","logo":{"@type":"ImageObject","inLanguage":"en-US","@id":"https:\/\/dev.challenge-agriculture.fr\/#\/schema\/logo\/image\/","url":"https:\/\/www.challenge-agriculture.fr\/wp-content\/uploads\/2020\/02\/logo-doc.png","contentUrl":"https:\/\/www.challenge-agriculture.fr\/wp-content\/uploads\/2020\/02\/logo-doc.png","width":1497,"height":355,"caption":"Challenge Agriculture"},"image":{"@id":"https:\/\/dev.challenge-agriculture.fr\/#\/schema\/logo\/image\/"}}]}},"_links":{"self":[{"href":"https:\/\/dev.challenge-agriculture.fr\/en\/wp-json\/wp\/v2\/product\/10279"}],"collection":[{"href":"https:\/\/dev.challenge-agriculture.fr\/en\/wp-json\/wp\/v2\/product"}],"about":[{"href":"https:\/\/dev.challenge-agriculture.fr\/en\/wp-json\/wp\/v2\/types\/product"}],"version-history":[{"count":3,"href":"https:\/\/dev.challenge-agriculture.fr\/en\/wp-json\/wp\/v2\/product\/10279\/revisions"}],"predecessor-version":[{"id":28450,"href":"https:\/\/dev.challenge-agriculture.fr\/en\/wp-json\/wp\/v2\/product\/10279\/revisions\/28450"}],"wp:featuredmedia":[{"embeddable":true,"href":"https:\/\/dev.challenge-agriculture.fr\/en\/wp-json\/wp\/v2\/media\/15632"}],"wp:attachment":[{"href":"https:\/\/dev.challenge-agriculture.fr\/en\/wp-json\/wp\/v2\/media?parent=10279"}],"wp:term":[{"taxonomy":"product_cat","embeddable":true,"href":"https:\/\/dev.challenge-agriculture.fr\/en\/wp-json\/wp\/v2\/product_cat?post=10279"},{"taxonomy":"product_tag","embeddable":true,"href":"https:\/\/dev.challenge-agriculture.fr\/en\/wp-json\/wp\/v2\/product_tag?post=10279"}],"curies":[{"name":"wp","href":"https:\/\/api.w.org\/{rel}","templated":true}]}}