{"id":10800,"date":"2017-03-30T10:19:21","date_gmt":"2017-03-30T08:19:21","guid":{"rendered":"https:\/\/www.challenge-agriculture.fr\/?post_type=product&#038;p=10800"},"modified":"2023-01-20T11:52:25","modified_gmt":"2023-01-20T10:52:25","slug":"consommables-pour-nitrasol-mesure-du-nitrate-dans-le-sol","status":"publish","type":"product","link":"https:\/\/dev.challenge-agriculture.fr\/en\/produit\/nitrates\/nitrachek\/consommables-pour-nitrasol-mesure-du-nitrate-dans-le-sol\/","title":{"rendered":"Consommables pour Nitrasol &#8211; mesure du nitrate dans le sol"},"content":{"rendered":"<h2>Les consommables par multiple de 30 horizons<\/h2>\n<p>1 boite de bandelettes, 3 \u00e9talons, 1 sachet r\u00e9actif d&#8217;extraction, filtres sp\u00e9ciaux<\/p>\n","protected":false},"excerpt":{"rendered":"<p>Les consommables par multiple de 30 horizons 1 boite de bandelettes, 3 \u00e9talons, 1 sachet r\u00e9actif d&#8217;extraction, filtres sp\u00e9ciaux<\/p>\n","protected":false},"featured_media":1322,"template":"","meta":{"_acf_changed":false},"product_cat":[190],"product_tag":[],"acf":[],"yoast_head":"<!-- This site is optimized with the Yoast SEO plugin v22.0 - https:\/\/yoast.com\/wordpress\/plugins\/seo\/ -->\n<title>Consommables pour Nitrasol, mesure du sol &#x2d; Challenge agriculture<\/title>\n<meta name=\"description\" content=\"Toutes les caract\u00e9ristiques techniques des consommables pour Nitrasol, produits distribu\u00e9s par Challenge agriculture.\" \/>\n<meta name=\"robots\" content=\"index, follow, max-snippet:-1, max-image-preview:large, max-video-preview:-1\" \/>\n<link rel=\"canonical\" href=\"https:\/\/dev.challenge-agriculture.fr\/produit\/nitrates\/nitrachek\/consommables-pour-nitrasol-mesure-du-nitrate-dans-le-sol\/\" \/>\n<meta property=\"og:locale\" content=\"fr_FR\" \/>\n<meta property=\"og:type\" content=\"article\" \/>\n<meta property=\"og:title\" content=\"Consommables pour Nitrasol, mesure du sol &#x2d; Challenge agriculture\" \/>\n<meta property=\"og:description\" content=\"Toutes les caract\u00e9ristiques techniques des consommables pour Nitrasol, produits distribu\u00e9s par Challenge agriculture.\" \/>\n<meta property=\"og:url\" content=\"https:\/\/dev.challenge-agriculture.fr\/produit\/nitrates\/nitrachek\/consommables-pour-nitrasol-mesure-du-nitrate-dans-le-sol\/\" \/>\n<meta property=\"og:site_name\" content=\"Challenge Agriculture\" \/>\n<meta property=\"article:modified_time\" content=\"2023-01-20T10:52:25+00:00\" \/>\n<meta property=\"og:image\" content=\"https:\/\/dev.challenge-agriculture.fr\/wp-content\/uploads\/2016\/08\/Challenge-230-e1618216702661.jpg\" \/>\n\t<meta property=\"og:image:width\" content=\"1000\" \/>\n\t<meta property=\"og:image:height\" content=\"666\" \/>\n\t<meta property=\"og:image:type\" content=\"image\/jpeg\" \/>\n<meta name=\"twitter:card\" content=\"summary_large_image\" \/>\n<script type=\"application\/ld+json\" class=\"yoast-schema-graph\">{\"@context\":\"https:\/\/schema.org\",\"@graph\":[{\"@type\":\"WebPage\",\"@id\":\"https:\/\/dev.challenge-agriculture.fr\/produit\/nitrates\/nitrachek\/consommables-pour-nitrasol-mesure-du-nitrate-dans-le-sol\/\",\"url\":\"https:\/\/dev.challenge-agriculture.fr\/produit\/nitrates\/nitrachek\/consommables-pour-nitrasol-mesure-du-nitrate-dans-le-sol\/\",\"name\":\"Consommables pour Nitrasol, mesure du sol &#x2d; Challenge agriculture\",\"isPartOf\":{\"@id\":\"https:\/\/dev.challenge-agriculture.fr\/#website\"},\"datePublished\":\"2017-03-30T08:19:21+00:00\",\"dateModified\":\"2023-01-20T10:52:25+00:00\",\"description\":\"Toutes les caract\u00e9ristiques techniques des consommables pour Nitrasol, produits distribu\u00e9s par Challenge agriculture.\",\"breadcrumb\":{\"@id\":\"https:\/\/dev.challenge-agriculture.fr\/produit\/nitrates\/nitrachek\/consommables-pour-nitrasol-mesure-du-nitrate-dans-le-sol\/#breadcrumb\"},\"inLanguage\":\"en-US\",\"potentialAction\":[{\"@type\":\"ReadAction\",\"target\":[\"https:\/\/dev.challenge-agriculture.fr\/produit\/nitrates\/nitrachek\/consommables-pour-nitrasol-mesure-du-nitrate-dans-le-sol\/\"]}]},{\"@type\":\"BreadcrumbList\",\"@id\":\"https:\/\/dev.challenge-agriculture.fr\/produit\/nitrates\/nitrachek\/consommables-pour-nitrasol-mesure-du-nitrate-dans-le-sol\/#breadcrumb\",\"itemListElement\":[{\"@type\":\"ListItem\",\"position\":1,\"name\":\"Home\",\"item\":\"https:\/\/dev.challenge-agriculture.fr\/en\/\"},{\"@type\":\"ListItem\",\"position\":2,\"name\":\"Boutique\",\"item\":\"https:\/\/dev.challenge-agriculture.fr\/la-boutique\/\"},{\"@type\":\"ListItem\",\"position\":3,\"name\":\"Consommables pour Nitrasol &#8211; mesure du nitrate dans le sol\"}]},{\"@type\":\"WebSite\",\"@id\":\"https:\/\/dev.challenge-agriculture.fr\/#website\",\"url\":\"https:\/\/dev.challenge-agriculture.fr\/\",\"name\":\"Challenge Agriculture\",\"description\":\"\",\"publisher\":{\"@id\":\"https:\/\/dev.challenge-agriculture.fr\/#organization\"},\"potentialAction\":[{\"@type\":\"SearchAction\",\"target\":{\"@type\":\"EntryPoint\",\"urlTemplate\":\"https:\/\/dev.challenge-agriculture.fr\/?s={search_term_string}\"},\"query-input\":\"required name=search_term_string\"}],\"inLanguage\":\"en-US\"},{\"@type\":\"Organization\",\"@id\":\"https:\/\/dev.challenge-agriculture.fr\/#organization\",\"name\":\"Challenge Agriculture\",\"url\":\"https:\/\/dev.challenge-agriculture.fr\/\",\"logo\":{\"@type\":\"ImageObject\",\"inLanguage\":\"en-US\",\"@id\":\"https:\/\/dev.challenge-agriculture.fr\/#\/schema\/logo\/image\/\",\"url\":\"https:\/\/www.challenge-agriculture.fr\/wp-content\/uploads\/2020\/02\/logo-doc.png\",\"contentUrl\":\"https:\/\/www.challenge-agriculture.fr\/wp-content\/uploads\/2020\/02\/logo-doc.png\",\"width\":1497,\"height\":355,\"caption\":\"Challenge Agriculture\"},\"image\":{\"@id\":\"https:\/\/dev.challenge-agriculture.fr\/#\/schema\/logo\/image\/\"}}]}<\/script>\n<!-- \/ Yoast SEO plugin. -->","yoast_head_json":{"title":"Consommables pour Nitrasol, mesure du sol &#x2d; Challenge agriculture","description":"Toutes les caract\u00e9ristiques techniques des consommables pour Nitrasol, produits distribu\u00e9s par Challenge agriculture.","robots":{"index":"index","follow":"follow","max-snippet":"max-snippet:-1","max-image-preview":"max-image-preview:large","max-video-preview":"max-video-preview:-1"},"canonical":"https:\/\/dev.challenge-agriculture.fr\/produit\/nitrates\/nitrachek\/consommables-pour-nitrasol-mesure-du-nitrate-dans-le-sol\/","og_locale":"fr_FR","og_type":"article","og_title":"Consommables pour Nitrasol, mesure du sol &#x2d; Challenge agriculture","og_description":"Toutes les caract\u00e9ristiques techniques des consommables pour Nitrasol, produits distribu\u00e9s par Challenge agriculture.","og_url":"https:\/\/dev.challenge-agriculture.fr\/produit\/nitrates\/nitrachek\/consommables-pour-nitrasol-mesure-du-nitrate-dans-le-sol\/","og_site_name":"Challenge Agriculture","article_modified_time":"2023-01-20T10:52:25+00:00","og_image":[{"width":1000,"height":666,"url":"https:\/\/dev.challenge-agriculture.fr\/wp-content\/uploads\/2016\/08\/Challenge-230-e1618216702661.jpg","type":"image\/jpeg"}],"twitter_card":"summary_large_image","schema":{"@context":"https:\/\/schema.org","@graph":[{"@type":"WebPage","@id":"https:\/\/dev.challenge-agriculture.fr\/produit\/nitrates\/nitrachek\/consommables-pour-nitrasol-mesure-du-nitrate-dans-le-sol\/","url":"https:\/\/dev.challenge-agriculture.fr\/produit\/nitrates\/nitrachek\/consommables-pour-nitrasol-mesure-du-nitrate-dans-le-sol\/","name":"Consommables pour Nitrasol, mesure du sol &#x2d; Challenge agriculture","isPartOf":{"@id":"https:\/\/dev.challenge-agriculture.fr\/#website"},"datePublished":"2017-03-30T08:19:21+00:00","dateModified":"2023-01-20T10:52:25+00:00","description":"Toutes les caract\u00e9ristiques techniques des consommables pour Nitrasol, produits distribu\u00e9s par Challenge agriculture.","breadcrumb":{"@id":"https:\/\/dev.challenge-agriculture.fr\/produit\/nitrates\/nitrachek\/consommables-pour-nitrasol-mesure-du-nitrate-dans-le-sol\/#breadcrumb"},"inLanguage":"en-US","potentialAction":[{"@type":"ReadAction","target":["https:\/\/dev.challenge-agriculture.fr\/produit\/nitrates\/nitrachek\/consommables-pour-nitrasol-mesure-du-nitrate-dans-le-sol\/"]}]},{"@type":"BreadcrumbList","@id":"https:\/\/dev.challenge-agriculture.fr\/produit\/nitrates\/nitrachek\/consommables-pour-nitrasol-mesure-du-nitrate-dans-le-sol\/#breadcrumb","itemListElement":[{"@type":"ListItem","position":1,"name":"Home","item":"https:\/\/dev.challenge-agriculture.fr\/en\/"},{"@type":"ListItem","position":2,"name":"Boutique","item":"https:\/\/dev.challenge-agriculture.fr\/la-boutique\/"},{"@type":"ListItem","position":3,"name":"Consommables pour Nitrasol &#8211; mesure du nitrate dans le sol"}]},{"@type":"WebSite","@id":"https:\/\/dev.challenge-agriculture.fr\/#website","url":"https:\/\/dev.challenge-agriculture.fr\/","name":"Challenge Agriculture","description":"","publisher":{"@id":"https:\/\/dev.challenge-agriculture.fr\/#organization"},"potentialAction":[{"@type":"SearchAction","target":{"@type":"EntryPoint","urlTemplate":"https:\/\/dev.challenge-agriculture.fr\/?s={search_term_string}"},"query-input":"required name=search_term_string"}],"inLanguage":"en-US"},{"@type":"Organization","@id":"https:\/\/dev.challenge-agriculture.fr\/#organization","name":"Challenge Agriculture","url":"https:\/\/dev.challenge-agriculture.fr\/","logo":{"@type":"ImageObject","inLanguage":"en-US","@id":"https:\/\/dev.challenge-agriculture.fr\/#\/schema\/logo\/image\/","url":"https:\/\/www.challenge-agriculture.fr\/wp-content\/uploads\/2020\/02\/logo-doc.png","contentUrl":"https:\/\/www.challenge-agriculture.fr\/wp-content\/uploads\/2020\/02\/logo-doc.png","width":1497,"height":355,"caption":"Challenge Agriculture"},"image":{"@id":"https:\/\/dev.challenge-agriculture.fr\/#\/schema\/logo\/image\/"}}]}},"_links":{"self":[{"href":"https:\/\/dev.challenge-agriculture.fr\/en\/wp-json\/wp\/v2\/product\/10800"}],"collection":[{"href":"https:\/\/dev.challenge-agriculture.fr\/en\/wp-json\/wp\/v2\/product"}],"about":[{"href":"https:\/\/dev.challenge-agriculture.fr\/en\/wp-json\/wp\/v2\/types\/product"}],"version-history":[{"count":2,"href":"https:\/\/dev.challenge-agriculture.fr\/en\/wp-json\/wp\/v2\/product\/10800\/revisions"}],"predecessor-version":[{"id":27652,"href":"https:\/\/dev.challenge-agriculture.fr\/en\/wp-json\/wp\/v2\/product\/10800\/revisions\/27652"}],"wp:featuredmedia":[{"embeddable":true,"href":"https:\/\/dev.challenge-agriculture.fr\/en\/wp-json\/wp\/v2\/media\/1322"}],"wp:attachment":[{"href":"https:\/\/dev.challenge-agriculture.fr\/en\/wp-json\/wp\/v2\/media?parent=10800"}],"wp:term":[{"taxonomy":"product_cat","embeddable":true,"href":"https:\/\/dev.challenge-agriculture.fr\/en\/wp-json\/wp\/v2\/product_cat?post=10800"},{"taxonomy":"product_tag","embeddable":true,"href":"https:\/\/dev.challenge-agriculture.fr\/en\/wp-json\/wp\/v2\/product_tag?post=10800"}],"curies":[{"name":"wp","href":"https:\/\/api.w.org\/{rel}","templated":true}]}}