{"id":10826,"date":"2017-03-29T10:36:59","date_gmt":"2017-03-29T08:36:59","guid":{"rendered":"https:\/\/www.challenge-agriculture.fr\/?post_type=product&#038;p=10826"},"modified":"2023-01-20T11:52:25","modified_gmt":"2023-01-20T10:52:25","slug":"mallette-de-dosage-du-nitrate-dans-les-plantes","status":"publish","type":"product","link":"https:\/\/dev.challenge-agriculture.fr\/en\/produit\/nitrates\/nitrachek\/mallette-de-dosage-du-nitrate-dans-les-plantes\/","title":{"rendered":"Kit de dosage du nitrate dans les plantes"},"content":{"rendered":"<p>Ce kit permet de mettre en \u0153uvre les m\u00e9thodes de dosage sur jus base de tiges, jus p\u00e9tiolaire et autres jus de pression\u00a0 :<\/p>\n<ul>\n<li><strong>Jubil \u00ae\u00a0 INRA-ITCF<\/strong><\/li>\n<li><strong>PILazo<\/strong> \u00ae Melon et Fraisier (licence CTIFL-INRA)<\/li>\n<li><strong>Nitrafeuille<\/strong> (CTIFL)<\/li>\n<li><strong>Pur\u00e9e de tubercule<\/strong> de pomme de terre (UNIPT)<\/li>\n<\/ul>\n<p>Les consommables se commandent \u00e0 part, en fonction des mesures \u00e0 effectuer, par l&#8217;onglet &#8220;consommables plantes&#8221;<\/p>\n","protected":false},"excerpt":{"rendered":"<p>Ce kit (vendu sans le coffret) permet de mettre en \u0153uvre les m\u00e9thodes de dosage sur jus base de tiges, jus p\u00e9tiolaire :<\/p>\n<ul>\n<li>&#8211; Jubil \u00ae INRA-ITCF<\/li>\n<li>&#8211; PILazo \u00ae Melon et Fraisier (licence CTIFL-INRA)<\/li>\n<li>&#8211; Nitrafeuille (CTIFL)<\/li>\n<\/ul>\n<p>Les consommables se commandent \u00e0 part, en fonction des mesures \u00e0 effectuer, par l&#8217;onglet &#8220;consommables plantes&#8221;<\/p>\n","protected":false},"featured_media":10806,"template":"","meta":{"_acf_changed":false},"product_cat":[190],"product_tag":[],"acf":[],"yoast_head":"<!-- This site is optimized with the Yoast SEO plugin v22.0 - https:\/\/yoast.com\/wordpress\/plugins\/seo\/ -->\n<title>Mallette de dosage du nitrate - Challenge agriculture<\/title>\n<meta name=\"description\" content=\"Toutes les caract\u00e9ristiques techniques de la mallette de dosage du nitrate, produit distribu\u00e9 par Challenge agriculture.\" \/>\n<meta name=\"robots\" content=\"index, follow, max-snippet:-1, max-image-preview:large, max-video-preview:-1\" \/>\n<link rel=\"canonical\" href=\"https:\/\/dev.challenge-agriculture.fr\/produit\/nitrates\/nitrachek\/mallette-de-dosage-du-nitrate-dans-les-plantes\/\" \/>\n<meta property=\"og:locale\" content=\"fr_FR\" \/>\n<meta property=\"og:type\" content=\"article\" \/>\n<meta property=\"og:title\" content=\"Mallette de dosage du nitrate - Challenge agriculture\" \/>\n<meta property=\"og:description\" content=\"Toutes les caract\u00e9ristiques techniques de la mallette de dosage du nitrate, produit distribu\u00e9 par Challenge agriculture.\" \/>\n<meta property=\"og:url\" content=\"https:\/\/dev.challenge-agriculture.fr\/produit\/nitrates\/nitrachek\/mallette-de-dosage-du-nitrate-dans-les-plantes\/\" \/>\n<meta property=\"og:site_name\" content=\"Challenge Agriculture\" \/>\n<meta property=\"article:modified_time\" content=\"2023-01-20T10:52:25+00:00\" \/>\n<meta property=\"og:image\" content=\"https:\/\/dev.challenge-agriculture.fr\/wp-content\/uploads\/2019\/11\/mallette_plante-e1618552919838.jpg\" \/>\n\t<meta property=\"og:image:width\" content=\"800\" \/>\n\t<meta property=\"og:image:height\" content=\"504\" \/>\n\t<meta property=\"og:image:type\" content=\"image\/jpeg\" \/>\n<meta name=\"twitter:card\" content=\"summary_large_image\" \/>\n<meta name=\"twitter:label1\" content=\"Est. reading time\" \/>\n\t<meta name=\"twitter:data1\" content=\"1 minute\" \/>\n<script type=\"application\/ld+json\" class=\"yoast-schema-graph\">{\"@context\":\"https:\/\/schema.org\",\"@graph\":[{\"@type\":\"WebPage\",\"@id\":\"https:\/\/dev.challenge-agriculture.fr\/produit\/nitrates\/nitrachek\/mallette-de-dosage-du-nitrate-dans-les-plantes\/\",\"url\":\"https:\/\/dev.challenge-agriculture.fr\/produit\/nitrates\/nitrachek\/mallette-de-dosage-du-nitrate-dans-les-plantes\/\",\"name\":\"Mallette de dosage du nitrate - Challenge agriculture\",\"isPartOf\":{\"@id\":\"https:\/\/dev.challenge-agriculture.fr\/#website\"},\"datePublished\":\"2017-03-29T08:36:59+00:00\",\"dateModified\":\"2023-01-20T10:52:25+00:00\",\"description\":\"Toutes les caract\u00e9ristiques techniques de la mallette de dosage du nitrate, produit distribu\u00e9 par Challenge agriculture.\",\"breadcrumb\":{\"@id\":\"https:\/\/dev.challenge-agriculture.fr\/produit\/nitrates\/nitrachek\/mallette-de-dosage-du-nitrate-dans-les-plantes\/#breadcrumb\"},\"inLanguage\":\"en-US\",\"potentialAction\":[{\"@type\":\"ReadAction\",\"target\":[\"https:\/\/dev.challenge-agriculture.fr\/produit\/nitrates\/nitrachek\/mallette-de-dosage-du-nitrate-dans-les-plantes\/\"]}]},{\"@type\":\"BreadcrumbList\",\"@id\":\"https:\/\/dev.challenge-agriculture.fr\/produit\/nitrates\/nitrachek\/mallette-de-dosage-du-nitrate-dans-les-plantes\/#breadcrumb\",\"itemListElement\":[{\"@type\":\"ListItem\",\"position\":1,\"name\":\"Home\",\"item\":\"https:\/\/dev.challenge-agriculture.fr\/en\/\"},{\"@type\":\"ListItem\",\"position\":2,\"name\":\"Boutique\",\"item\":\"https:\/\/dev.challenge-agriculture.fr\/la-boutique\/\"},{\"@type\":\"ListItem\",\"position\":3,\"name\":\"Kit de dosage du nitrate dans les plantes\"}]},{\"@type\":\"WebSite\",\"@id\":\"https:\/\/dev.challenge-agriculture.fr\/#website\",\"url\":\"https:\/\/dev.challenge-agriculture.fr\/\",\"name\":\"Challenge Agriculture\",\"description\":\"\",\"publisher\":{\"@id\":\"https:\/\/dev.challenge-agriculture.fr\/#organization\"},\"potentialAction\":[{\"@type\":\"SearchAction\",\"target\":{\"@type\":\"EntryPoint\",\"urlTemplate\":\"https:\/\/dev.challenge-agriculture.fr\/?s={search_term_string}\"},\"query-input\":\"required name=search_term_string\"}],\"inLanguage\":\"en-US\"},{\"@type\":\"Organization\",\"@id\":\"https:\/\/dev.challenge-agriculture.fr\/#organization\",\"name\":\"Challenge Agriculture\",\"url\":\"https:\/\/dev.challenge-agriculture.fr\/\",\"logo\":{\"@type\":\"ImageObject\",\"inLanguage\":\"en-US\",\"@id\":\"https:\/\/dev.challenge-agriculture.fr\/#\/schema\/logo\/image\/\",\"url\":\"https:\/\/www.challenge-agriculture.fr\/wp-content\/uploads\/2020\/02\/logo-doc.png\",\"contentUrl\":\"https:\/\/www.challenge-agriculture.fr\/wp-content\/uploads\/2020\/02\/logo-doc.png\",\"width\":1497,\"height\":355,\"caption\":\"Challenge Agriculture\"},\"image\":{\"@id\":\"https:\/\/dev.challenge-agriculture.fr\/#\/schema\/logo\/image\/\"}}]}<\/script>\n<!-- \/ Yoast SEO plugin. -->","yoast_head_json":{"title":"Mallette de dosage du nitrate - Challenge agriculture","description":"Toutes les caract\u00e9ristiques techniques de la mallette de dosage du nitrate, produit distribu\u00e9 par Challenge agriculture.","robots":{"index":"index","follow":"follow","max-snippet":"max-snippet:-1","max-image-preview":"max-image-preview:large","max-video-preview":"max-video-preview:-1"},"canonical":"https:\/\/dev.challenge-agriculture.fr\/produit\/nitrates\/nitrachek\/mallette-de-dosage-du-nitrate-dans-les-plantes\/","og_locale":"fr_FR","og_type":"article","og_title":"Mallette de dosage du nitrate - Challenge agriculture","og_description":"Toutes les caract\u00e9ristiques techniques de la mallette de dosage du nitrate, produit distribu\u00e9 par Challenge agriculture.","og_url":"https:\/\/dev.challenge-agriculture.fr\/produit\/nitrates\/nitrachek\/mallette-de-dosage-du-nitrate-dans-les-plantes\/","og_site_name":"Challenge Agriculture","article_modified_time":"2023-01-20T10:52:25+00:00","og_image":[{"width":800,"height":504,"url":"https:\/\/dev.challenge-agriculture.fr\/wp-content\/uploads\/2019\/11\/mallette_plante-e1618552919838.jpg","type":"image\/jpeg"}],"twitter_card":"summary_large_image","twitter_misc":{"Est. reading time":"1 minute"},"schema":{"@context":"https:\/\/schema.org","@graph":[{"@type":"WebPage","@id":"https:\/\/dev.challenge-agriculture.fr\/produit\/nitrates\/nitrachek\/mallette-de-dosage-du-nitrate-dans-les-plantes\/","url":"https:\/\/dev.challenge-agriculture.fr\/produit\/nitrates\/nitrachek\/mallette-de-dosage-du-nitrate-dans-les-plantes\/","name":"Mallette de dosage du nitrate - Challenge agriculture","isPartOf":{"@id":"https:\/\/dev.challenge-agriculture.fr\/#website"},"datePublished":"2017-03-29T08:36:59+00:00","dateModified":"2023-01-20T10:52:25+00:00","description":"Toutes les caract\u00e9ristiques techniques de la mallette de dosage du nitrate, produit distribu\u00e9 par Challenge agriculture.","breadcrumb":{"@id":"https:\/\/dev.challenge-agriculture.fr\/produit\/nitrates\/nitrachek\/mallette-de-dosage-du-nitrate-dans-les-plantes\/#breadcrumb"},"inLanguage":"en-US","potentialAction":[{"@type":"ReadAction","target":["https:\/\/dev.challenge-agriculture.fr\/produit\/nitrates\/nitrachek\/mallette-de-dosage-du-nitrate-dans-les-plantes\/"]}]},{"@type":"BreadcrumbList","@id":"https:\/\/dev.challenge-agriculture.fr\/produit\/nitrates\/nitrachek\/mallette-de-dosage-du-nitrate-dans-les-plantes\/#breadcrumb","itemListElement":[{"@type":"ListItem","position":1,"name":"Home","item":"https:\/\/dev.challenge-agriculture.fr\/en\/"},{"@type":"ListItem","position":2,"name":"Boutique","item":"https:\/\/dev.challenge-agriculture.fr\/la-boutique\/"},{"@type":"ListItem","position":3,"name":"Kit de dosage du nitrate dans les plantes"}]},{"@type":"WebSite","@id":"https:\/\/dev.challenge-agriculture.fr\/#website","url":"https:\/\/dev.challenge-agriculture.fr\/","name":"Challenge Agriculture","description":"","publisher":{"@id":"https:\/\/dev.challenge-agriculture.fr\/#organization"},"potentialAction":[{"@type":"SearchAction","target":{"@type":"EntryPoint","urlTemplate":"https:\/\/dev.challenge-agriculture.fr\/?s={search_term_string}"},"query-input":"required name=search_term_string"}],"inLanguage":"en-US"},{"@type":"Organization","@id":"https:\/\/dev.challenge-agriculture.fr\/#organization","name":"Challenge Agriculture","url":"https:\/\/dev.challenge-agriculture.fr\/","logo":{"@type":"ImageObject","inLanguage":"en-US","@id":"https:\/\/dev.challenge-agriculture.fr\/#\/schema\/logo\/image\/","url":"https:\/\/www.challenge-agriculture.fr\/wp-content\/uploads\/2020\/02\/logo-doc.png","contentUrl":"https:\/\/www.challenge-agriculture.fr\/wp-content\/uploads\/2020\/02\/logo-doc.png","width":1497,"height":355,"caption":"Challenge Agriculture"},"image":{"@id":"https:\/\/dev.challenge-agriculture.fr\/#\/schema\/logo\/image\/"}}]}},"_links":{"self":[{"href":"https:\/\/dev.challenge-agriculture.fr\/en\/wp-json\/wp\/v2\/product\/10826"}],"collection":[{"href":"https:\/\/dev.challenge-agriculture.fr\/en\/wp-json\/wp\/v2\/product"}],"about":[{"href":"https:\/\/dev.challenge-agriculture.fr\/en\/wp-json\/wp\/v2\/types\/product"}],"version-history":[{"count":8,"href":"https:\/\/dev.challenge-agriculture.fr\/en\/wp-json\/wp\/v2\/product\/10826\/revisions"}],"predecessor-version":[{"id":30413,"href":"https:\/\/dev.challenge-agriculture.fr\/en\/wp-json\/wp\/v2\/product\/10826\/revisions\/30413"}],"wp:featuredmedia":[{"embeddable":true,"href":"https:\/\/dev.challenge-agriculture.fr\/en\/wp-json\/wp\/v2\/media\/10806"}],"wp:attachment":[{"href":"https:\/\/dev.challenge-agriculture.fr\/en\/wp-json\/wp\/v2\/media?parent=10826"}],"wp:term":[{"taxonomy":"product_cat","embeddable":true,"href":"https:\/\/dev.challenge-agriculture.fr\/en\/wp-json\/wp\/v2\/product_cat?post=10826"},{"taxonomy":"product_tag","embeddable":true,"href":"https:\/\/dev.challenge-agriculture.fr\/en\/wp-json\/wp\/v2\/product_tag?post=10826"}],"curies":[{"name":"wp","href":"https:\/\/api.w.org\/{rel}","templated":true}]}}