{"id":13717,"date":"2019-12-19T15:34:35","date_gmt":"2019-12-19T14:34:35","guid":{"rendered":"https:\/\/www.challenge-agriculture.fr\/?post_type=product&#038;p=13717"},"modified":"2023-01-20T11:52:26","modified_gmt":"2023-01-20T10:52:26","slug":"prestation-complete-en-grande-culture","status":"publish","type":"product","link":"https:\/\/dev.challenge-agriculture.fr\/en\/produit\/non-classe\/prestation-complete-en-grande-culture\/","title":{"rendered":"Prestation compl\u00e8te en grande culture"},"content":{"rendered":"<p>&nbsp;<\/p>\n<p>&nbsp;<\/p>\n<table class=\"spectbl\" style=\"height: 500px;\" width=\"553\">\n<tbody>\n<tr>\n<td>Prestation<\/td>\n<th><span style=\"font-weight: 400;\">\u00a0<\/span><\/th>\n<th><span style=\"font-weight: 400;\">\u00a0<\/span><\/th>\n<th><span style=\"font-weight: 400;\">Compl\u00e8te, cl\u00e9 en main<\/span><\/th>\n<\/tr>\n<tr>\n<td>\u00c9tude pr\u00e9alable<\/td>\n<td><\/td>\n<td><\/td>\n<td>Contexte, sols, parcelles, productions&#8230;<\/td>\n<\/tr>\n<tr>\n<td>Mise \u00e0 disposition du mat\u00e9riel<\/td>\n<td><\/td>\n<td><\/td>\n<td><strong>Monitor R2-DX<\/strong><br \/>\nPack de <strong>sondes Watermark<\/strong><br \/>\nPluviom\u00e8tre<\/td>\n<\/tr>\n<tr>\n<td>Pose<\/td>\n<td><\/td>\n<td><\/td>\n<td>Positionnement spatial, pose du mat\u00e9riel<\/td>\n<\/tr>\n<tr>\n<td>Transmission des donn\u00e9es<\/td>\n<td><\/td>\n<td><\/td>\n<td>Inclus<\/td>\n<\/tr>\n<tr>\n<td>Acc\u00e8s Web<\/td>\n<td><\/td>\n<td><\/td>\n<td>Inclus<\/td>\n<\/tr>\n<tr>\n<td>Maintenance<\/td>\n<td><\/td>\n<td><\/td>\n<td>Inclus<\/td>\n<\/tr>\n<tr>\n<td>Formation<\/td>\n<td><\/td>\n<td><\/td>\n<td>Ouverture du compte et prise en main,<br \/>\nafin de suivre les graphes et les conseils<\/td>\n<\/tr>\n<tr>\n<td>Suivi en saison<\/td>\n<td><\/td>\n<td><\/td>\n<td>Conseil hebdomadaire via le graphe en ligne<\/td>\n<\/tr>\n<tr>\n<td>D\u00e9pose<\/td>\n<td><\/td>\n<td><\/td>\n<td>Inclus<\/td>\n<\/tr>\n<tr>\n<td>D\u00e9placements<\/td>\n<td><\/td>\n<td><\/td>\n<td>Inclus<\/td>\n<\/tr>\n<\/tbody>\n<\/table>\n","protected":false},"excerpt":{"rendered":"<h2>La solution de prestation compl\u00e8te (sans achat) en grande culture<\/h2>\n<p>Cette solution comprend :<\/p>\n<ul>\n<li>l\u2019<strong>\u00e9tude pr\u00e9alable<\/strong> de l\u2019exploitation, des cultures, des sols et de l\u2019organisation de l\u2019irrigation.<\/li>\n<li>la mise \u00e0 disposition du <strong>mat\u00e9riel adapt\u00e9<\/strong><\/li>\n<li>la livraison, la pose et la d\u00e9pose du <strong>mat\u00e9riel tensiom\u00e9trique<\/strong><\/li>\n<li>la transmission et l\u2019analyse des <strong>mesures<\/strong><\/li>\n<li>la <strong>formation<\/strong> \u00e0 utiliser la plateforme technique en ligne<\/li>\n<li>le <strong>conseil<\/strong> hebdomadaire<\/li>\n<li>la <strong>maintenance<\/strong> du mat\u00e9riel<\/li>\n<li>les<strong> d\u00e9placements<\/strong> sont inclus<\/li>\n<\/ul>\n","protected":false},"featured_media":13710,"template":"","meta":{"_acf_changed":false},"product_cat":[1034],"product_tag":[],"acf":[],"yoast_head":"<!-- This site is optimized with the Yoast SEO plugin v22.0 - https:\/\/yoast.com\/wordpress\/plugins\/seo\/ -->\n<title>Prestation compl\u00e8te en grande culture &#x2d; Challenge agriculture<\/title>\n<meta name=\"description\" content=\"Toutes les caract\u00e9ristiques de la prestation compl\u00e8te en grande culture, un service de Challenge agriculture.\" \/>\n<meta name=\"robots\" content=\"index, follow, max-snippet:-1, max-image-preview:large, max-video-preview:-1\" \/>\n<link rel=\"canonical\" href=\"https:\/\/dev.challenge-agriculture.fr\/produit\/non-classe\/prestation-complete-en-grande-culture\/\" \/>\n<meta property=\"og:locale\" content=\"fr_FR\" \/>\n<meta property=\"og:type\" content=\"article\" \/>\n<meta property=\"og:title\" content=\"Prestation compl\u00e8te en grande culture &#x2d; Challenge agriculture\" \/>\n<meta property=\"og:description\" content=\"Toutes les caract\u00e9ristiques de la prestation compl\u00e8te en grande culture, un service de Challenge agriculture.\" \/>\n<meta property=\"og:url\" content=\"https:\/\/dev.challenge-agriculture.fr\/produit\/non-classe\/prestation-complete-en-grande-culture\/\" \/>\n<meta property=\"og:site_name\" content=\"Challenge Agriculture\" \/>\n<meta property=\"article:modified_time\" content=\"2023-01-20T10:52:26+00:00\" \/>\n<meta property=\"og:image\" content=\"https:\/\/dev.challenge-agriculture.fr\/wp-content\/uploads\/2019\/11\/10-smartphone.png\" \/>\n\t<meta property=\"og:image:width\" content=\"345\" \/>\n\t<meta property=\"og:image:height\" content=\"313\" \/>\n\t<meta property=\"og:image:type\" content=\"image\/png\" \/>\n<meta name=\"twitter:card\" content=\"summary_large_image\" \/>\n<script type=\"application\/ld+json\" class=\"yoast-schema-graph\">{\"@context\":\"https:\/\/schema.org\",\"@graph\":[{\"@type\":\"WebPage\",\"@id\":\"https:\/\/dev.challenge-agriculture.fr\/produit\/non-classe\/prestation-complete-en-grande-culture\/\",\"url\":\"https:\/\/dev.challenge-agriculture.fr\/produit\/non-classe\/prestation-complete-en-grande-culture\/\",\"name\":\"Prestation compl\u00e8te en grande culture &#x2d; Challenge agriculture\",\"isPartOf\":{\"@id\":\"https:\/\/dev.challenge-agriculture.fr\/#website\"},\"datePublished\":\"2019-12-19T14:34:35+00:00\",\"dateModified\":\"2023-01-20T10:52:26+00:00\",\"description\":\"Toutes les caract\u00e9ristiques de la prestation compl\u00e8te en grande culture, un service de Challenge agriculture.\",\"breadcrumb\":{\"@id\":\"https:\/\/dev.challenge-agriculture.fr\/produit\/non-classe\/prestation-complete-en-grande-culture\/#breadcrumb\"},\"inLanguage\":\"en-US\",\"potentialAction\":[{\"@type\":\"ReadAction\",\"target\":[\"https:\/\/dev.challenge-agriculture.fr\/produit\/non-classe\/prestation-complete-en-grande-culture\/\"]}]},{\"@type\":\"BreadcrumbList\",\"@id\":\"https:\/\/dev.challenge-agriculture.fr\/produit\/non-classe\/prestation-complete-en-grande-culture\/#breadcrumb\",\"itemListElement\":[{\"@type\":\"ListItem\",\"position\":1,\"name\":\"Home\",\"item\":\"https:\/\/dev.challenge-agriculture.fr\/en\/\"},{\"@type\":\"ListItem\",\"position\":2,\"name\":\"Boutique\",\"item\":\"https:\/\/dev.challenge-agriculture.fr\/la-boutique\/\"},{\"@type\":\"ListItem\",\"position\":3,\"name\":\"Prestation compl\u00e8te en grande culture\"}]},{\"@type\":\"WebSite\",\"@id\":\"https:\/\/dev.challenge-agriculture.fr\/#website\",\"url\":\"https:\/\/dev.challenge-agriculture.fr\/\",\"name\":\"Challenge Agriculture\",\"description\":\"\",\"publisher\":{\"@id\":\"https:\/\/dev.challenge-agriculture.fr\/#organization\"},\"potentialAction\":[{\"@type\":\"SearchAction\",\"target\":{\"@type\":\"EntryPoint\",\"urlTemplate\":\"https:\/\/dev.challenge-agriculture.fr\/?s={search_term_string}\"},\"query-input\":\"required name=search_term_string\"}],\"inLanguage\":\"en-US\"},{\"@type\":\"Organization\",\"@id\":\"https:\/\/dev.challenge-agriculture.fr\/#organization\",\"name\":\"Challenge Agriculture\",\"url\":\"https:\/\/dev.challenge-agriculture.fr\/\",\"logo\":{\"@type\":\"ImageObject\",\"inLanguage\":\"en-US\",\"@id\":\"https:\/\/dev.challenge-agriculture.fr\/#\/schema\/logo\/image\/\",\"url\":\"https:\/\/www.challenge-agriculture.fr\/wp-content\/uploads\/2020\/02\/logo-doc.png\",\"contentUrl\":\"https:\/\/www.challenge-agriculture.fr\/wp-content\/uploads\/2020\/02\/logo-doc.png\",\"width\":1497,\"height\":355,\"caption\":\"Challenge Agriculture\"},\"image\":{\"@id\":\"https:\/\/dev.challenge-agriculture.fr\/#\/schema\/logo\/image\/\"}}]}<\/script>\n<!-- \/ Yoast SEO plugin. -->","yoast_head_json":{"title":"Prestation compl\u00e8te en grande culture &#x2d; Challenge agriculture","description":"Toutes les caract\u00e9ristiques de la prestation compl\u00e8te en grande culture, un service de Challenge agriculture.","robots":{"index":"index","follow":"follow","max-snippet":"max-snippet:-1","max-image-preview":"max-image-preview:large","max-video-preview":"max-video-preview:-1"},"canonical":"https:\/\/dev.challenge-agriculture.fr\/produit\/non-classe\/prestation-complete-en-grande-culture\/","og_locale":"fr_FR","og_type":"article","og_title":"Prestation compl\u00e8te en grande culture &#x2d; Challenge agriculture","og_description":"Toutes les caract\u00e9ristiques de la prestation compl\u00e8te en grande culture, un service de Challenge agriculture.","og_url":"https:\/\/dev.challenge-agriculture.fr\/produit\/non-classe\/prestation-complete-en-grande-culture\/","og_site_name":"Challenge Agriculture","article_modified_time":"2023-01-20T10:52:26+00:00","og_image":[{"width":345,"height":313,"url":"https:\/\/dev.challenge-agriculture.fr\/wp-content\/uploads\/2019\/11\/10-smartphone.png","type":"image\/png"}],"twitter_card":"summary_large_image","schema":{"@context":"https:\/\/schema.org","@graph":[{"@type":"WebPage","@id":"https:\/\/dev.challenge-agriculture.fr\/produit\/non-classe\/prestation-complete-en-grande-culture\/","url":"https:\/\/dev.challenge-agriculture.fr\/produit\/non-classe\/prestation-complete-en-grande-culture\/","name":"Prestation compl\u00e8te en grande culture &#x2d; Challenge agriculture","isPartOf":{"@id":"https:\/\/dev.challenge-agriculture.fr\/#website"},"datePublished":"2019-12-19T14:34:35+00:00","dateModified":"2023-01-20T10:52:26+00:00","description":"Toutes les caract\u00e9ristiques de la prestation compl\u00e8te en grande culture, un service de Challenge agriculture.","breadcrumb":{"@id":"https:\/\/dev.challenge-agriculture.fr\/produit\/non-classe\/prestation-complete-en-grande-culture\/#breadcrumb"},"inLanguage":"en-US","potentialAction":[{"@type":"ReadAction","target":["https:\/\/dev.challenge-agriculture.fr\/produit\/non-classe\/prestation-complete-en-grande-culture\/"]}]},{"@type":"BreadcrumbList","@id":"https:\/\/dev.challenge-agriculture.fr\/produit\/non-classe\/prestation-complete-en-grande-culture\/#breadcrumb","itemListElement":[{"@type":"ListItem","position":1,"name":"Home","item":"https:\/\/dev.challenge-agriculture.fr\/en\/"},{"@type":"ListItem","position":2,"name":"Boutique","item":"https:\/\/dev.challenge-agriculture.fr\/la-boutique\/"},{"@type":"ListItem","position":3,"name":"Prestation compl\u00e8te en grande culture"}]},{"@type":"WebSite","@id":"https:\/\/dev.challenge-agriculture.fr\/#website","url":"https:\/\/dev.challenge-agriculture.fr\/","name":"Challenge Agriculture","description":"","publisher":{"@id":"https:\/\/dev.challenge-agriculture.fr\/#organization"},"potentialAction":[{"@type":"SearchAction","target":{"@type":"EntryPoint","urlTemplate":"https:\/\/dev.challenge-agriculture.fr\/?s={search_term_string}"},"query-input":"required name=search_term_string"}],"inLanguage":"en-US"},{"@type":"Organization","@id":"https:\/\/dev.challenge-agriculture.fr\/#organization","name":"Challenge Agriculture","url":"https:\/\/dev.challenge-agriculture.fr\/","logo":{"@type":"ImageObject","inLanguage":"en-US","@id":"https:\/\/dev.challenge-agriculture.fr\/#\/schema\/logo\/image\/","url":"https:\/\/www.challenge-agriculture.fr\/wp-content\/uploads\/2020\/02\/logo-doc.png","contentUrl":"https:\/\/www.challenge-agriculture.fr\/wp-content\/uploads\/2020\/02\/logo-doc.png","width":1497,"height":355,"caption":"Challenge Agriculture"},"image":{"@id":"https:\/\/dev.challenge-agriculture.fr\/#\/schema\/logo\/image\/"}}]}},"_links":{"self":[{"href":"https:\/\/dev.challenge-agriculture.fr\/en\/wp-json\/wp\/v2\/product\/13717"}],"collection":[{"href":"https:\/\/dev.challenge-agriculture.fr\/en\/wp-json\/wp\/v2\/product"}],"about":[{"href":"https:\/\/dev.challenge-agriculture.fr\/en\/wp-json\/wp\/v2\/types\/product"}],"version-history":[{"count":3,"href":"https:\/\/dev.challenge-agriculture.fr\/en\/wp-json\/wp\/v2\/product\/13717\/revisions"}],"predecessor-version":[{"id":28446,"href":"https:\/\/dev.challenge-agriculture.fr\/en\/wp-json\/wp\/v2\/product\/13717\/revisions\/28446"}],"wp:featuredmedia":[{"embeddable":true,"href":"https:\/\/dev.challenge-agriculture.fr\/en\/wp-json\/wp\/v2\/media\/13710"}],"wp:attachment":[{"href":"https:\/\/dev.challenge-agriculture.fr\/en\/wp-json\/wp\/v2\/media?parent=13717"}],"wp:term":[{"taxonomy":"product_cat","embeddable":true,"href":"https:\/\/dev.challenge-agriculture.fr\/en\/wp-json\/wp\/v2\/product_cat?post=13717"},{"taxonomy":"product_tag","embeddable":true,"href":"https:\/\/dev.challenge-agriculture.fr\/en\/wp-json\/wp\/v2\/product_tag?post=13717"}],"curies":[{"name":"wp","href":"https:\/\/api.w.org\/{rel}","templated":true}]}}