{"id":23473,"date":"2021-04-16T08:43:52","date_gmt":"2021-04-16T06:43:52","guid":{"rendered":"https:\/\/www.challenge-agriculture.fr\/?post_type=product&#038;p=23473"},"modified":"2023-01-20T11:52:50","modified_gmt":"2023-01-20T10:52:50","slug":"tariere-helicoidale-edelvis-50-mm","status":"publish","type":"product","link":"https:\/\/dev.challenge-agriculture.fr\/en\/produit\/non-classe\/tariere-helicoidale-edelvis-50-mm\/","title":{"rendered":"Tari\u00e8re h\u00e9lico\u00efdale Edelvis 50 mm"},"content":{"rendered":"","protected":false},"excerpt":{"rendered":"<h2>Cette tari\u00e8re permet des observations, reliquats et analyses de terre<\/h2>\n<p><strong>Tari\u00e8re h\u00e9lico\u00efdale Edelvis<\/strong> : permet d&#8217;observer les diff\u00e9rents horizons du sol : texture, enracinement, structure. Permet de pr\u00e9lever des carottes, \u00e0 fins de reliquats azot\u00e9s ou d&#8217;analyses de terre.<\/p>\n<p>La rotation laisse une trace cylindrique dans le sol de 50 mm de diam\u00e8tre sur 12 cm de hauteur.<\/p>\n","protected":false},"featured_media":0,"template":"","meta":{"_acf_changed":false},"product_cat":[1034],"product_tag":[],"acf":[],"yoast_head":"<!-- This site is optimized with the Yoast SEO plugin v22.0 - https:\/\/yoast.com\/wordpress\/plugins\/seo\/ -->\n<title>Tari\u00e8re h\u00e9lico\u00efdale Edelvis &#x2d; Challenge agriculture<\/title>\n<meta name=\"description\" content=\"Toutes les caract\u00e9ristiques techniques de la tari\u00e8re h\u00e9lico\u00efdale Edelvis, produit distribu\u00e9 par Challenge agriculture.\" \/>\n<meta name=\"robots\" content=\"index, follow, max-snippet:-1, max-image-preview:large, max-video-preview:-1\" \/>\n<link rel=\"canonical\" href=\"https:\/\/dev.challenge-agriculture.fr\/produit\/non-classe\/tariere-helicoidale-edelvis-50-mm\/\" \/>\n<meta property=\"og:locale\" content=\"fr_FR\" \/>\n<meta property=\"og:type\" content=\"article\" \/>\n<meta property=\"og:title\" content=\"Tari\u00e8re h\u00e9lico\u00efdale Edelvis &#x2d; Challenge agriculture\" \/>\n<meta property=\"og:description\" content=\"Toutes les caract\u00e9ristiques techniques de la tari\u00e8re h\u00e9lico\u00efdale Edelvis, produit distribu\u00e9 par Challenge agriculture.\" \/>\n<meta property=\"og:url\" content=\"https:\/\/dev.challenge-agriculture.fr\/produit\/non-classe\/tariere-helicoidale-edelvis-50-mm\/\" \/>\n<meta property=\"og:site_name\" content=\"Challenge Agriculture\" \/>\n<meta property=\"article:modified_time\" content=\"2023-01-20T10:52:50+00:00\" \/>\n<meta property=\"og:image\" content=\"https:\/\/dev.challenge-agriculture.fr\/wp-content\/uploads\/2021\/04\/favicon.png\" \/>\n\t<meta property=\"og:image:width\" content=\"512\" \/>\n\t<meta property=\"og:image:height\" content=\"512\" \/>\n\t<meta property=\"og:image:type\" content=\"image\/png\" \/>\n<meta name=\"twitter:card\" content=\"summary_large_image\" \/>\n<script type=\"application\/ld+json\" class=\"yoast-schema-graph\">{\"@context\":\"https:\/\/schema.org\",\"@graph\":[{\"@type\":\"WebPage\",\"@id\":\"https:\/\/dev.challenge-agriculture.fr\/produit\/non-classe\/tariere-helicoidale-edelvis-50-mm\/\",\"url\":\"https:\/\/dev.challenge-agriculture.fr\/produit\/non-classe\/tariere-helicoidale-edelvis-50-mm\/\",\"name\":\"Tari\u00e8re h\u00e9lico\u00efdale Edelvis &#x2d; Challenge agriculture\",\"isPartOf\":{\"@id\":\"https:\/\/dev.challenge-agriculture.fr\/#website\"},\"datePublished\":\"2021-04-16T06:43:52+00:00\",\"dateModified\":\"2023-01-20T10:52:50+00:00\",\"description\":\"Toutes les caract\u00e9ristiques techniques de la tari\u00e8re h\u00e9lico\u00efdale Edelvis, produit distribu\u00e9 par Challenge agriculture.\",\"breadcrumb\":{\"@id\":\"https:\/\/dev.challenge-agriculture.fr\/produit\/non-classe\/tariere-helicoidale-edelvis-50-mm\/#breadcrumb\"},\"inLanguage\":\"en-US\",\"potentialAction\":[{\"@type\":\"ReadAction\",\"target\":[\"https:\/\/dev.challenge-agriculture.fr\/produit\/non-classe\/tariere-helicoidale-edelvis-50-mm\/\"]}]},{\"@type\":\"BreadcrumbList\",\"@id\":\"https:\/\/dev.challenge-agriculture.fr\/produit\/non-classe\/tariere-helicoidale-edelvis-50-mm\/#breadcrumb\",\"itemListElement\":[{\"@type\":\"ListItem\",\"position\":1,\"name\":\"Home\",\"item\":\"https:\/\/dev.challenge-agriculture.fr\/en\/\"},{\"@type\":\"ListItem\",\"position\":2,\"name\":\"Boutique\",\"item\":\"https:\/\/dev.challenge-agriculture.fr\/la-boutique\/\"},{\"@type\":\"ListItem\",\"position\":3,\"name\":\"Tari\u00e8re h\u00e9lico\u00efdale Edelvis 50 mm\"}]},{\"@type\":\"WebSite\",\"@id\":\"https:\/\/dev.challenge-agriculture.fr\/#website\",\"url\":\"https:\/\/dev.challenge-agriculture.fr\/\",\"name\":\"Challenge Agriculture\",\"description\":\"\",\"publisher\":{\"@id\":\"https:\/\/dev.challenge-agriculture.fr\/#organization\"},\"potentialAction\":[{\"@type\":\"SearchAction\",\"target\":{\"@type\":\"EntryPoint\",\"urlTemplate\":\"https:\/\/dev.challenge-agriculture.fr\/?s={search_term_string}\"},\"query-input\":\"required name=search_term_string\"}],\"inLanguage\":\"en-US\"},{\"@type\":\"Organization\",\"@id\":\"https:\/\/dev.challenge-agriculture.fr\/#organization\",\"name\":\"Challenge Agriculture\",\"url\":\"https:\/\/dev.challenge-agriculture.fr\/\",\"logo\":{\"@type\":\"ImageObject\",\"inLanguage\":\"en-US\",\"@id\":\"https:\/\/dev.challenge-agriculture.fr\/#\/schema\/logo\/image\/\",\"url\":\"https:\/\/www.challenge-agriculture.fr\/wp-content\/uploads\/2020\/02\/logo-doc.png\",\"contentUrl\":\"https:\/\/www.challenge-agriculture.fr\/wp-content\/uploads\/2020\/02\/logo-doc.png\",\"width\":1497,\"height\":355,\"caption\":\"Challenge Agriculture\"},\"image\":{\"@id\":\"https:\/\/dev.challenge-agriculture.fr\/#\/schema\/logo\/image\/\"}}]}<\/script>\n<!-- \/ Yoast SEO plugin. -->","yoast_head_json":{"title":"Tari\u00e8re h\u00e9lico\u00efdale Edelvis &#x2d; Challenge agriculture","description":"Toutes les caract\u00e9ristiques techniques de la tari\u00e8re h\u00e9lico\u00efdale Edelvis, produit distribu\u00e9 par Challenge agriculture.","robots":{"index":"index","follow":"follow","max-snippet":"max-snippet:-1","max-image-preview":"max-image-preview:large","max-video-preview":"max-video-preview:-1"},"canonical":"https:\/\/dev.challenge-agriculture.fr\/produit\/non-classe\/tariere-helicoidale-edelvis-50-mm\/","og_locale":"fr_FR","og_type":"article","og_title":"Tari\u00e8re h\u00e9lico\u00efdale Edelvis &#x2d; Challenge agriculture","og_description":"Toutes les caract\u00e9ristiques techniques de la tari\u00e8re h\u00e9lico\u00efdale Edelvis, produit distribu\u00e9 par Challenge agriculture.","og_url":"https:\/\/dev.challenge-agriculture.fr\/produit\/non-classe\/tariere-helicoidale-edelvis-50-mm\/","og_site_name":"Challenge Agriculture","article_modified_time":"2023-01-20T10:52:50+00:00","og_image":[{"width":512,"height":512,"url":"https:\/\/dev.challenge-agriculture.fr\/wp-content\/uploads\/2021\/04\/favicon.png","type":"image\/png"}],"twitter_card":"summary_large_image","schema":{"@context":"https:\/\/schema.org","@graph":[{"@type":"WebPage","@id":"https:\/\/dev.challenge-agriculture.fr\/produit\/non-classe\/tariere-helicoidale-edelvis-50-mm\/","url":"https:\/\/dev.challenge-agriculture.fr\/produit\/non-classe\/tariere-helicoidale-edelvis-50-mm\/","name":"Tari\u00e8re h\u00e9lico\u00efdale Edelvis &#x2d; Challenge agriculture","isPartOf":{"@id":"https:\/\/dev.challenge-agriculture.fr\/#website"},"datePublished":"2021-04-16T06:43:52+00:00","dateModified":"2023-01-20T10:52:50+00:00","description":"Toutes les caract\u00e9ristiques techniques de la tari\u00e8re h\u00e9lico\u00efdale Edelvis, produit distribu\u00e9 par Challenge agriculture.","breadcrumb":{"@id":"https:\/\/dev.challenge-agriculture.fr\/produit\/non-classe\/tariere-helicoidale-edelvis-50-mm\/#breadcrumb"},"inLanguage":"en-US","potentialAction":[{"@type":"ReadAction","target":["https:\/\/dev.challenge-agriculture.fr\/produit\/non-classe\/tariere-helicoidale-edelvis-50-mm\/"]}]},{"@type":"BreadcrumbList","@id":"https:\/\/dev.challenge-agriculture.fr\/produit\/non-classe\/tariere-helicoidale-edelvis-50-mm\/#breadcrumb","itemListElement":[{"@type":"ListItem","position":1,"name":"Home","item":"https:\/\/dev.challenge-agriculture.fr\/en\/"},{"@type":"ListItem","position":2,"name":"Boutique","item":"https:\/\/dev.challenge-agriculture.fr\/la-boutique\/"},{"@type":"ListItem","position":3,"name":"Tari\u00e8re h\u00e9lico\u00efdale Edelvis 50 mm"}]},{"@type":"WebSite","@id":"https:\/\/dev.challenge-agriculture.fr\/#website","url":"https:\/\/dev.challenge-agriculture.fr\/","name":"Challenge Agriculture","description":"","publisher":{"@id":"https:\/\/dev.challenge-agriculture.fr\/#organization"},"potentialAction":[{"@type":"SearchAction","target":{"@type":"EntryPoint","urlTemplate":"https:\/\/dev.challenge-agriculture.fr\/?s={search_term_string}"},"query-input":"required name=search_term_string"}],"inLanguage":"en-US"},{"@type":"Organization","@id":"https:\/\/dev.challenge-agriculture.fr\/#organization","name":"Challenge Agriculture","url":"https:\/\/dev.challenge-agriculture.fr\/","logo":{"@type":"ImageObject","inLanguage":"en-US","@id":"https:\/\/dev.challenge-agriculture.fr\/#\/schema\/logo\/image\/","url":"https:\/\/www.challenge-agriculture.fr\/wp-content\/uploads\/2020\/02\/logo-doc.png","contentUrl":"https:\/\/www.challenge-agriculture.fr\/wp-content\/uploads\/2020\/02\/logo-doc.png","width":1497,"height":355,"caption":"Challenge Agriculture"},"image":{"@id":"https:\/\/dev.challenge-agriculture.fr\/#\/schema\/logo\/image\/"}}]}},"_links":{"self":[{"href":"https:\/\/dev.challenge-agriculture.fr\/en\/wp-json\/wp\/v2\/product\/23473"}],"collection":[{"href":"https:\/\/dev.challenge-agriculture.fr\/en\/wp-json\/wp\/v2\/product"}],"about":[{"href":"https:\/\/dev.challenge-agriculture.fr\/en\/wp-json\/wp\/v2\/types\/product"}],"version-history":[{"count":3,"href":"https:\/\/dev.challenge-agriculture.fr\/en\/wp-json\/wp\/v2\/product\/23473\/revisions"}],"predecessor-version":[{"id":28448,"href":"https:\/\/dev.challenge-agriculture.fr\/en\/wp-json\/wp\/v2\/product\/23473\/revisions\/28448"}],"wp:attachment":[{"href":"https:\/\/dev.challenge-agriculture.fr\/en\/wp-json\/wp\/v2\/media?parent=23473"}],"wp:term":[{"taxonomy":"product_cat","embeddable":true,"href":"https:\/\/dev.challenge-agriculture.fr\/en\/wp-json\/wp\/v2\/product_cat?post=23473"},{"taxonomy":"product_tag","embeddable":true,"href":"https:\/\/dev.challenge-agriculture.fr\/en\/wp-json\/wp\/v2\/product_tag?post=23473"}],"curies":[{"name":"wp","href":"https:\/\/api.w.org\/{rel}","templated":true}]}}