{"id":3175,"date":"2017-12-20T16:46:54","date_gmt":"2018-08-13T15:43:41","guid":{"rendered":"http:\/\/www.challenge-agriculture.fr\/?post_type=product&#038;p=3175"},"modified":"2021-04-22T19:27:48","modified_gmt":"2021-04-22T17:27:48","slug":"solution-3-monitors-r2-xd-transmission","status":"publish","type":"product","link":"https:\/\/dev.challenge-agriculture.fr\/en\/product\/tensiometry\/monitor-en\/solution-3-monitors-r2-xd-transmission\/","title":{"rendered":"Solution 3 Monitors R2-XD  transmission"},"content":{"rendered":"<p>&nbsp;<\/p>\n<table class=\"spectbl\">\n<tbody>\n<tr>\n<td><strong>Monitor<\/strong><\/td>\n<th><\/th>\n<th><\/th>\n<th>R2-XD<\/th>\n<th><\/th>\n<\/tr>\n<tr>\n<td>T\u00e9l\u00e9m\u00e9trie GSM \/ SMS rustique, fiable, ind\u00e9modable<\/td>\n<td><\/td>\n<td><\/td>\n<td>Aucune contrainte au champ<\/td>\n<td><\/td>\n<\/tr>\n<tr>\n<td>Fonction<\/td>\n<td><\/td>\n<td><\/td>\n<td>Enregistrement et transmission automatique<\/td>\n<td><\/td>\n<\/tr>\n<tr>\n<td>Prix HT<\/td>\n<td><\/td>\n<td><\/td>\n<td><strong>1 400 \u20ac les 3<\/strong><\/td>\n<td><\/td>\n<\/tr>\n<tr>\n<td>Mesures capteurs\u00a0\u00a0<em>(Watermark, temp\u00e9rature\u2026)<\/em><\/td>\n<td><\/td>\n<td><\/td>\n<td>15\u00a0entr\u00e9es \/ 24 max<\/td>\n<td><\/td>\n<\/tr>\n<tr>\n<td>Pluviom\u00e8tre \/ compteur d&#8217;eau<\/td>\n<td><\/td>\n<td><\/td>\n<td><strong>2<\/strong> max<\/td>\n<td><\/td>\n<\/tr>\n<tr>\n<td>Consommation r\u00e9duite<\/td>\n<td><\/td>\n<td><\/td>\n<td>\u25cf<\/td>\n<td><\/td>\n<\/tr>\n<tr>\n<td>Afficheur LCD<br \/>\n<em>(mesures + stats + \u00e9tat)<\/em><\/td>\n<td><\/td>\n<td><\/td>\n<td>\u25cf<\/td>\n<td><\/td>\n<\/tr>\n<tr>\n<td>Enregistrement automatique<\/td>\n<td><\/td>\n<td><\/td>\n<td>\u25cf<\/td>\n<td><\/td>\n<\/tr>\n<tr>\n<td><\/td>\n<td><\/td>\n<td><\/td>\n<td>\u25cf<\/td>\n<td><\/td>\n<\/tr>\n<tr>\n<td>Interface USB<br \/>\n<em>(configuration \/ acc\u00e8s mesures)<\/em><\/td>\n<td><\/td>\n<td><\/td>\n<td>\u25cf<\/td>\n<td><\/td>\n<\/tr>\n<tr>\n<td><\/td>\n<td><\/td>\n<td><\/td>\n<td><\/td>\n<td><\/td>\n<\/tr>\n<tr>\n<td>\u00a0Source \/ Tension<\/td>\n<td><\/td>\n<td><\/td>\n<td>12 piles 1.5 V &#8211; 18 V<\/td>\n<td><\/td>\n<\/tr>\n<tr>\n<td>Tension coupure<\/td>\n<td><\/td>\n<td><\/td>\n<td>9.5 V<\/td>\n<td><\/td>\n<\/tr>\n<tr>\n<td>Autonomie, apr\u00e8s 24 h de recharge de la batterie<\/td>\n<td><\/td>\n<td><\/td>\n<td>\u00a012 mois<\/td>\n<td><\/td>\n<\/tr>\n<tr>\n<td><\/td>\n<td><\/td>\n<td><\/td>\n<td><\/td>\n<td><\/td>\n<\/tr>\n<tr>\n<td>Autonomie sur panneau solaire<\/td>\n<td><\/td>\n<td><\/td>\n<td>72 mois<\/td>\n<td><\/td>\n<\/tr>\n<tr>\n<td>Transmissions GSM<\/td>\n<td><\/td>\n<td><\/td>\n<td>oui<\/td>\n<td><\/td>\n<\/tr>\n<tr>\n<td>Contr\u00f4le \u00e0 distance GSM<\/td>\n<td><\/td>\n<td><\/td>\n<td>oui<\/td>\n<td><\/td>\n<\/tr>\n<tr>\n<td>Site Web d\u00e9di\u00e9<\/td>\n<td><\/td>\n<td><\/td>\n<td>Sur votre compte en ligne<\/td>\n<td><\/td>\n<\/tr>\n<tr>\n<td>Envoi des donn\u00e9es sur site<\/td>\n<td><\/td>\n<td><\/td>\n<td>Automatique<\/td>\n<td><\/td>\n<\/tr>\n<tr>\n<td>Graphique automatique en ligne.\u00a0Seuils de d\u00e9clenchement d&#8217;irrigation<\/td>\n<td><\/td>\n<td><\/td>\n<td>Oui<\/td>\n<td><\/td>\n<\/tr>\n<tr>\n<td>\u00c9chographie du bulbe<br \/>\nGoutte-\u00e0-goutte<\/td>\n<td><\/td>\n<td><\/td>\n<td>Pr\u00e9f\u00e9rable avec le <strong>Monitor R2-DX<\/strong><\/td>\n<td><\/td>\n<\/tr>\n<tr>\n<td>Service technique<br \/>\nBo\u00eete de dialogue en ligne<\/td>\n<td><\/td>\n<td><\/td>\n<td>Oui, conseil hebdomadaire possible<\/td>\n<td><\/td>\n<\/tr>\n<tr>\n<td>Programmateur d\u2019irrigation<\/td>\n<td><\/td>\n<td><\/td>\n<td>\u00a0non, voir <strong>R2-DX-smart<\/strong><\/td>\n<td><\/td>\n<\/tr>\n<tr>\n<td>Interrupteurs 24V AC\u00a0\u00a0<em>vannes \/ pompe\u00a0<\/em><\/td>\n<td><\/td>\n<td><\/td>\n<td>\u00a0non,\u00a0 voir <strong>R2-DX-smart<\/strong><\/td>\n<td><\/td>\n<\/tr>\n<tr>\n<td>Contr\u00f4le vanne Latch sol\u00e9no\u00efde<\/td>\n<td><\/td>\n<td><\/td>\n<td>\u00a0non, voir <strong>R2-DX-smart<\/strong><\/td>\n<td><\/td>\n<\/tr>\n<tr>\n<td>Contr\u00f4le automatique irrigation<\/td>\n<td><\/td>\n<td><\/td>\n<td>\u00a0non, voir <strong>R2-DX-smart<\/strong><\/td>\n<td><\/td>\n<\/tr>\n<tr>\n<td>Rapport d\u2019irrigation<\/td>\n<td><\/td>\n<td><\/td>\n<td>non,\u00a0 voir <strong>R2-DX-smart<\/strong><\/td>\n<td><\/td>\n<\/tr>\n<tr>\n<td>Planning irrigation hebdomadaire<\/td>\n<td><\/td>\n<td><\/td>\n<td>non, voir<strong> R2-DX-smart<\/strong><\/td>\n<td><\/td>\n<\/tr>\n<\/tbody>\n<\/table>\n<div style=\"text-align: center;\"><\/div>\n<div style=\"text-align: center;\"><\/div>\n","protected":false},"excerpt":{"rendered":"<h2>La solution des 3 R2-XD est une variante de la solution classique R2-DX<\/h2>\n<div>Elle respecte la m\u00eame r\u00e8gle de 3\u00a0r\u00e9p\u00e9titions minimum, seule r\u00e9ponse \u00e0 l&#8217;<strong>h\u00e9t\u00e9rog\u00e9n\u00e9it\u00e9 spatiale de l&#8217;eau<\/strong> dans un sol irrigu\u00e9. Elle respecte les m\u00eames r\u00e8gles de positionnement dans l&#8217;enracinement et positionnement en distance par rapport au\u00a0<strong>mat\u00e9riel d&#8217;irrigation<\/strong>, etc&#8230;<\/div>\n<div><\/div>\n<div>La diff\u00e9rence est que la solution des <strong>3 R2-XD<\/strong> consiste en <strong>3 Monitor<\/strong> \u00e9quip\u00e9s chacun de <strong>3\u00a0sondes<\/strong> sur 2 cannes, solidaires mais coulissantes sur le coffret, sans c\u00e2blage. Le coffret lui-m\u00eame, permet de marquer au sol, les 2 points o\u00f9 il faut percer les 2 pr\u00e9-trous. La pose est tr\u00e8s simple. La\u00a0solution des<strong> 3 R2-XD<\/strong> est int\u00e9ressante quand l&#8217;h\u00e9t\u00e9rog\u00e9n\u00e9it\u00e9 de la parcelle ou de l&#8217;irrigation est critique (20% des cas). Par exemple, des parcelles en forte pente, des parcelles ayant de grosses diff\u00e9rences de texture, des parcelles irrigu\u00e9es en gravitaire&#8230;) n\u00e9cessitant en cons\u00e9quence des r\u00e9p\u00e9titions distantes.<\/div>\n<div><\/div>\n<div>La <strong>solution des 3 R2-XD<\/strong> offre la m\u00eame possibilit\u00e9 de connexion de pluviom\u00e8tre et\u00a0compteur d&#8217;eau. Au final, la solution des 3 R2-XD effectuera le m\u00eame travail que la\u00a0<strong>solution classique R2-DX<\/strong>, avec des r\u00e9p\u00e9titions sans c\u00e2bles, plus distantes.\u00a0Et toujours sans\u00a0contrainte de t\u00e9l\u00e9m\u00e9trie.<\/div>\n","protected":false},"featured_media":2158,"template":"","meta":{"_acf_changed":false},"product_cat":[91,698],"product_tag":[],"acf":[],"yoast_head":"<!-- This site is optimized with the Yoast SEO plugin v22.0 - https:\/\/yoast.com\/wordpress\/plugins\/seo\/ -->\n<title>Solution 3 Monitors R2&#x2d;XD transmission &#x2d; Challenge agriculture<\/title>\n<meta name=\"description\" content=\"Solution 3 Monitors R2&#x2d;XD transmission. Product distributed by Challenge agriculture, made in France.\" \/>\n<meta name=\"robots\" content=\"index, follow, max-snippet:-1, max-image-preview:large, max-video-preview:-1\" \/>\n<link rel=\"canonical\" href=\"https:\/\/dev.challenge-agriculture.fr\/en\/product\/tensiometry\/monitor-en\/solution-3-monitors-r2-xd-transmission\/\" \/>\n<meta property=\"og:locale\" content=\"fr_FR\" \/>\n<meta property=\"og:type\" content=\"article\" \/>\n<meta property=\"og:title\" content=\"Solution 3 Monitors R2&#x2d;XD transmission &#x2d; Challenge agriculture\" \/>\n<meta property=\"og:description\" content=\"Solution 3 Monitors R2&#x2d;XD transmission. Product distributed by Challenge agriculture, made in France.\" \/>\n<meta property=\"og:url\" content=\"https:\/\/dev.challenge-agriculture.fr\/en\/product\/tensiometry\/monitor-en\/solution-3-monitors-r2-xd-transmission\/\" \/>\n<meta property=\"og:site_name\" content=\"Challenge Agriculture\" \/>\n<meta property=\"article:modified_time\" content=\"2021-04-22T17:27:48+00:00\" \/>\n<meta property=\"og:image\" content=\"https:\/\/dev.challenge-agriculture.fr\/wp-content\/uploads\/2017\/12\/solution-monitor-r2-xd.jpg\" \/>\n\t<meta property=\"og:image:width\" content=\"600\" \/>\n\t<meta property=\"og:image:height\" content=\"600\" \/>\n\t<meta property=\"og:image:type\" content=\"image\/jpeg\" \/>\n<meta name=\"twitter:card\" content=\"summary_large_image\" \/>\n<meta name=\"twitter:label1\" content=\"Est. reading time\" \/>\n\t<meta name=\"twitter:data1\" content=\"1 minute\" \/>\n<script type=\"application\/ld+json\" class=\"yoast-schema-graph\">{\"@context\":\"https:\/\/schema.org\",\"@graph\":[{\"@type\":\"WebPage\",\"@id\":\"https:\/\/dev.challenge-agriculture.fr\/en\/product\/tensiometry\/monitor-en\/solution-3-monitors-r2-xd-transmission\/\",\"url\":\"https:\/\/dev.challenge-agriculture.fr\/en\/product\/tensiometry\/monitor-en\/solution-3-monitors-r2-xd-transmission\/\",\"name\":\"Solution 3 Monitors R2&#x2d;XD transmission &#x2d; Challenge agriculture\",\"isPartOf\":{\"@id\":\"https:\/\/dev.challenge-agriculture.fr\/#website\"},\"datePublished\":\"2018-08-13T15:43:41+00:00\",\"dateModified\":\"2021-04-22T17:27:48+00:00\",\"description\":\"Solution 3 Monitors R2&#x2d;XD transmission. Product distributed by Challenge agriculture, made in France.\",\"breadcrumb\":{\"@id\":\"https:\/\/dev.challenge-agriculture.fr\/en\/product\/tensiometry\/monitor-en\/solution-3-monitors-r2-xd-transmission\/#breadcrumb\"},\"inLanguage\":\"en-US\",\"potentialAction\":[{\"@type\":\"ReadAction\",\"target\":[\"https:\/\/dev.challenge-agriculture.fr\/en\/product\/tensiometry\/monitor-en\/solution-3-monitors-r2-xd-transmission\/\"]}]},{\"@type\":\"BreadcrumbList\",\"@id\":\"https:\/\/dev.challenge-agriculture.fr\/en\/product\/tensiometry\/monitor-en\/solution-3-monitors-r2-xd-transmission\/#breadcrumb\",\"itemListElement\":[{\"@type\":\"ListItem\",\"position\":1,\"name\":\"Home\",\"item\":\"https:\/\/dev.challenge-agriculture.fr\/en\/\"},{\"@type\":\"ListItem\",\"position\":2,\"name\":\"Boutique\",\"item\":\"https:\/\/dev.challenge-agriculture.fr\/la-boutique\/\"},{\"@type\":\"ListItem\",\"position\":3,\"name\":\"Solution 3 Monitors R2-XD transmission\"}]},{\"@type\":\"WebSite\",\"@id\":\"https:\/\/dev.challenge-agriculture.fr\/#website\",\"url\":\"https:\/\/dev.challenge-agriculture.fr\/\",\"name\":\"Challenge Agriculture\",\"description\":\"\",\"publisher\":{\"@id\":\"https:\/\/dev.challenge-agriculture.fr\/#organization\"},\"potentialAction\":[{\"@type\":\"SearchAction\",\"target\":{\"@type\":\"EntryPoint\",\"urlTemplate\":\"https:\/\/dev.challenge-agriculture.fr\/?s={search_term_string}\"},\"query-input\":\"required name=search_term_string\"}],\"inLanguage\":\"en-US\"},{\"@type\":\"Organization\",\"@id\":\"https:\/\/dev.challenge-agriculture.fr\/#organization\",\"name\":\"Challenge Agriculture\",\"url\":\"https:\/\/dev.challenge-agriculture.fr\/\",\"logo\":{\"@type\":\"ImageObject\",\"inLanguage\":\"en-US\",\"@id\":\"https:\/\/dev.challenge-agriculture.fr\/#\/schema\/logo\/image\/\",\"url\":\"https:\/\/www.challenge-agriculture.fr\/wp-content\/uploads\/2020\/02\/logo-doc.png\",\"contentUrl\":\"https:\/\/www.challenge-agriculture.fr\/wp-content\/uploads\/2020\/02\/logo-doc.png\",\"width\":1497,\"height\":355,\"caption\":\"Challenge Agriculture\"},\"image\":{\"@id\":\"https:\/\/dev.challenge-agriculture.fr\/#\/schema\/logo\/image\/\"}}]}<\/script>\n<!-- \/ Yoast SEO plugin. -->","yoast_head_json":{"title":"Solution 3 Monitors R2&#x2d;XD transmission &#x2d; Challenge agriculture","description":"Solution 3 Monitors R2&#x2d;XD transmission. Product distributed by Challenge agriculture, made in France.","robots":{"index":"index","follow":"follow","max-snippet":"max-snippet:-1","max-image-preview":"max-image-preview:large","max-video-preview":"max-video-preview:-1"},"canonical":"https:\/\/dev.challenge-agriculture.fr\/en\/product\/tensiometry\/monitor-en\/solution-3-monitors-r2-xd-transmission\/","og_locale":"fr_FR","og_type":"article","og_title":"Solution 3 Monitors R2&#x2d;XD transmission &#x2d; Challenge agriculture","og_description":"Solution 3 Monitors R2&#x2d;XD transmission. Product distributed by Challenge agriculture, made in France.","og_url":"https:\/\/dev.challenge-agriculture.fr\/en\/product\/tensiometry\/monitor-en\/solution-3-monitors-r2-xd-transmission\/","og_site_name":"Challenge Agriculture","article_modified_time":"2021-04-22T17:27:48+00:00","og_image":[{"width":600,"height":600,"url":"https:\/\/dev.challenge-agriculture.fr\/wp-content\/uploads\/2017\/12\/solution-monitor-r2-xd.jpg","type":"image\/jpeg"}],"twitter_card":"summary_large_image","twitter_misc":{"Est. reading time":"1 minute"},"schema":{"@context":"https:\/\/schema.org","@graph":[{"@type":"WebPage","@id":"https:\/\/dev.challenge-agriculture.fr\/en\/product\/tensiometry\/monitor-en\/solution-3-monitors-r2-xd-transmission\/","url":"https:\/\/dev.challenge-agriculture.fr\/en\/product\/tensiometry\/monitor-en\/solution-3-monitors-r2-xd-transmission\/","name":"Solution 3 Monitors R2&#x2d;XD transmission &#x2d; Challenge agriculture","isPartOf":{"@id":"https:\/\/dev.challenge-agriculture.fr\/#website"},"datePublished":"2018-08-13T15:43:41+00:00","dateModified":"2021-04-22T17:27:48+00:00","description":"Solution 3 Monitors R2&#x2d;XD transmission. Product distributed by Challenge agriculture, made in France.","breadcrumb":{"@id":"https:\/\/dev.challenge-agriculture.fr\/en\/product\/tensiometry\/monitor-en\/solution-3-monitors-r2-xd-transmission\/#breadcrumb"},"inLanguage":"en-US","potentialAction":[{"@type":"ReadAction","target":["https:\/\/dev.challenge-agriculture.fr\/en\/product\/tensiometry\/monitor-en\/solution-3-monitors-r2-xd-transmission\/"]}]},{"@type":"BreadcrumbList","@id":"https:\/\/dev.challenge-agriculture.fr\/en\/product\/tensiometry\/monitor-en\/solution-3-monitors-r2-xd-transmission\/#breadcrumb","itemListElement":[{"@type":"ListItem","position":1,"name":"Home","item":"https:\/\/dev.challenge-agriculture.fr\/en\/"},{"@type":"ListItem","position":2,"name":"Boutique","item":"https:\/\/dev.challenge-agriculture.fr\/la-boutique\/"},{"@type":"ListItem","position":3,"name":"Solution 3 Monitors R2-XD transmission"}]},{"@type":"WebSite","@id":"https:\/\/dev.challenge-agriculture.fr\/#website","url":"https:\/\/dev.challenge-agriculture.fr\/","name":"Challenge Agriculture","description":"","publisher":{"@id":"https:\/\/dev.challenge-agriculture.fr\/#organization"},"potentialAction":[{"@type":"SearchAction","target":{"@type":"EntryPoint","urlTemplate":"https:\/\/dev.challenge-agriculture.fr\/?s={search_term_string}"},"query-input":"required name=search_term_string"}],"inLanguage":"en-US"},{"@type":"Organization","@id":"https:\/\/dev.challenge-agriculture.fr\/#organization","name":"Challenge Agriculture","url":"https:\/\/dev.challenge-agriculture.fr\/","logo":{"@type":"ImageObject","inLanguage":"en-US","@id":"https:\/\/dev.challenge-agriculture.fr\/#\/schema\/logo\/image\/","url":"https:\/\/www.challenge-agriculture.fr\/wp-content\/uploads\/2020\/02\/logo-doc.png","contentUrl":"https:\/\/www.challenge-agriculture.fr\/wp-content\/uploads\/2020\/02\/logo-doc.png","width":1497,"height":355,"caption":"Challenge Agriculture"},"image":{"@id":"https:\/\/dev.challenge-agriculture.fr\/#\/schema\/logo\/image\/"}}]}},"_links":{"self":[{"href":"https:\/\/dev.challenge-agriculture.fr\/en\/wp-json\/wp\/v2\/product\/3175"}],"collection":[{"href":"https:\/\/dev.challenge-agriculture.fr\/en\/wp-json\/wp\/v2\/product"}],"about":[{"href":"https:\/\/dev.challenge-agriculture.fr\/en\/wp-json\/wp\/v2\/types\/product"}],"version-history":[{"count":3,"href":"https:\/\/dev.challenge-agriculture.fr\/en\/wp-json\/wp\/v2\/product\/3175\/revisions"}],"predecessor-version":[{"id":27987,"href":"https:\/\/dev.challenge-agriculture.fr\/en\/wp-json\/wp\/v2\/product\/3175\/revisions\/27987"}],"wp:featuredmedia":[{"embeddable":true,"href":"https:\/\/dev.challenge-agriculture.fr\/en\/wp-json\/wp\/v2\/media\/2158"}],"wp:attachment":[{"href":"https:\/\/dev.challenge-agriculture.fr\/en\/wp-json\/wp\/v2\/media?parent=3175"}],"wp:term":[{"taxonomy":"product_cat","embeddable":true,"href":"https:\/\/dev.challenge-agriculture.fr\/en\/wp-json\/wp\/v2\/product_cat?post=3175"},{"taxonomy":"product_tag","embeddable":true,"href":"https:\/\/dev.challenge-agriculture.fr\/en\/wp-json\/wp\/v2\/product_tag?post=3175"}],"curies":[{"name":"wp","href":"https:\/\/api.w.org\/{rel}","templated":true}]}}