{"id":117,"date":"2016-02-16T19:16:51","date_gmt":"2016-02-16T18:16:51","guid":{"rendered":"http:\/\/www.challenge-agriculture.fr\/?page_id=117"},"modified":"2021-04-25T08:20:34","modified_gmt":"2021-04-25T06:20:34","slug":"monitor-r2-dx-watermark","status":"publish","type":"page","link":"https:\/\/dev.challenge-agriculture.fr\/es\/el-equipo\/monitor-r2-dx-watermark\/","title":{"rendered":"El equipo Monitor R2-DX \u00ae"},"content":{"rendered":"<h2>T\u00e9l\u00e9m\u00e9trie\/avec ou sans fil\/Contr\u00f4le de vanne<\/h2>\n<p>Le <strong>Monitor R2-DX<\/strong> pilote <strong>l\u2019irrigation<\/strong> dans toute situation sol\/plante\/climat\/irrigation.<\/p>\n<ul>\n<li>Mesure les <strong>sondes<\/strong> <strong>Watermark<\/strong> et sondes r\u00e9sistives.<\/li>\n<li>Mesures enregistr\u00e9es, transmises, rout\u00e9es, en ligne automatiquement.<\/li>\n<\/ul>\n<p><strong>Monitor R2-DX<\/strong> est con\u00e7u, r\u00e9alis\u00e9 et fabriqu\u00e9<b> 100% en France<\/b>.<\/p>\n<p>Le <strong>monitor R2-DX<\/strong> contient, dans son coffret \u00e9tanche, l&#8217;\u00e9lectronique n\u00e9cessaire \u00e0 ses diff\u00e9rentes missions :<\/p>\n<ul>\n<li>relev\u00e9 automatique de <strong>mesures tensiom\u00e9triques<\/strong>, \u00e0 intervalle adapt\u00e9 au besoin agronomique (r\u00e9glable \u00e0 2h, 4h, 6h&#8230; par exemple)<\/li>\n<li><strong>stockage interne des donn\u00e9es<\/strong> (sur carte micro SD)<\/li>\n<li><strong>transmission quotidienne<\/strong> des lignes de donn\u00e9es (r\u00e9glable en fonction des besoins \u00e0 4 , 6 lignes&#8230; par exemple)<\/li>\n<li>Affichage et <strong>contr\u00f4le manuel<\/strong> au champ (bouton, \u00e9cran LCD, LEDs)<\/li>\n<\/ul>\n<p>La <strong>batterie interne<\/strong> bien charg\u00e9e assure une <strong>autonomie<\/strong> de 12 \u00e0 16 mois, avec la possibilit\u00e9 d&#8217;un panneau solaire de 10W pour une <strong>autonomie<\/strong> compl\u00e8te.<\/p>\n<p>La solution rustique <strong>GSM<\/strong> choisie assure une communication efficiente, m\u00eame en zone tr\u00e8s recul\u00e9e, utilisant une <strong>carte SIM<\/strong> \u00abmini\u00bb pr\u00e9-pay\u00e9e, peu co\u00fbteuse.<br \/>\nLe <strong>monitor R2-DX<\/strong> affiche la qualit\u00e9 du r\u00e9seau t\u00e9l\u00e9phonique en temps r\u00e9\u00e9l, ce qui permet d&#8217;optimiser son installation au champ, dans les zones \u00e0 tr\u00e8s faible signal.<\/p>\n<p>Le <strong>Monitor R2-DX<\/strong> est enti\u00e8rement param\u00e9trable \u00e0 distance par requ\u00eate SMS.<\/p>\n<p>La connectivit\u00e9 a \u00e9t\u00e9 pens\u00e9e pour une installation\/d\u00e9sinstallation facile : connecteur rapide sur le pack de sonde, presse-\u00e9toupe pour le pluviom\u00e8tre ou le compteur d&#8217;eau, antenne en position basse plus s\u00fbre.<\/p>\n<p>Le <strong>monitor R2-DX<\/strong> accepte 8 \u00e0 32 capteurs, ainsi que la connexion de 2 pluviom\u00e8tres\/compteur d&#8217;eau.<\/p>\n<p><strong>Le graphique en ligne <\/strong>facilite beaucoup le <strong>pilotage de l&#8217;irrigation<\/strong>. C&#8217;est la forme la plus efficace pour visualiser la situation, anticiper et prendre des d\u00e9cisions.<\/p>\n<p>R\u00e9ception des donn\u00e9es &nbsp;brutes, si n\u00e9cessaire : plusieurs solutions sont possibles pour recevoir les donn\u00e9es, selon les besoins de l&#8217;utilisateur.<\/p>\n<p>Les <strong>mesures<\/strong>, stock\u00e9es en fichier au format .csv, peuvent \u00eatre r\u00e9cup\u00e9r\u00e9es directement :<br \/>\n&#8211; sur la <strong>carte micro SD<\/strong>, o\u00f9 elles sont enregistr\u00e9es. Il suffit de prendre la carte et la lire sur son ordinateur (via un adaptateur USB, s&#8217;il ne poss\u00e8de pas d\u00e9j\u00e0 le lecteur adapt\u00e9).<br \/>\n&#8211; via <strong>e-mail<\/strong> (ou, \u00e0 partir d&#8217;un certain nombre de stations, via ftp). Les donn\u00e9es transmises quotidiennement via GSM sont automatiquement rout\u00e9es.<\/p>\n<p>On peut d\u00e9finir des <strong>alertes<\/strong> (seuils tensiom\u00e9triques, batterie faible, d\u00e9connexion c\u00e2bles, etc&#8230;) et des comptes rendus. Elles peuvent \u00eatre transmises :<br \/>\n&#8211; via <strong>SMS<\/strong>, sur un num\u00e9ro de t\u00e9l\u00e9phone portable \u00e0 d\u00e9terminer.<br \/>\n&#8211; par <strong>e-mail<\/strong>.<\/p>\n<p><img fetchpriority=\"high\" decoding=\"async\" src=\"http:\/\/www.challenge-agriculture.fr\/wp-content\/uploads\/2016\/02\/HeaderFR-300x215.png\" alt=\"\" width=\"300\" height=\"215\"><\/p>\n<p style=\"text-align: right;\"><a title=\"Nos solutions Monitor\" href=\"\/?product_cat=monitor\" target=\"_blank\" rel=\"noopener noreferrer\">Nos solutions Monitor<\/a><\/p>\n<table>\n<tbody>\n<tr>\n<th><strong>Monitor<\/strong><\/th>\n<th>R2-DM<\/th>\n<th>R2-DL<\/th>\n<th>R2-DX<\/th>\n<th>R2-DX Smart<\/th>\n<\/tr>\n<tr>\n<td>Description rapide<\/td>\n<td>Bo\u00eetier mesure<\/td>\n<td>Data logger<\/td>\n<td>T\u00e9l\u00e9m\u00e9trie GSM<\/td>\n<td>T\u00e9l\u00e9m\u00e9trie<br \/>\nContr\u00f4leur irrigation<\/td>\n<\/tr>\n<tr>\n<td>Fonction<\/td>\n<td>Mesure manuelle enregistrable<\/td>\n<td>Enregistrement automatique<\/td>\n<td>Enregistrement et transmission automatique<\/td>\n<td>Enregistrement, transmission et contr\u00f4le d&#8217;irrigation automatique<\/td>\n<\/tr>\n<tr>\n<td>Prix HT<\/td>\n<td><strong>280 \u20ac<\/strong><\/td>\n<td><strong>390 \u20ac<\/strong><\/td>\n<td><strong>750 \u20ac<\/strong><\/td>\n<td><strong>1200 \u20ac<\/strong><\/td>\n<\/tr>\n<tr>\n<td>Mesures capteurs<br \/>\n<em>(WATERMARK, temp\u00e9rature\u2026)<\/em><\/td>\n<td>max <strong>32<\/strong> sondes<\/td>\n<td>max <strong>32<\/strong> entr\u00e9es<\/td>\n<td>max <strong>32<\/strong> entr\u00e9es<\/td>\n<td>max <strong>32<\/strong> entr\u00e9es<\/td>\n<\/tr>\n<tr>\n<td>Pluviom\u00e8tre \/ compteur d&#8217;eau<\/td>\n<td>&nbsp;<\/td>\n<td><strong>2<\/strong> max<\/td>\n<td><strong>2<\/strong> max<\/td>\n<td><strong>2<\/strong> max<\/td>\n<\/tr>\n<tr>\n<td>Consommation r\u00e9duite<\/td>\n<td>\u25cf<\/td>\n<td>\u25cf<\/td>\n<td>\u25cf<\/td>\n<td>\u25cf<\/td>\n<\/tr>\n<tr>\n<td>Afficheur LCD<br \/>\n<em>(mesures + stats + \u00e9tat)<\/em><\/td>\n<td>\u25cf<\/td>\n<td>\u25cf<\/td>\n<td>\u25cf<\/td>\n<td>\u25cf<\/td>\n<\/tr>\n<tr>\n<td>Enregistrement automatique<\/td>\n<td>&nbsp;<\/td>\n<td>\u25cf<\/td>\n<td>\u25cf<\/td>\n<td>\u25cf<\/td>\n<\/tr>\n<tr>\n<td>Sauvegarde sur microSD<\/td>\n<td>\u25cf<\/td>\n<td>\u25cf<\/td>\n<td>\u25cf<\/td>\n<td>\u25cf<\/td>\n<\/tr>\n<tr>\n<td>Interface miniUSB<br \/>\n<em>(configuration \/ acc\u00e8s mesures)<\/em><\/td>\n<td>\u25cf<\/td>\n<td>\u25cf<\/td>\n<td>\u25cf<\/td>\n<td>\u25cf<\/td>\n<\/tr>\n<tr>\n<td>Interface UART<br \/>\n<em>(interface autres \u00e9quipements)<\/em><\/td>\n<td>\u25cf<\/td>\n<td>\u25cf<\/td>\n<td>&nbsp;<\/td>\n<td>&nbsp;<\/td>\n<\/tr>\n<tr>\n<td>&nbsp;Source \/ Tension<\/td>\n<td>6 piles AA 1,5 V (9 V)<\/td>\n<td>6 piles AA 1,5 V (9 V)<\/td>\n<td>Batterie 12 V &#8211; 5 Ah<\/td>\n<td>Batterie 12 V- 5 Ah<\/td>\n<\/tr>\n<tr>\n<td>Tension coupure<\/td>\n<td>5 V<\/td>\n<td>5 V<\/td>\n<td>11 V<\/td>\n<td>11 V<\/td>\n<\/tr>\n<tr>\n<td>Autonomie<\/td>\n<td>16 mois<\/td>\n<td>16 mois<\/td>\n<td>&nbsp;<\/td>\n<td>&nbsp;<\/td>\n<\/tr>\n<tr>\n<td><em>Apr\u00e8s 24h de recharge<\/em><\/td>\n<td>&nbsp;<\/td>\n<td>&nbsp;<\/td>\n<td>16 mois<\/td>\n<td>16 mois<\/td>\n<\/tr>\n<tr>\n<td>Autonomie sur panneau solaire<\/td>\n<td>\u2014<\/td>\n<td>\u2014<\/td>\n<td>72 mois<\/td>\n<td>72 mois<\/td>\n<\/tr>\n<tr>\n<td>Transmissions GSM<\/td>\n<td>&nbsp;<\/td>\n<td>&nbsp;<\/td>\n<td>\u25cf<\/td>\n<td>\u25cf<\/td>\n<\/tr>\n<tr>\n<td>Contr\u00f4le \u00e0 distance GSM<\/td>\n<td>&nbsp;<\/td>\n<td>&nbsp;<\/td>\n<td>\u25cf<\/td>\n<td>\u25cf<\/td>\n<\/tr>\n<tr>\n<td>Site Web d\u00e9di\u00e9<br \/>\n<em>(historique, grapheur, r\u00e9glages\u2026)<\/em><\/td>\n<td>\u25cf<\/td>\n<td>\u25cf<\/td>\n<td>\u25cf<\/td>\n<td>\u25cf<\/td>\n<\/tr>\n<tr>\n<td>Envoi des donn\u00e9es sur site<\/td>\n<td>Manuel<\/td>\n<td>Manuel<\/td>\n<td>Automatique<\/td>\n<td>Automatique<\/td>\n<\/tr>\n<tr>\n<td>Graphique automatique en ligne.&nbsp;Seuils de d\u00e9clenchement d&#8217;irrigation<\/td>\n<td>\u25cf<\/td>\n<td>\u25cf<\/td>\n<td>\u25cf<\/td>\n<td>\u25cf<\/td>\n<\/tr>\n<tr>\n<td>\u00c9chographie du bulbe<br \/>\nGoutte-\u00e0-goutte<\/td>\n<td>&nbsp;<\/td>\n<td>&nbsp;<\/td>\n<td>\u25cf<\/td>\n<td>\u25cf<\/td>\n<\/tr>\n<tr>\n<td>Service technique<br \/>\nBo\u00eete de dialogue en ligne<\/td>\n<td>\u25cf<\/td>\n<td>\u25cf<\/td>\n<td>\u25cf<\/td>\n<td>\u25cf<\/td>\n<\/tr>\n<tr>\n<td>Programmateur d\u2019irrigation<\/td>\n<td>&nbsp;<\/td>\n<td>&nbsp;<\/td>\n<td>&nbsp;<\/td>\n<td>\u25cf<\/td>\n<\/tr>\n<tr>\n<td>Interrupteurs 24V AC&nbsp;&nbsp;<em>vannes \/ pompe&nbsp;<\/em><\/td>\n<td>&nbsp;<\/td>\n<td>&nbsp;<\/td>\n<td>&nbsp;<\/td>\n<td><strong>4<\/strong> sorties<\/td>\n<\/tr>\n<tr>\n<td>Contr\u00f4le vanne Latch sol\u00e9no\u00efde<\/td>\n<td>&nbsp;<\/td>\n<td>&nbsp;<\/td>\n<td>&nbsp;<\/td>\n<td><strong>8<\/strong> sorties<\/td>\n<\/tr>\n<tr>\n<td>Contr\u00f4le automatique irrigation<\/td>\n<td>&nbsp;<\/td>\n<td>&nbsp;<\/td>\n<td>&nbsp;<\/td>\n<td>\u25cf<\/td>\n<\/tr>\n<tr>\n<td>Rapport d\u2019irrigation<\/td>\n<td>&nbsp;<\/td>\n<td>&nbsp;<\/td>\n<td>&nbsp;<\/td>\n<td>\u25cf<\/td>\n<\/tr>\n<tr>\n<td>Planning irrigation hebdomadaire<\/td>\n<td>&nbsp;<\/td>\n<td>&nbsp;<\/td>\n<td>&nbsp;<\/td>\n<td>\u25cf<\/td>\n<\/tr>\n<\/tbody>\n<\/table>\n<p>&nbsp;&nbsp;<img decoding=\"async\" src=\"\/wp-content\/uploads\/2016\/02\/SensorsFR-1024x339.png\" alt=\"Jusqu'\u00e0 32 entr\u00e9es et une large gamme d'intervalles de mesure\" width=\"605\" height=\"199\"><br \/>\n<img decoding=\"async\" src=\"\/wp-content\/uploads\/2016\/02\/R2DX-1024x850.png\" alt=\"R2DX\" width=\"605\" height=\"502\">&nbsp;<\/p>\n<h3>T\u00e9l\u00e9m\u00e9trie &#8211; \u00e9mission\/r\u00e9ception<\/h3>\n<p><strong>Rapport r\u00e9gulier <\/strong>(fr\u00e9quence r\u00e9glable : plusieurs fois par jour, quotidien\u2026)<\/p>\n<p><strong>Service Web d\u00e9di\u00e9<\/strong> avec trac\u00e9 de graphiques clairs, possibilit\u00e9 de commentaires et bo\u00eete de dialogue entre technicien et irriguant. \u00c9galement tous renseignements de gestion du syst\u00e8me.<\/p>\n<p><strong>Alerte <\/strong>si un seuil de m\u00e9diane est atteint.<\/p>\n<p>Tous les param\u00e8tres r\u00e9glables par <strong>requ\u00eate SMS<\/strong><\/p>\n<p><strong>Fonction diagnostic <\/strong>pour l\u2019installateur<\/p>\n<p><img loading=\"lazy\" decoding=\"async\" src=\"\/wp-content\/uploads\/2016\/02\/word-image3-450x305.png\" alt=\"Trac\u00e9 tensiom\u00e9trie du sol\" width=\"450\" height=\"305\"><\/p>\n<p><strong>Syst\u00e8me haute sensitivit\u00e9&nbsp;<\/strong>: la meilleure performance en agriculture \u2013 habituellement sous le feuillage, 40cm au dessus du sol, parfois dans des zones de faible signal, ou m\u00eame install\u00e9 sous terre, dans le cadre urbain.<\/p>\n<p><strong>\u00c9conomique <\/strong>avec des <strong>cartes SIM pr\u00e9pay\u00e9es <\/strong>(vendues en supermarch\u00e9 ou sur internet). Tr\u00e8s pratique pour les \u201cdistributeurs\u201d, \u201cconseillers\u201d ou \u201cutilisateurs\u201d.<\/p>\n<h3>Une m\u00e9thode de mesure \u00e9prouv\u00e9e<\/h3>\n<p><img loading=\"lazy\" decoding=\"async\" src=\"\/wp-content\/uploads\/2016\/02\/StatisticsFR-1024x518.png\" alt=\"Mesure statistique\" width=\"605\" height=\"305\"><\/p>\n<p>Respect des <strong>r\u00e8gles agronomiques<\/strong>, gr\u00e2ce \u00e0 un \u00e9quipement repr\u00e9sentatif au champ, avec un nombre ad\u00e9quat de sondes, utilis\u00e9 avec succ\u00e8s durant 3 d\u00e9cennies en France. Un champ ou groupe de champs est d\u00e9fini comme une entit\u00e9 \u00abplante\/sol\/irrigation\u00bb.<\/p>\n<p>Le <strong>Monitor<\/strong> accepte&nbsp;<strong>8 \u00e0 32 sondes<\/strong>, pour couvrir tous les besoins des agriculteurs, techniciens, chercheurs. Le syst\u00e8me est con\u00e7u pour respecter les r\u00e8gles agronomiques en mati\u00e8re de mesure, pour offrir des conseils solides et permettre le <strong>contr\u00f4le pr\u00e9cis et performant de l\u2019irrigation<\/strong>.<\/p>\n<h3>Exemples de configurations<\/h3>\n<p><strong>\u2022 6 sondes Watermark<\/strong><\/p>\n<p>(3 paires \u00d7 2 profondeurs) + 1 sonde Temp\u00e9rature sol + 1 sonde de temp\u00e9rature Air + 1 pluviom\u00e8tre ou compteur.<\/p>\n<p>Utilis\u00e9 sur des syst\u00e8mes radiculaires de 15 \u00e0 60 cm, avec des arroseurs classiques, pivot, microjet, canon, irrigation \u00e0 la raie et goutte \u00e0 goutte \u2013 hors contr\u00f4le d&#8217;\u00e9lectro-vanne.<\/p>\n<p><strong>\u2022 8 sondes Watermark<\/strong>(4 bulbes diff\u00e9rents \u00e9quip\u00e9s \u00d7 2 profondeurs) + 1 Temp Sol + Temp Air + 1 pluviom\u00e8tre + compteur <em>(pluie et volume apport\u00e9)<\/em>. V\u00e9rifie 4 bulbes quand le contr\u00f4le de vanne est effectu\u00e9.&nbsp;<strong>\u2022 9 sondes Watermark<br \/>\n<\/strong><\/p>\n<p>(3 trio \u00d7 3 profondeurs) + 1 Temp Sol + Temp Air+ 1 pluviom\u00e8tre. Arroseurs classiques, pivot, microjet, canon, irrigation \u00e0 la raie, sur syst\u00e8mes radiculaires de 30 \u00e0 120cm.<\/p>\n<p><strong>\u2022 R\u00e9seau sans fil<\/strong>Plusieurs stations en version <strong>R2-XD<\/strong>, r\u00e9parties sur une large surface.&nbsp;<\/p>\n<h3>Contr\u00f4le Smart <small>(R2-DX Smart uniquement)<\/small><\/h3>\n<p><img loading=\"lazy\" decoding=\"async\" src=\"\/wp-content\/uploads\/2016\/02\/SmartFR-1024x180.png\" alt=\"Contr\u00f4le automatique de l'irrigation\" width=\"605\" height=\"105\"><\/p>\n<p>La <strong>Smart<\/strong> suit un planning hebdomadaire d&#8217;ouverture de 1 \u00e0 8 vannes , lit les sondes \u00e0 chaque intervalle et annule \u00e9ventuellement les irrigations inutiles. Elle rend compte de tout cela en ligne en m\u00eame temps, bien entendu.<\/p>\n<p>La <strong>R2-DX-SMART<\/strong> assure la stabilit\u00e9 des <strong>bulbes d\u2019irrigation<\/strong> en goutte \u00e0 goutte dans le sol, alors que la consommation en eau varie en permanence en fonction du climat\/sol\/\u00e9tat de la culture.<\/p>\n<p>Les <strong>irrigations<\/strong> sont planifi\u00e9es sur la base d\u2019un maximum pour un temps donn\u00e9 (par exemple en irrigation goutte \u00e0 goutte : 3 fois par jour \u00d7 1.5 L). <strong>Seules les irrigations n\u00e9cessaires sont effectu\u00e9es<\/strong>.<\/p>\n<p><strong>Exemple : <\/strong>r\u00e9sultat dans le sol, mesur\u00e9 en continu par <strong>R2-DX-Smart<\/strong> : stabilit\u00e9 des tensions montre que les bulbes goutte-\u00e0-goutte restent stables.<\/p>\n<p><img loading=\"lazy\" decoding=\"async\" src=\"\/wp-content\/uploads\/2016\/02\/Irrig-exampleFR-1024x549.png\" alt=\"Exemple de planning d'irrigation\" width=\"605\" height=\"324\"><\/p>\n<p>Le <strong>graphe des donn\u00e9es r\u00e9colt\u00e9es<\/strong> peut \u00eatre g\u00e9n\u00e9r\u00e9 \u00e0 partir du fichier .csv, ou consult\u00e9 directement en ligne en temps r\u00e9el, sur ordinateur ou sur t\u00e9l\u00e9phone portable.<\/p>\n<h3>Le Graphe<\/h3>\n<p>Le <strong>Graphe<\/strong> est l&#8217;outil id\u00e9al pour le suivi et la prise de d\u00e9cision.<br \/>\nLes courbes des <strong>donn\u00e9es tensiom\u00e9triques<\/strong> (qui peuvent \u00eatre accompagn\u00e9es des informations du pluviom\u00e8tre et compteur), ainsi que les courbes donnant les seuils de d\u00e9cision (adapt\u00e9es aux culture\/sol\/type d&#8217;irrigation) permettent de visualiser l&#8217;historique, d&#8217;appr\u00e9cier la tendance et d&#8217;\u00e9valuer les actions \u00e0 planifier.<\/p>\n<p><strong>Tout ce qui permet un pilotage serein de l&#8217;irrigation.<\/strong><\/p>\n<p>Les diff\u00e9rents packs s&#8217;adaptent aux profondeurs d&#8217;enracinement. Les enracinements jusqu&#8217;\u00e0 60cm n\u00e9cessitent un pack de base : 1 sonde de Temp\u00e9rature &#8211; Sol + 6 <strong>sondes Watermark<\/strong> + 1 sonde Temp\u00e9rature &#8211; Air.<\/p>\n<p>Les enracinements jusqu&#8217;\u00e0 120 cm ou certaines configurations en goutte-\u00e0-goutte n\u00e9cessitent 2 packs, soit 12 \u00e0 15 <strong>sondes Watermark<\/strong>.<\/p>\n<p>La pluviom\u00e9trie est enregistr\u00e9e (avec diff\u00e9renciation automatique entre pluie et irrigation), ainsi que le volu-comptage du goutte-\u00e0 goutte ou micro-jet.<\/p>\n<h3>Co\u00fbts et rentabilit\u00e9<strong><br \/>\n<\/strong><\/h3>\n<p>Le <strong>Monitor R2-DX<\/strong> co\u00fbte 750\u20ac HT. Le pack de sondes de base co\u00fbte 300\u20ac HT (1 sonde Temp\u00e9rature Sol + 6 <strong>sondes Watermark<\/strong>+ 1 sonde Temp\u00e9rature Air). La <strong><a href=\"https:\/\/www.challenge-agriculture.fr\/es\/producto\/no-clasificado\/tarjeta-sim\/\">carte SIM<\/a><\/strong> pr\u00e9pay\u00e9e co\u00fbte 50, 45 ou 40\u20ac ht pour la saison.<\/p>\n<p>La plateforme Web co\u00fbte 30\u20ac ht par an.<\/p>\n<p>Le <strong>pluviom\u00e8tre enregistreur sur platine inox<\/strong> co\u00fbte 185\u20ac ht. Pour les grandes cultures, on le monte sur une perche t\u00e9lescopique au prix de 38\u20ac ht<\/p>\n<p>N&#8217;h\u00e9sitez pas \u00e0 visiter <a href=\"https:\/\/www.challenge-agriculture.fr\/es\/tienda\/\">la boutique en ligne<\/a> pour \u00e9tablir un devis en ligne, avec notre aide.<\/p>\n<p>La <strong>transmission automatique<\/strong> apporte un service fiable et de qualit\u00e9. Les calculs d&#8217;amortissement montrent une rentabilit\u00e9 tr\u00e8s rapide de cette solution, notamment au del\u00e0 de 15 km de distance entre parcelles et l&#8217;exploitation.<\/p>\n","protected":false},"excerpt":{"rendered":"<p>T\u00e9l\u00e9m\u00e9trie\/avec ou sans fil\/Contr\u00f4le de vanne Le Monitor R2-DX pilote l\u2019irrigation dans toute situation sol\/plante\/climat\/irrigation. Mesure les sondes Watermark et sondes r\u00e9sistives. Mesures enregistr\u00e9es, transmises, rout\u00e9es, en ligne automatiquement. Monitor R2-DX est con\u00e7u, r\u00e9alis\u00e9 et fabriqu\u00e9 100% en France. Le monitor R2-DX contient, dans son coffret \u00e9tanche, l&#8217;\u00e9lectronique n\u00e9cessaire \u00e0 ses diff\u00e9rentes missions : relev\u00e9 [&hellip;]<\/p>\n","protected":false},"author":24155,"featured_media":0,"parent":92,"menu_order":4,"comment_status":"closed","ping_status":"closed","template":"","meta":{"_acf_changed":false,"footnotes":""},"acf":[],"yoast_head":"<!-- This site is optimized with the Yoast SEO plugin v22.0 - https:\/\/yoast.com\/wordpress\/plugins\/seo\/ -->\n<title>El equipo : el monitor R2&#x2d;DX &#x2d; Challenge agriculture<\/title>\n<meta name=\"description\" content=\"El equipo : el monitor R2&#x2d;DX. Un producto distribuido por Challenge agriculture, hecho en Francia.\" \/>\n<meta name=\"robots\" content=\"index, follow, max-snippet:-1, max-image-preview:large, max-video-preview:-1\" \/>\n<link rel=\"canonical\" href=\"https:\/\/dev.challenge-agriculture.fr\/es\/el-equipo\/monitor-r2-dx-watermark\/\" \/>\n<meta property=\"og:locale\" content=\"fr_FR\" \/>\n<meta property=\"og:type\" content=\"article\" \/>\n<meta property=\"og:title\" content=\"El equipo : el monitor R2&#x2d;DX &#x2d; Challenge agriculture\" \/>\n<meta property=\"og:description\" content=\"El equipo : el monitor R2&#x2d;DX. Un producto distribuido por Challenge agriculture, hecho en Francia.\" \/>\n<meta property=\"og:url\" content=\"https:\/\/dev.challenge-agriculture.fr\/es\/el-equipo\/monitor-r2-dx-watermark\/\" \/>\n<meta property=\"og:site_name\" content=\"Challenge Agriculture\" \/>\n<meta property=\"article:modified_time\" content=\"2021-04-25T06:20:34+00:00\" \/>\n<meta property=\"og:image\" content=\"http:\/\/www.challenge-agriculture.fr\/wp-content\/uploads\/2016\/02\/HeaderFR-300x215.png\" \/>\n<meta name=\"twitter:card\" content=\"summary_large_image\" \/>\n<meta name=\"twitter:label1\" content=\"Tiempo de lectura\" \/>\n\t<meta name=\"twitter:data1\" content=\"7 minutos\" \/>\n<script type=\"application\/ld+json\" class=\"yoast-schema-graph\">{\"@context\":\"https:\/\/schema.org\",\"@graph\":[{\"@type\":\"WebPage\",\"@id\":\"https:\/\/dev.challenge-agriculture.fr\/es\/el-equipo\/monitor-r2-dx-watermark\/\",\"url\":\"https:\/\/dev.challenge-agriculture.fr\/es\/el-equipo\/monitor-r2-dx-watermark\/\",\"name\":\"El equipo : el monitor R2&#x2d;DX &#x2d; Challenge agriculture\",\"isPartOf\":{\"@id\":\"https:\/\/dev.challenge-agriculture.fr\/#website\"},\"datePublished\":\"2016-02-16T18:16:51+00:00\",\"dateModified\":\"2021-04-25T06:20:34+00:00\",\"description\":\"El equipo : el monitor R2&#x2d;DX. Un producto distribuido por Challenge agriculture, hecho en Francia.\",\"breadcrumb\":{\"@id\":\"https:\/\/dev.challenge-agriculture.fr\/es\/el-equipo\/monitor-r2-dx-watermark\/#breadcrumb\"},\"inLanguage\":\"es\",\"potentialAction\":[{\"@type\":\"ReadAction\",\"target\":[\"https:\/\/dev.challenge-agriculture.fr\/es\/el-equipo\/monitor-r2-dx-watermark\/\"]}]},{\"@type\":\"BreadcrumbList\",\"@id\":\"https:\/\/dev.challenge-agriculture.fr\/es\/el-equipo\/monitor-r2-dx-watermark\/#breadcrumb\",\"itemListElement\":[{\"@type\":\"ListItem\",\"position\":1,\"name\":\"Home\",\"item\":\"https:\/\/dev.challenge-agriculture.fr\/es\/\"},{\"@type\":\"ListItem\",\"position\":2,\"name\":\"El equipo\",\"item\":\"https:\/\/dev.challenge-agriculture.fr\/es\/el-equipo\/\"},{\"@type\":\"ListItem\",\"position\":3,\"name\":\"El equipo Monitor R2-DX \u00ae\"}]},{\"@type\":\"WebSite\",\"@id\":\"https:\/\/dev.challenge-agriculture.fr\/#website\",\"url\":\"https:\/\/dev.challenge-agriculture.fr\/\",\"name\":\"Challenge Agriculture\",\"description\":\"\",\"publisher\":{\"@id\":\"https:\/\/dev.challenge-agriculture.fr\/#organization\"},\"potentialAction\":[{\"@type\":\"SearchAction\",\"target\":{\"@type\":\"EntryPoint\",\"urlTemplate\":\"https:\/\/dev.challenge-agriculture.fr\/?s={search_term_string}\"},\"query-input\":\"required name=search_term_string\"}],\"inLanguage\":\"es\"},{\"@type\":\"Organization\",\"@id\":\"https:\/\/dev.challenge-agriculture.fr\/#organization\",\"name\":\"Challenge Agriculture\",\"url\":\"https:\/\/dev.challenge-agriculture.fr\/\",\"logo\":{\"@type\":\"ImageObject\",\"inLanguage\":\"es\",\"@id\":\"https:\/\/dev.challenge-agriculture.fr\/#\/schema\/logo\/image\/\",\"url\":\"https:\/\/www.challenge-agriculture.fr\/wp-content\/uploads\/2020\/02\/logo-doc.png\",\"contentUrl\":\"https:\/\/www.challenge-agriculture.fr\/wp-content\/uploads\/2020\/02\/logo-doc.png\",\"width\":1497,\"height\":355,\"caption\":\"Challenge Agriculture\"},\"image\":{\"@id\":\"https:\/\/dev.challenge-agriculture.fr\/#\/schema\/logo\/image\/\"}}]}<\/script>\n<!-- \/ Yoast SEO plugin. -->","yoast_head_json":{"title":"El equipo : el monitor R2&#x2d;DX &#x2d; Challenge agriculture","description":"El equipo : el monitor R2&#x2d;DX. Un producto distribuido por Challenge agriculture, hecho en Francia.","robots":{"index":"index","follow":"follow","max-snippet":"max-snippet:-1","max-image-preview":"max-image-preview:large","max-video-preview":"max-video-preview:-1"},"canonical":"https:\/\/dev.challenge-agriculture.fr\/es\/el-equipo\/monitor-r2-dx-watermark\/","og_locale":"fr_FR","og_type":"article","og_title":"El equipo : el monitor R2&#x2d;DX &#x2d; Challenge agriculture","og_description":"El equipo : el monitor R2&#x2d;DX. Un producto distribuido por Challenge agriculture, hecho en Francia.","og_url":"https:\/\/dev.challenge-agriculture.fr\/es\/el-equipo\/monitor-r2-dx-watermark\/","og_site_name":"Challenge Agriculture","article_modified_time":"2021-04-25T06:20:34+00:00","og_image":[{"url":"http:\/\/www.challenge-agriculture.fr\/wp-content\/uploads\/2016\/02\/HeaderFR-300x215.png"}],"twitter_card":"summary_large_image","twitter_misc":{"Tiempo de lectura":"7 minutos"},"schema":{"@context":"https:\/\/schema.org","@graph":[{"@type":"WebPage","@id":"https:\/\/dev.challenge-agriculture.fr\/es\/el-equipo\/monitor-r2-dx-watermark\/","url":"https:\/\/dev.challenge-agriculture.fr\/es\/el-equipo\/monitor-r2-dx-watermark\/","name":"El equipo : el monitor R2&#x2d;DX &#x2d; Challenge agriculture","isPartOf":{"@id":"https:\/\/dev.challenge-agriculture.fr\/#website"},"datePublished":"2016-02-16T18:16:51+00:00","dateModified":"2021-04-25T06:20:34+00:00","description":"El equipo : el monitor R2&#x2d;DX. Un producto distribuido por Challenge agriculture, hecho en Francia.","breadcrumb":{"@id":"https:\/\/dev.challenge-agriculture.fr\/es\/el-equipo\/monitor-r2-dx-watermark\/#breadcrumb"},"inLanguage":"es","potentialAction":[{"@type":"ReadAction","target":["https:\/\/dev.challenge-agriculture.fr\/es\/el-equipo\/monitor-r2-dx-watermark\/"]}]},{"@type":"BreadcrumbList","@id":"https:\/\/dev.challenge-agriculture.fr\/es\/el-equipo\/monitor-r2-dx-watermark\/#breadcrumb","itemListElement":[{"@type":"ListItem","position":1,"name":"Home","item":"https:\/\/dev.challenge-agriculture.fr\/es\/"},{"@type":"ListItem","position":2,"name":"El equipo","item":"https:\/\/dev.challenge-agriculture.fr\/es\/el-equipo\/"},{"@type":"ListItem","position":3,"name":"El equipo Monitor R2-DX \u00ae"}]},{"@type":"WebSite","@id":"https:\/\/dev.challenge-agriculture.fr\/#website","url":"https:\/\/dev.challenge-agriculture.fr\/","name":"Challenge Agriculture","description":"","publisher":{"@id":"https:\/\/dev.challenge-agriculture.fr\/#organization"},"potentialAction":[{"@type":"SearchAction","target":{"@type":"EntryPoint","urlTemplate":"https:\/\/dev.challenge-agriculture.fr\/?s={search_term_string}"},"query-input":"required name=search_term_string"}],"inLanguage":"es"},{"@type":"Organization","@id":"https:\/\/dev.challenge-agriculture.fr\/#organization","name":"Challenge Agriculture","url":"https:\/\/dev.challenge-agriculture.fr\/","logo":{"@type":"ImageObject","inLanguage":"es","@id":"https:\/\/dev.challenge-agriculture.fr\/#\/schema\/logo\/image\/","url":"https:\/\/www.challenge-agriculture.fr\/wp-content\/uploads\/2020\/02\/logo-doc.png","contentUrl":"https:\/\/www.challenge-agriculture.fr\/wp-content\/uploads\/2020\/02\/logo-doc.png","width":1497,"height":355,"caption":"Challenge Agriculture"},"image":{"@id":"https:\/\/dev.challenge-agriculture.fr\/#\/schema\/logo\/image\/"}}]}},"_links":{"self":[{"href":"https:\/\/dev.challenge-agriculture.fr\/es\/wp-json\/wp\/v2\/pages\/117"}],"collection":[{"href":"https:\/\/dev.challenge-agriculture.fr\/es\/wp-json\/wp\/v2\/pages"}],"about":[{"href":"https:\/\/dev.challenge-agriculture.fr\/es\/wp-json\/wp\/v2\/types\/page"}],"author":[{"embeddable":true,"href":"https:\/\/dev.challenge-agriculture.fr\/es\/wp-json\/wp\/v2\/users\/24155"}],"replies":[{"embeddable":true,"href":"https:\/\/dev.challenge-agriculture.fr\/es\/wp-json\/wp\/v2\/comments?post=117"}],"version-history":[{"count":21,"href":"https:\/\/dev.challenge-agriculture.fr\/es\/wp-json\/wp\/v2\/pages\/117\/revisions"}],"predecessor-version":[{"id":28761,"href":"https:\/\/dev.challenge-agriculture.fr\/es\/wp-json\/wp\/v2\/pages\/117\/revisions\/28761"}],"up":[{"embeddable":true,"href":"https:\/\/dev.challenge-agriculture.fr\/es\/wp-json\/wp\/v2\/pages\/92"}],"wp:attachment":[{"href":"https:\/\/dev.challenge-agriculture.fr\/es\/wp-json\/wp\/v2\/media?parent=117"}],"curies":[{"name":"wp","href":"https:\/\/api.w.org\/{rel}","templated":true}]}}