{"id":14028,"date":"2019-12-22T18:20:59","date_gmt":"2019-12-22T17:20:59","guid":{"rendered":"https:\/\/www.challenge-agriculture.fr\/?page_id=14028"},"modified":"2021-06-08T23:00:42","modified_gmt":"2021-06-08T21:00:42","slug":"buenas-practicas","status":"publish","type":"page","link":"https:\/\/dev.challenge-agriculture.fr\/es\/tensiometria\/buenas-practicas\/","title":{"rendered":"Buenas pr\u00e1cticas"},"content":{"rendered":"\t\t<div data-elementor-type=\"wp-page\" data-elementor-id=\"14028\" class=\"elementor elementor-14028 elementor-6686\" data-elementor-post-type=\"page\">\n\t\t\t\t\t\t<section class=\"elementor-section elementor-top-section elementor-element elementor-element-e2897c0 elementor-section-full_width texte_resume elementor-section-height-default elementor-section-height-default\" data-id=\"e2897c0\" data-element_type=\"section\">\n\t\t\t\t\t\t<div class=\"elementor-container elementor-column-gap-default\">\n\t\t\t\t\t<div class=\"elementor-column elementor-col-100 elementor-top-column elementor-element elementor-element-720b229\" data-id=\"720b229\" data-element_type=\"column\">\n\t\t\t<div class=\"elementor-widget-wrap elementor-element-populated\">\n\t\t\t\t\t\t<div class=\"elementor-element elementor-element-8b8f6ed elementor-widget elementor-widget-text-editor\" data-id=\"8b8f6ed\" data-element_type=\"widget\" data-widget_type=\"text-editor.default\">\n\t\t\t\t<div class=\"elementor-widget-container\">\n\t\t\t\t\t\t\t<p>Tenga cuidado con ciertos desniveles en el terreno.<br \/>Controlar eficientemente el riego optimiza una estrategia, descrita en numerosas publicaciones cient\u00edficas oficiales, mediante la tensiometr\u00eda.<br \/>Respetar el suelo :<br \/>No altere el suelo que desea observar. Siga nuestros consejos sobre la instalaci\u00f3n, extracci\u00f3n y mantenimiento de las sondas.<br \/>Respete el material, principalmente las frecuencias de medidas tensiom\u00e9tricas.<br \/>Respete la t\u00e9cnica. Se distinguen 4 niveles t\u00e9cnicos:<br \/>nivel 1 :\u00a0 simple observaci\u00f3n.<br \/>nivel 2 :\u00a0 apoyo a la toma de decisiones.<br \/>nivel 3 :\u00a0 manejo del riego.<br \/>nivel 4 :\u00a0 riego inteligente.<br \/>El rendimiento se obtiene gracias al respeto por el suelo, el material y la propia t\u00e9cnica. Todo est\u00e1 bien, siempre y cuando no confundamos los niveles, por ejemplo pretendiendo controlar el agua en el suelo, desde sensores conectados sin estrategia, o desde una observaci\u00f3n puntual sin repeticiones.<\/p>\t\t\t\t\t\t<\/div>\n\t\t\t\t<\/div>\n\t\t\t\t\t<\/div>\n\t\t<\/div>\n\t\t\t\t\t<\/div>\n\t\t<\/section>\n\t\t\t\t<section class=\"elementor-section elementor-top-section elementor-element elementor-element-41c3a7b6 elementor-section-full_width texte_complet elementor-section-height-default elementor-section-height-default\" data-id=\"41c3a7b6\" data-element_type=\"section\">\n\t\t\t\t\t\t<div class=\"elementor-container elementor-column-gap-default\">\n\t\t\t\t\t<div class=\"elementor-column elementor-col-100 elementor-top-column elementor-element elementor-element-2c6536e4\" data-id=\"2c6536e4\" data-element_type=\"column\">\n\t\t\t<div class=\"elementor-widget-wrap elementor-element-populated\">\n\t\t\t\t\t\t<div class=\"elementor-element elementor-element-c171189 elementor-widget elementor-widget-heading\" data-id=\"c171189\" data-element_type=\"widget\" data-widget_type=\"heading.default\">\n\t\t\t\t<div class=\"elementor-widget-container\">\n\t\t\t<h2 class=\"elementor-heading-title elementor-size-default\">M\u00ednimo 3 repeticiones<\/h2>\t\t<\/div>\n\t\t\t\t<\/div>\n\t\t\t\t<div class=\"elementor-element elementor-element-ccf437e elementor-widget elementor-widget-text-editor\" data-id=\"ccf437e\" data-element_type=\"widget\" data-widget_type=\"text-editor.default\">\n\t\t\t\t<div class=\"elementor-widget-container\">\n\t\t\t\t\t\t\t<p>\u00c9sta es la \u00fanica respuesta posible a la heterogeneidad del agua en un suelo irrigado. La regla de la mediana de 3 valores, en cada profundidad, se conoce y documenta desde hace 30 a\u00f1os. La heterogeneidad de la humedad del suelo aumenta durante la fase de secado, quiere decir que es precisamente cuando hay que tomar decisiones. La distribuci\u00f3n del agua de riego amplifica la heterogeneidad.<\/p><p>Los niveles t\u00e9cnicos de \u00abapoyo a las decisiones\u00bb y \u00abgesti\u00f3n del riego\u00bb requieren decisiones s\u00f3lidas que respeten estas normas. Cuestan en el orden de 500 \u20ac por parcela con lectura manual, 800 \u20ac con registro y 1200 \u20ac con transmisi\u00f3n. Estos costos siguen siendo modestos en vista de los problemas econ\u00f3micos.<\/p><p>El \u00abbricolaje o trabajo manual casero\u00bb con la toma de decisiones no es una buena idea.<\/p>\t\t\t\t\t\t<\/div>\n\t\t\t\t<\/div>\n\t\t\t\t<div class=\"elementor-element elementor-element-58b4136 elementor-widget elementor-widget-heading\" data-id=\"58b4136\" data-element_type=\"widget\" data-widget_type=\"heading.default\">\n\t\t\t\t<div class=\"elementor-widget-container\">\n\t\t\t<h2 class=\"elementor-heading-title elementor-size-default\">Frecuencia de medidas tensiom\u00e9tricas<\/h2>\t\t<\/div>\n\t\t\t\t<\/div>\n\t\t\t\t<div class=\"elementor-element elementor-element-5af7a5b elementor-widget elementor-widget-text-editor\" data-id=\"5af7a5b\" data-element_type=\"widget\" data-widget_type=\"text-editor.default\">\n\t\t\t\t<div class=\"elementor-widget-container\">\n\t\t\t\t\t\t\t<p>La tensi\u00f3n del agua en el suelo suele cambiar algunos cb\/d\u00eda.<\/p><p>Una vez que se dispone de la herramienta de apoyo a la toma de decisiones, la visualizaci\u00f3n, el asesoramiento y la decisi\u00f3n se toman semanalmente, a veces quincenalmente. Esto permite un buen control, sin volverse tedioso.<\/p><p>El intervalo adecuado entre 2 mediciones es de 4 a 6 horas, excepto en casos muy especiales.<\/p><p>La frecuencia de env\u00edo necesaria de 4 a 6 l\u00edneas de datos puede ser diaria o incluso dos veces al d\u00eda en suelo ligero.<\/p><p>Estos int\u00e9rvalos est\u00e1n adaptados a la tensiometr\u00eda.<\/p>\t\t\t\t\t\t<\/div>\n\t\t\t\t<\/div>\n\t\t\t\t<div class=\"elementor-element elementor-element-948e8b0 elementor-widget elementor-widget-heading\" data-id=\"948e8b0\" data-element_type=\"widget\" data-widget_type=\"heading.default\">\n\t\t\t\t<div class=\"elementor-widget-container\">\n\t\t\t<h3 class=\"elementor-heading-title elementor-size-default\">Frecuencias anormales<\/h3>\t\t<\/div>\n\t\t\t\t<\/div>\n\t\t\t\t<div class=\"elementor-element elementor-element-5aaca8f elementor-widget elementor-widget-text-editor\" data-id=\"5aaca8f\" data-element_type=\"widget\" data-widget_type=\"text-editor.default\">\n\t\t\t\t<div class=\"elementor-widget-container\">\n\t\t\t\t\t\t\t<p>Ciertas centrales con multisensores no pueden adaptarse al suelo. Por ejemplo, una medici\u00f3n cada 15 minutos produce 8640 mediciones durante 3 meses, el equivalente a m\u00e1s de 5 a\u00f1os de mediciones.<\/p><p>Asi cansamos los sensores innecesariamente en solo 1 a\u00f1o de uso.<\/p><p>El int\u00e9rvalo de determinadas soluciones, en una frecuencia de medici\u00f3n innecesariamente alta, no es una buena idea.<\/p>\t\t\t\t\t\t<\/div>\n\t\t\t\t<\/div>\n\t\t\t\t<div class=\"elementor-element elementor-element-f9c35c1 elementor-widget elementor-widget-heading\" data-id=\"f9c35c1\" data-element_type=\"widget\" data-widget_type=\"heading.default\">\n\t\t\t\t<div class=\"elementor-widget-container\">\n\t\t\t<h2 class=\"elementor-heading-title elementor-size-default\">Prueba de las sondas<\/h2>\t\t<\/div>\n\t\t\t\t<\/div>\n\t\t\t\t<div class=\"elementor-element elementor-element-72d9d89 elementor-widget elementor-widget-text-editor\" data-id=\"72d9d89\" data-element_type=\"widget\" data-widget_type=\"text-editor.default\">\n\t\t\t\t<div class=\"elementor-widget-container\">\n\t\t\t\t\t\t\t<p>El funcionamiento y la vida \u00fatil de las sondas est\u00e1 documentada: Sondas WATERMARK \u00ae<\/p><p>Algunos m\u00e9todos recomiendan una prueba en cada temporada. Por qu\u00e9 no? Pero con la condici\u00f3n de respetar el procedimiento de prueba.<\/p><p>En particular, sumergir las sondas durante 2 minutos en solo 6 cm. de agua.<\/p><p>No los sumerja, ni permita que el agua entre por el orificio de la parte inferior del tubo, si lo hace entonces se arriesgar\u00edan de hacer entrar el agua por el ducto de ventilaci\u00f3n de la la sonda, lo que puede distorsionar la prueba en cuesti\u00f3n.<\/p><p style=\"text-align: center;\"><strong>El contacto suelo \/sonda es esencial.<\/strong><\/p>\t\t\t\t\t\t<\/div>\n\t\t\t\t<\/div>\n\t\t\t\t<div class=\"elementor-element elementor-element-980fb46 elementor-widget elementor-widget-heading\" data-id=\"980fb46\" data-element_type=\"widget\" data-widget_type=\"heading.default\">\n\t\t\t\t<div class=\"elementor-widget-container\">\n\t\t\t<h2 class=\"elementor-heading-title elementor-size-default\">El entubamiento de las sondas<\/h2>\t\t<\/div>\n\t\t\t\t<\/div>\n\t\t\t\t<div class=\"elementor-element elementor-element-5a7e49f elementor-widget elementor-widget-text-editor\" data-id=\"5a7e49f\" data-element_type=\"widget\" data-widget_type=\"text-editor.default\">\n\t\t\t\t<div class=\"elementor-widget-container\">\n\t\t\t\t\t\t\t<p>El entubamiento de PVC de dos di\u00e1metros de 25\/22 mm corresponde al perforador espiral de 25\/22 mm.<\/p><p>Esto permite que las sondas bajen al suelo sin da\u00f1ar su \u00abpiel\u00bb.<\/p><p>Todo asegurando un contacto perfecto con el suelo inalterado.<\/p>\t\t\t\t\t\t<\/div>\n\t\t\t\t<\/div>\n\t\t\t\t<div class=\"elementor-element elementor-element-536da2d elementor-widget elementor-widget-heading\" data-id=\"536da2d\" data-element_type=\"widget\" data-widget_type=\"heading.default\">\n\t\t\t\t<div class=\"elementor-widget-container\">\n\t\t\t<h2 class=\"elementor-heading-title elementor-size-default\">La instalaci\u00f3n<\/h2>\t\t<\/div>\n\t\t\t\t<\/div>\n\t\t\t\t<div class=\"elementor-element elementor-element-960993f elementor-widget elementor-widget-text-editor\" data-id=\"960993f\" data-element_type=\"widget\" data-widget_type=\"text-editor.default\">\n\t\t\t\t<div class=\"elementor-widget-container\">\n\t\t\t\t\t\t\t<p>El pre-agujero debe realizarse con el perforador en espiral, mediante entradas y salidas de 15 cm como m\u00e1ximo, para no comprimir el suelo.<\/p><p>A evitar : herramientas fuera del costado, pre-agujeros m\u00e1s grandes, barro que crea una \u00abcer\u00e1mica\u00bb alrededor de la sonda, lo que podria hacer lento los intercambios con el suelo real.<\/p><p>Vemos estas malas pr\u00e1cticas en algunos videos. Se debe evitar totalmente perturbar o modificar el suelo que queremos observar. Esto est\u00e1 totalmente prohibido<\/p>\t\t\t\t\t\t<\/div>\n\t\t\t\t<\/div>\n\t\t\t\t<div class=\"elementor-element elementor-element-83dbd11 elementor-widget elementor-widget-heading\" data-id=\"83dbd11\" data-element_type=\"widget\" data-widget_type=\"heading.default\">\n\t\t\t\t<div class=\"elementor-widget-container\">\n\t\t\t<h2 class=\"elementor-heading-title elementor-size-default\">\u00bfPodemos prescindir de cables en las sondas WATERMARK \u00ae?<\/h2>\t\t<\/div>\n\t\t\t\t<\/div>\n\t\t\t\t<div class=\"elementor-element elementor-element-07335db elementor-widget elementor-widget-text-editor\" data-id=\"07335db\" data-element_type=\"widget\" data-widget_type=\"text-editor.default\">\n\t\t\t\t<div class=\"elementor-widget-container\">\n\t\t\t\t\t\t\t<p>Mirando hacia atr\u00e1s en el uso del Monitor R2-DX \u00ae (cableado) y R2-XD (no cableado) surge:<\/p><ol><li>En cultivo anual bajo aspersi\u00f3n o goteo con espaciamiento reducido, las 2 soluciones pueden ser equivalentes, a condici\u00f3n de poder ajustar la altura sobre el suelo y respetar el n\u00famero m\u00ednimo de 3 repeticiones x 2 posiciones, como m\u00ednimo.<\/li><li>En el Rrego en l\u00ednea, \u00eddem. El cuidado del suelo es esencial.<\/li><li>En cultivo perenne bajo goteo, la soluci\u00f3n cableada es superior para ajustar la posici\u00f3n correcta de las sondas alrededor de la bombilla. Tambi\u00e9n para proteger la electr\u00f3nica del deshierbe mec\u00e1nico, que se utiliza cada vez m\u00e1s.<\/li><li>Cableado imprescindible tambi\u00e9n en la ecograf\u00eda del bulbo.<\/li><\/ol><p>\u00a0<\/p>\t\t\t\t\t\t<\/div>\n\t\t\t\t<\/div>\n\t\t\t\t\t<\/div>\n\t\t<\/div>\n\t\t\t\t\t<\/div>\n\t\t<\/section>\n\t\t\t\t<\/div>\n\t\t","protected":false},"excerpt":{"rendered":"<p>Tenga cuidado con ciertos desniveles en el terreno.Controlar eficientemente el riego optimiza una estrategia, descrita en numerosas publicaciones cient\u00edficas oficiales, mediante la tensiometr\u00eda.Respetar el suelo :No altere el suelo que desea observar. Siga nuestros consejos sobre la instalaci\u00f3n, extracci\u00f3n y mantenimiento de las sondas.Respete el material, principalmente las frecuencias de medidas tensiom\u00e9tricas.Respete la t\u00e9cnica. Se [&hellip;]<\/p>\n","protected":false},"author":23677,"featured_media":0,"parent":82,"menu_order":11,"comment_status":"closed","ping_status":"closed","template":"","meta":{"_acf_changed":false,"footnotes":""},"acf":[],"yoast_head":"<!-- This site is optimized with the Yoast SEO plugin v22.0 - https:\/\/yoast.com\/wordpress\/plugins\/seo\/ -->\n<title>Tensiometr\u00eda : las buenas practicas - Challenge agriculture<\/title>\n<meta name=\"description\" content=\"Tensiometr\u00eda : las buenas practicas. Un servicio distribuido por Challenge agriculture, hecho en Francia.\" \/>\n<meta name=\"robots\" content=\"index, follow, max-snippet:-1, max-image-preview:large, max-video-preview:-1\" \/>\n<link rel=\"canonical\" href=\"https:\/\/dev.challenge-agriculture.fr\/es\/tensiometria\/buenas-practicas\/\" \/>\n<meta property=\"og:locale\" content=\"fr_FR\" \/>\n<meta property=\"og:type\" content=\"article\" \/>\n<meta property=\"og:title\" content=\"Tensiometr\u00eda : las buenas practicas - Challenge agriculture\" \/>\n<meta property=\"og:description\" content=\"Tensiometr\u00eda : las buenas practicas. Un servicio distribuido por Challenge agriculture, hecho en Francia.\" \/>\n<meta property=\"og:url\" content=\"https:\/\/dev.challenge-agriculture.fr\/es\/tensiometria\/buenas-practicas\/\" \/>\n<meta property=\"og:site_name\" content=\"Challenge Agriculture\" \/>\n<meta property=\"article:modified_time\" content=\"2021-06-08T21:00:42+00:00\" \/>\n<meta property=\"og:image\" content=\"https:\/\/dev.challenge-agriculture.fr\/wp-content\/uploads\/2021\/04\/favicon.png\" \/>\n\t<meta property=\"og:image:width\" content=\"512\" \/>\n\t<meta property=\"og:image:height\" content=\"512\" \/>\n\t<meta property=\"og:image:type\" content=\"image\/png\" \/>\n<meta name=\"twitter:card\" content=\"summary_large_image\" \/>\n<meta name=\"twitter:label1\" content=\"Tiempo de lectura\" \/>\n\t<meta name=\"twitter:data1\" content=\"4 minutos\" \/>\n<script type=\"application\/ld+json\" class=\"yoast-schema-graph\">{\"@context\":\"https:\/\/schema.org\",\"@graph\":[{\"@type\":\"WebPage\",\"@id\":\"https:\/\/dev.challenge-agriculture.fr\/es\/tensiometria\/buenas-practicas\/\",\"url\":\"https:\/\/dev.challenge-agriculture.fr\/es\/tensiometria\/buenas-practicas\/\",\"name\":\"Tensiometr\u00eda : las buenas practicas - Challenge agriculture\",\"isPartOf\":{\"@id\":\"https:\/\/dev.challenge-agriculture.fr\/#website\"},\"datePublished\":\"2019-12-22T17:20:59+00:00\",\"dateModified\":\"2021-06-08T21:00:42+00:00\",\"description\":\"Tensiometr\u00eda : las buenas practicas. Un servicio distribuido por Challenge agriculture, hecho en Francia.\",\"breadcrumb\":{\"@id\":\"https:\/\/dev.challenge-agriculture.fr\/es\/tensiometria\/buenas-practicas\/#breadcrumb\"},\"inLanguage\":\"es\",\"potentialAction\":[{\"@type\":\"ReadAction\",\"target\":[\"https:\/\/dev.challenge-agriculture.fr\/es\/tensiometria\/buenas-practicas\/\"]}]},{\"@type\":\"BreadcrumbList\",\"@id\":\"https:\/\/dev.challenge-agriculture.fr\/es\/tensiometria\/buenas-practicas\/#breadcrumb\",\"itemListElement\":[{\"@type\":\"ListItem\",\"position\":1,\"name\":\"Home\",\"item\":\"https:\/\/dev.challenge-agriculture.fr\/es\/\"},{\"@type\":\"ListItem\",\"position\":2,\"name\":\"Tensiometr\u00eda\",\"item\":\"https:\/\/dev.challenge-agriculture.fr\/es\/tensiometria\/\"},{\"@type\":\"ListItem\",\"position\":3,\"name\":\"Buenas pr\u00e1cticas\"}]},{\"@type\":\"WebSite\",\"@id\":\"https:\/\/dev.challenge-agriculture.fr\/#website\",\"url\":\"https:\/\/dev.challenge-agriculture.fr\/\",\"name\":\"Challenge Agriculture\",\"description\":\"\",\"publisher\":{\"@id\":\"https:\/\/dev.challenge-agriculture.fr\/#organization\"},\"potentialAction\":[{\"@type\":\"SearchAction\",\"target\":{\"@type\":\"EntryPoint\",\"urlTemplate\":\"https:\/\/dev.challenge-agriculture.fr\/?s={search_term_string}\"},\"query-input\":\"required name=search_term_string\"}],\"inLanguage\":\"es\"},{\"@type\":\"Organization\",\"@id\":\"https:\/\/dev.challenge-agriculture.fr\/#organization\",\"name\":\"Challenge Agriculture\",\"url\":\"https:\/\/dev.challenge-agriculture.fr\/\",\"logo\":{\"@type\":\"ImageObject\",\"inLanguage\":\"es\",\"@id\":\"https:\/\/dev.challenge-agriculture.fr\/#\/schema\/logo\/image\/\",\"url\":\"https:\/\/www.challenge-agriculture.fr\/wp-content\/uploads\/2020\/02\/logo-doc.png\",\"contentUrl\":\"https:\/\/www.challenge-agriculture.fr\/wp-content\/uploads\/2020\/02\/logo-doc.png\",\"width\":1497,\"height\":355,\"caption\":\"Challenge Agriculture\"},\"image\":{\"@id\":\"https:\/\/dev.challenge-agriculture.fr\/#\/schema\/logo\/image\/\"}}]}<\/script>\n<!-- \/ Yoast SEO plugin. -->","yoast_head_json":{"title":"Tensiometr\u00eda : las buenas practicas - Challenge agriculture","description":"Tensiometr\u00eda : las buenas practicas. Un servicio distribuido por Challenge agriculture, hecho en Francia.","robots":{"index":"index","follow":"follow","max-snippet":"max-snippet:-1","max-image-preview":"max-image-preview:large","max-video-preview":"max-video-preview:-1"},"canonical":"https:\/\/dev.challenge-agriculture.fr\/es\/tensiometria\/buenas-practicas\/","og_locale":"fr_FR","og_type":"article","og_title":"Tensiometr\u00eda : las buenas practicas - Challenge agriculture","og_description":"Tensiometr\u00eda : las buenas practicas. Un servicio distribuido por Challenge agriculture, hecho en Francia.","og_url":"https:\/\/dev.challenge-agriculture.fr\/es\/tensiometria\/buenas-practicas\/","og_site_name":"Challenge Agriculture","article_modified_time":"2021-06-08T21:00:42+00:00","og_image":[{"width":512,"height":512,"url":"https:\/\/dev.challenge-agriculture.fr\/wp-content\/uploads\/2021\/04\/favicon.png","type":"image\/png"}],"twitter_card":"summary_large_image","twitter_misc":{"Tiempo de lectura":"4 minutos"},"schema":{"@context":"https:\/\/schema.org","@graph":[{"@type":"WebPage","@id":"https:\/\/dev.challenge-agriculture.fr\/es\/tensiometria\/buenas-practicas\/","url":"https:\/\/dev.challenge-agriculture.fr\/es\/tensiometria\/buenas-practicas\/","name":"Tensiometr\u00eda : las buenas practicas - Challenge agriculture","isPartOf":{"@id":"https:\/\/dev.challenge-agriculture.fr\/#website"},"datePublished":"2019-12-22T17:20:59+00:00","dateModified":"2021-06-08T21:00:42+00:00","description":"Tensiometr\u00eda : las buenas practicas. Un servicio distribuido por Challenge agriculture, hecho en Francia.","breadcrumb":{"@id":"https:\/\/dev.challenge-agriculture.fr\/es\/tensiometria\/buenas-practicas\/#breadcrumb"},"inLanguage":"es","potentialAction":[{"@type":"ReadAction","target":["https:\/\/dev.challenge-agriculture.fr\/es\/tensiometria\/buenas-practicas\/"]}]},{"@type":"BreadcrumbList","@id":"https:\/\/dev.challenge-agriculture.fr\/es\/tensiometria\/buenas-practicas\/#breadcrumb","itemListElement":[{"@type":"ListItem","position":1,"name":"Home","item":"https:\/\/dev.challenge-agriculture.fr\/es\/"},{"@type":"ListItem","position":2,"name":"Tensiometr\u00eda","item":"https:\/\/dev.challenge-agriculture.fr\/es\/tensiometria\/"},{"@type":"ListItem","position":3,"name":"Buenas pr\u00e1cticas"}]},{"@type":"WebSite","@id":"https:\/\/dev.challenge-agriculture.fr\/#website","url":"https:\/\/dev.challenge-agriculture.fr\/","name":"Challenge Agriculture","description":"","publisher":{"@id":"https:\/\/dev.challenge-agriculture.fr\/#organization"},"potentialAction":[{"@type":"SearchAction","target":{"@type":"EntryPoint","urlTemplate":"https:\/\/dev.challenge-agriculture.fr\/?s={search_term_string}"},"query-input":"required name=search_term_string"}],"inLanguage":"es"},{"@type":"Organization","@id":"https:\/\/dev.challenge-agriculture.fr\/#organization","name":"Challenge Agriculture","url":"https:\/\/dev.challenge-agriculture.fr\/","logo":{"@type":"ImageObject","inLanguage":"es","@id":"https:\/\/dev.challenge-agriculture.fr\/#\/schema\/logo\/image\/","url":"https:\/\/www.challenge-agriculture.fr\/wp-content\/uploads\/2020\/02\/logo-doc.png","contentUrl":"https:\/\/www.challenge-agriculture.fr\/wp-content\/uploads\/2020\/02\/logo-doc.png","width":1497,"height":355,"caption":"Challenge Agriculture"},"image":{"@id":"https:\/\/dev.challenge-agriculture.fr\/#\/schema\/logo\/image\/"}}]}},"_links":{"self":[{"href":"https:\/\/dev.challenge-agriculture.fr\/es\/wp-json\/wp\/v2\/pages\/14028"}],"collection":[{"href":"https:\/\/dev.challenge-agriculture.fr\/es\/wp-json\/wp\/v2\/pages"}],"about":[{"href":"https:\/\/dev.challenge-agriculture.fr\/es\/wp-json\/wp\/v2\/types\/page"}],"author":[{"embeddable":true,"href":"https:\/\/dev.challenge-agriculture.fr\/es\/wp-json\/wp\/v2\/users\/23677"}],"replies":[{"embeddable":true,"href":"https:\/\/dev.challenge-agriculture.fr\/es\/wp-json\/wp\/v2\/comments?post=14028"}],"version-history":[{"count":10,"href":"https:\/\/dev.challenge-agriculture.fr\/es\/wp-json\/wp\/v2\/pages\/14028\/revisions"}],"predecessor-version":[{"id":29152,"href":"https:\/\/dev.challenge-agriculture.fr\/es\/wp-json\/wp\/v2\/pages\/14028\/revisions\/29152"}],"up":[{"embeddable":true,"href":"https:\/\/dev.challenge-agriculture.fr\/es\/wp-json\/wp\/v2\/pages\/82"}],"wp:attachment":[{"href":"https:\/\/dev.challenge-agriculture.fr\/es\/wp-json\/wp\/v2\/media?parent=14028"}],"curies":[{"name":"wp","href":"https:\/\/api.w.org\/{rel}","templated":true}]}}