{"id":14202,"date":"2019-12-23T18:20:28","date_gmt":"2019-12-23T17:20:28","guid":{"rendered":"https:\/\/www.challenge-agriculture.fr\/?page_id=14202"},"modified":"2021-06-08T22:24:05","modified_gmt":"2021-06-08T20:24:05","slug":"areas-de-aplicacion-2","status":"publish","type":"page","link":"https:\/\/dev.challenge-agriculture.fr\/es\/tensiometria\/areas-de-aplicacion-2\/","title":{"rendered":"Areas de aplicaci\u00f3n"},"content":{"rendered":"\t\t<div data-elementor-type=\"wp-page\" data-elementor-id=\"14202\" class=\"elementor elementor-14202 elementor-11617\" data-elementor-post-type=\"page\">\n\t\t\t\t\t\t<section class=\"elementor-section elementor-top-section elementor-element elementor-element-7232a597 texte_complet elementor-section-boxed elementor-section-height-default elementor-section-height-default\" data-id=\"7232a597\" data-element_type=\"section\">\n\t\t\t\t\t\t<div class=\"elementor-container elementor-column-gap-default\">\n\t\t\t\t\t<div class=\"elementor-column elementor-col-100 elementor-top-column elementor-element elementor-element-2c96ca77\" data-id=\"2c96ca77\" data-element_type=\"column\">\n\t\t\t<div class=\"elementor-widget-wrap elementor-element-populated\">\n\t\t\t\t\t\t<div class=\"elementor-element elementor-element-779a9835 elementor-widget elementor-widget-text-editor\" data-id=\"779a9835\" data-element_type=\"widget\" data-widget_type=\"text-editor.default\">\n\t\t\t\t<div class=\"elementor-widget-container\">\n\t\t\t\t\t\t\t<h2>Tensiometr\u00eda y riego agr\u00edcola<\/h2>\nLa Tensiometr\u00eda, o medici\u00f3n en un marco estructurado, de la tensi\u00f3n (o disponibilidad de agua en el suelo) es una t\u00e9cnica universal, que permite controlar cualquier sistema de riego, sobre cualquier suelo, cualquier cultivo, cualquier clima.\n<p style=\"text-align: center;\"><img fetchpriority=\"high\" decoding=\"async\" width=\"300\" height=\"169\" class=\"wp-image-1526\" src=\"https:\/\/www.challenge-agriculture.fr\/wp-content\/uploads\/2017\/07\/03-moniteur-1-300x169.png\" alt=\"\" \/><\/p>\n<p style=\"text-align: center;\"><a class=\"blue button\" title=\"En savoir plus\" href=\"https:\/\/www.challenge-agriculture.fr\/tensiometrie\/domaines-dapplication\/irrigation-agricole\/\">En savoir plus<\/a><\/p>\n\n<h2>Tensiometr\u00eda y recuperaci\u00f3n de \u00e1rboles trasplantados<\/h2>\nLa Tensiometr\u00eda, observa la salida de las ra\u00edces del cepell\u00f3n trasplantado, para asegurar :\n<ul>\n \t<li>El seguimiento de la recuperaci\u00f3n y enraizamiento de \u00e1rboles trasplantados.<\/li>\n \t<li>La gesti\u00f3n esencial del riego urbano.<\/li>\n<\/ul>\n<p style=\"text-align: center;\"><img decoding=\"async\" width=\"205\" height=\"154\" class=\"wp-image-48\" src=\"https:\/\/www.challenge-agriculture.fr\/wp-content\/uploads\/2016\/02\/Geneve.jpg\" alt=\"\" srcset=\"https:\/\/dev.challenge-agriculture.fr\/wp-content\/uploads\/2016\/02\/Geneve.jpg 205w, https:\/\/dev.challenge-agriculture.fr\/wp-content\/uploads\/2016\/02\/Geneve-150x113.jpg 150w, https:\/\/dev.challenge-agriculture.fr\/wp-content\/uploads\/2016\/02\/Geneve-100x75.jpg 100w, https:\/\/dev.challenge-agriculture.fr\/wp-content\/uploads\/2016\/02\/Geneve-200x150.jpg 200w\" sizes=\"(max-width: 205px) 100vw, 205px\" \/><\/p>\n<p style=\"text-align: center;\"><a class=\"blue button\" title=\"En savoir plus\" href=\"https:\/\/www.challenge-agriculture.fr\/tensiometrie\/domaines-dapplication\/reprise-arbres-transplantes\/\">En savoir plus<\/a><\/p>\n\n<h2>Tensiometr\u00eda y geotecnia<\/h2>\nLa tensiometr\u00eda se utiliza en geotecnia para monitorear la capacidad de carga del suelo, la estabilidad del talud y el trabajo del lecho rocoso.\n<p style=\"text-align: center;\"><img decoding=\"async\" width=\"210\" height=\"135\" class=\"wp-image-59\" src=\"https:\/\/www.challenge-agriculture.fr\/wp-content\/uploads\/2016\/02\/aplan.jpg\" alt=\"\" srcset=\"https:\/\/dev.challenge-agriculture.fr\/wp-content\/uploads\/2016\/02\/aplan.jpg 210w, https:\/\/dev.challenge-agriculture.fr\/wp-content\/uploads\/2016\/02\/aplan-150x96.jpg 150w, https:\/\/dev.challenge-agriculture.fr\/wp-content\/uploads\/2016\/02\/aplan-100x64.jpg 100w, https:\/\/dev.challenge-agriculture.fr\/wp-content\/uploads\/2016\/02\/aplan-200x129.jpg 200w\" sizes=\"(max-width: 210px) 100vw, 210px\" \/><\/p>\n<p style=\"text-align: center;\"><a class=\"blue button\" title=\"En savoir plus\" href=\"https:\/\/www.challenge-agriculture.fr\/tensiometrie\/domaines-dapplication\/geotechnique-portance-et-stabilite-des-sols\/\">En savoir plus<\/a><\/p>\t\t\t\t\t\t<\/div>\n\t\t\t\t<\/div>\n\t\t\t\t\t<\/div>\n\t\t<\/div>\n\t\t\t\t\t<\/div>\n\t\t<\/section>\n\t\t\t\t<\/div>\n\t\t","protected":false},"excerpt":{"rendered":"<p>Tensiometr\u00eda y riego agr\u00edcola La Tensiometr\u00eda, o medici\u00f3n en un marco estructurado, de la tensi\u00f3n (o disponibilidad de agua en el suelo) es una t\u00e9cnica universal, que permite controlar cualquier sistema de riego, sobre cualquier suelo, cualquier cultivo, cualquier clima. En savoir plus Tensiometr\u00eda y recuperaci\u00f3n de \u00e1rboles trasplantados La Tensiometr\u00eda, observa la salida de [&hellip;]<\/p>\n","protected":false},"author":23677,"featured_media":0,"parent":82,"menu_order":12,"comment_status":"closed","ping_status":"closed","template":"","meta":{"_acf_changed":false,"footnotes":""},"acf":[],"yoast_head":"<!-- This site is optimized with the Yoast SEO plugin v22.0 - https:\/\/yoast.com\/wordpress\/plugins\/seo\/ -->\n<title>Tensiometria : areas de aplicacion - Challenge agriculture<\/title>\n<meta name=\"description\" content=\"Tensiometria : areas de aplicacion. Un servicio distribuido por Challenge agriculture, hecho en Francia.\" \/>\n<meta name=\"robots\" content=\"index, follow, max-snippet:-1, max-image-preview:large, max-video-preview:-1\" \/>\n<link rel=\"canonical\" href=\"https:\/\/dev.challenge-agriculture.fr\/es\/tensiometria\/areas-de-aplicacion-2\/\" \/>\n<meta property=\"og:locale\" content=\"fr_FR\" \/>\n<meta property=\"og:type\" content=\"article\" \/>\n<meta property=\"og:title\" content=\"Tensiometria : areas de aplicacion - Challenge agriculture\" \/>\n<meta property=\"og:description\" content=\"Tensiometria : areas de aplicacion. Un servicio distribuido por Challenge agriculture, hecho en Francia.\" \/>\n<meta property=\"og:url\" content=\"https:\/\/dev.challenge-agriculture.fr\/es\/tensiometria\/areas-de-aplicacion-2\/\" \/>\n<meta property=\"og:site_name\" content=\"Challenge Agriculture\" \/>\n<meta property=\"article:modified_time\" content=\"2021-06-08T20:24:05+00:00\" \/>\n<meta property=\"og:image\" content=\"https:\/\/www.challenge-agriculture.fr\/wp-content\/uploads\/2017\/07\/03-moniteur-1-300x169.png\" \/>\n<meta name=\"twitter:card\" content=\"summary_large_image\" \/>\n<meta name=\"twitter:label1\" content=\"Tiempo de lectura\" \/>\n\t<meta name=\"twitter:data1\" content=\"2 minutos\" \/>\n<script type=\"application\/ld+json\" class=\"yoast-schema-graph\">{\"@context\":\"https:\/\/schema.org\",\"@graph\":[{\"@type\":\"WebPage\",\"@id\":\"https:\/\/dev.challenge-agriculture.fr\/es\/tensiometria\/areas-de-aplicacion-2\/\",\"url\":\"https:\/\/dev.challenge-agriculture.fr\/es\/tensiometria\/areas-de-aplicacion-2\/\",\"name\":\"Tensiometria : areas de aplicacion - Challenge agriculture\",\"isPartOf\":{\"@id\":\"https:\/\/dev.challenge-agriculture.fr\/#website\"},\"datePublished\":\"2019-12-23T17:20:28+00:00\",\"dateModified\":\"2021-06-08T20:24:05+00:00\",\"description\":\"Tensiometria : areas de aplicacion. Un servicio distribuido por Challenge agriculture, hecho en Francia.\",\"breadcrumb\":{\"@id\":\"https:\/\/dev.challenge-agriculture.fr\/es\/tensiometria\/areas-de-aplicacion-2\/#breadcrumb\"},\"inLanguage\":\"es\",\"potentialAction\":[{\"@type\":\"ReadAction\",\"target\":[\"https:\/\/dev.challenge-agriculture.fr\/es\/tensiometria\/areas-de-aplicacion-2\/\"]}]},{\"@type\":\"BreadcrumbList\",\"@id\":\"https:\/\/dev.challenge-agriculture.fr\/es\/tensiometria\/areas-de-aplicacion-2\/#breadcrumb\",\"itemListElement\":[{\"@type\":\"ListItem\",\"position\":1,\"name\":\"Home\",\"item\":\"https:\/\/dev.challenge-agriculture.fr\/es\/\"},{\"@type\":\"ListItem\",\"position\":2,\"name\":\"Tensiometr\u00eda\",\"item\":\"https:\/\/dev.challenge-agriculture.fr\/es\/tensiometria\/\"},{\"@type\":\"ListItem\",\"position\":3,\"name\":\"Areas de aplicaci\u00f3n\"}]},{\"@type\":\"WebSite\",\"@id\":\"https:\/\/dev.challenge-agriculture.fr\/#website\",\"url\":\"https:\/\/dev.challenge-agriculture.fr\/\",\"name\":\"Challenge Agriculture\",\"description\":\"\",\"publisher\":{\"@id\":\"https:\/\/dev.challenge-agriculture.fr\/#organization\"},\"potentialAction\":[{\"@type\":\"SearchAction\",\"target\":{\"@type\":\"EntryPoint\",\"urlTemplate\":\"https:\/\/dev.challenge-agriculture.fr\/?s={search_term_string}\"},\"query-input\":\"required name=search_term_string\"}],\"inLanguage\":\"es\"},{\"@type\":\"Organization\",\"@id\":\"https:\/\/dev.challenge-agriculture.fr\/#organization\",\"name\":\"Challenge Agriculture\",\"url\":\"https:\/\/dev.challenge-agriculture.fr\/\",\"logo\":{\"@type\":\"ImageObject\",\"inLanguage\":\"es\",\"@id\":\"https:\/\/dev.challenge-agriculture.fr\/#\/schema\/logo\/image\/\",\"url\":\"https:\/\/www.challenge-agriculture.fr\/wp-content\/uploads\/2020\/02\/logo-doc.png\",\"contentUrl\":\"https:\/\/www.challenge-agriculture.fr\/wp-content\/uploads\/2020\/02\/logo-doc.png\",\"width\":1497,\"height\":355,\"caption\":\"Challenge Agriculture\"},\"image\":{\"@id\":\"https:\/\/dev.challenge-agriculture.fr\/#\/schema\/logo\/image\/\"}}]}<\/script>\n<!-- \/ Yoast SEO plugin. -->","yoast_head_json":{"title":"Tensiometria : areas de aplicacion - Challenge agriculture","description":"Tensiometria : areas de aplicacion. Un servicio distribuido por Challenge agriculture, hecho en Francia.","robots":{"index":"index","follow":"follow","max-snippet":"max-snippet:-1","max-image-preview":"max-image-preview:large","max-video-preview":"max-video-preview:-1"},"canonical":"https:\/\/dev.challenge-agriculture.fr\/es\/tensiometria\/areas-de-aplicacion-2\/","og_locale":"fr_FR","og_type":"article","og_title":"Tensiometria : areas de aplicacion - Challenge agriculture","og_description":"Tensiometria : areas de aplicacion. Un servicio distribuido por Challenge agriculture, hecho en Francia.","og_url":"https:\/\/dev.challenge-agriculture.fr\/es\/tensiometria\/areas-de-aplicacion-2\/","og_site_name":"Challenge Agriculture","article_modified_time":"2021-06-08T20:24:05+00:00","og_image":[{"url":"https:\/\/www.challenge-agriculture.fr\/wp-content\/uploads\/2017\/07\/03-moniteur-1-300x169.png"}],"twitter_card":"summary_large_image","twitter_misc":{"Tiempo de lectura":"2 minutos"},"schema":{"@context":"https:\/\/schema.org","@graph":[{"@type":"WebPage","@id":"https:\/\/dev.challenge-agriculture.fr\/es\/tensiometria\/areas-de-aplicacion-2\/","url":"https:\/\/dev.challenge-agriculture.fr\/es\/tensiometria\/areas-de-aplicacion-2\/","name":"Tensiometria : areas de aplicacion - Challenge agriculture","isPartOf":{"@id":"https:\/\/dev.challenge-agriculture.fr\/#website"},"datePublished":"2019-12-23T17:20:28+00:00","dateModified":"2021-06-08T20:24:05+00:00","description":"Tensiometria : areas de aplicacion. Un servicio distribuido por Challenge agriculture, hecho en Francia.","breadcrumb":{"@id":"https:\/\/dev.challenge-agriculture.fr\/es\/tensiometria\/areas-de-aplicacion-2\/#breadcrumb"},"inLanguage":"es","potentialAction":[{"@type":"ReadAction","target":["https:\/\/dev.challenge-agriculture.fr\/es\/tensiometria\/areas-de-aplicacion-2\/"]}]},{"@type":"BreadcrumbList","@id":"https:\/\/dev.challenge-agriculture.fr\/es\/tensiometria\/areas-de-aplicacion-2\/#breadcrumb","itemListElement":[{"@type":"ListItem","position":1,"name":"Home","item":"https:\/\/dev.challenge-agriculture.fr\/es\/"},{"@type":"ListItem","position":2,"name":"Tensiometr\u00eda","item":"https:\/\/dev.challenge-agriculture.fr\/es\/tensiometria\/"},{"@type":"ListItem","position":3,"name":"Areas de aplicaci\u00f3n"}]},{"@type":"WebSite","@id":"https:\/\/dev.challenge-agriculture.fr\/#website","url":"https:\/\/dev.challenge-agriculture.fr\/","name":"Challenge Agriculture","description":"","publisher":{"@id":"https:\/\/dev.challenge-agriculture.fr\/#organization"},"potentialAction":[{"@type":"SearchAction","target":{"@type":"EntryPoint","urlTemplate":"https:\/\/dev.challenge-agriculture.fr\/?s={search_term_string}"},"query-input":"required name=search_term_string"}],"inLanguage":"es"},{"@type":"Organization","@id":"https:\/\/dev.challenge-agriculture.fr\/#organization","name":"Challenge Agriculture","url":"https:\/\/dev.challenge-agriculture.fr\/","logo":{"@type":"ImageObject","inLanguage":"es","@id":"https:\/\/dev.challenge-agriculture.fr\/#\/schema\/logo\/image\/","url":"https:\/\/www.challenge-agriculture.fr\/wp-content\/uploads\/2020\/02\/logo-doc.png","contentUrl":"https:\/\/www.challenge-agriculture.fr\/wp-content\/uploads\/2020\/02\/logo-doc.png","width":1497,"height":355,"caption":"Challenge Agriculture"},"image":{"@id":"https:\/\/dev.challenge-agriculture.fr\/#\/schema\/logo\/image\/"}}]}},"_links":{"self":[{"href":"https:\/\/dev.challenge-agriculture.fr\/es\/wp-json\/wp\/v2\/pages\/14202"}],"collection":[{"href":"https:\/\/dev.challenge-agriculture.fr\/es\/wp-json\/wp\/v2\/pages"}],"about":[{"href":"https:\/\/dev.challenge-agriculture.fr\/es\/wp-json\/wp\/v2\/types\/page"}],"author":[{"embeddable":true,"href":"https:\/\/dev.challenge-agriculture.fr\/es\/wp-json\/wp\/v2\/users\/23677"}],"replies":[{"embeddable":true,"href":"https:\/\/dev.challenge-agriculture.fr\/es\/wp-json\/wp\/v2\/comments?post=14202"}],"version-history":[{"count":4,"href":"https:\/\/dev.challenge-agriculture.fr\/es\/wp-json\/wp\/v2\/pages\/14202\/revisions"}],"predecessor-version":[{"id":29125,"href":"https:\/\/dev.challenge-agriculture.fr\/es\/wp-json\/wp\/v2\/pages\/14202\/revisions\/29125"}],"up":[{"embeddable":true,"href":"https:\/\/dev.challenge-agriculture.fr\/es\/wp-json\/wp\/v2\/pages\/82"}],"wp:attachment":[{"href":"https:\/\/dev.challenge-agriculture.fr\/es\/wp-json\/wp\/v2\/media?parent=14202"}],"curies":[{"name":"wp","href":"https:\/\/api.w.org\/{rel}","templated":true}]}}