{"id":1640,"date":"2017-11-07T18:29:57","date_gmt":"2017-11-07T17:29:57","guid":{"rendered":"http:\/\/www.challenge-agriculture.fr\/?page_id=1640"},"modified":"2021-04-25T08:20:54","modified_gmt":"2021-04-25T06:20:54","slug":"tensiometro-irrometer","status":"publish","type":"page","link":"https:\/\/dev.challenge-agriculture.fr\/es\/el-equipo\/tensiometro-irrometer\/","title":{"rendered":"Tensiometro IRROMETER \u00ae"},"content":{"rendered":"\t\t<div data-elementor-type=\"wp-page\" data-elementor-id=\"1640\" class=\"elementor elementor-1640 elementor-1635\" data-elementor-post-type=\"page\">\n\t\t\t\t\t\t<section class=\"elementor-section elementor-top-section elementor-element elementor-element-3dcbf4ab elementor-section-boxed elementor-section-height-default elementor-section-height-default\" data-id=\"3dcbf4ab\" data-element_type=\"section\">\n\t\t\t\t\t\t<div class=\"elementor-container elementor-column-gap-default\">\n\t\t\t\t\t<div class=\"elementor-column elementor-col-100 elementor-top-column elementor-element elementor-element-31fae387\" data-id=\"31fae387\" data-element_type=\"column\">\n\t\t\t<div class=\"elementor-widget-wrap elementor-element-populated\">\n\t\t\t\t\t\t<div class=\"elementor-element elementor-element-2a89b606 elementor-widget elementor-widget-text-editor\" data-id=\"2a89b606\" data-element_type=\"widget\" data-widget_type=\"text-editor.default\">\n\t\t\t\t<div class=\"elementor-widget-container\">\n\t\t\t\t\t\t\t<p>Challenge Agriculture est partenaire europ\u00e9en d&#8217;IRROMETER\u00ae depuis 1986, avec distribution exclusive pour la France, Belgique, Pays-Bas, Luxembourg, Italie et Suisse.<\/p><p style=\"text-align: center;\"><a href=\"http:\/\/www.challenge-agriculture.fr\/wp-content\/uploads\/2017\/11\/9PriceList-18-WEB-CHALLENGE_pages1-2.pdf\" target=\"_blank\" rel=\"noopener noreferrer\"><img fetchpriority=\"high\" decoding=\"async\" class=\"aligncenter wp-image-1653 size-medium\" src=\"http:\/\/www.challenge-agriculture.fr\/wp-content\/uploads\/2017\/11\/price_list_irrometer-234x300.jpg\" alt=\"\" width=\"234\" height=\"300\" srcset=\"https:\/\/dev.challenge-agriculture.fr\/wp-content\/uploads\/2017\/11\/price_list_irrometer-234x300.jpg 234w, https:\/\/dev.challenge-agriculture.fr\/wp-content\/uploads\/2017\/11\/price_list_irrometer-300x384.jpg 300w, https:\/\/dev.challenge-agriculture.fr\/wp-content\/uploads\/2017\/11\/price_list_irrometer-117x150.jpg 117w, https:\/\/dev.challenge-agriculture.fr\/wp-content\/uploads\/2017\/11\/price_list_irrometer-100x128.jpg 100w, https:\/\/dev.challenge-agriculture.fr\/wp-content\/uploads\/2017\/11\/price_list_irrometer-150x192.jpg 150w, https:\/\/dev.challenge-agriculture.fr\/wp-content\/uploads\/2017\/11\/price_list_irrometer-200x256.jpg 200w, https:\/\/dev.challenge-agriculture.fr\/wp-content\/uploads\/2017\/11\/price_list_irrometer.jpg 400w\" sizes=\"(max-width: 234px) 100vw, 234px\" \/><\/a><em>Fichier PDF, 2 pages, 346 Ko<\/em><\/p>\t\t\t\t\t\t<\/div>\n\t\t\t\t<\/div>\n\t\t\t\t\t<\/div>\n\t\t<\/div>\n\t\t\t\t\t<\/div>\n\t\t<\/section>\n\t\t\t\t<\/div>\n\t\t","protected":false},"excerpt":{"rendered":"<p>Challenge Agriculture es el m\u00e1rketing compa\u00f1ero de IRROMETER y tamb\u00eden desarrolla productos desde 1986, con la autoridad de distribuci\u00f3n exclusiva para Francia, B\u00e9lgica, Pa\u00edses Bajos, Luxemburgo, Italia, y Suiza. Proporciona el soporte t\u00e9cnico, ventas y servicio de campo. Tambi\u00e9n, ofrece medidas de nitrato y servicios de consulta. Fichier PDF, 2 pages, 346 Ko<\/p>\n","protected":false},"author":3,"featured_media":0,"parent":92,"menu_order":9,"comment_status":"closed","ping_status":"closed","template":"","meta":{"_acf_changed":false,"footnotes":""},"acf":[],"yoast_head":"<!-- This site is optimized with the Yoast SEO plugin v22.0 - https:\/\/yoast.com\/wordpress\/plugins\/seo\/ -->\n<title>El equipo : el tensiometro Irrometer &#x2d; Challenge agriculture<\/title>\n<meta name=\"description\" content=\"El equipo : el tensiometro Irrometer. Un producto distribuido por Challenge agriculture, hecho en Francia.\" \/>\n<meta name=\"robots\" content=\"index, follow, max-snippet:-1, max-image-preview:large, max-video-preview:-1\" \/>\n<link rel=\"canonical\" href=\"https:\/\/dev.challenge-agriculture.fr\/es\/el-equipo\/tensiometro-irrometer\/\" \/>\n<meta property=\"og:locale\" content=\"fr_FR\" \/>\n<meta property=\"og:type\" content=\"article\" \/>\n<meta property=\"og:title\" content=\"El equipo : el tensiometro Irrometer &#x2d; Challenge agriculture\" \/>\n<meta property=\"og:description\" content=\"El equipo : el tensiometro Irrometer. Un producto distribuido por Challenge agriculture, hecho en Francia.\" \/>\n<meta property=\"og:url\" content=\"https:\/\/dev.challenge-agriculture.fr\/es\/el-equipo\/tensiometro-irrometer\/\" \/>\n<meta property=\"og:site_name\" content=\"Challenge Agriculture\" \/>\n<meta property=\"article:modified_time\" content=\"2021-04-25T06:20:54+00:00\" \/>\n<meta property=\"og:image\" content=\"http:\/\/www.challenge-agriculture.fr\/wp-content\/uploads\/2017\/11\/price_list_irrometer-234x300.jpg\" \/>\n<meta name=\"twitter:card\" content=\"summary_large_image\" \/>\n<script type=\"application\/ld+json\" class=\"yoast-schema-graph\">{\"@context\":\"https:\/\/schema.org\",\"@graph\":[{\"@type\":\"WebPage\",\"@id\":\"https:\/\/dev.challenge-agriculture.fr\/es\/el-equipo\/tensiometro-irrometer\/\",\"url\":\"https:\/\/dev.challenge-agriculture.fr\/es\/el-equipo\/tensiometro-irrometer\/\",\"name\":\"El equipo : el tensiometro Irrometer &#x2d; Challenge agriculture\",\"isPartOf\":{\"@id\":\"https:\/\/dev.challenge-agriculture.fr\/#website\"},\"datePublished\":\"2017-11-07T17:29:57+00:00\",\"dateModified\":\"2021-04-25T06:20:54+00:00\",\"description\":\"El equipo : el tensiometro Irrometer. Un producto distribuido por Challenge agriculture, hecho en Francia.\",\"breadcrumb\":{\"@id\":\"https:\/\/dev.challenge-agriculture.fr\/es\/el-equipo\/tensiometro-irrometer\/#breadcrumb\"},\"inLanguage\":\"es\",\"potentialAction\":[{\"@type\":\"ReadAction\",\"target\":[\"https:\/\/dev.challenge-agriculture.fr\/es\/el-equipo\/tensiometro-irrometer\/\"]}]},{\"@type\":\"BreadcrumbList\",\"@id\":\"https:\/\/dev.challenge-agriculture.fr\/es\/el-equipo\/tensiometro-irrometer\/#breadcrumb\",\"itemListElement\":[{\"@type\":\"ListItem\",\"position\":1,\"name\":\"Home\",\"item\":\"https:\/\/dev.challenge-agriculture.fr\/es\/\"},{\"@type\":\"ListItem\",\"position\":2,\"name\":\"El equipo\",\"item\":\"https:\/\/dev.challenge-agriculture.fr\/es\/el-equipo\/\"},{\"@type\":\"ListItem\",\"position\":3,\"name\":\"Tensiometro IRROMETER \u00ae\"}]},{\"@type\":\"WebSite\",\"@id\":\"https:\/\/dev.challenge-agriculture.fr\/#website\",\"url\":\"https:\/\/dev.challenge-agriculture.fr\/\",\"name\":\"Challenge Agriculture\",\"description\":\"\",\"publisher\":{\"@id\":\"https:\/\/dev.challenge-agriculture.fr\/#organization\"},\"potentialAction\":[{\"@type\":\"SearchAction\",\"target\":{\"@type\":\"EntryPoint\",\"urlTemplate\":\"https:\/\/dev.challenge-agriculture.fr\/?s={search_term_string}\"},\"query-input\":\"required name=search_term_string\"}],\"inLanguage\":\"es\"},{\"@type\":\"Organization\",\"@id\":\"https:\/\/dev.challenge-agriculture.fr\/#organization\",\"name\":\"Challenge Agriculture\",\"url\":\"https:\/\/dev.challenge-agriculture.fr\/\",\"logo\":{\"@type\":\"ImageObject\",\"inLanguage\":\"es\",\"@id\":\"https:\/\/dev.challenge-agriculture.fr\/#\/schema\/logo\/image\/\",\"url\":\"https:\/\/www.challenge-agriculture.fr\/wp-content\/uploads\/2020\/02\/logo-doc.png\",\"contentUrl\":\"https:\/\/www.challenge-agriculture.fr\/wp-content\/uploads\/2020\/02\/logo-doc.png\",\"width\":1497,\"height\":355,\"caption\":\"Challenge Agriculture\"},\"image\":{\"@id\":\"https:\/\/dev.challenge-agriculture.fr\/#\/schema\/logo\/image\/\"}}]}<\/script>\n<!-- \/ Yoast SEO plugin. -->","yoast_head_json":{"title":"El equipo : el tensiometro Irrometer &#x2d; Challenge agriculture","description":"El equipo : el tensiometro Irrometer. Un producto distribuido por Challenge agriculture, hecho en Francia.","robots":{"index":"index","follow":"follow","max-snippet":"max-snippet:-1","max-image-preview":"max-image-preview:large","max-video-preview":"max-video-preview:-1"},"canonical":"https:\/\/dev.challenge-agriculture.fr\/es\/el-equipo\/tensiometro-irrometer\/","og_locale":"fr_FR","og_type":"article","og_title":"El equipo : el tensiometro Irrometer &#x2d; Challenge agriculture","og_description":"El equipo : el tensiometro Irrometer. Un producto distribuido por Challenge agriculture, hecho en Francia.","og_url":"https:\/\/dev.challenge-agriculture.fr\/es\/el-equipo\/tensiometro-irrometer\/","og_site_name":"Challenge Agriculture","article_modified_time":"2021-04-25T06:20:54+00:00","og_image":[{"url":"http:\/\/www.challenge-agriculture.fr\/wp-content\/uploads\/2017\/11\/price_list_irrometer-234x300.jpg"}],"twitter_card":"summary_large_image","schema":{"@context":"https:\/\/schema.org","@graph":[{"@type":"WebPage","@id":"https:\/\/dev.challenge-agriculture.fr\/es\/el-equipo\/tensiometro-irrometer\/","url":"https:\/\/dev.challenge-agriculture.fr\/es\/el-equipo\/tensiometro-irrometer\/","name":"El equipo : el tensiometro Irrometer &#x2d; Challenge agriculture","isPartOf":{"@id":"https:\/\/dev.challenge-agriculture.fr\/#website"},"datePublished":"2017-11-07T17:29:57+00:00","dateModified":"2021-04-25T06:20:54+00:00","description":"El equipo : el tensiometro Irrometer. Un producto distribuido por Challenge agriculture, hecho en Francia.","breadcrumb":{"@id":"https:\/\/dev.challenge-agriculture.fr\/es\/el-equipo\/tensiometro-irrometer\/#breadcrumb"},"inLanguage":"es","potentialAction":[{"@type":"ReadAction","target":["https:\/\/dev.challenge-agriculture.fr\/es\/el-equipo\/tensiometro-irrometer\/"]}]},{"@type":"BreadcrumbList","@id":"https:\/\/dev.challenge-agriculture.fr\/es\/el-equipo\/tensiometro-irrometer\/#breadcrumb","itemListElement":[{"@type":"ListItem","position":1,"name":"Home","item":"https:\/\/dev.challenge-agriculture.fr\/es\/"},{"@type":"ListItem","position":2,"name":"El equipo","item":"https:\/\/dev.challenge-agriculture.fr\/es\/el-equipo\/"},{"@type":"ListItem","position":3,"name":"Tensiometro IRROMETER \u00ae"}]},{"@type":"WebSite","@id":"https:\/\/dev.challenge-agriculture.fr\/#website","url":"https:\/\/dev.challenge-agriculture.fr\/","name":"Challenge Agriculture","description":"","publisher":{"@id":"https:\/\/dev.challenge-agriculture.fr\/#organization"},"potentialAction":[{"@type":"SearchAction","target":{"@type":"EntryPoint","urlTemplate":"https:\/\/dev.challenge-agriculture.fr\/?s={search_term_string}"},"query-input":"required name=search_term_string"}],"inLanguage":"es"},{"@type":"Organization","@id":"https:\/\/dev.challenge-agriculture.fr\/#organization","name":"Challenge Agriculture","url":"https:\/\/dev.challenge-agriculture.fr\/","logo":{"@type":"ImageObject","inLanguage":"es","@id":"https:\/\/dev.challenge-agriculture.fr\/#\/schema\/logo\/image\/","url":"https:\/\/www.challenge-agriculture.fr\/wp-content\/uploads\/2020\/02\/logo-doc.png","contentUrl":"https:\/\/www.challenge-agriculture.fr\/wp-content\/uploads\/2020\/02\/logo-doc.png","width":1497,"height":355,"caption":"Challenge Agriculture"},"image":{"@id":"https:\/\/dev.challenge-agriculture.fr\/#\/schema\/logo\/image\/"}}]}},"_links":{"self":[{"href":"https:\/\/dev.challenge-agriculture.fr\/es\/wp-json\/wp\/v2\/pages\/1640"}],"collection":[{"href":"https:\/\/dev.challenge-agriculture.fr\/es\/wp-json\/wp\/v2\/pages"}],"about":[{"href":"https:\/\/dev.challenge-agriculture.fr\/es\/wp-json\/wp\/v2\/types\/page"}],"author":[{"embeddable":true,"href":"https:\/\/dev.challenge-agriculture.fr\/es\/wp-json\/wp\/v2\/users\/3"}],"replies":[{"embeddable":true,"href":"https:\/\/dev.challenge-agriculture.fr\/es\/wp-json\/wp\/v2\/comments?post=1640"}],"version-history":[{"count":3,"href":"https:\/\/dev.challenge-agriculture.fr\/es\/wp-json\/wp\/v2\/pages\/1640\/revisions"}],"predecessor-version":[{"id":28762,"href":"https:\/\/dev.challenge-agriculture.fr\/es\/wp-json\/wp\/v2\/pages\/1640\/revisions\/28762"}],"up":[{"embeddable":true,"href":"https:\/\/dev.challenge-agriculture.fr\/es\/wp-json\/wp\/v2\/pages\/92"}],"wp:attachment":[{"href":"https:\/\/dev.challenge-agriculture.fr\/es\/wp-json\/wp\/v2\/media?parent=1640"}],"curies":[{"name":"wp","href":"https:\/\/api.w.org\/{rel}","templated":true}]}}