{"id":29160,"date":"2021-06-08T23:09:26","date_gmt":"2021-06-08T21:09:26","guid":{"rendered":"https:\/\/www.challenge-agriculture.fr\/?page_id=29160"},"modified":"2021-06-08T23:15:07","modified_gmt":"2021-06-08T21:15:07","slug":"arduino-la-referencia-de-la-fuente-abierta","status":"publish","type":"page","link":"https:\/\/dev.challenge-agriculture.fr\/es\/electronico\/arduino-la-referencia-de-la-fuente-abierta\/","title":{"rendered":"Arduino, la referencia de la fuente abierta"},"content":{"rendered":"\t\t<div data-elementor-type=\"wp-page\" data-elementor-id=\"29160\" class=\"elementor elementor-29160 elementor-18472\" data-elementor-post-type=\"page\">\n\t\t\t\t\t\t<section class=\"elementor-section elementor-top-section elementor-element elementor-element-dcc1454 elementor-section-boxed elementor-section-height-default elementor-section-height-default\" data-id=\"dcc1454\" data-element_type=\"section\">\n\t\t\t\t\t\t<div class=\"elementor-container elementor-column-gap-default\">\n\t\t\t\t\t<div class=\"elementor-column elementor-col-100 elementor-top-column elementor-element elementor-element-28b86484\" data-id=\"28b86484\" data-element_type=\"column\">\n\t\t\t<div class=\"elementor-widget-wrap elementor-element-populated\">\n\t\t\t\t\t\t<div class=\"elementor-element elementor-element-167fab07 elementor-widget elementor-widget-text-editor\" data-id=\"167fab07\" data-element_type=\"widget\" data-widget_type=\"text-editor.default\">\n\t\t\t\t<div class=\"elementor-widget-container\">\n\t\t\t\t\t\t\t<div class=\"wp-block-image\">\n<figure class=\"aligncenter size-full is-resized\"><img fetchpriority=\"high\" decoding=\"async\" class=\"wp-image-18504\" src=\"https:\/\/www.challenge-agriculture.fr\/wp-content\/uploads\/2020\/01\/vlc_2019-12-16_14-21-35.png\" alt=\"\" width=\"412\" height=\"226\"><\/figure>\n<\/div>\n<p>Arduino se ha convertido en el cerebro de decenas de miles de proyectos, que van desde objetos cotidianos hasta complejos instrumentos cient\u00edficos. Una comunidad global de creadores (estudiantes, aficionados, artistas, programadores y profesionales) se ha unido en torno a esta plataforma de fuente abierta. Sus contribuciones han agregado una incre\u00edble cantidad de conocimiento accesible para todos.<\/p>\n<p>Una gran ayuda tanto para principiantes como para expertos.<\/p>\n<p>Arduino naci\u00f3 en Tur\u00edn, en un entorno universitario e industrial, para facilitar la creaci\u00f3n r\u00e1pida de prototipos, destinada a los estudiantes sin formaci\u00f3n en electr\u00f3nica o programaci\u00f3n.<\/p>\n<p>Al llegar a una comunidad m\u00e1s amplia, la placa Arduino Uno ha evolucionado para adaptarse a las nuevas necesidades y desaf\u00edos, diferenciando su oferta para aplicaciones IoT, impresi\u00f3n 3D, entornos integrados &#8230;<\/p>\n<p>Las placas Arduino simplifican el uso del microcontrolador y son completamente de fuente abierta. Los planos de las placas Arduino se publican bajo una licencia Creative Commons, a fin que los dise\u00f1adores de circuitos experimentados puedan crear su propia versi\u00f3n del m\u00f3dulo, ampliarlo y mejorarlo.<\/p>\n<p>El c\u00f3digo es igualmente de fuente abierta y se desarrolla gracias a las contribuciones de usuarios de todo el mundo.<br><\/p>\n<p>\u2022 Multiplataforma: el software Arduino (IDE) se ejecuta en los sistemas operativos Windows, Macintosh OSX y Linux. La mayor\u00eda de los sistemas relacionados con los microcontroladores se limitan a Windows.<\/p>\n<p><img decoding=\"async\" class=\"wp-image-18498 aligncenter\" src=\"https:\/\/www.challenge-agriculture.fr\/wp-content\/uploads\/2020\/01\/vlc_2019-12-16_13-27-32.png\" alt=\"\" width=\"412\" height=\"232\"><\/p>\n<h2>\u00bfPor qu\u00e9 elegir Arduino?<\/h2>\n<p>Gracias a su experiencia de usuario simple y accesible, Arduino se utiliza en miles de proyectos y aplicaciones diferentes. El software Arduino (IDE) es f\u00e1cil de usar para principiantes, pero lo suficientemente flexible para usuarios avanzados.<\/p><p>Funciona en Mac, Windows y Linux. Los profesores y los estudiantes lo utilizan para construir instrumentos cient\u00edficos de bajo costo, para probar los principios de la qu\u00edmica y la f\u00edsica, o para ingresar a la programaci\u00f3n y la rob\u00f3tica.<\/p><p>Su lenguaje b\u00e1sico AVR-C se puede ampliar a trav\u00e9s de bibliotecas C ++.<br><\/p><p>Los dise\u00f1adores y arquitectos construyen prototipos interactivos, los m\u00fasicos y artistas lo utilizan para instalaciones y para experimentar con nuevos instrumentos musicales.<\/p><p>Los creadores, por supuesto, lo usan para construir muchos proyectos que se exhiben en Maker Faire, por ejemplo.<\/p><p>Arduino es una herramienta clave para aprender cosas nuevas. Los ni\u00f1os, aficionados, artistas y desarrolladores pueden comenzar a hacer manualidades, siguiendo las instrucciones paso a paso de un kit o intercambiando ideas en l\u00ednea con otros miembros de la comunidad Arduino.<\/p>\n\n<h2>\u00bfC\u00f3mo utilizar Arduino?<\/h2>\n\nConsulte la gu\u00eda de introducci\u00f3n. Si est\u00e1 buscando inspiraci\u00f3n, puede encontrar una amplia variedad de tutoriales en Arduino Project Hub.\nEl texto de la gu\u00eda de arranque Arduino tiene la licencia Creative Commons Attribution &#8211; ShareAlike 3.0. Los ejemplos de c\u00f3digo de la gu\u00eda estan publicados en el dominio p\u00fablico.\n\n\n<div class=\"wp-block-image\">\n<figure class=\"aligncenter size-large is-resized\"><a href=\"https:\/\/www.arduino.cc\/\"><img decoding=\"async\" class=\"wp-image-18536\" src=\"https:\/\/www.challenge-agriculture.fr\/wp-content\/uploads\/2020\/01\/Arduino-logo.jpg\" alt=\"\" width=\"222\" height=\"142\" srcset=\"https:\/\/dev.challenge-agriculture.fr\/wp-content\/uploads\/2020\/01\/Arduino-logo.jpg 444w, https:\/\/dev.challenge-agriculture.fr\/wp-content\/uploads\/2020\/01\/Arduino-logo-300x191.jpg 300w, https:\/\/dev.challenge-agriculture.fr\/wp-content\/uploads\/2020\/01\/Arduino-logo-150x96.jpg 150w\" sizes=\"(max-width: 222px) 100vw, 222px\" \/><\/a><\/figure>\n<\/div>\t\t\t\t\t\t<\/div>\n\t\t\t\t<\/div>\n\t\t\t\t\t<\/div>\n\t\t<\/div>\n\t\t\t\t\t<\/div>\n\t\t<\/section>\n\t\t\t\t<\/div>\n\t\t","protected":false},"excerpt":{"rendered":"<p>Arduino se ha convertido en el cerebro de decenas de miles de proyectos, que van desde objetos cotidianos hasta complejos instrumentos cient\u00edficos. Una comunidad global de creadores (estudiantes, aficionados, artistas, programadores y profesionales) se ha unido en torno a esta plataforma de fuente abierta. Sus contribuciones han agregado una incre\u00edble cantidad de conocimiento accesible para [&hellip;]<\/p>\n","protected":false},"author":23677,"featured_media":0,"parent":29162,"menu_order":0,"comment_status":"closed","ping_status":"closed","template":"","meta":{"_acf_changed":false,"footnotes":""},"acf":[],"yoast_head":"<!-- This site is optimized with the Yoast SEO plugin v22.0 - https:\/\/yoast.com\/wordpress\/plugins\/seo\/ -->\n<title>Arduino, la referencia de la fuente abierta - Challenge Agriculture<\/title>\n<meta name=\"robots\" content=\"index, follow, max-snippet:-1, max-image-preview:large, max-video-preview:-1\" \/>\n<link rel=\"canonical\" href=\"https:\/\/dev.challenge-agriculture.fr\/es\/electronico\/arduino-la-referencia-de-la-fuente-abierta\/\" \/>\n<meta property=\"og:locale\" content=\"fr_FR\" \/>\n<meta property=\"og:type\" content=\"article\" \/>\n<meta property=\"og:title\" content=\"Arduino, la referencia de la fuente abierta - Challenge Agriculture\" \/>\n<meta property=\"og:description\" content=\"Arduino se ha convertido en el cerebro de decenas de miles de proyectos, que van desde objetos cotidianos hasta complejos instrumentos cient\u00edficos. Una comunidad global de creadores (estudiantes, aficionados, artistas, programadores y profesionales) se ha unido en torno a esta plataforma de fuente abierta. Sus contribuciones han agregado una incre\u00edble cantidad de conocimiento accesible para [&hellip;]\" \/>\n<meta property=\"og:url\" content=\"https:\/\/dev.challenge-agriculture.fr\/es\/electronico\/arduino-la-referencia-de-la-fuente-abierta\/\" \/>\n<meta property=\"og:site_name\" content=\"Challenge Agriculture\" \/>\n<meta property=\"article:modified_time\" content=\"2021-06-08T21:15:07+00:00\" \/>\n<meta property=\"og:image\" content=\"https:\/\/www.challenge-agriculture.fr\/wp-content\/uploads\/2020\/01\/vlc_2019-12-16_14-21-35.png\" \/>\n<meta name=\"twitter:card\" content=\"summary_large_image\" \/>\n<meta name=\"twitter:label1\" content=\"Tiempo de lectura\" \/>\n\t<meta name=\"twitter:data1\" content=\"3 minutos\" \/>\n<script type=\"application\/ld+json\" class=\"yoast-schema-graph\">{\"@context\":\"https:\/\/schema.org\",\"@graph\":[{\"@type\":\"WebPage\",\"@id\":\"https:\/\/dev.challenge-agriculture.fr\/es\/electronico\/arduino-la-referencia-de-la-fuente-abierta\/\",\"url\":\"https:\/\/dev.challenge-agriculture.fr\/es\/electronico\/arduino-la-referencia-de-la-fuente-abierta\/\",\"name\":\"Arduino, la referencia de la fuente abierta - Challenge Agriculture\",\"isPartOf\":{\"@id\":\"https:\/\/dev.challenge-agriculture.fr\/#website\"},\"datePublished\":\"2021-06-08T21:09:26+00:00\",\"dateModified\":\"2021-06-08T21:15:07+00:00\",\"breadcrumb\":{\"@id\":\"https:\/\/dev.challenge-agriculture.fr\/es\/electronico\/arduino-la-referencia-de-la-fuente-abierta\/#breadcrumb\"},\"inLanguage\":\"es\",\"potentialAction\":[{\"@type\":\"ReadAction\",\"target\":[\"https:\/\/dev.challenge-agriculture.fr\/es\/electronico\/arduino-la-referencia-de-la-fuente-abierta\/\"]}]},{\"@type\":\"BreadcrumbList\",\"@id\":\"https:\/\/dev.challenge-agriculture.fr\/es\/electronico\/arduino-la-referencia-de-la-fuente-abierta\/#breadcrumb\",\"itemListElement\":[{\"@type\":\"ListItem\",\"position\":1,\"name\":\"Home\",\"item\":\"https:\/\/dev.challenge-agriculture.fr\/es\/\"},{\"@type\":\"ListItem\",\"position\":2,\"name\":\"Electr\u00f3nico\",\"item\":\"https:\/\/dev.challenge-agriculture.fr\/es\/electronico\/\"},{\"@type\":\"ListItem\",\"position\":3,\"name\":\"Arduino, la referencia de la fuente abierta\"}]},{\"@type\":\"WebSite\",\"@id\":\"https:\/\/dev.challenge-agriculture.fr\/#website\",\"url\":\"https:\/\/dev.challenge-agriculture.fr\/\",\"name\":\"Challenge Agriculture\",\"description\":\"\",\"publisher\":{\"@id\":\"https:\/\/dev.challenge-agriculture.fr\/#organization\"},\"potentialAction\":[{\"@type\":\"SearchAction\",\"target\":{\"@type\":\"EntryPoint\",\"urlTemplate\":\"https:\/\/dev.challenge-agriculture.fr\/?s={search_term_string}\"},\"query-input\":\"required name=search_term_string\"}],\"inLanguage\":\"es\"},{\"@type\":\"Organization\",\"@id\":\"https:\/\/dev.challenge-agriculture.fr\/#organization\",\"name\":\"Challenge Agriculture\",\"url\":\"https:\/\/dev.challenge-agriculture.fr\/\",\"logo\":{\"@type\":\"ImageObject\",\"inLanguage\":\"es\",\"@id\":\"https:\/\/dev.challenge-agriculture.fr\/#\/schema\/logo\/image\/\",\"url\":\"https:\/\/www.challenge-agriculture.fr\/wp-content\/uploads\/2020\/02\/logo-doc.png\",\"contentUrl\":\"https:\/\/www.challenge-agriculture.fr\/wp-content\/uploads\/2020\/02\/logo-doc.png\",\"width\":1497,\"height\":355,\"caption\":\"Challenge Agriculture\"},\"image\":{\"@id\":\"https:\/\/dev.challenge-agriculture.fr\/#\/schema\/logo\/image\/\"}}]}<\/script>\n<!-- \/ Yoast SEO plugin. -->","yoast_head_json":{"title":"Arduino, la referencia de la fuente abierta - Challenge Agriculture","robots":{"index":"index","follow":"follow","max-snippet":"max-snippet:-1","max-image-preview":"max-image-preview:large","max-video-preview":"max-video-preview:-1"},"canonical":"https:\/\/dev.challenge-agriculture.fr\/es\/electronico\/arduino-la-referencia-de-la-fuente-abierta\/","og_locale":"fr_FR","og_type":"article","og_title":"Arduino, la referencia de la fuente abierta - Challenge Agriculture","og_description":"Arduino se ha convertido en el cerebro de decenas de miles de proyectos, que van desde objetos cotidianos hasta complejos instrumentos cient\u00edficos. Una comunidad global de creadores (estudiantes, aficionados, artistas, programadores y profesionales) se ha unido en torno a esta plataforma de fuente abierta. Sus contribuciones han agregado una incre\u00edble cantidad de conocimiento accesible para [&hellip;]","og_url":"https:\/\/dev.challenge-agriculture.fr\/es\/electronico\/arduino-la-referencia-de-la-fuente-abierta\/","og_site_name":"Challenge Agriculture","article_modified_time":"2021-06-08T21:15:07+00:00","og_image":[{"url":"https:\/\/www.challenge-agriculture.fr\/wp-content\/uploads\/2020\/01\/vlc_2019-12-16_14-21-35.png"}],"twitter_card":"summary_large_image","twitter_misc":{"Tiempo de lectura":"3 minutos"},"schema":{"@context":"https:\/\/schema.org","@graph":[{"@type":"WebPage","@id":"https:\/\/dev.challenge-agriculture.fr\/es\/electronico\/arduino-la-referencia-de-la-fuente-abierta\/","url":"https:\/\/dev.challenge-agriculture.fr\/es\/electronico\/arduino-la-referencia-de-la-fuente-abierta\/","name":"Arduino, la referencia de la fuente abierta - Challenge Agriculture","isPartOf":{"@id":"https:\/\/dev.challenge-agriculture.fr\/#website"},"datePublished":"2021-06-08T21:09:26+00:00","dateModified":"2021-06-08T21:15:07+00:00","breadcrumb":{"@id":"https:\/\/dev.challenge-agriculture.fr\/es\/electronico\/arduino-la-referencia-de-la-fuente-abierta\/#breadcrumb"},"inLanguage":"es","potentialAction":[{"@type":"ReadAction","target":["https:\/\/dev.challenge-agriculture.fr\/es\/electronico\/arduino-la-referencia-de-la-fuente-abierta\/"]}]},{"@type":"BreadcrumbList","@id":"https:\/\/dev.challenge-agriculture.fr\/es\/electronico\/arduino-la-referencia-de-la-fuente-abierta\/#breadcrumb","itemListElement":[{"@type":"ListItem","position":1,"name":"Home","item":"https:\/\/dev.challenge-agriculture.fr\/es\/"},{"@type":"ListItem","position":2,"name":"Electr\u00f3nico","item":"https:\/\/dev.challenge-agriculture.fr\/es\/electronico\/"},{"@type":"ListItem","position":3,"name":"Arduino, la referencia de la fuente abierta"}]},{"@type":"WebSite","@id":"https:\/\/dev.challenge-agriculture.fr\/#website","url":"https:\/\/dev.challenge-agriculture.fr\/","name":"Challenge Agriculture","description":"","publisher":{"@id":"https:\/\/dev.challenge-agriculture.fr\/#organization"},"potentialAction":[{"@type":"SearchAction","target":{"@type":"EntryPoint","urlTemplate":"https:\/\/dev.challenge-agriculture.fr\/?s={search_term_string}"},"query-input":"required name=search_term_string"}],"inLanguage":"es"},{"@type":"Organization","@id":"https:\/\/dev.challenge-agriculture.fr\/#organization","name":"Challenge Agriculture","url":"https:\/\/dev.challenge-agriculture.fr\/","logo":{"@type":"ImageObject","inLanguage":"es","@id":"https:\/\/dev.challenge-agriculture.fr\/#\/schema\/logo\/image\/","url":"https:\/\/www.challenge-agriculture.fr\/wp-content\/uploads\/2020\/02\/logo-doc.png","contentUrl":"https:\/\/www.challenge-agriculture.fr\/wp-content\/uploads\/2020\/02\/logo-doc.png","width":1497,"height":355,"caption":"Challenge Agriculture"},"image":{"@id":"https:\/\/dev.challenge-agriculture.fr\/#\/schema\/logo\/image\/"}}]}},"_links":{"self":[{"href":"https:\/\/dev.challenge-agriculture.fr\/es\/wp-json\/wp\/v2\/pages\/29160"}],"collection":[{"href":"https:\/\/dev.challenge-agriculture.fr\/es\/wp-json\/wp\/v2\/pages"}],"about":[{"href":"https:\/\/dev.challenge-agriculture.fr\/es\/wp-json\/wp\/v2\/types\/page"}],"author":[{"embeddable":true,"href":"https:\/\/dev.challenge-agriculture.fr\/es\/wp-json\/wp\/v2\/users\/23677"}],"replies":[{"embeddable":true,"href":"https:\/\/dev.challenge-agriculture.fr\/es\/wp-json\/wp\/v2\/comments?post=29160"}],"version-history":[{"count":4,"href":"https:\/\/dev.challenge-agriculture.fr\/es\/wp-json\/wp\/v2\/pages\/29160\/revisions"}],"predecessor-version":[{"id":29166,"href":"https:\/\/dev.challenge-agriculture.fr\/es\/wp-json\/wp\/v2\/pages\/29160\/revisions\/29166"}],"up":[{"embeddable":true,"href":"https:\/\/dev.challenge-agriculture.fr\/es\/wp-json\/wp\/v2\/pages\/29162"}],"wp:attachment":[{"href":"https:\/\/dev.challenge-agriculture.fr\/es\/wp-json\/wp\/v2\/media?parent=29160"}],"curies":[{"name":"wp","href":"https:\/\/api.w.org\/{rel}","templated":true}]}}