{"id":29162,"date":"2021-06-08T23:12:05","date_gmt":"2021-06-08T21:12:05","guid":{"rendered":"https:\/\/www.challenge-agriculture.fr\/?page_id=29162"},"modified":"2021-06-08T23:12:06","modified_gmt":"2021-06-08T21:12:06","slug":"electronico","status":"publish","type":"page","link":"https:\/\/dev.challenge-agriculture.fr\/es\/electronico\/","title":{"rendered":"Electr\u00f3nico"},"content":{"rendered":"\t\t<div data-elementor-type=\"wp-page\" data-elementor-id=\"29162\" class=\"elementor elementor-29162 elementor-8790\" data-elementor-post-type=\"page\">\n\t\t\t\t\t\t<section class=\"elementor-section elementor-top-section elementor-element elementor-element-39d109b8 elementor-section-boxed elementor-section-height-default elementor-section-height-default\" data-id=\"39d109b8\" data-element_type=\"section\">\n\t\t\t\t\t\t<div class=\"elementor-container elementor-column-gap-default\">\n\t\t\t\t\t<div class=\"elementor-column elementor-col-100 elementor-top-column elementor-element elementor-element-721f7a29\" data-id=\"721f7a29\" data-element_type=\"column\">\n\t\t\t<div class=\"elementor-widget-wrap elementor-element-populated\">\n\t\t\t\t\t\t<div class=\"elementor-element elementor-element-7e3b3ffa elementor-widget elementor-widget-text-editor\" data-id=\"7e3b3ffa\" data-element_type=\"widget\" data-widget_type=\"text-editor.default\">\n\t\t\t\t<div class=\"elementor-widget-container\">\n\t\t\t\t\t\t\t<h2>Challenge Agriculture : une sp\u00e9cialisation en Pilotage d&#8217;irrigation depuis 1986<\/h2><p>Notre sp\u00e9cialisation en <strong>Pilotage d&#8217;irrigation<\/strong> depuis 1986, nous a conduits en 2014 (<strong>Mike, Marc et Xavier Eftimakis<\/strong>) \u00e0 fabriquer la <strong>carte \u00e9lectronique <a href=\"https:\/\/www.challenge-agriculture.fr\/materiel\/monitor-r2-dx-watermark\/\">R2-DX<\/a><\/strong>, au service de la <strong>tensiom\u00e9trie<\/strong> et de la <strong>smart-irrigation<\/strong>. Elle remplit bien son r\u00f4le de vulgarisation (3000 unit\u00e9s).<\/p><p>Afin de faciliter un acc\u00e8s mondial peu co\u00fbteux \u00e0 une <strong>\u00e9lectronique de qualit\u00e9<\/strong>, permettant la mise en \u0153uvre correcte de la <strong>tensiom\u00e9trie<\/strong>, nous sommes heureux d&#8217;annoncer un travail avec <strong><a href=\"https:\/\/www.arduino.cc\/\">Arduino<\/a><\/strong>, leader mondial de l&#8217;open-source.<\/p><p>Notre <strong><a href=\"https:\/\/www.challenge-agriculture.fr\/categorie\/espace-makers\/\">espace Makers<\/a><\/strong> fournit les composants <strong>Hardware<\/strong> et <strong>Software<\/strong>, permettant aux fabricants de proposer en quelques semaines des solutions en mati\u00e8re de <strong>pilotage tensiom\u00e9trique de l&#8217;irrigation<\/strong>, \u00e0 des prix imbattables pour des s\u00e9ries &lt; 1000 unit\u00e9s.<\/p><p>L&#8217;originalit\u00e9 des cartes et codes propos\u00e9s dans ce projet <strong>Challenge Agriculture<\/strong> (sp\u00e9cialiste du domaine depuis 30 ans) et <strong>Arduino<\/strong> tient dans le niveau professionnel des mat\u00e9riels qui permettent le <strong>pilotage d&#8217;irrigation<\/strong> et la<strong> smart-irrigation<\/strong>.<\/p>\t\t\t\t\t\t<\/div>\n\t\t\t\t<\/div>\n\t\t\t\t\t<\/div>\n\t\t<\/div>\n\t\t\t\t\t<\/div>\n\t\t<\/section>\n\t\t\t\t<\/div>\n\t\t","protected":false},"excerpt":{"rendered":"","protected":false},"author":23677,"featured_media":0,"parent":0,"menu_order":40,"comment_status":"closed","ping_status":"closed","template":"","meta":{"_acf_changed":false,"footnotes":""},"acf":[],"yoast_head":"<!-- This site is optimized with the Yoast SEO plugin v22.0 - https:\/\/yoast.com\/wordpress\/plugins\/seo\/ -->\n<title>Electr\u00f3nico - Challenge Agriculture<\/title>\n<meta name=\"robots\" content=\"index, follow, max-snippet:-1, max-image-preview:large, max-video-preview:-1\" \/>\n<link rel=\"canonical\" href=\"https:\/\/dev.challenge-agriculture.fr\/es\/electronico\/\" \/>\n<meta property=\"og:locale\" content=\"fr_FR\" \/>\n<meta property=\"og:type\" content=\"article\" \/>\n<meta property=\"og:title\" content=\"Electr\u00f3nico - Challenge Agriculture\" \/>\n<meta property=\"og:url\" content=\"https:\/\/dev.challenge-agriculture.fr\/es\/electronico\/\" \/>\n<meta property=\"og:site_name\" content=\"Challenge Agriculture\" \/>\n<meta property=\"article:modified_time\" content=\"2021-06-08T21:12:06+00:00\" \/>\n<meta property=\"og:image\" content=\"https:\/\/dev.challenge-agriculture.fr\/wp-content\/uploads\/2021\/04\/favicon.png\" \/>\n\t<meta property=\"og:image:width\" content=\"512\" \/>\n\t<meta property=\"og:image:height\" content=\"512\" \/>\n\t<meta property=\"og:image:type\" content=\"image\/png\" \/>\n<meta name=\"twitter:card\" content=\"summary_large_image\" \/>\n<script type=\"application\/ld+json\" class=\"yoast-schema-graph\">{\"@context\":\"https:\/\/schema.org\",\"@graph\":[{\"@type\":\"WebPage\",\"@id\":\"https:\/\/dev.challenge-agriculture.fr\/es\/electronico\/\",\"url\":\"https:\/\/dev.challenge-agriculture.fr\/es\/electronico\/\",\"name\":\"Electr\u00f3nico - Challenge Agriculture\",\"isPartOf\":{\"@id\":\"https:\/\/dev.challenge-agriculture.fr\/#website\"},\"datePublished\":\"2021-06-08T21:12:05+00:00\",\"dateModified\":\"2021-06-08T21:12:06+00:00\",\"breadcrumb\":{\"@id\":\"https:\/\/dev.challenge-agriculture.fr\/es\/electronico\/#breadcrumb\"},\"inLanguage\":\"es\",\"potentialAction\":[{\"@type\":\"ReadAction\",\"target\":[\"https:\/\/dev.challenge-agriculture.fr\/es\/electronico\/\"]}]},{\"@type\":\"BreadcrumbList\",\"@id\":\"https:\/\/dev.challenge-agriculture.fr\/es\/electronico\/#breadcrumb\",\"itemListElement\":[{\"@type\":\"ListItem\",\"position\":1,\"name\":\"Home\",\"item\":\"https:\/\/dev.challenge-agriculture.fr\/es\/\"},{\"@type\":\"ListItem\",\"position\":2,\"name\":\"Electr\u00f3nico\"}]},{\"@type\":\"WebSite\",\"@id\":\"https:\/\/dev.challenge-agriculture.fr\/#website\",\"url\":\"https:\/\/dev.challenge-agriculture.fr\/\",\"name\":\"Challenge Agriculture\",\"description\":\"\",\"publisher\":{\"@id\":\"https:\/\/dev.challenge-agriculture.fr\/#organization\"},\"potentialAction\":[{\"@type\":\"SearchAction\",\"target\":{\"@type\":\"EntryPoint\",\"urlTemplate\":\"https:\/\/dev.challenge-agriculture.fr\/?s={search_term_string}\"},\"query-input\":\"required name=search_term_string\"}],\"inLanguage\":\"es\"},{\"@type\":\"Organization\",\"@id\":\"https:\/\/dev.challenge-agriculture.fr\/#organization\",\"name\":\"Challenge Agriculture\",\"url\":\"https:\/\/dev.challenge-agriculture.fr\/\",\"logo\":{\"@type\":\"ImageObject\",\"inLanguage\":\"es\",\"@id\":\"https:\/\/dev.challenge-agriculture.fr\/#\/schema\/logo\/image\/\",\"url\":\"https:\/\/www.challenge-agriculture.fr\/wp-content\/uploads\/2020\/02\/logo-doc.png\",\"contentUrl\":\"https:\/\/www.challenge-agriculture.fr\/wp-content\/uploads\/2020\/02\/logo-doc.png\",\"width\":1497,\"height\":355,\"caption\":\"Challenge Agriculture\"},\"image\":{\"@id\":\"https:\/\/dev.challenge-agriculture.fr\/#\/schema\/logo\/image\/\"}}]}<\/script>\n<!-- \/ Yoast SEO plugin. -->","yoast_head_json":{"title":"Electr\u00f3nico - Challenge Agriculture","robots":{"index":"index","follow":"follow","max-snippet":"max-snippet:-1","max-image-preview":"max-image-preview:large","max-video-preview":"max-video-preview:-1"},"canonical":"https:\/\/dev.challenge-agriculture.fr\/es\/electronico\/","og_locale":"fr_FR","og_type":"article","og_title":"Electr\u00f3nico - Challenge Agriculture","og_url":"https:\/\/dev.challenge-agriculture.fr\/es\/electronico\/","og_site_name":"Challenge Agriculture","article_modified_time":"2021-06-08T21:12:06+00:00","og_image":[{"width":512,"height":512,"url":"https:\/\/dev.challenge-agriculture.fr\/wp-content\/uploads\/2021\/04\/favicon.png","type":"image\/png"}],"twitter_card":"summary_large_image","schema":{"@context":"https:\/\/schema.org","@graph":[{"@type":"WebPage","@id":"https:\/\/dev.challenge-agriculture.fr\/es\/electronico\/","url":"https:\/\/dev.challenge-agriculture.fr\/es\/electronico\/","name":"Electr\u00f3nico - Challenge Agriculture","isPartOf":{"@id":"https:\/\/dev.challenge-agriculture.fr\/#website"},"datePublished":"2021-06-08T21:12:05+00:00","dateModified":"2021-06-08T21:12:06+00:00","breadcrumb":{"@id":"https:\/\/dev.challenge-agriculture.fr\/es\/electronico\/#breadcrumb"},"inLanguage":"es","potentialAction":[{"@type":"ReadAction","target":["https:\/\/dev.challenge-agriculture.fr\/es\/electronico\/"]}]},{"@type":"BreadcrumbList","@id":"https:\/\/dev.challenge-agriculture.fr\/es\/electronico\/#breadcrumb","itemListElement":[{"@type":"ListItem","position":1,"name":"Home","item":"https:\/\/dev.challenge-agriculture.fr\/es\/"},{"@type":"ListItem","position":2,"name":"Electr\u00f3nico"}]},{"@type":"WebSite","@id":"https:\/\/dev.challenge-agriculture.fr\/#website","url":"https:\/\/dev.challenge-agriculture.fr\/","name":"Challenge Agriculture","description":"","publisher":{"@id":"https:\/\/dev.challenge-agriculture.fr\/#organization"},"potentialAction":[{"@type":"SearchAction","target":{"@type":"EntryPoint","urlTemplate":"https:\/\/dev.challenge-agriculture.fr\/?s={search_term_string}"},"query-input":"required name=search_term_string"}],"inLanguage":"es"},{"@type":"Organization","@id":"https:\/\/dev.challenge-agriculture.fr\/#organization","name":"Challenge Agriculture","url":"https:\/\/dev.challenge-agriculture.fr\/","logo":{"@type":"ImageObject","inLanguage":"es","@id":"https:\/\/dev.challenge-agriculture.fr\/#\/schema\/logo\/image\/","url":"https:\/\/www.challenge-agriculture.fr\/wp-content\/uploads\/2020\/02\/logo-doc.png","contentUrl":"https:\/\/www.challenge-agriculture.fr\/wp-content\/uploads\/2020\/02\/logo-doc.png","width":1497,"height":355,"caption":"Challenge Agriculture"},"image":{"@id":"https:\/\/dev.challenge-agriculture.fr\/#\/schema\/logo\/image\/"}}]}},"_links":{"self":[{"href":"https:\/\/dev.challenge-agriculture.fr\/es\/wp-json\/wp\/v2\/pages\/29162"}],"collection":[{"href":"https:\/\/dev.challenge-agriculture.fr\/es\/wp-json\/wp\/v2\/pages"}],"about":[{"href":"https:\/\/dev.challenge-agriculture.fr\/es\/wp-json\/wp\/v2\/types\/page"}],"author":[{"embeddable":true,"href":"https:\/\/dev.challenge-agriculture.fr\/es\/wp-json\/wp\/v2\/users\/23677"}],"replies":[{"embeddable":true,"href":"https:\/\/dev.challenge-agriculture.fr\/es\/wp-json\/wp\/v2\/comments?post=29162"}],"version-history":[{"count":1,"href":"https:\/\/dev.challenge-agriculture.fr\/es\/wp-json\/wp\/v2\/pages\/29162\/revisions"}],"predecessor-version":[{"id":29163,"href":"https:\/\/dev.challenge-agriculture.fr\/es\/wp-json\/wp\/v2\/pages\/29162\/revisions\/29163"}],"wp:attachment":[{"href":"https:\/\/dev.challenge-agriculture.fr\/es\/wp-json\/wp\/v2\/media?parent=29162"}],"curies":[{"name":"wp","href":"https:\/\/api.w.org\/{rel}","templated":true}]}}