{"id":885,"date":"2017-03-09T10:25:20","date_gmt":"2017-03-09T09:25:20","guid":{"rendered":"http:\/\/www.challenge-agriculture.fr\/?page_id=885"},"modified":"2021-04-25T11:39:08","modified_gmt":"2021-04-25T09:39:08","slug":"inicio","status":"publish","type":"page","link":"https:\/\/dev.challenge-agriculture.fr\/es\/","title":{"rendered":"Inicio"},"content":{"rendered":"\t\t<div data-elementor-type=\"wp-page\" data-elementor-id=\"885\" class=\"elementor elementor-885 elementor-879\" data-elementor-post-type=\"page\">\n\t\t\t\t\t\t<section class=\"elementor-section elementor-top-section elementor-element elementor-element-25734fb elementor-section-boxed elementor-section-height-default elementor-section-height-default\" data-id=\"25734fb\" data-element_type=\"section\">\n\t\t\t\t\t\t<div class=\"elementor-container elementor-column-gap-default\">\n\t\t\t\t\t<div class=\"elementor-column elementor-col-100 elementor-top-column elementor-element elementor-element-1929da8\" data-id=\"1929da8\" data-element_type=\"column\">\n\t\t\t<div class=\"elementor-widget-wrap elementor-element-populated\">\n\t\t\t\t\t\t<div class=\"elementor-element elementor-element-4a37739 elementor-widget elementor-widget-text-editor\" data-id=\"4a37739\" data-element_type=\"widget\" data-widget_type=\"text-editor.default\">\n\t\t\t\t<div class=\"elementor-widget-container\">\n\t\t\t\t\t\t\t<div class=\"flex\"><div class=\"deux_tiers spitch\"><h1 style=\"font-size: 30px; text-align: left;\">Pilotaje de riego, tensiometr\u00eda, Monitor R2-DX, WATERMARK sensors<\/h1><h2>Challenge Agriculture es especialista en tensiometr\u00eda<\/h2><p>La <strong>tensiometr\u00eda<\/strong> permite observar los suelos, medir la disponibilidad del agua para manejar <strong>el riego<\/strong>, en cualquier situaci\u00f3n de cultivo, suelo, clima y equipos de riego.<\/p><p>La <strong>tensiometr\u00eda<\/strong> tambi\u00e9n permite controlar el ascenso capilar, aumentar el potencial h\u00eddrico del perfil, ahorrar agua, conservar y restaurar determinados suelos.<\/p><p><strong>El riego<\/strong> eficiente, como calquiera t\u00e9cnica agr\u00edcola, requiere una estrategia y combina un asesoramiento relevante, un equipamiento adaptado y un uso \u00f3ptimo.<\/p><p><strong>Challenge Agriculture<\/strong> es el buen asesoramiento a trav\u00e9s de la experiencia y publicaciones cient\u00edficas s\u00f3lidas, el material adecuado producido en nuestro taller especializado, un buen uso por parte de la capacitaci\u00f3n y el servicio de campo.<\/p><\/div><div class=\"tiers video_accueil\"><a href=\"https:\/\/www.challenge-agriculture.fr\/tensiometrie\/explication-tensiometrie\/\"><img decoding=\"async\" src=\"\/wp-content\/uploads\/2017\/03\/Schema002.png\" height=\"50\" \/><\/a> <iframe src=\"https:\/\/www.youtube.com\/embed\/QBhkIgs-UkA\" width=\"307\" height=\"181\" frameborder=\"0\" allowfullscreen=\"allowfullscreen\"><\/iframe><\/div><\/div><div class=\"flex encarts_entree\"><div class=\"tiers bd_color\"><h2>34 a\u00f1os de experiencia<\/h2><p><strong>Challenge Agriculture<\/strong> equipa y asesora a agricultores y t\u00e9cnicos en la <strong>gesti\u00f3n del riego<\/strong>.<\/p><p><a href=\"\/es\/tensiometria\/\">Aproveche de nuestra experiencia<\/a><\/p><\/div><div class=\"tiers bd_color\"><h2>Tienda en l\u00ednea<\/h2><p><span style=\"display: inline-block; line-height: 1.4em;\">Descubra nuestras <strong>soluciones<\/strong>, obtenga un <strong>presupuesto<\/strong>, <strong>asesoramiento personalizado<\/strong> y haga su pedido en unos pocos clics. <\/span><\/p><p><a href=\"\/es\/tienda\/\">Acceda a nuestra tienda<\/a><\/p><\/div><div class=\"tiers bd_color\"><h2>Su espacio t\u00e9cnico<\/h2><p><span style=\"display: inline-block; line-height: 1.4em;\">Vea los <strong>gr\u00e1ficos<\/strong> de sus <strong>monitores<\/strong> (temperaturas del suelo \/ aire, <strong> sondas Watermark<\/strong>, pluvi\u00f3metro, medidor, &#8230;) y asesoramiento en l\u00ednea.<\/span><\/p><p><a href=\"\/user\">Acceda a su espacio cliente<\/a><\/p><\/div><\/div>\t\t\t\t\t\t<\/div>\n\t\t\t\t<\/div>\n\t\t\t\t\t<\/div>\n\t\t<\/div>\n\t\t\t\t\t<\/div>\n\t\t<\/section>\n\t\t\t\t<\/div>\n\t\t","protected":false},"excerpt":{"rendered":"<p>Pilotaje de riego, tensiometr\u00eda, Monitor R2-DX, WATERMARK sensors Challenge Agriculture es especialista en tensiometr\u00eda La tensiometr\u00eda permite observar los suelos, medir la disponibilidad del agua para manejar el riego, en cualquier situaci\u00f3n de cultivo, suelo, clima y equipos de riego. La tensiometr\u00eda tambi\u00e9n permite controlar el ascenso capilar, aumentar el potencial h\u00eddrico del perfil, ahorrar [&hellip;]<\/p>\n","protected":false},"author":24155,"featured_media":0,"parent":0,"menu_order":13,"comment_status":"closed","ping_status":"closed","template":"","meta":{"_acf_changed":false,"footnotes":""},"acf":[],"yoast_head":"<!-- This site is optimized with the Yoast SEO plugin v22.0 - https:\/\/yoast.com\/wordpress\/plugins\/seo\/ -->\n<title>Pilotaje de riego con la tensiometria &#x2d; Challenge agriculture<\/title>\n<meta name=\"description\" content=\"Pilotaje de riego con la tensiometria. Productos distribuidos por Challenge agriculture, hechos en Francia.\" \/>\n<meta name=\"robots\" content=\"index, follow, max-snippet:-1, max-image-preview:large, max-video-preview:-1\" \/>\n<link rel=\"canonical\" href=\"https:\/\/dev.challenge-agriculture.fr\/es\/\" \/>\n<meta property=\"og:locale\" content=\"fr_FR\" \/>\n<meta property=\"og:type\" content=\"article\" \/>\n<meta property=\"og:title\" content=\"Pilotaje de riego con la tensiometria &#x2d; Challenge agriculture\" \/>\n<meta property=\"og:description\" content=\"Pilotaje de riego con la tensiometria. Productos distribuidos por Challenge agriculture, hechos en Francia.\" \/>\n<meta property=\"og:url\" content=\"https:\/\/dev.challenge-agriculture.fr\/es\/\" \/>\n<meta property=\"og:site_name\" content=\"Challenge Agriculture\" \/>\n<meta property=\"article:modified_time\" content=\"2021-04-25T09:39:08+00:00\" \/>\n<meta property=\"og:image\" content=\"https:\/\/dev.challenge-agriculture.fr\/wp-content\/uploads\/2021\/04\/favicon.png\" \/>\n\t<meta property=\"og:image:width\" content=\"512\" \/>\n\t<meta property=\"og:image:height\" content=\"512\" \/>\n\t<meta property=\"og:image:type\" content=\"image\/png\" \/>\n<meta name=\"twitter:card\" content=\"summary_large_image\" \/>\n<meta name=\"twitter:label1\" content=\"Tiempo de lectura\" \/>\n\t<meta name=\"twitter:data1\" content=\"1 minuto\" \/>\n<script type=\"application\/ld+json\" class=\"yoast-schema-graph\">{\"@context\":\"https:\/\/schema.org\",\"@graph\":[{\"@type\":\"WebPage\",\"@id\":\"https:\/\/dev.challenge-agriculture.fr\/es\/\",\"url\":\"https:\/\/dev.challenge-agriculture.fr\/es\/\",\"name\":\"Pilotaje de riego con la tensiometria &#x2d; Challenge agriculture\",\"isPartOf\":{\"@id\":\"https:\/\/dev.challenge-agriculture.fr\/#website\"},\"datePublished\":\"2017-03-09T09:25:20+00:00\",\"dateModified\":\"2021-04-25T09:39:08+00:00\",\"description\":\"Pilotaje de riego con la tensiometria. Productos distribuidos por Challenge agriculture, hechos en Francia.\",\"breadcrumb\":{\"@id\":\"https:\/\/dev.challenge-agriculture.fr\/es\/#breadcrumb\"},\"inLanguage\":\"es\",\"potentialAction\":[{\"@type\":\"ReadAction\",\"target\":[\"https:\/\/dev.challenge-agriculture.fr\/es\/\"]}]},{\"@type\":\"BreadcrumbList\",\"@id\":\"https:\/\/dev.challenge-agriculture.fr\/es\/#breadcrumb\",\"itemListElement\":[{\"@type\":\"ListItem\",\"position\":1,\"name\":\"Home\",\"item\":\"https:\/\/dev.challenge-agriculture.fr\/es\/\"},{\"@type\":\"ListItem\",\"position\":2,\"name\":\"Inicio\"}]},{\"@type\":\"WebSite\",\"@id\":\"https:\/\/dev.challenge-agriculture.fr\/#website\",\"url\":\"https:\/\/dev.challenge-agriculture.fr\/\",\"name\":\"Challenge Agriculture\",\"description\":\"\",\"publisher\":{\"@id\":\"https:\/\/dev.challenge-agriculture.fr\/#organization\"},\"potentialAction\":[{\"@type\":\"SearchAction\",\"target\":{\"@type\":\"EntryPoint\",\"urlTemplate\":\"https:\/\/dev.challenge-agriculture.fr\/?s={search_term_string}\"},\"query-input\":\"required name=search_term_string\"}],\"inLanguage\":\"es\"},{\"@type\":\"Organization\",\"@id\":\"https:\/\/dev.challenge-agriculture.fr\/#organization\",\"name\":\"Challenge Agriculture\",\"url\":\"https:\/\/dev.challenge-agriculture.fr\/\",\"logo\":{\"@type\":\"ImageObject\",\"inLanguage\":\"es\",\"@id\":\"https:\/\/dev.challenge-agriculture.fr\/#\/schema\/logo\/image\/\",\"url\":\"https:\/\/www.challenge-agriculture.fr\/wp-content\/uploads\/2020\/02\/logo-doc.png\",\"contentUrl\":\"https:\/\/www.challenge-agriculture.fr\/wp-content\/uploads\/2020\/02\/logo-doc.png\",\"width\":1497,\"height\":355,\"caption\":\"Challenge Agriculture\"},\"image\":{\"@id\":\"https:\/\/dev.challenge-agriculture.fr\/#\/schema\/logo\/image\/\"}}]}<\/script>\n<!-- \/ Yoast SEO plugin. -->","yoast_head_json":{"title":"Pilotaje de riego con la tensiometria &#x2d; Challenge agriculture","description":"Pilotaje de riego con la tensiometria. Productos distribuidos por Challenge agriculture, hechos en Francia.","robots":{"index":"index","follow":"follow","max-snippet":"max-snippet:-1","max-image-preview":"max-image-preview:large","max-video-preview":"max-video-preview:-1"},"canonical":"https:\/\/dev.challenge-agriculture.fr\/es\/","og_locale":"fr_FR","og_type":"article","og_title":"Pilotaje de riego con la tensiometria &#x2d; Challenge agriculture","og_description":"Pilotaje de riego con la tensiometria. Productos distribuidos por Challenge agriculture, hechos en Francia.","og_url":"https:\/\/dev.challenge-agriculture.fr\/es\/","og_site_name":"Challenge Agriculture","article_modified_time":"2021-04-25T09:39:08+00:00","og_image":[{"width":512,"height":512,"url":"https:\/\/dev.challenge-agriculture.fr\/wp-content\/uploads\/2021\/04\/favicon.png","type":"image\/png"}],"twitter_card":"summary_large_image","twitter_misc":{"Tiempo de lectura":"1 minuto"},"schema":{"@context":"https:\/\/schema.org","@graph":[{"@type":"WebPage","@id":"https:\/\/dev.challenge-agriculture.fr\/es\/","url":"https:\/\/dev.challenge-agriculture.fr\/es\/","name":"Pilotaje de riego con la tensiometria &#x2d; Challenge agriculture","isPartOf":{"@id":"https:\/\/dev.challenge-agriculture.fr\/#website"},"datePublished":"2017-03-09T09:25:20+00:00","dateModified":"2021-04-25T09:39:08+00:00","description":"Pilotaje de riego con la tensiometria. Productos distribuidos por Challenge agriculture, hechos en Francia.","breadcrumb":{"@id":"https:\/\/dev.challenge-agriculture.fr\/es\/#breadcrumb"},"inLanguage":"es","potentialAction":[{"@type":"ReadAction","target":["https:\/\/dev.challenge-agriculture.fr\/es\/"]}]},{"@type":"BreadcrumbList","@id":"https:\/\/dev.challenge-agriculture.fr\/es\/#breadcrumb","itemListElement":[{"@type":"ListItem","position":1,"name":"Home","item":"https:\/\/dev.challenge-agriculture.fr\/es\/"},{"@type":"ListItem","position":2,"name":"Inicio"}]},{"@type":"WebSite","@id":"https:\/\/dev.challenge-agriculture.fr\/#website","url":"https:\/\/dev.challenge-agriculture.fr\/","name":"Challenge Agriculture","description":"","publisher":{"@id":"https:\/\/dev.challenge-agriculture.fr\/#organization"},"potentialAction":[{"@type":"SearchAction","target":{"@type":"EntryPoint","urlTemplate":"https:\/\/dev.challenge-agriculture.fr\/?s={search_term_string}"},"query-input":"required name=search_term_string"}],"inLanguage":"es"},{"@type":"Organization","@id":"https:\/\/dev.challenge-agriculture.fr\/#organization","name":"Challenge Agriculture","url":"https:\/\/dev.challenge-agriculture.fr\/","logo":{"@type":"ImageObject","inLanguage":"es","@id":"https:\/\/dev.challenge-agriculture.fr\/#\/schema\/logo\/image\/","url":"https:\/\/www.challenge-agriculture.fr\/wp-content\/uploads\/2020\/02\/logo-doc.png","contentUrl":"https:\/\/www.challenge-agriculture.fr\/wp-content\/uploads\/2020\/02\/logo-doc.png","width":1497,"height":355,"caption":"Challenge Agriculture"},"image":{"@id":"https:\/\/dev.challenge-agriculture.fr\/#\/schema\/logo\/image\/"}}]}},"_links":{"self":[{"href":"https:\/\/dev.challenge-agriculture.fr\/es\/wp-json\/wp\/v2\/pages\/885"}],"collection":[{"href":"https:\/\/dev.challenge-agriculture.fr\/es\/wp-json\/wp\/v2\/pages"}],"about":[{"href":"https:\/\/dev.challenge-agriculture.fr\/es\/wp-json\/wp\/v2\/types\/page"}],"author":[{"embeddable":true,"href":"https:\/\/dev.challenge-agriculture.fr\/es\/wp-json\/wp\/v2\/users\/24155"}],"replies":[{"embeddable":true,"href":"https:\/\/dev.challenge-agriculture.fr\/es\/wp-json\/wp\/v2\/comments?post=885"}],"version-history":[{"count":43,"href":"https:\/\/dev.challenge-agriculture.fr\/es\/wp-json\/wp\/v2\/pages\/885\/revisions"}],"predecessor-version":[{"id":28871,"href":"https:\/\/dev.challenge-agriculture.fr\/es\/wp-json\/wp\/v2\/pages\/885\/revisions\/28871"}],"wp:attachment":[{"href":"https:\/\/dev.challenge-agriculture.fr\/es\/wp-json\/wp\/v2\/media?parent=885"}],"curies":[{"name":"wp","href":"https:\/\/api.w.org\/{rel}","templated":true}]}}