{"id":962,"date":"2017-03-20T14:54:26","date_gmt":"2017-03-20T13:54:26","guid":{"rendered":"http:\/\/www.challenge-agriculture.fr\/?page_id=962"},"modified":"2021-04-24T07:11:35","modified_gmt":"2021-04-24T05:11:35","slug":"costos-y-precios","status":"publish","type":"page","link":"https:\/\/dev.challenge-agriculture.fr\/es\/el-equipo\/costos-y-precios\/","title":{"rendered":"Costos y precios"},"content":{"rendered":"<p>El <a href=\"https:\/\/www.challenge-agriculture.fr\/es\/el-equipo\/monitor-r2-dx-watermark\/\"><strong>monitor R2-DX<\/strong><\/a> cuesta \u20ac 920 HT. El paquete de sensore b\u00e1sico cuesta \u20ac 290 HT (1 sonda de temperatura del suelo y 6 <strong>sensores Watermark<\/strong> + 1 sonda de temperatura del Aire).<br \/>La <strong>tarjeta SIM<\/strong> prepagada cuesta 65 \u20ac HT para la temporada (incluyendo la suscripci\u00f3n y comunicaciones, 120 \u20ac HT para 2 temporadas, 160 \u20ac HT por 3 temporadas.<\/p>\n<p>El pluvi\u00f3metro registrador cuesta 175 \u20ac HT. Para los cultivos grandes hay que montar un brazo telesc\u00f3pico cuyo precio es de 35 \u20ac HT.<\/p>\n<h2>C\u00e1lculo de las economias<\/h2>\n<p>Retroalimentaci\u00f3n de las experiencias en cifras:<br \/>&#8211; Sobre ma\u00edz, el ahorro promedio (en condiciones no limitantes) es de 1,5 turno de agua premedio.<br \/>&#8211; En arboricultura, un manejo profesional con el monitor cuesta de 20 a 30 kg de frutos\/Ha\/a\u00f1o con la esperanza de ganar un calibre entre 2 a 3 T\/Ha\/a\u00f1o y una economia de 20 a 50% en el riego por goteo.<br \/>&#8211; Sobre los cereales, el costo es de 1 quintal \/Ha \/a\u00f1o, la proyecci\u00f3n de ganancia es doble, con optimizaci\u00f3n de m3 utilizado.<\/p>\n<p><strong>Ejemplo completo :<\/strong> <a href=\"\/es\/el-equipo\/costos-y-precios\/ejemplo-del-melon\/\">ganar en la productividad en el mel\u00f3n, en M.Dabilly<\/a>.<br \/><strong>Informe Agralys :<\/strong> <a href=\"https:\/\/www.challenge-agriculture.fr\/wp-content\/uploads\/2016\/02\/AGRALYS.pdf\">sobre el ahorro del agua constatado sobre el ma\u00edz, experimentaciones 2006\/2007<\/a><\/p>\n<p>Para m\u00e1s detalles, <a href=\"https:\/\/www.challenge-agriculture.fr\/wp-content\/uploads\/2016\/02\/COUT-culture-perenne-1.pdf\">aqu\u00ed est\u00e1 la tabla de costos y la depreciaci\u00f3n de los cultivos perennes<\/a><br \/>y la <a href=\"https:\/\/www.challenge-agriculture.fr\/wp-content\/uploads\/2016\/02\/COUT-culture-annuelle.pdf\">tabla de costos y amortizaci\u00f3n en cultivos anuales<\/a>.<\/p>\n<p>\u00a0<\/p>\n\n<p>\u00a0<\/p>\n","protected":false},"excerpt":{"rendered":"<p>El monitor R2-DX cuesta \u20ac 920 HT. El paquete de sensore b\u00e1sico cuesta \u20ac 290 HT (1 sonda de temperatura del suelo y 6 sensores Watermark + 1 sonda de temperatura del Aire).La tarjeta SIM prepagada cuesta 65 \u20ac HT para la temporada (incluyendo la suscripci\u00f3n y comunicaciones, 120 \u20ac HT para 2 temporadas, 160 [&hellip;]<\/p>\n","protected":false},"author":3,"featured_media":0,"parent":92,"menu_order":14,"comment_status":"closed","ping_status":"closed","template":"","meta":{"_acf_changed":false,"footnotes":""},"acf":[],"yoast_head":"<!-- This site is optimized with the Yoast SEO plugin v22.0 - https:\/\/yoast.com\/wordpress\/plugins\/seo\/ -->\n<title>Costos y precios del monitor R2&#x2d;DX &#x2d; Challenge agriculture<\/title>\n<meta name=\"description\" content=\"Costos y precios del monitor R2&#x2d;DX. Un servicio distribuido por Challenge agriculture, hecho en Francia.\" \/>\n<meta name=\"robots\" content=\"index, follow, max-snippet:-1, max-image-preview:large, max-video-preview:-1\" \/>\n<link rel=\"canonical\" href=\"https:\/\/dev.challenge-agriculture.fr\/es\/el-equipo\/costos-y-precios\/\" \/>\n<meta property=\"og:locale\" content=\"fr_FR\" \/>\n<meta property=\"og:type\" content=\"article\" \/>\n<meta property=\"og:title\" content=\"Costos y precios del monitor R2&#x2d;DX &#x2d; Challenge agriculture\" \/>\n<meta property=\"og:description\" content=\"Costos y precios del monitor R2&#x2d;DX. Un servicio distribuido por Challenge agriculture, hecho en Francia.\" \/>\n<meta property=\"og:url\" content=\"https:\/\/dev.challenge-agriculture.fr\/es\/el-equipo\/costos-y-precios\/\" \/>\n<meta property=\"og:site_name\" content=\"Challenge Agriculture\" \/>\n<meta property=\"article:modified_time\" content=\"2021-04-24T05:11:35+00:00\" \/>\n<meta property=\"og:image\" content=\"https:\/\/dev.challenge-agriculture.fr\/wp-content\/uploads\/2021\/04\/favicon.png\" \/>\n\t<meta property=\"og:image:width\" content=\"512\" \/>\n\t<meta property=\"og:image:height\" content=\"512\" \/>\n\t<meta property=\"og:image:type\" content=\"image\/png\" \/>\n<meta name=\"twitter:card\" content=\"summary_large_image\" \/>\n<meta name=\"twitter:label1\" content=\"Tiempo de lectura\" \/>\n\t<meta name=\"twitter:data1\" content=\"1 minuto\" \/>\n<script type=\"application\/ld+json\" class=\"yoast-schema-graph\">{\"@context\":\"https:\/\/schema.org\",\"@graph\":[{\"@type\":\"WebPage\",\"@id\":\"https:\/\/dev.challenge-agriculture.fr\/es\/el-equipo\/costos-y-precios\/\",\"url\":\"https:\/\/dev.challenge-agriculture.fr\/es\/el-equipo\/costos-y-precios\/\",\"name\":\"Costos y precios del monitor R2&#x2d;DX &#x2d; Challenge agriculture\",\"isPartOf\":{\"@id\":\"https:\/\/dev.challenge-agriculture.fr\/#website\"},\"datePublished\":\"2017-03-20T13:54:26+00:00\",\"dateModified\":\"2021-04-24T05:11:35+00:00\",\"description\":\"Costos y precios del monitor R2&#x2d;DX. Un servicio distribuido por Challenge agriculture, hecho en Francia.\",\"breadcrumb\":{\"@id\":\"https:\/\/dev.challenge-agriculture.fr\/es\/el-equipo\/costos-y-precios\/#breadcrumb\"},\"inLanguage\":\"es\",\"potentialAction\":[{\"@type\":\"ReadAction\",\"target\":[\"https:\/\/dev.challenge-agriculture.fr\/es\/el-equipo\/costos-y-precios\/\"]}]},{\"@type\":\"BreadcrumbList\",\"@id\":\"https:\/\/dev.challenge-agriculture.fr\/es\/el-equipo\/costos-y-precios\/#breadcrumb\",\"itemListElement\":[{\"@type\":\"ListItem\",\"position\":1,\"name\":\"Home\",\"item\":\"https:\/\/dev.challenge-agriculture.fr\/es\/\"},{\"@type\":\"ListItem\",\"position\":2,\"name\":\"El equipo\",\"item\":\"https:\/\/dev.challenge-agriculture.fr\/es\/el-equipo\/\"},{\"@type\":\"ListItem\",\"position\":3,\"name\":\"Costos y precios\"}]},{\"@type\":\"WebSite\",\"@id\":\"https:\/\/dev.challenge-agriculture.fr\/#website\",\"url\":\"https:\/\/dev.challenge-agriculture.fr\/\",\"name\":\"Challenge Agriculture\",\"description\":\"\",\"publisher\":{\"@id\":\"https:\/\/dev.challenge-agriculture.fr\/#organization\"},\"potentialAction\":[{\"@type\":\"SearchAction\",\"target\":{\"@type\":\"EntryPoint\",\"urlTemplate\":\"https:\/\/dev.challenge-agriculture.fr\/?s={search_term_string}\"},\"query-input\":\"required name=search_term_string\"}],\"inLanguage\":\"es\"},{\"@type\":\"Organization\",\"@id\":\"https:\/\/dev.challenge-agriculture.fr\/#organization\",\"name\":\"Challenge Agriculture\",\"url\":\"https:\/\/dev.challenge-agriculture.fr\/\",\"logo\":{\"@type\":\"ImageObject\",\"inLanguage\":\"es\",\"@id\":\"https:\/\/dev.challenge-agriculture.fr\/#\/schema\/logo\/image\/\",\"url\":\"https:\/\/www.challenge-agriculture.fr\/wp-content\/uploads\/2020\/02\/logo-doc.png\",\"contentUrl\":\"https:\/\/www.challenge-agriculture.fr\/wp-content\/uploads\/2020\/02\/logo-doc.png\",\"width\":1497,\"height\":355,\"caption\":\"Challenge Agriculture\"},\"image\":{\"@id\":\"https:\/\/dev.challenge-agriculture.fr\/#\/schema\/logo\/image\/\"}}]}<\/script>\n<!-- \/ Yoast SEO plugin. -->","yoast_head_json":{"title":"Costos y precios del monitor R2&#x2d;DX &#x2d; Challenge agriculture","description":"Costos y precios del monitor R2&#x2d;DX. Un servicio distribuido por Challenge agriculture, hecho en Francia.","robots":{"index":"index","follow":"follow","max-snippet":"max-snippet:-1","max-image-preview":"max-image-preview:large","max-video-preview":"max-video-preview:-1"},"canonical":"https:\/\/dev.challenge-agriculture.fr\/es\/el-equipo\/costos-y-precios\/","og_locale":"fr_FR","og_type":"article","og_title":"Costos y precios del monitor R2&#x2d;DX &#x2d; Challenge agriculture","og_description":"Costos y precios del monitor R2&#x2d;DX. Un servicio distribuido por Challenge agriculture, hecho en Francia.","og_url":"https:\/\/dev.challenge-agriculture.fr\/es\/el-equipo\/costos-y-precios\/","og_site_name":"Challenge Agriculture","article_modified_time":"2021-04-24T05:11:35+00:00","og_image":[{"width":512,"height":512,"url":"https:\/\/dev.challenge-agriculture.fr\/wp-content\/uploads\/2021\/04\/favicon.png","type":"image\/png"}],"twitter_card":"summary_large_image","twitter_misc":{"Tiempo de lectura":"1 minuto"},"schema":{"@context":"https:\/\/schema.org","@graph":[{"@type":"WebPage","@id":"https:\/\/dev.challenge-agriculture.fr\/es\/el-equipo\/costos-y-precios\/","url":"https:\/\/dev.challenge-agriculture.fr\/es\/el-equipo\/costos-y-precios\/","name":"Costos y precios del monitor R2&#x2d;DX &#x2d; Challenge agriculture","isPartOf":{"@id":"https:\/\/dev.challenge-agriculture.fr\/#website"},"datePublished":"2017-03-20T13:54:26+00:00","dateModified":"2021-04-24T05:11:35+00:00","description":"Costos y precios del monitor R2&#x2d;DX. Un servicio distribuido por Challenge agriculture, hecho en Francia.","breadcrumb":{"@id":"https:\/\/dev.challenge-agriculture.fr\/es\/el-equipo\/costos-y-precios\/#breadcrumb"},"inLanguage":"es","potentialAction":[{"@type":"ReadAction","target":["https:\/\/dev.challenge-agriculture.fr\/es\/el-equipo\/costos-y-precios\/"]}]},{"@type":"BreadcrumbList","@id":"https:\/\/dev.challenge-agriculture.fr\/es\/el-equipo\/costos-y-precios\/#breadcrumb","itemListElement":[{"@type":"ListItem","position":1,"name":"Home","item":"https:\/\/dev.challenge-agriculture.fr\/es\/"},{"@type":"ListItem","position":2,"name":"El equipo","item":"https:\/\/dev.challenge-agriculture.fr\/es\/el-equipo\/"},{"@type":"ListItem","position":3,"name":"Costos y precios"}]},{"@type":"WebSite","@id":"https:\/\/dev.challenge-agriculture.fr\/#website","url":"https:\/\/dev.challenge-agriculture.fr\/","name":"Challenge Agriculture","description":"","publisher":{"@id":"https:\/\/dev.challenge-agriculture.fr\/#organization"},"potentialAction":[{"@type":"SearchAction","target":{"@type":"EntryPoint","urlTemplate":"https:\/\/dev.challenge-agriculture.fr\/?s={search_term_string}"},"query-input":"required name=search_term_string"}],"inLanguage":"es"},{"@type":"Organization","@id":"https:\/\/dev.challenge-agriculture.fr\/#organization","name":"Challenge Agriculture","url":"https:\/\/dev.challenge-agriculture.fr\/","logo":{"@type":"ImageObject","inLanguage":"es","@id":"https:\/\/dev.challenge-agriculture.fr\/#\/schema\/logo\/image\/","url":"https:\/\/www.challenge-agriculture.fr\/wp-content\/uploads\/2020\/02\/logo-doc.png","contentUrl":"https:\/\/www.challenge-agriculture.fr\/wp-content\/uploads\/2020\/02\/logo-doc.png","width":1497,"height":355,"caption":"Challenge Agriculture"},"image":{"@id":"https:\/\/dev.challenge-agriculture.fr\/#\/schema\/logo\/image\/"}}]}},"_links":{"self":[{"href":"https:\/\/dev.challenge-agriculture.fr\/es\/wp-json\/wp\/v2\/pages\/962"}],"collection":[{"href":"https:\/\/dev.challenge-agriculture.fr\/es\/wp-json\/wp\/v2\/pages"}],"about":[{"href":"https:\/\/dev.challenge-agriculture.fr\/es\/wp-json\/wp\/v2\/types\/page"}],"author":[{"embeddable":true,"href":"https:\/\/dev.challenge-agriculture.fr\/es\/wp-json\/wp\/v2\/users\/3"}],"replies":[{"embeddable":true,"href":"https:\/\/dev.challenge-agriculture.fr\/es\/wp-json\/wp\/v2\/comments?post=962"}],"version-history":[{"count":10,"href":"https:\/\/dev.challenge-agriculture.fr\/es\/wp-json\/wp\/v2\/pages\/962\/revisions"}],"predecessor-version":[{"id":28555,"href":"https:\/\/dev.challenge-agriculture.fr\/es\/wp-json\/wp\/v2\/pages\/962\/revisions\/28555"}],"up":[{"embeddable":true,"href":"https:\/\/dev.challenge-agriculture.fr\/es\/wp-json\/wp\/v2\/pages\/92"}],"wp:attachment":[{"href":"https:\/\/dev.challenge-agriculture.fr\/es\/wp-json\/wp\/v2\/media?parent=962"}],"curies":[{"name":"wp","href":"https:\/\/api.w.org\/{rel}","templated":true}]}}