{"id":976,"date":"2017-03-20T15:06:20","date_gmt":"2017-03-20T14:06:20","guid":{"rendered":"http:\/\/www.challenge-agriculture.fr\/?page_id=976"},"modified":"2021-04-24T10:12:23","modified_gmt":"2021-04-24T08:12:23","slug":"el-servicio","status":"publish","type":"page","link":"https:\/\/dev.challenge-agriculture.fr\/es\/el-servicio\/","title":{"rendered":"El servicio"},"content":{"rendered":"<h3><\/h3>\n<h2>Tensiometr\u00eda : la mejor irrigaci\u00f3n<\/h2>\n<p>La <a href=\"https:\/\/www.challenge-agriculture.fr\/es\/tensiometria\/que-es-la-tensiometria\/\"><strong>tensiometr\u00eda<\/strong><\/a> es muy eficaz para controlar el riego en las explotaciones agr\u00edcolas, a\u00f1o tras a\u00f1o. Esta t\u00e9cnica es l\u00edder en el mundo. La usamos hace 30 a\u00f1os con \u00e9xito en Europa. Francia est\u00e1 en un buen el lugar.<\/p>\n<p>Se trata de asociar el asesoramiento adecuado, el equipo adecuado y la buena utilizaci\u00f3n del mismo.<\/p>\n<p>Nuestro consejo le permite beneficiarse de 30 a\u00f1os de experiencia en el campo, para ir directamente al objetivo de la operaci\u00f3n sin perder tiempo. El servicio pone la herramienta en la mano para obtener los resultados desde la primera temporada.<\/p>\n<p><strong>Una auditor\u00eda t\u00e9cnica &#8211; econ\u00f3mica<\/strong> de la explotaci\u00f3n agr\u00edcola es propuesta para cifrar los vol\u00famenes y n\u00fameros de riego, asi como las parcelas de referencia a seguir.<\/p>\n<p>El material que sale de nuestro taller garantiza una buena representatividad y fiabilidad de las medidas necesarias para una s\u00f3lida toma de decisiones. Con una excelente relaci\u00f3n calidad \/ precio.<\/p>\n<p>Servicios en el campo permiten el uso apropiado del equipo.<\/p>\n<h2>Colocacion\/descolocacion del material<\/h2>\n<p>Dependiendo delas ubicaciones, nosotros y nuestros socios regionales ofrecemos servicio de montaje \/ desmontaje de las sondas, monitor y pluvi\u00f3metro, lo que asegura una instalaci\u00f3n \u00f3ptima de los equipos. No dude en ponerse en contacto con nosotros para obtener m\u00e1s informaci\u00f3n.<\/p>\n<h2>Gr\u00e1fico en l\u00ednea<\/h2>\n<p>Proporciona una presentaci\u00f3n gr\u00e1fica en l\u00ednea en la computadora, smartphone, etc .. permitiendo el consejo de tipo \u00bb un paso adelante \u00bb. Esto quiere decir que nos anticipamos a la evoluci\u00f3n de las <strong>curvas tensiom\u00e9tricas<\/strong> para la pr\u00f3xima semana y planificar asi el riego. (Ver v\u00eddeo) Y va m\u00e1s all\u00e1 de simplemente leer el gr\u00e1fico en tiempo real.<\/p>\n<p>Los datos agrupados tambi\u00e9n se pueden dirigir bajo diversas formas.<\/p>\n<h2>Servicios \u00abA la carta\u00bb<\/h2>\n<p>Proponemos, de acuerdo a la ubicaci\u00f3n, un servicio completo con o sin opci\u00f3n de compra del material, al regante o al t\u00e9cnico con los graficos y el asesoramiento en l\u00ednea, sin preocuparse del material, del mantenimiento o de la puesta en obra.<\/p>\n","protected":false},"excerpt":{"rendered":"<p>Tensiometr\u00eda : la mejor irrigaci\u00f3n La tensiometr\u00eda es muy eficaz para controlar el riego en las explotaciones agr\u00edcolas, a\u00f1o tras a\u00f1o. Esta t\u00e9cnica es l\u00edder en el mundo. La usamos hace 30 a\u00f1os con \u00e9xito en Europa. Francia est\u00e1 en un buen el lugar. Se trata de asociar el asesoramiento adecuado, el equipo adecuado y [&hellip;]<\/p>\n","protected":false},"author":3,"featured_media":0,"parent":0,"menu_order":2,"comment_status":"closed","ping_status":"closed","template":"","meta":{"_acf_changed":false,"footnotes":""},"acf":[],"yoast_head":"<!-- This site is optimized with the Yoast SEO plugin v22.0 - https:\/\/yoast.com\/wordpress\/plugins\/seo\/ -->\n<title>Tensiometria para la mejor irrigacion &#x2d; Challenge agriculture<\/title>\n<meta name=\"description\" content=\"Tensiometria para la mejor irrigacion. Un servicio distribuido por Challenge agriculture, hecho en Francia.\" \/>\n<meta name=\"robots\" content=\"index, follow, max-snippet:-1, max-image-preview:large, max-video-preview:-1\" \/>\n<link rel=\"canonical\" href=\"https:\/\/dev.challenge-agriculture.fr\/es\/el-servicio\/\" \/>\n<meta property=\"og:locale\" content=\"fr_FR\" \/>\n<meta property=\"og:type\" content=\"article\" \/>\n<meta property=\"og:title\" content=\"Tensiometria para la mejor irrigacion &#x2d; Challenge agriculture\" \/>\n<meta property=\"og:description\" content=\"Tensiometria para la mejor irrigacion. Un servicio distribuido por Challenge agriculture, hecho en Francia.\" \/>\n<meta property=\"og:url\" content=\"https:\/\/dev.challenge-agriculture.fr\/es\/el-servicio\/\" \/>\n<meta property=\"og:site_name\" content=\"Challenge Agriculture\" \/>\n<meta property=\"article:modified_time\" content=\"2021-04-24T08:12:23+00:00\" \/>\n<meta property=\"og:image\" content=\"https:\/\/dev.challenge-agriculture.fr\/wp-content\/uploads\/2021\/04\/favicon.png\" \/>\n\t<meta property=\"og:image:width\" content=\"512\" \/>\n\t<meta property=\"og:image:height\" content=\"512\" \/>\n\t<meta property=\"og:image:type\" content=\"image\/png\" \/>\n<meta name=\"twitter:card\" content=\"summary_large_image\" \/>\n<meta name=\"twitter:label1\" content=\"Tiempo de lectura\" \/>\n\t<meta name=\"twitter:data1\" content=\"2 minutos\" \/>\n<script type=\"application\/ld+json\" class=\"yoast-schema-graph\">{\"@context\":\"https:\/\/schema.org\",\"@graph\":[{\"@type\":\"WebPage\",\"@id\":\"https:\/\/dev.challenge-agriculture.fr\/es\/el-servicio\/\",\"url\":\"https:\/\/dev.challenge-agriculture.fr\/es\/el-servicio\/\",\"name\":\"Tensiometria para la mejor irrigacion &#x2d; Challenge agriculture\",\"isPartOf\":{\"@id\":\"https:\/\/dev.challenge-agriculture.fr\/#website\"},\"datePublished\":\"2017-03-20T14:06:20+00:00\",\"dateModified\":\"2021-04-24T08:12:23+00:00\",\"description\":\"Tensiometria para la mejor irrigacion. Un servicio distribuido por Challenge agriculture, hecho en Francia.\",\"breadcrumb\":{\"@id\":\"https:\/\/dev.challenge-agriculture.fr\/es\/el-servicio\/#breadcrumb\"},\"inLanguage\":\"es\",\"potentialAction\":[{\"@type\":\"ReadAction\",\"target\":[\"https:\/\/dev.challenge-agriculture.fr\/es\/el-servicio\/\"]}]},{\"@type\":\"BreadcrumbList\",\"@id\":\"https:\/\/dev.challenge-agriculture.fr\/es\/el-servicio\/#breadcrumb\",\"itemListElement\":[{\"@type\":\"ListItem\",\"position\":1,\"name\":\"Home\",\"item\":\"https:\/\/dev.challenge-agriculture.fr\/es\/\"},{\"@type\":\"ListItem\",\"position\":2,\"name\":\"El servicio\"}]},{\"@type\":\"WebSite\",\"@id\":\"https:\/\/dev.challenge-agriculture.fr\/#website\",\"url\":\"https:\/\/dev.challenge-agriculture.fr\/\",\"name\":\"Challenge Agriculture\",\"description\":\"\",\"publisher\":{\"@id\":\"https:\/\/dev.challenge-agriculture.fr\/#organization\"},\"potentialAction\":[{\"@type\":\"SearchAction\",\"target\":{\"@type\":\"EntryPoint\",\"urlTemplate\":\"https:\/\/dev.challenge-agriculture.fr\/?s={search_term_string}\"},\"query-input\":\"required name=search_term_string\"}],\"inLanguage\":\"es\"},{\"@type\":\"Organization\",\"@id\":\"https:\/\/dev.challenge-agriculture.fr\/#organization\",\"name\":\"Challenge Agriculture\",\"url\":\"https:\/\/dev.challenge-agriculture.fr\/\",\"logo\":{\"@type\":\"ImageObject\",\"inLanguage\":\"es\",\"@id\":\"https:\/\/dev.challenge-agriculture.fr\/#\/schema\/logo\/image\/\",\"url\":\"https:\/\/www.challenge-agriculture.fr\/wp-content\/uploads\/2020\/02\/logo-doc.png\",\"contentUrl\":\"https:\/\/www.challenge-agriculture.fr\/wp-content\/uploads\/2020\/02\/logo-doc.png\",\"width\":1497,\"height\":355,\"caption\":\"Challenge Agriculture\"},\"image\":{\"@id\":\"https:\/\/dev.challenge-agriculture.fr\/#\/schema\/logo\/image\/\"}}]}<\/script>\n<!-- \/ Yoast SEO plugin. -->","yoast_head_json":{"title":"Tensiometria para la mejor irrigacion &#x2d; Challenge agriculture","description":"Tensiometria para la mejor irrigacion. Un servicio distribuido por Challenge agriculture, hecho en Francia.","robots":{"index":"index","follow":"follow","max-snippet":"max-snippet:-1","max-image-preview":"max-image-preview:large","max-video-preview":"max-video-preview:-1"},"canonical":"https:\/\/dev.challenge-agriculture.fr\/es\/el-servicio\/","og_locale":"fr_FR","og_type":"article","og_title":"Tensiometria para la mejor irrigacion &#x2d; Challenge agriculture","og_description":"Tensiometria para la mejor irrigacion. Un servicio distribuido por Challenge agriculture, hecho en Francia.","og_url":"https:\/\/dev.challenge-agriculture.fr\/es\/el-servicio\/","og_site_name":"Challenge Agriculture","article_modified_time":"2021-04-24T08:12:23+00:00","og_image":[{"width":512,"height":512,"url":"https:\/\/dev.challenge-agriculture.fr\/wp-content\/uploads\/2021\/04\/favicon.png","type":"image\/png"}],"twitter_card":"summary_large_image","twitter_misc":{"Tiempo de lectura":"2 minutos"},"schema":{"@context":"https:\/\/schema.org","@graph":[{"@type":"WebPage","@id":"https:\/\/dev.challenge-agriculture.fr\/es\/el-servicio\/","url":"https:\/\/dev.challenge-agriculture.fr\/es\/el-servicio\/","name":"Tensiometria para la mejor irrigacion &#x2d; Challenge agriculture","isPartOf":{"@id":"https:\/\/dev.challenge-agriculture.fr\/#website"},"datePublished":"2017-03-20T14:06:20+00:00","dateModified":"2021-04-24T08:12:23+00:00","description":"Tensiometria para la mejor irrigacion. Un servicio distribuido por Challenge agriculture, hecho en Francia.","breadcrumb":{"@id":"https:\/\/dev.challenge-agriculture.fr\/es\/el-servicio\/#breadcrumb"},"inLanguage":"es","potentialAction":[{"@type":"ReadAction","target":["https:\/\/dev.challenge-agriculture.fr\/es\/el-servicio\/"]}]},{"@type":"BreadcrumbList","@id":"https:\/\/dev.challenge-agriculture.fr\/es\/el-servicio\/#breadcrumb","itemListElement":[{"@type":"ListItem","position":1,"name":"Home","item":"https:\/\/dev.challenge-agriculture.fr\/es\/"},{"@type":"ListItem","position":2,"name":"El servicio"}]},{"@type":"WebSite","@id":"https:\/\/dev.challenge-agriculture.fr\/#website","url":"https:\/\/dev.challenge-agriculture.fr\/","name":"Challenge Agriculture","description":"","publisher":{"@id":"https:\/\/dev.challenge-agriculture.fr\/#organization"},"potentialAction":[{"@type":"SearchAction","target":{"@type":"EntryPoint","urlTemplate":"https:\/\/dev.challenge-agriculture.fr\/?s={search_term_string}"},"query-input":"required name=search_term_string"}],"inLanguage":"es"},{"@type":"Organization","@id":"https:\/\/dev.challenge-agriculture.fr\/#organization","name":"Challenge Agriculture","url":"https:\/\/dev.challenge-agriculture.fr\/","logo":{"@type":"ImageObject","inLanguage":"es","@id":"https:\/\/dev.challenge-agriculture.fr\/#\/schema\/logo\/image\/","url":"https:\/\/www.challenge-agriculture.fr\/wp-content\/uploads\/2020\/02\/logo-doc.png","contentUrl":"https:\/\/www.challenge-agriculture.fr\/wp-content\/uploads\/2020\/02\/logo-doc.png","width":1497,"height":355,"caption":"Challenge Agriculture"},"image":{"@id":"https:\/\/dev.challenge-agriculture.fr\/#\/schema\/logo\/image\/"}}]}},"_links":{"self":[{"href":"https:\/\/dev.challenge-agriculture.fr\/es\/wp-json\/wp\/v2\/pages\/976"}],"collection":[{"href":"https:\/\/dev.challenge-agriculture.fr\/es\/wp-json\/wp\/v2\/pages"}],"about":[{"href":"https:\/\/dev.challenge-agriculture.fr\/es\/wp-json\/wp\/v2\/types\/page"}],"author":[{"embeddable":true,"href":"https:\/\/dev.challenge-agriculture.fr\/es\/wp-json\/wp\/v2\/users\/3"}],"replies":[{"embeddable":true,"href":"https:\/\/dev.challenge-agriculture.fr\/es\/wp-json\/wp\/v2\/comments?post=976"}],"version-history":[{"count":4,"href":"https:\/\/dev.challenge-agriculture.fr\/es\/wp-json\/wp\/v2\/pages\/976\/revisions"}],"predecessor-version":[{"id":28657,"href":"https:\/\/dev.challenge-agriculture.fr\/es\/wp-json\/wp\/v2\/pages\/976\/revisions\/28657"}],"wp:attachment":[{"href":"https:\/\/dev.challenge-agriculture.fr\/es\/wp-json\/wp\/v2\/media?parent=976"}],"curies":[{"name":"wp","href":"https:\/\/api.w.org\/{rel}","templated":true}]}}