{"id":993,"date":"2017-03-20T15:24:08","date_gmt":"2017-03-20T14:24:08","guid":{"rendered":"http:\/\/www.challenge-agriculture.fr\/?page_id=993"},"modified":"2021-06-08T22:44:05","modified_gmt":"2021-06-08T20:44:05","slug":"los-campos-de-aplicacion-de-la-tensiometria","status":"publish","type":"page","link":"https:\/\/dev.challenge-agriculture.fr\/es\/tensiometria\/los-campos-de-aplicacion-de-la-tensiometria\/","title":{"rendered":"Los campos de aplicaci\u00f3n de la tensiometr\u00eda"},"content":{"rendered":"\t\t<div data-elementor-type=\"wp-page\" data-elementor-id=\"993\" class=\"elementor elementor-993 elementor-121\" data-elementor-post-type=\"page\">\n\t\t\t\t\t\t<section class=\"elementor-section elementor-top-section elementor-element elementor-element-ffef600 elementor-section-full_width texte_resume elementor-section-height-default elementor-section-height-default\" data-id=\"ffef600\" data-element_type=\"section\">\n\t\t\t\t\t\t<div class=\"elementor-container elementor-column-gap-default\">\n\t\t\t\t\t<div class=\"elementor-column elementor-col-100 elementor-top-column elementor-element elementor-element-2160ab1\" data-id=\"2160ab1\" data-element_type=\"column\">\n\t\t\t<div class=\"elementor-widget-wrap elementor-element-populated\">\n\t\t\t\t\t\t<div class=\"elementor-element elementor-element-1a83e9f elementor-widget elementor-widget-text-editor\" data-id=\"1a83e9f\" data-element_type=\"widget\" data-widget_type=\"text-editor.default\">\n\t\t\t\t<div class=\"elementor-widget-container\">\n\t\t\t\t\t\t\tTres campos principales de aplicaci\u00f3n de la tensiometr\u00eda: riego agr\u00edcola, recuperaci\u00f3n de \u00e1rboles trasplantados en \u00e1reas urbanas y geotecnia (elevaci\u00f3n y estabilidad del suelo).\t\t\t\t\t\t<\/div>\n\t\t\t\t<\/div>\n\t\t\t\t\t<\/div>\n\t\t<\/div>\n\t\t\t\t\t<\/div>\n\t\t<\/section>\n\t\t\t\t<section class=\"elementor-section elementor-top-section elementor-element elementor-element-4c65b498 elementor-section-full_width texte_complet elementor-section-height-default elementor-section-height-default\" data-id=\"4c65b498\" data-element_type=\"section\">\n\t\t\t\t\t\t<div class=\"elementor-container elementor-column-gap-default\">\n\t\t\t\t\t<div class=\"elementor-column elementor-col-100 elementor-top-column elementor-element elementor-element-6da4111a\" data-id=\"6da4111a\" data-element_type=\"column\">\n\t\t\t<div class=\"elementor-widget-wrap elementor-element-populated\">\n\t\t\t\t\t\t<div class=\"elementor-element elementor-element-71942b3 elementor-widget elementor-widget-heading\" data-id=\"71942b3\" data-element_type=\"widget\" data-widget_type=\"heading.default\">\n\t\t\t\t<div class=\"elementor-widget-container\">\n\t\t\t<h2 class=\"elementor-heading-title elementor-size-default\">1ra aplicaci\u00f3n de la tensiometr\u00eda: riego agr\u00edcola<\/h2>\t\t<\/div>\n\t\t\t\t<\/div>\n\t\t\t\t<div class=\"elementor-element elementor-element-6d4eece elementor-widget elementor-widget-text-editor\" data-id=\"6d4eece\" data-element_type=\"widget\" data-widget_type=\"text-editor.default\">\n\t\t\t\t<div class=\"elementor-widget-container\">\n\t\t\t\t\t\t\tLa tensiometr\u00eda, o medici\u00f3n en un marco estructurado, de la tensi\u00f3n (o disponibilidad de agua en el suelo) es una t\u00e9cnica universal, que permite controlar todo sistema de riego, sobre cualquier suelo, cualquier cultivo, cualquier clima.\n\nLa tensiometr\u00eda permite al regante controlar \u00e9l mismo su estaci\u00f3n en 10 a 20 decisiones, adapt\u00e1ndose constantemente al contexto del suelo, la planta y el clima.\n<p style=\"text-align: center;\"><strong>La tensiometr\u00eda es utilizada mayoritariamente por los agricultores y su asesor t\u00e9cnico.<\/strong><\/p>\nHabiendo sido nosotros mismos agricultores y asesores t\u00e9cnicos, la hemos desarrollado para este prop\u00f3sito, alrededor de unos simples principios: asequible, mejor relaci\u00f3n calidad-precio-servicio del mercado, solidez t\u00e9cnica y respeto de las prescripciones cient\u00edficas, fuente gratuita, ayuda en la implementaci\u00f3n para obtener resultados inmediatos y duraderos, asesoramiento semanal en linea.\n\nLa t\u00e9cnica es utilizada y validada por todos los institutos de investigaci\u00f3n aplicada: CEMAGREF, ITCF, IRSTEA, ARVALIS, CTIFL, CIREA, SERAIL, CETIOM, CEREMA.\n\n<strong>Ejemplos, testimonios, resultados  :<\/strong>\n\nEn arboricultura, un pilotaje profesional con Monitor cuesta de 20 a 30 kg de fruta\/ha\/a\u00f1o con la esperanza de una ganancia de un tama\u00f1o de 2 a 3 T\/ha\/a\u00f1o y ahorros de 20 a 50% en goteo-goteo, por ejemplo.\n<ul>\n \t<li>Sobre mel\u00f3n: aumento de rendimiento y ahorro de agua.<\/li>\n \t<li>Sobre semillas de hortalizas: mejores resultados y ahorro.<\/li>\n \t<li>En cereales: el costo es de 1 quintal\/ha\/a\u00f1o con la esperanza de duplicar la ganancia, con optimizaci\u00f3n de los m3 utilizados.<\/li>\n \t<li>En ma\u00edz, el ahorro en condici\u00f3n no limitante es de 1,5 vueltas de agua en promedio.<\/li>\n<\/ul>\n<img decoding=\"async\" class=\"size-full wp-image-363 alignright\" src=\"https:\/\/www.challenge-agriculture.fr\/wp-content\/uploads\/2016\/02\/Pivot1.jpg\" alt=\"Pivot1\" \/>\nEn una centena de otros cultivos de regad\u00edo, que monitoreamos, la misma comprobaci\u00f3n. La tensiometr\u00eda, como parte del seguimiento agr\u00f3nomo de cultivos, permite :\n<ul>\n \t<li>La medici\u00f3n en tiempo real del nivel h\u00eddrico del suelo.<\/li>\n \t<li>La comodidad en el manejo del riego, permitiendo tomar decisiones de riego para la semana siguiente.<\/li>\n \t<li>El seguimiento del desarrollo radicular del cultivo.<\/li>\n<\/ul>\nLa Tensiometria igualmente permite, a nivel econ\u00f3mico (ver ejemplos en cifras aqu\u00ed) : <a href=\"https:\/\/www.challenge-agriculture.fr\/wp-content\/uploads\/2018\/08\/les-monitor-challenge-agriculture.png\"><img fetchpriority=\"high\" decoding=\"async\" class=\"alignright wp-image-3291 size-medium\" src=\"https:\/\/www.challenge-agriculture.fr\/wp-content\/uploads\/2018\/08\/les-monitor-challenge-agriculture-300x225.png\" alt=\"Les Monitor - Challenge Agriculture\" width=\"300\" height=\"225\" srcset=\"https:\/\/dev.challenge-agriculture.fr\/wp-content\/uploads\/2018\/08\/les-monitor-challenge-agriculture-300x225.png 300w, https:\/\/dev.challenge-agriculture.fr\/wp-content\/uploads\/2018\/08\/les-monitor-challenge-agriculture-150x113.png 150w, https:\/\/dev.challenge-agriculture.fr\/wp-content\/uploads\/2018\/08\/les-monitor-challenge-agriculture-768x576.png 768w, https:\/\/dev.challenge-agriculture.fr\/wp-content\/uploads\/2018\/08\/les-monitor-challenge-agriculture-100x75.png 100w, https:\/\/dev.challenge-agriculture.fr\/wp-content\/uploads\/2018\/08\/les-monitor-challenge-agriculture-200x150.png 200w, https:\/\/dev.challenge-agriculture.fr\/wp-content\/uploads\/2018\/08\/les-monitor-challenge-agriculture-450x338.png 450w, https:\/\/dev.challenge-agriculture.fr\/wp-content\/uploads\/2018\/08\/les-monitor-challenge-agriculture-600x450.png 600w, https:\/\/dev.challenge-agriculture.fr\/wp-content\/uploads\/2018\/08\/les-monitor-challenge-agriculture.png 800w\" sizes=\"(max-width: 300px) 100vw, 300px\" \/><\/a>\n<ul>\n \t<li>Ahorro de agua: las entradas se ajustan al suelo (momento adecuado, volumen adecuado, buen retorno, buena frecuencia, etc.).<\/li>\n \t<li>Observar el suelo, en el que se realiza la s\u00edntesis entre los consumos fluctuantes de la planta, el aporte fluctuante del clima y el riego heterog\u00e9neo.<\/li>\n \t<li>La ganancia de la productividad y calidad: manteniendo el confort h\u00eddrico sin exceso, adaptado a las etapas de desarrollo, mejora la cosecha en cuanto a calidad y cantidad.<\/li>\n \t<li>Manejo \u00f3ptimo de vol\u00famenes limitados, con la elecci\u00f3n del momento o vol\u00famenes cr\u00edticos para posibles riegos.<\/li>\n<\/ul>\t\t\t\t\t\t<\/div>\n\t\t\t\t<\/div>\n\t\t\t\t<div class=\"elementor-element elementor-element-5f2595a elementor-widget elementor-widget-heading\" data-id=\"5f2595a\" data-element_type=\"widget\" data-widget_type=\"heading.default\">\n\t\t\t\t<div class=\"elementor-widget-container\">\n\t\t\t<h2 class=\"elementor-heading-title elementor-size-default\">2da aplicaci\u00f3n de la tensiometr\u00eda: la recuperaci\u00f3n de \u00e1rboles trasplantados<\/h2>\t\t<\/div>\n\t\t\t\t<\/div>\n\t\t\t\t<div class=\"elementor-element elementor-element-c4144a2 elementor-widget elementor-widget-text-editor\" data-id=\"c4144a2\" data-element_type=\"widget\" data-widget_type=\"text-editor.default\">\n\t\t\t\t<div class=\"elementor-widget-container\">\n\t\t\t\t\t\t\tTensiometr\u00eda, observa la salida de las ra\u00edces del cepell\u00f3n trasplantado, para asegurar :\n\n<img decoding=\"async\" class=\"size-full wp-image-350 alignright\" src=\"https:\/\/www.challenge-agriculture.fr\/wp-content\/uploads\/2016\/02\/Geneve.jpg\" alt=\"Geneve\" align=\"right\" \/>\n<ul>\n \t<li>Tensiometr\u00eda, observa la salida de las ra\u00edces del cepell\u00f3n trasplantado, para asegurar.<\/li>\n \t<li>La gesti\u00f3n esencial del riego urbano.<\/li>\n<\/ul>\n\nV\u00e9ase el art\u00edculo muy completo sobre <a href=\"https:\/\/www.challenge-agriculture.fr\/wp-content\/uploads\/2016\/02\/Chabbey-2004-r\u00e9sum\u00e9-2007.pdf\" target=\"_blank\" rel=\"noopener noreferrer\">\u00abel seguimiento de la recuperaci\u00f3n y enraizamiento de \u00e1rboles trasplantados mediante sondas tensiom\u00e9tricas Watermark\u00bb<\/a>, publicado por Lionel Chabbey en la revista de horticultura suiza, por ejemplo, un trabajo realizado (en colaboraci\u00f3n con Challenge Agriculture) en platanales de la plaza del mercado de Carouge (Ginebra).\n\n\nComentarios de experiencias y numerosos ejemplos (una decena de \u00e1rboles diferentes) sobre <a href=\"http:\/\/hepia.hesge.ch\/fileadmin\/filieres\/agronomie\/DT18marsr%C3%A9sultats2009tentio2.pdf\" target=\"_blank\" rel=\"noopener noreferrer\">el seguimiento de la reanudaci\u00f3n de las plantaciones de \u00e1rboles por el m\u00e9todo tensiom\u00e9trico<\/a> en el sitio HEPIA (Alta escuela del paisage, de ingenier\u00eda y arquitectura).\t\t\t\t\t\t<\/div>\n\t\t\t\t<\/div>\n\t\t\t\t<div class=\"elementor-element elementor-element-0b932ce elementor-widget elementor-widget-heading\" data-id=\"0b932ce\" data-element_type=\"widget\" data-widget_type=\"heading.default\">\n\t\t\t\t<div class=\"elementor-widget-container\">\n\t\t\t<h2 class=\"elementor-heading-title elementor-size-default\">3ra aplicaci\u00f3n de la tensiometr\u00eda: geotecnia (elevaci\u00f3n y estabilidad de los suelos)<\/h2>\t\t<\/div>\n\t\t\t\t<\/div>\n\t\t\t\t<div class=\"elementor-element elementor-element-54a13754 elementor-widget elementor-widget-text-editor\" data-id=\"54a13754\" data-element_type=\"widget\" data-widget_type=\"text-editor.default\">\n\t\t\t\t<div class=\"elementor-widget-container\">\n\t\t\t\t\t\t\tLa tensiometr\u00eda se utiliza en geotecnia con varios objetivos :\n<img decoding=\"async\" class=\"size-full wp-image-343 alignright\" src=\"\/wp-content\/uploads\/2016\/02\/aplan.jpg\" alt=\"aplan\" align=\"right\" \/>\n<ul>\n \t<li>Construir respetando el suelo<\/li>\n \t<li>Monitorear remotamente los sitios<\/li>\n \t<li>Monitorear la estabilidad de la pendiente<\/li>\n \t<li>Comprender los movimientos debajo del piso.<\/li>\n \t<li>Reforzar construcciones en suelo arcilloso inestable<\/li>\n<\/ul>\nLas diferentes aplicaciones se refieren a :\n<ul>\n \t<li>La capacidad de resistencia de los suelos : la presi\u00f3n aceptable por un suelo, sin deformaci\u00f3n irreversible, es la contraparte de la depresi\u00f3n (o tensi\u00f3n) en este suelo, en el momento en cuesti\u00f3n.<\/li>\n \t<li>El trabajo de los cimientos: el hinchamiento\/encogimiento de las arcillas es accionado por tensi\u00f3n.<\/li>\n \t<li>La estabilidad de taludes: la cohesi\u00f3n se genera por tensi\u00f3n. La consecuencia es importante para la seguridad de las obras.<\/li>\n<\/ul>\n\n\nEjemplo del trabajo realizado con el Centro CETE de Normandia (Centro de Estudios T\u00e9cnicos de Equipamiento) sobre sequ\u00eda y deformaci\u00f3n de carreteras: <a href=\"\/wp-content\/uploads\/2016\/02\/MATHON.pdf\" target=\"_blank\" rel=\"noopener noreferrer\">informe 2010 de las constataciones, instalaci\u00f3n de equipos en 5 sitios y conclusiones<\/a>.\n\nFicha t\u00e9cnica titulada <a href=\"\/wp-content\/uploads\/2016\/02\/Cohesion_apparente_des_sols_non_satur\u00e9s.pdf\" target=\"_blank\" rel=\"noopener noreferrer\">Cohesi\u00f3n aparente de suelos no saturados del CSTC (Centro Cient\u00edfico y T\u00e9cnico de la Construcci\u00f3n<\/a>).\n\nLa tensiometr\u00eda (sondas Watermark) se utiliza aqu\u00ed para medir el efecto de succi\u00f3n, en caso de un mal dimensionamiento de las pendiente de ciertas excavaciones, trincheras o excavaciones apoyadas.\n\t\t\t\t\t\t<\/div>\n\t\t\t\t<\/div>\n\t\t\t\t\t<\/div>\n\t\t<\/div>\n\t\t\t\t\t<\/div>\n\t\t<\/section>\n\t\t\t\t<\/div>\n\t\t","protected":false},"excerpt":{"rendered":"<p>Tres campos principales de aplicaci\u00f3n de la tensiometr\u00eda: riego agr\u00edcola, recuperaci\u00f3n de \u00e1rboles trasplantados en \u00e1reas urbanas y geotecnia (elevaci\u00f3n y estabilidad del suelo). 1ra aplicaci\u00f3n de la tensiometr\u00eda: riego agr\u00edcola La tensiometr\u00eda, o medici\u00f3n en un marco estructurado, de la tensi\u00f3n (o disponibilidad de agua en el suelo) es una t\u00e9cnica universal, que permite [&hellip;]<\/p>\n","protected":false},"author":3,"featured_media":0,"parent":82,"menu_order":23,"comment_status":"closed","ping_status":"closed","template":"","meta":{"_acf_changed":false,"footnotes":""},"acf":[],"yoast_head":"<!-- This site is optimized with the Yoast SEO plugin v22.0 - https:\/\/yoast.com\/wordpress\/plugins\/seo\/ -->\n<title>Tensiometr\u00eda : las aplicaciones - Challenge agriculture<\/title>\n<meta name=\"description\" content=\"Tensiometr\u00eda : las aplicaciones. Productos distribuidos por Challenge agriculture, hechos en Francia.\" \/>\n<meta name=\"robots\" content=\"index, follow, max-snippet:-1, max-image-preview:large, max-video-preview:-1\" \/>\n<link rel=\"canonical\" href=\"https:\/\/dev.challenge-agriculture.fr\/es\/tensiometria\/los-campos-de-aplicacion-de-la-tensiometria\/\" \/>\n<meta property=\"og:locale\" content=\"fr_FR\" \/>\n<meta property=\"og:type\" content=\"article\" \/>\n<meta property=\"og:title\" content=\"Tensiometr\u00eda : las aplicaciones - Challenge agriculture\" \/>\n<meta property=\"og:description\" content=\"Tensiometr\u00eda : las aplicaciones. Productos distribuidos por Challenge agriculture, hechos en Francia.\" \/>\n<meta property=\"og:url\" content=\"https:\/\/dev.challenge-agriculture.fr\/es\/tensiometria\/los-campos-de-aplicacion-de-la-tensiometria\/\" \/>\n<meta property=\"og:site_name\" content=\"Challenge Agriculture\" \/>\n<meta property=\"article:modified_time\" content=\"2021-06-08T20:44:05+00:00\" \/>\n<meta property=\"og:image\" content=\"https:\/\/www.challenge-agriculture.fr\/wp-content\/uploads\/2016\/02\/Pivot1.jpg\" \/>\n<meta name=\"twitter:card\" content=\"summary_large_image\" \/>\n<meta name=\"twitter:label1\" content=\"Tiempo de lectura\" \/>\n\t<meta name=\"twitter:data1\" content=\"5 minutos\" \/>\n<script type=\"application\/ld+json\" class=\"yoast-schema-graph\">{\"@context\":\"https:\/\/schema.org\",\"@graph\":[{\"@type\":\"WebPage\",\"@id\":\"https:\/\/dev.challenge-agriculture.fr\/es\/tensiometria\/los-campos-de-aplicacion-de-la-tensiometria\/\",\"url\":\"https:\/\/dev.challenge-agriculture.fr\/es\/tensiometria\/los-campos-de-aplicacion-de-la-tensiometria\/\",\"name\":\"Tensiometr\u00eda : las aplicaciones - Challenge agriculture\",\"isPartOf\":{\"@id\":\"https:\/\/dev.challenge-agriculture.fr\/#website\"},\"datePublished\":\"2017-03-20T14:24:08+00:00\",\"dateModified\":\"2021-06-08T20:44:05+00:00\",\"description\":\"Tensiometr\u00eda : las aplicaciones. Productos distribuidos por Challenge agriculture, hechos en Francia.\",\"breadcrumb\":{\"@id\":\"https:\/\/dev.challenge-agriculture.fr\/es\/tensiometria\/los-campos-de-aplicacion-de-la-tensiometria\/#breadcrumb\"},\"inLanguage\":\"es\",\"potentialAction\":[{\"@type\":\"ReadAction\",\"target\":[\"https:\/\/dev.challenge-agriculture.fr\/es\/tensiometria\/los-campos-de-aplicacion-de-la-tensiometria\/\"]}]},{\"@type\":\"BreadcrumbList\",\"@id\":\"https:\/\/dev.challenge-agriculture.fr\/es\/tensiometria\/los-campos-de-aplicacion-de-la-tensiometria\/#breadcrumb\",\"itemListElement\":[{\"@type\":\"ListItem\",\"position\":1,\"name\":\"Home\",\"item\":\"https:\/\/dev.challenge-agriculture.fr\/es\/\"},{\"@type\":\"ListItem\",\"position\":2,\"name\":\"Tensiometr\u00eda\",\"item\":\"https:\/\/dev.challenge-agriculture.fr\/es\/tensiometria\/\"},{\"@type\":\"ListItem\",\"position\":3,\"name\":\"Los campos de aplicaci\u00f3n de la tensiometr\u00eda\"}]},{\"@type\":\"WebSite\",\"@id\":\"https:\/\/dev.challenge-agriculture.fr\/#website\",\"url\":\"https:\/\/dev.challenge-agriculture.fr\/\",\"name\":\"Challenge Agriculture\",\"description\":\"\",\"publisher\":{\"@id\":\"https:\/\/dev.challenge-agriculture.fr\/#organization\"},\"potentialAction\":[{\"@type\":\"SearchAction\",\"target\":{\"@type\":\"EntryPoint\",\"urlTemplate\":\"https:\/\/dev.challenge-agriculture.fr\/?s={search_term_string}\"},\"query-input\":\"required name=search_term_string\"}],\"inLanguage\":\"es\"},{\"@type\":\"Organization\",\"@id\":\"https:\/\/dev.challenge-agriculture.fr\/#organization\",\"name\":\"Challenge Agriculture\",\"url\":\"https:\/\/dev.challenge-agriculture.fr\/\",\"logo\":{\"@type\":\"ImageObject\",\"inLanguage\":\"es\",\"@id\":\"https:\/\/dev.challenge-agriculture.fr\/#\/schema\/logo\/image\/\",\"url\":\"https:\/\/www.challenge-agriculture.fr\/wp-content\/uploads\/2020\/02\/logo-doc.png\",\"contentUrl\":\"https:\/\/www.challenge-agriculture.fr\/wp-content\/uploads\/2020\/02\/logo-doc.png\",\"width\":1497,\"height\":355,\"caption\":\"Challenge Agriculture\"},\"image\":{\"@id\":\"https:\/\/dev.challenge-agriculture.fr\/#\/schema\/logo\/image\/\"}}]}<\/script>\n<!-- \/ Yoast SEO plugin. -->","yoast_head_json":{"title":"Tensiometr\u00eda : las aplicaciones - Challenge agriculture","description":"Tensiometr\u00eda : las aplicaciones. Productos distribuidos por Challenge agriculture, hechos en Francia.","robots":{"index":"index","follow":"follow","max-snippet":"max-snippet:-1","max-image-preview":"max-image-preview:large","max-video-preview":"max-video-preview:-1"},"canonical":"https:\/\/dev.challenge-agriculture.fr\/es\/tensiometria\/los-campos-de-aplicacion-de-la-tensiometria\/","og_locale":"fr_FR","og_type":"article","og_title":"Tensiometr\u00eda : las aplicaciones - Challenge agriculture","og_description":"Tensiometr\u00eda : las aplicaciones. Productos distribuidos por Challenge agriculture, hechos en Francia.","og_url":"https:\/\/dev.challenge-agriculture.fr\/es\/tensiometria\/los-campos-de-aplicacion-de-la-tensiometria\/","og_site_name":"Challenge Agriculture","article_modified_time":"2021-06-08T20:44:05+00:00","og_image":[{"url":"https:\/\/www.challenge-agriculture.fr\/wp-content\/uploads\/2016\/02\/Pivot1.jpg"}],"twitter_card":"summary_large_image","twitter_misc":{"Tiempo de lectura":"5 minutos"},"schema":{"@context":"https:\/\/schema.org","@graph":[{"@type":"WebPage","@id":"https:\/\/dev.challenge-agriculture.fr\/es\/tensiometria\/los-campos-de-aplicacion-de-la-tensiometria\/","url":"https:\/\/dev.challenge-agriculture.fr\/es\/tensiometria\/los-campos-de-aplicacion-de-la-tensiometria\/","name":"Tensiometr\u00eda : las aplicaciones - Challenge agriculture","isPartOf":{"@id":"https:\/\/dev.challenge-agriculture.fr\/#website"},"datePublished":"2017-03-20T14:24:08+00:00","dateModified":"2021-06-08T20:44:05+00:00","description":"Tensiometr\u00eda : las aplicaciones. Productos distribuidos por Challenge agriculture, hechos en Francia.","breadcrumb":{"@id":"https:\/\/dev.challenge-agriculture.fr\/es\/tensiometria\/los-campos-de-aplicacion-de-la-tensiometria\/#breadcrumb"},"inLanguage":"es","potentialAction":[{"@type":"ReadAction","target":["https:\/\/dev.challenge-agriculture.fr\/es\/tensiometria\/los-campos-de-aplicacion-de-la-tensiometria\/"]}]},{"@type":"BreadcrumbList","@id":"https:\/\/dev.challenge-agriculture.fr\/es\/tensiometria\/los-campos-de-aplicacion-de-la-tensiometria\/#breadcrumb","itemListElement":[{"@type":"ListItem","position":1,"name":"Home","item":"https:\/\/dev.challenge-agriculture.fr\/es\/"},{"@type":"ListItem","position":2,"name":"Tensiometr\u00eda","item":"https:\/\/dev.challenge-agriculture.fr\/es\/tensiometria\/"},{"@type":"ListItem","position":3,"name":"Los campos de aplicaci\u00f3n de la tensiometr\u00eda"}]},{"@type":"WebSite","@id":"https:\/\/dev.challenge-agriculture.fr\/#website","url":"https:\/\/dev.challenge-agriculture.fr\/","name":"Challenge Agriculture","description":"","publisher":{"@id":"https:\/\/dev.challenge-agriculture.fr\/#organization"},"potentialAction":[{"@type":"SearchAction","target":{"@type":"EntryPoint","urlTemplate":"https:\/\/dev.challenge-agriculture.fr\/?s={search_term_string}"},"query-input":"required name=search_term_string"}],"inLanguage":"es"},{"@type":"Organization","@id":"https:\/\/dev.challenge-agriculture.fr\/#organization","name":"Challenge Agriculture","url":"https:\/\/dev.challenge-agriculture.fr\/","logo":{"@type":"ImageObject","inLanguage":"es","@id":"https:\/\/dev.challenge-agriculture.fr\/#\/schema\/logo\/image\/","url":"https:\/\/www.challenge-agriculture.fr\/wp-content\/uploads\/2020\/02\/logo-doc.png","contentUrl":"https:\/\/www.challenge-agriculture.fr\/wp-content\/uploads\/2020\/02\/logo-doc.png","width":1497,"height":355,"caption":"Challenge Agriculture"},"image":{"@id":"https:\/\/dev.challenge-agriculture.fr\/#\/schema\/logo\/image\/"}}]}},"_links":{"self":[{"href":"https:\/\/dev.challenge-agriculture.fr\/es\/wp-json\/wp\/v2\/pages\/993"}],"collection":[{"href":"https:\/\/dev.challenge-agriculture.fr\/es\/wp-json\/wp\/v2\/pages"}],"about":[{"href":"https:\/\/dev.challenge-agriculture.fr\/es\/wp-json\/wp\/v2\/types\/page"}],"author":[{"embeddable":true,"href":"https:\/\/dev.challenge-agriculture.fr\/es\/wp-json\/wp\/v2\/users\/3"}],"replies":[{"embeddable":true,"href":"https:\/\/dev.challenge-agriculture.fr\/es\/wp-json\/wp\/v2\/comments?post=993"}],"version-history":[{"count":21,"href":"https:\/\/dev.challenge-agriculture.fr\/es\/wp-json\/wp\/v2\/pages\/993\/revisions"}],"predecessor-version":[{"id":29141,"href":"https:\/\/dev.challenge-agriculture.fr\/es\/wp-json\/wp\/v2\/pages\/993\/revisions\/29141"}],"up":[{"embeddable":true,"href":"https:\/\/dev.challenge-agriculture.fr\/es\/wp-json\/wp\/v2\/pages\/82"}],"wp:attachment":[{"href":"https:\/\/dev.challenge-agriculture.fr\/es\/wp-json\/wp\/v2\/media?parent=993"}],"curies":[{"name":"wp","href":"https:\/\/api.w.org\/{rel}","templated":true}]}}