{"id":10272,"date":"2019-11-25T15:52:56","date_gmt":"2019-11-25T14:52:56","guid":{"rendered":"https:\/\/www.challenge-agriculture.fr\/?post_type=product&#038;p=10272"},"modified":"2023-01-20T11:52:24","modified_gmt":"2023-01-20T10:52:24","slug":"mise-a-disposition-de-4-monitors-r2-xd","status":"publish","type":"product","link":"https:\/\/dev.challenge-agriculture.fr\/es\/produit\/non-classe\/mise-a-disposition-de-4-monitors-r2-xd\/","title":{"rendered":"Mise \u00e0 disposition de 4 Monitors R2-XD, pour la saison"},"content":{"rendered":"<p>&nbsp;<\/p>\n<table class=\"spectbl\">\n<tbody>\n<tr>\n<td><strong>Monitor<\/strong><\/td>\n<th><\/th>\n<th><\/th>\n<th>R2-XD<\/th>\n<th><\/th>\n<\/tr>\n<tr>\n<td>T\u00e9l\u00e9m\u00e9trie GSM rustique, fiable, ind\u00e9modable<\/td>\n<td><\/td>\n<td><\/td>\n<td>100 % de couverture, ville et campagne<\/td>\n<td><\/td>\n<\/tr>\n<tr>\n<td>Fonction<\/td>\n<td><\/td>\n<td><\/td>\n<td>Enregistrement et transmission automatique<\/td>\n<td><\/td>\n<\/tr>\n<tr>\n<td>Mesures capteurs\u00a0\u00a0<em>(Watermark, temp\u00e9rature\u2026)<\/em><\/td>\n<td><\/td>\n<td><\/td>\n<td>15\u00a0entr\u00e9es \/ 24 max<\/td>\n<td><\/td>\n<\/tr>\n<tr>\n<td>Pluviom\u00e8tre \/ compteur d&#8217;eau<\/td>\n<td><\/td>\n<td><\/td>\n<td><strong>2<\/strong> max<\/td>\n<td><\/td>\n<\/tr>\n<tr>\n<td>R\u00e9p\u00e9titions<\/td>\n<td><\/td>\n<td><\/td>\n<td>4 r\u00e9p, sans c\u00e2ble<\/td>\n<td><\/td>\n<\/tr>\n<tr>\n<td>Consommation r\u00e9duite<\/td>\n<td><\/td>\n<td><\/td>\n<td>\u25cf<\/td>\n<td><\/td>\n<\/tr>\n<tr>\n<td>Afficheur LCD\u00a0\u00a0<em>(mesures + stats + \u00e9tat)<\/em><\/td>\n<td><\/td>\n<td><\/td>\n<td>\u25cf<\/td>\n<td><\/td>\n<\/tr>\n<tr>\n<td>\u00a0Enregistrement automatique<\/td>\n<td><\/td>\n<td><\/td>\n<td>\u25cf<\/td>\n<td><\/td>\n<\/tr>\n<tr>\n<td>Interface USB\u00a0\u00a0<em>(configuration \/ acc\u00e8s mesures)<\/em><\/td>\n<td><\/td>\n<td><\/td>\n<td>\u25cf<\/td>\n<td><\/td>\n<\/tr>\n<tr>\n<td>Source \/ Tension<\/td>\n<td><\/td>\n<td><\/td>\n<td>4 batteries 12V 5 Ah<\/td>\n<td><\/td>\n<\/tr>\n<tr>\n<td>Tension coupure<\/td>\n<td><\/td>\n<td><\/td>\n<td>11 V<\/td>\n<td><\/td>\n<\/tr>\n<tr>\n<td>Autonomie, apr\u00e8s 24 h de recharge de la batterie<\/td>\n<td><\/td>\n<td><\/td>\n<td>12 mois<\/td>\n<td><\/td>\n<\/tr>\n<tr>\n<td>Autonomie sur panneau solaire<\/td>\n<td><\/td>\n<td><\/td>\n<td>72 mois avant maintenance<\/td>\n<td><\/td>\n<\/tr>\n<tr>\n<td>Transmissions GSM<\/td>\n<td><\/td>\n<td><\/td>\n<td>oui<\/td>\n<td><\/td>\n<\/tr>\n<tr>\n<td>Programmable \u00e0 distance par sms<\/td>\n<td><\/td>\n<td><\/td>\n<td>oui<\/td>\n<td><\/td>\n<\/tr>\n<tr>\n<td>Internet<\/td>\n<td><\/td>\n<td><\/td>\n<td>votre compte en ligne<\/td>\n<td><\/td>\n<\/tr>\n<tr>\n<td>Envoi des donn\u00e9es sur site<\/td>\n<td><\/td>\n<td><\/td>\n<td>automatique<\/td>\n<td><\/td>\n<\/tr>\n<tr>\n<td>Les 4 Monitors sur le m\u00eame graphe<\/td>\n<td><\/td>\n<td><\/td>\n<td>configuration en M\u00e9ta-station<\/td>\n<td><\/td>\n<\/tr>\n<tr>\n<td>Seuils de d\u00e9clenchement d&#8217;irrigation<\/td>\n<td><\/td>\n<td><\/td>\n<td>Oui<\/td>\n<td><\/td>\n<\/tr>\n<tr>\n<td>\u00c9chographie du bulbe goutte-\u00e0-goutte<\/td>\n<td><\/td>\n<td><\/td>\n<td>Pr\u00e9f\u00e9rable avec le <strong>Monitor R2-DX<\/strong><\/td>\n<td><\/td>\n<\/tr>\n<tr>\n<td>Service technique\u00a0 \/ bo\u00eete de dialogue en ligne<\/td>\n<td><\/td>\n<td><\/td>\n<td>Oui, conseil hebdomadaire possible<\/td>\n<td><\/td>\n<\/tr>\n<tr>\n<td>Programmateur d\u2019irrigation<\/td>\n<td><\/td>\n<td><\/td>\n<td>\u00a0non, voir <strong>R2-DX-smart<\/strong><\/td>\n<td><\/td>\n<\/tr>\n<tr>\n<td>Interrupteurs 24V AC\u00a0\u00a0<em>vannes \/ pompe\u00a0<\/em><\/td>\n<td><\/td>\n<td><\/td>\n<td>\u00a0non,\u00a0 voir <strong>R2-DX-smart<\/strong><\/td>\n<td><\/td>\n<\/tr>\n<tr>\n<td>Contr\u00f4le vanne Latch sol\u00e9no\u00efde<\/td>\n<td><\/td>\n<td><\/td>\n<td>\u00a0non, voir <strong>R2-DX-smart<\/strong><\/td>\n<td><\/td>\n<\/tr>\n<tr>\n<td>Contr\u00f4le automatique irrigation<\/td>\n<td><\/td>\n<td><\/td>\n<td>\u00a0non, voir <strong>R2-DX-smart<\/strong><\/td>\n<td><\/td>\n<\/tr>\n<tr>\n<td>Rapport d\u2019irrigation<\/td>\n<td><\/td>\n<td><\/td>\n<td>non,\u00a0 voir <strong>R2-DX-smart<\/strong><\/td>\n<td><\/td>\n<\/tr>\n<tr>\n<td>Planning irrigation hebdomadaire<\/td>\n<td><\/td>\n<td><\/td>\n<td>non, voir <strong>R2-DX-smart<\/strong><\/td>\n<td><\/td>\n<\/tr>\n<\/tbody>\n<\/table>\n<div style=\"text-align: center;\"><\/div>\n<div style=\"text-align: center;\"><\/div>\n","protected":false},"excerpt":{"rendered":"<div>La solution des <strong>4 R2-XD<\/strong> est une variante de la solution classique <strong>R2-DX<\/strong>. Elle respecte la m\u00eame r\u00e8gle de 4 r\u00e9p\u00e9titions minimum, seule r\u00e9ponse \u00e0 l&#8217;h\u00e9t\u00e9rog\u00e9n\u00e9it\u00e9 spatiale de l&#8217;eau dans un sol irrigu\u00e9. Elle respecte les m\u00eames r\u00e8gles de positionnement dans l&#8217;enracinement et positionnement en distance par rapport au <strong>mat\u00e9riel d&#8217;irrigation<\/strong>, etc&#8230;<\/div>\n<div><\/div>\n<div>La diff\u00e9rence est que la solution des <strong>4 R2-XD<\/strong> consiste en <strong>4 <a href=\"https:\/\/www.challenge-agriculture.fr\/materiel\/monitor-r2-dx-watermark\/\">Monitors<\/a><\/strong> \u00e9quip\u00e9s chacun de 3 sondes sur 2 cannes, solidaires mais coulissantes sur le coffret, sans c\u00e2blage. Le coffret lui-m\u00eame, permet de marquer au sol, les 2 points o\u00f9 il faut percer les 2 pr\u00e9-trous. La pose est tr\u00e8s simple. La solution des <strong>4 R2-XD<\/strong> est int\u00e9ressante quand l&#8217;h\u00e9t\u00e9rog\u00e9n\u00e9it\u00e9 de la parcelle ou de l&#8217;<strong>irrigation<\/strong> est critique (20% des cas). Par exemple, des parcelles en forte pente, des parcelles ayant de grosses diff\u00e9rences de texture, des parcelles irrigu\u00e9es en gravitaire&#8230; n\u00e9cessitant en cons\u00e9quence des r\u00e9p\u00e9titions distantes.<\/div>\n<div><\/div>\n<div>La solution des <strong>4 R2-XD<\/strong> offre la m\u00eame possibilit\u00e9 de connexion de pluviom\u00e8tre et compteur d&#8217;eau. Au final, la solution des <strong>4 R2-XD<\/strong> effectuera le m\u00eame travail que la solution classique <strong>R2-DX<\/strong>, avec des r\u00e9p\u00e9titions sans c\u00e2bles, plus distantes. Et toujours sans contrainte de <strong>t\u00e9l\u00e9m\u00e9trie<\/strong>.<\/div>\n","protected":false},"featured_media":2783,"template":"","meta":{"_acf_changed":false},"product_cat":[1034],"product_tag":[],"acf":[],"yoast_head":"<!-- This site is optimized with the Yoast SEO plugin v22.0 - https:\/\/yoast.com\/wordpress\/plugins\/seo\/ -->\n<title>Mise \u00e0 disposition de 4 monitors R2&#x2d;XD &#x2d; Challenge agriculture<\/title>\n<meta name=\"description\" content=\"Toutes les caract\u00e9ristiques techniques des 4 Monitors R2&#x2d;XD mis \u00e0 disposition, produits distribu\u00e9s par Challenge agriculture.\" \/>\n<meta name=\"robots\" content=\"index, follow, max-snippet:-1, max-image-preview:large, max-video-preview:-1\" \/>\n<link rel=\"canonical\" href=\"https:\/\/dev.challenge-agriculture.fr\/produit\/non-classe\/mise-a-disposition-de-4-monitors-r2-xd\/\" \/>\n<meta property=\"og:locale\" content=\"fr_FR\" \/>\n<meta property=\"og:type\" content=\"article\" \/>\n<meta property=\"og:title\" content=\"Mise \u00e0 disposition de 4 monitors R2&#x2d;XD &#x2d; Challenge agriculture\" \/>\n<meta property=\"og:description\" content=\"Toutes les caract\u00e9ristiques techniques des 4 Monitors R2&#x2d;XD mis \u00e0 disposition, produits distribu\u00e9s par Challenge agriculture.\" \/>\n<meta property=\"og:url\" content=\"https:\/\/dev.challenge-agriculture.fr\/produit\/non-classe\/mise-a-disposition-de-4-monitors-r2-xd\/\" \/>\n<meta property=\"og:site_name\" content=\"Challenge Agriculture\" \/>\n<meta property=\"article:modified_time\" content=\"2023-01-20T10:52:24+00:00\" \/>\n<meta property=\"og:image\" content=\"https:\/\/dev.challenge-agriculture.fr\/wp-content\/uploads\/2018\/03\/solution-monitor-xd.jpg\" \/>\n\t<meta property=\"og:image:width\" content=\"800\" \/>\n\t<meta property=\"og:image:height\" content=\"600\" \/>\n\t<meta property=\"og:image:type\" content=\"image\/jpeg\" \/>\n<meta name=\"twitter:card\" content=\"summary_large_image\" \/>\n<meta name=\"twitter:label1\" content=\"Tiempo de lectura\" \/>\n\t<meta name=\"twitter:data1\" content=\"1 minuto\" \/>\n<script type=\"application\/ld+json\" class=\"yoast-schema-graph\">{\"@context\":\"https:\/\/schema.org\",\"@graph\":[{\"@type\":\"WebPage\",\"@id\":\"https:\/\/dev.challenge-agriculture.fr\/produit\/non-classe\/mise-a-disposition-de-4-monitors-r2-xd\/\",\"url\":\"https:\/\/dev.challenge-agriculture.fr\/produit\/non-classe\/mise-a-disposition-de-4-monitors-r2-xd\/\",\"name\":\"Mise \u00e0 disposition de 4 monitors R2&#x2d;XD &#x2d; Challenge agriculture\",\"isPartOf\":{\"@id\":\"https:\/\/dev.challenge-agriculture.fr\/#website\"},\"datePublished\":\"2019-11-25T14:52:56+00:00\",\"dateModified\":\"2023-01-20T10:52:24+00:00\",\"description\":\"Toutes les caract\u00e9ristiques techniques des 4 Monitors R2&#x2d;XD mis \u00e0 disposition, produits distribu\u00e9s par Challenge agriculture.\",\"breadcrumb\":{\"@id\":\"https:\/\/dev.challenge-agriculture.fr\/produit\/non-classe\/mise-a-disposition-de-4-monitors-r2-xd\/#breadcrumb\"},\"inLanguage\":\"es\",\"potentialAction\":[{\"@type\":\"ReadAction\",\"target\":[\"https:\/\/dev.challenge-agriculture.fr\/produit\/non-classe\/mise-a-disposition-de-4-monitors-r2-xd\/\"]}]},{\"@type\":\"BreadcrumbList\",\"@id\":\"https:\/\/dev.challenge-agriculture.fr\/produit\/non-classe\/mise-a-disposition-de-4-monitors-r2-xd\/#breadcrumb\",\"itemListElement\":[{\"@type\":\"ListItem\",\"position\":1,\"name\":\"Home\",\"item\":\"https:\/\/dev.challenge-agriculture.fr\/es\/\"},{\"@type\":\"ListItem\",\"position\":2,\"name\":\"Boutique\",\"item\":\"https:\/\/dev.challenge-agriculture.fr\/la-boutique\/\"},{\"@type\":\"ListItem\",\"position\":3,\"name\":\"Mise \u00e0 disposition de 4 Monitors R2-XD, pour la saison\"}]},{\"@type\":\"WebSite\",\"@id\":\"https:\/\/dev.challenge-agriculture.fr\/#website\",\"url\":\"https:\/\/dev.challenge-agriculture.fr\/\",\"name\":\"Challenge Agriculture\",\"description\":\"\",\"publisher\":{\"@id\":\"https:\/\/dev.challenge-agriculture.fr\/#organization\"},\"potentialAction\":[{\"@type\":\"SearchAction\",\"target\":{\"@type\":\"EntryPoint\",\"urlTemplate\":\"https:\/\/dev.challenge-agriculture.fr\/?s={search_term_string}\"},\"query-input\":\"required name=search_term_string\"}],\"inLanguage\":\"es\"},{\"@type\":\"Organization\",\"@id\":\"https:\/\/dev.challenge-agriculture.fr\/#organization\",\"name\":\"Challenge Agriculture\",\"url\":\"https:\/\/dev.challenge-agriculture.fr\/\",\"logo\":{\"@type\":\"ImageObject\",\"inLanguage\":\"es\",\"@id\":\"https:\/\/dev.challenge-agriculture.fr\/#\/schema\/logo\/image\/\",\"url\":\"https:\/\/www.challenge-agriculture.fr\/wp-content\/uploads\/2020\/02\/logo-doc.png\",\"contentUrl\":\"https:\/\/www.challenge-agriculture.fr\/wp-content\/uploads\/2020\/02\/logo-doc.png\",\"width\":1497,\"height\":355,\"caption\":\"Challenge Agriculture\"},\"image\":{\"@id\":\"https:\/\/dev.challenge-agriculture.fr\/#\/schema\/logo\/image\/\"}}]}<\/script>\n<!-- \/ Yoast SEO plugin. -->","yoast_head_json":{"title":"Mise \u00e0 disposition de 4 monitors R2&#x2d;XD &#x2d; Challenge agriculture","description":"Toutes les caract\u00e9ristiques techniques des 4 Monitors R2&#x2d;XD mis \u00e0 disposition, produits distribu\u00e9s par Challenge agriculture.","robots":{"index":"index","follow":"follow","max-snippet":"max-snippet:-1","max-image-preview":"max-image-preview:large","max-video-preview":"max-video-preview:-1"},"canonical":"https:\/\/dev.challenge-agriculture.fr\/produit\/non-classe\/mise-a-disposition-de-4-monitors-r2-xd\/","og_locale":"fr_FR","og_type":"article","og_title":"Mise \u00e0 disposition de 4 monitors R2&#x2d;XD &#x2d; Challenge agriculture","og_description":"Toutes les caract\u00e9ristiques techniques des 4 Monitors R2&#x2d;XD mis \u00e0 disposition, produits distribu\u00e9s par Challenge agriculture.","og_url":"https:\/\/dev.challenge-agriculture.fr\/produit\/non-classe\/mise-a-disposition-de-4-monitors-r2-xd\/","og_site_name":"Challenge Agriculture","article_modified_time":"2023-01-20T10:52:24+00:00","og_image":[{"width":800,"height":600,"url":"https:\/\/dev.challenge-agriculture.fr\/wp-content\/uploads\/2018\/03\/solution-monitor-xd.jpg","type":"image\/jpeg"}],"twitter_card":"summary_large_image","twitter_misc":{"Tiempo de lectura":"1 minuto"},"schema":{"@context":"https:\/\/schema.org","@graph":[{"@type":"WebPage","@id":"https:\/\/dev.challenge-agriculture.fr\/produit\/non-classe\/mise-a-disposition-de-4-monitors-r2-xd\/","url":"https:\/\/dev.challenge-agriculture.fr\/produit\/non-classe\/mise-a-disposition-de-4-monitors-r2-xd\/","name":"Mise \u00e0 disposition de 4 monitors R2&#x2d;XD &#x2d; Challenge agriculture","isPartOf":{"@id":"https:\/\/dev.challenge-agriculture.fr\/#website"},"datePublished":"2019-11-25T14:52:56+00:00","dateModified":"2023-01-20T10:52:24+00:00","description":"Toutes les caract\u00e9ristiques techniques des 4 Monitors R2&#x2d;XD mis \u00e0 disposition, produits distribu\u00e9s par Challenge agriculture.","breadcrumb":{"@id":"https:\/\/dev.challenge-agriculture.fr\/produit\/non-classe\/mise-a-disposition-de-4-monitors-r2-xd\/#breadcrumb"},"inLanguage":"es","potentialAction":[{"@type":"ReadAction","target":["https:\/\/dev.challenge-agriculture.fr\/produit\/non-classe\/mise-a-disposition-de-4-monitors-r2-xd\/"]}]},{"@type":"BreadcrumbList","@id":"https:\/\/dev.challenge-agriculture.fr\/produit\/non-classe\/mise-a-disposition-de-4-monitors-r2-xd\/#breadcrumb","itemListElement":[{"@type":"ListItem","position":1,"name":"Home","item":"https:\/\/dev.challenge-agriculture.fr\/es\/"},{"@type":"ListItem","position":2,"name":"Boutique","item":"https:\/\/dev.challenge-agriculture.fr\/la-boutique\/"},{"@type":"ListItem","position":3,"name":"Mise \u00e0 disposition de 4 Monitors R2-XD, pour la saison"}]},{"@type":"WebSite","@id":"https:\/\/dev.challenge-agriculture.fr\/#website","url":"https:\/\/dev.challenge-agriculture.fr\/","name":"Challenge Agriculture","description":"","publisher":{"@id":"https:\/\/dev.challenge-agriculture.fr\/#organization"},"potentialAction":[{"@type":"SearchAction","target":{"@type":"EntryPoint","urlTemplate":"https:\/\/dev.challenge-agriculture.fr\/?s={search_term_string}"},"query-input":"required name=search_term_string"}],"inLanguage":"es"},{"@type":"Organization","@id":"https:\/\/dev.challenge-agriculture.fr\/#organization","name":"Challenge Agriculture","url":"https:\/\/dev.challenge-agriculture.fr\/","logo":{"@type":"ImageObject","inLanguage":"es","@id":"https:\/\/dev.challenge-agriculture.fr\/#\/schema\/logo\/image\/","url":"https:\/\/www.challenge-agriculture.fr\/wp-content\/uploads\/2020\/02\/logo-doc.png","contentUrl":"https:\/\/www.challenge-agriculture.fr\/wp-content\/uploads\/2020\/02\/logo-doc.png","width":1497,"height":355,"caption":"Challenge Agriculture"},"image":{"@id":"https:\/\/dev.challenge-agriculture.fr\/#\/schema\/logo\/image\/"}}]}},"_links":{"self":[{"href":"https:\/\/dev.challenge-agriculture.fr\/es\/wp-json\/wp\/v2\/product\/10272"}],"collection":[{"href":"https:\/\/dev.challenge-agriculture.fr\/es\/wp-json\/wp\/v2\/product"}],"about":[{"href":"https:\/\/dev.challenge-agriculture.fr\/es\/wp-json\/wp\/v2\/types\/product"}],"version-history":[{"count":3,"href":"https:\/\/dev.challenge-agriculture.fr\/es\/wp-json\/wp\/v2\/product\/10272\/revisions"}],"predecessor-version":[{"id":27665,"href":"https:\/\/dev.challenge-agriculture.fr\/es\/wp-json\/wp\/v2\/product\/10272\/revisions\/27665"}],"wp:featuredmedia":[{"embeddable":true,"href":"https:\/\/dev.challenge-agriculture.fr\/es\/wp-json\/wp\/v2\/media\/2783"}],"wp:attachment":[{"href":"https:\/\/dev.challenge-agriculture.fr\/es\/wp-json\/wp\/v2\/media?parent=10272"}],"wp:term":[{"taxonomy":"product_cat","embeddable":true,"href":"https:\/\/dev.challenge-agriculture.fr\/es\/wp-json\/wp\/v2\/product_cat?post=10272"},{"taxonomy":"product_tag","embeddable":true,"href":"https:\/\/dev.challenge-agriculture.fr\/es\/wp-json\/wp\/v2\/product_tag?post=10272"}],"curies":[{"name":"wp","href":"https:\/\/api.w.org\/{rel}","templated":true}]}}