{"id":1083,"date":"2016-12-22T11:00:51","date_gmt":"2017-03-20T16:11:06","guid":{"rendered":"http:\/\/www.challenge-agriculture.fr\/?post_type=product&#038;p=1083"},"modified":"2021-04-20T23:00:04","modified_gmt":"2021-04-20T21:00:04","slug":"paquetes-de-sondas-watermark","status":"publish","type":"product","link":"https:\/\/dev.challenge-agriculture.fr\/es\/producto\/tensiometria\/monitor-es\/accesorios-para-la-sensor-watermark\/paquetes-de-sondas-watermark\/","title":{"rendered":"Paquete(s) de sondas Watermark"},"content":{"rendered":"<p>Nous fabriquons ce pack sur un connecteur rapide <strong>CPC<\/strong>. Il est\u00a0constitu\u00e9 d&#8217;une sonde de temp\u00e9rature de sol, de 3 paires de <strong><a href=\"https:\/\/www.challenge-agriculture.fr\/materiel\/sondes-watermark\/\">sondes\u00a0Watermark<\/a><\/strong>, et d&#8217;une sonde de temp\u00e9rature de l&#8217;air. Les 6 <strong>sondes Watermark<\/strong> sont mont\u00e9es sur tube PVC que nous r\u00e9treignons en double diam\u00e8tre, pour assurer un contact parfait avec le sol. Chaque paire de <strong>sondes Watermark<\/strong> est reli\u00e9e au connecteur par 3 c\u00e2bles blind\u00e9s, respectivement d&#8217;une longueur de 6m, 6m et 14 m, ce qui permet d&#8217;assurer au champ les 3 r\u00e9p\u00e9titions minimales n\u00e9cessaires pour s&#8217;adapter \u00e0 l&#8217;h\u00e9t\u00e9rog\u00e9n\u00e9it\u00e9 de structure classique en sol cultiv\u00e9 ainsi que l&#8217;h\u00e9t\u00e9rog\u00e9n\u00e9it\u00e9 de r\u00e9partition de l&#8217;eau intrins\u00e8que aux diff\u00e9rents <strong>modes d&#8217;irrigation<\/strong> : submersion, irrigation \u00e0 la raie, irrigation par aspersion, micro-irrigation, irrigation au goutte-\u00e0-goutte.<\/p>\n<p>Nous testons et r\u00e9parons les packs en atelier, ce qui permet de les remettre \u00e0 neuf et leur donner une seconde vie, \u00e0 moindre frais.<\/p>\n","protected":false},"excerpt":{"rendered":"<p>Nous fabriquons ce pack sur un connecteur rapide CPC. Il est\u00a0constitu\u00e9 d&#8217;une sonde de temp\u00e9rature de sol, de 3 paires de sondes\u00a0Watermark, et d&#8217;une sonde de temp\u00e9rature de l&#8217;air. Les 6 sondes Watermark sont mont\u00e9es sur tube PVC que nous r\u00e9treignons en double diam\u00e8tre, pour assurer un contact parfait avec le sol. Chaque paire de [&hellip;]<\/p>\n","protected":false},"featured_media":851,"template":"","meta":{"_acf_changed":false},"product_cat":[756,1101],"product_tag":[],"acf":[],"yoast_head":"<!-- This site is optimized with the Yoast SEO plugin v22.0 - https:\/\/yoast.com\/wordpress\/plugins\/seo\/ -->\n<title>Paquete(s) de sondas Watermark &#x2d; Challenge agriculture<\/title>\n<meta name=\"description\" content=\"Paquete(s) de sondas Watermark. Productos distribuidos por Challenge agriculture, hecho en Francia.\" \/>\n<meta name=\"robots\" content=\"index, follow, max-snippet:-1, max-image-preview:large, max-video-preview:-1\" \/>\n<link rel=\"canonical\" href=\"https:\/\/dev.challenge-agriculture.fr\/es\/producto\/tensiometria\/monitor-es\/accesorios-para-la-sensor-watermark\/paquetes-de-sondas-watermark\/\" \/>\n<meta property=\"og:locale\" content=\"fr_FR\" \/>\n<meta property=\"og:type\" content=\"article\" \/>\n<meta property=\"og:title\" content=\"Paquete(s) de sondas Watermark &#x2d; Challenge agriculture\" \/>\n<meta property=\"og:description\" content=\"Paquete(s) de sondas Watermark. Productos distribuidos por Challenge agriculture, hecho en Francia.\" \/>\n<meta property=\"og:url\" content=\"https:\/\/dev.challenge-agriculture.fr\/es\/producto\/tensiometria\/monitor-es\/accesorios-para-la-sensor-watermark\/paquetes-de-sondas-watermark\/\" \/>\n<meta property=\"og:site_name\" content=\"Challenge Agriculture\" \/>\n<meta property=\"article:modified_time\" content=\"2021-04-20T21:00:04+00:00\" \/>\n<meta property=\"og:image\" content=\"https:\/\/dev.challenge-agriculture.fr\/wp-content\/uploads\/2016\/12\/Challenge-369-e1618215537184.jpg\" \/>\n\t<meta property=\"og:image:width\" content=\"1000\" \/>\n\t<meta property=\"og:image:height\" content=\"666\" \/>\n\t<meta property=\"og:image:type\" content=\"image\/jpeg\" \/>\n<meta name=\"twitter:card\" content=\"summary_large_image\" \/>\n<meta name=\"twitter:label1\" content=\"Tiempo de lectura\" \/>\n\t<meta name=\"twitter:data1\" content=\"1 minuto\" \/>\n<script type=\"application\/ld+json\" class=\"yoast-schema-graph\">{\"@context\":\"https:\/\/schema.org\",\"@graph\":[{\"@type\":\"WebPage\",\"@id\":\"https:\/\/dev.challenge-agriculture.fr\/es\/producto\/tensiometria\/monitor-es\/accesorios-para-la-sensor-watermark\/paquetes-de-sondas-watermark\/\",\"url\":\"https:\/\/dev.challenge-agriculture.fr\/es\/producto\/tensiometria\/monitor-es\/accesorios-para-la-sensor-watermark\/paquetes-de-sondas-watermark\/\",\"name\":\"Paquete(s) de sondas Watermark &#x2d; Challenge agriculture\",\"isPartOf\":{\"@id\":\"https:\/\/dev.challenge-agriculture.fr\/#website\"},\"datePublished\":\"2017-03-20T16:11:06+00:00\",\"dateModified\":\"2021-04-20T21:00:04+00:00\",\"description\":\"Paquete(s) de sondas Watermark. Productos distribuidos por Challenge agriculture, hecho en Francia.\",\"breadcrumb\":{\"@id\":\"https:\/\/dev.challenge-agriculture.fr\/es\/producto\/tensiometria\/monitor-es\/accesorios-para-la-sensor-watermark\/paquetes-de-sondas-watermark\/#breadcrumb\"},\"inLanguage\":\"es\",\"potentialAction\":[{\"@type\":\"ReadAction\",\"target\":[\"https:\/\/dev.challenge-agriculture.fr\/es\/producto\/tensiometria\/monitor-es\/accesorios-para-la-sensor-watermark\/paquetes-de-sondas-watermark\/\"]}]},{\"@type\":\"BreadcrumbList\",\"@id\":\"https:\/\/dev.challenge-agriculture.fr\/es\/producto\/tensiometria\/monitor-es\/accesorios-para-la-sensor-watermark\/paquetes-de-sondas-watermark\/#breadcrumb\",\"itemListElement\":[{\"@type\":\"ListItem\",\"position\":1,\"name\":\"Home\",\"item\":\"https:\/\/dev.challenge-agriculture.fr\/es\/\"},{\"@type\":\"ListItem\",\"position\":2,\"name\":\"Boutique\",\"item\":\"https:\/\/dev.challenge-agriculture.fr\/la-boutique\/\"},{\"@type\":\"ListItem\",\"position\":3,\"name\":\"Paquete(s) de sondas Watermark\"}]},{\"@type\":\"WebSite\",\"@id\":\"https:\/\/dev.challenge-agriculture.fr\/#website\",\"url\":\"https:\/\/dev.challenge-agriculture.fr\/\",\"name\":\"Challenge Agriculture\",\"description\":\"\",\"publisher\":{\"@id\":\"https:\/\/dev.challenge-agriculture.fr\/#organization\"},\"potentialAction\":[{\"@type\":\"SearchAction\",\"target\":{\"@type\":\"EntryPoint\",\"urlTemplate\":\"https:\/\/dev.challenge-agriculture.fr\/?s={search_term_string}\"},\"query-input\":\"required name=search_term_string\"}],\"inLanguage\":\"es\"},{\"@type\":\"Organization\",\"@id\":\"https:\/\/dev.challenge-agriculture.fr\/#organization\",\"name\":\"Challenge Agriculture\",\"url\":\"https:\/\/dev.challenge-agriculture.fr\/\",\"logo\":{\"@type\":\"ImageObject\",\"inLanguage\":\"es\",\"@id\":\"https:\/\/dev.challenge-agriculture.fr\/#\/schema\/logo\/image\/\",\"url\":\"https:\/\/www.challenge-agriculture.fr\/wp-content\/uploads\/2020\/02\/logo-doc.png\",\"contentUrl\":\"https:\/\/www.challenge-agriculture.fr\/wp-content\/uploads\/2020\/02\/logo-doc.png\",\"width\":1497,\"height\":355,\"caption\":\"Challenge Agriculture\"},\"image\":{\"@id\":\"https:\/\/dev.challenge-agriculture.fr\/#\/schema\/logo\/image\/\"}}]}<\/script>\n<!-- \/ Yoast SEO plugin. -->","yoast_head_json":{"title":"Paquete(s) de sondas Watermark &#x2d; Challenge agriculture","description":"Paquete(s) de sondas Watermark. Productos distribuidos por Challenge agriculture, hecho en Francia.","robots":{"index":"index","follow":"follow","max-snippet":"max-snippet:-1","max-image-preview":"max-image-preview:large","max-video-preview":"max-video-preview:-1"},"canonical":"https:\/\/dev.challenge-agriculture.fr\/es\/producto\/tensiometria\/monitor-es\/accesorios-para-la-sensor-watermark\/paquetes-de-sondas-watermark\/","og_locale":"fr_FR","og_type":"article","og_title":"Paquete(s) de sondas Watermark &#x2d; Challenge agriculture","og_description":"Paquete(s) de sondas Watermark. Productos distribuidos por Challenge agriculture, hecho en Francia.","og_url":"https:\/\/dev.challenge-agriculture.fr\/es\/producto\/tensiometria\/monitor-es\/accesorios-para-la-sensor-watermark\/paquetes-de-sondas-watermark\/","og_site_name":"Challenge Agriculture","article_modified_time":"2021-04-20T21:00:04+00:00","og_image":[{"width":1000,"height":666,"url":"https:\/\/dev.challenge-agriculture.fr\/wp-content\/uploads\/2016\/12\/Challenge-369-e1618215537184.jpg","type":"image\/jpeg"}],"twitter_card":"summary_large_image","twitter_misc":{"Tiempo de lectura":"1 minuto"},"schema":{"@context":"https:\/\/schema.org","@graph":[{"@type":"WebPage","@id":"https:\/\/dev.challenge-agriculture.fr\/es\/producto\/tensiometria\/monitor-es\/accesorios-para-la-sensor-watermark\/paquetes-de-sondas-watermark\/","url":"https:\/\/dev.challenge-agriculture.fr\/es\/producto\/tensiometria\/monitor-es\/accesorios-para-la-sensor-watermark\/paquetes-de-sondas-watermark\/","name":"Paquete(s) de sondas Watermark &#x2d; Challenge agriculture","isPartOf":{"@id":"https:\/\/dev.challenge-agriculture.fr\/#website"},"datePublished":"2017-03-20T16:11:06+00:00","dateModified":"2021-04-20T21:00:04+00:00","description":"Paquete(s) de sondas Watermark. Productos distribuidos por Challenge agriculture, hecho en Francia.","breadcrumb":{"@id":"https:\/\/dev.challenge-agriculture.fr\/es\/producto\/tensiometria\/monitor-es\/accesorios-para-la-sensor-watermark\/paquetes-de-sondas-watermark\/#breadcrumb"},"inLanguage":"es","potentialAction":[{"@type":"ReadAction","target":["https:\/\/dev.challenge-agriculture.fr\/es\/producto\/tensiometria\/monitor-es\/accesorios-para-la-sensor-watermark\/paquetes-de-sondas-watermark\/"]}]},{"@type":"BreadcrumbList","@id":"https:\/\/dev.challenge-agriculture.fr\/es\/producto\/tensiometria\/monitor-es\/accesorios-para-la-sensor-watermark\/paquetes-de-sondas-watermark\/#breadcrumb","itemListElement":[{"@type":"ListItem","position":1,"name":"Home","item":"https:\/\/dev.challenge-agriculture.fr\/es\/"},{"@type":"ListItem","position":2,"name":"Boutique","item":"https:\/\/dev.challenge-agriculture.fr\/la-boutique\/"},{"@type":"ListItem","position":3,"name":"Paquete(s) de sondas Watermark"}]},{"@type":"WebSite","@id":"https:\/\/dev.challenge-agriculture.fr\/#website","url":"https:\/\/dev.challenge-agriculture.fr\/","name":"Challenge Agriculture","description":"","publisher":{"@id":"https:\/\/dev.challenge-agriculture.fr\/#organization"},"potentialAction":[{"@type":"SearchAction","target":{"@type":"EntryPoint","urlTemplate":"https:\/\/dev.challenge-agriculture.fr\/?s={search_term_string}"},"query-input":"required name=search_term_string"}],"inLanguage":"es"},{"@type":"Organization","@id":"https:\/\/dev.challenge-agriculture.fr\/#organization","name":"Challenge Agriculture","url":"https:\/\/dev.challenge-agriculture.fr\/","logo":{"@type":"ImageObject","inLanguage":"es","@id":"https:\/\/dev.challenge-agriculture.fr\/#\/schema\/logo\/image\/","url":"https:\/\/www.challenge-agriculture.fr\/wp-content\/uploads\/2020\/02\/logo-doc.png","contentUrl":"https:\/\/www.challenge-agriculture.fr\/wp-content\/uploads\/2020\/02\/logo-doc.png","width":1497,"height":355,"caption":"Challenge Agriculture"},"image":{"@id":"https:\/\/dev.challenge-agriculture.fr\/#\/schema\/logo\/image\/"}}]}},"_links":{"self":[{"href":"https:\/\/dev.challenge-agriculture.fr\/es\/wp-json\/wp\/v2\/product\/1083"}],"collection":[{"href":"https:\/\/dev.challenge-agriculture.fr\/es\/wp-json\/wp\/v2\/product"}],"about":[{"href":"https:\/\/dev.challenge-agriculture.fr\/es\/wp-json\/wp\/v2\/types\/product"}],"version-history":[{"count":1,"href":"https:\/\/dev.challenge-agriculture.fr\/es\/wp-json\/wp\/v2\/product\/1083\/revisions"}],"predecessor-version":[{"id":28001,"href":"https:\/\/dev.challenge-agriculture.fr\/es\/wp-json\/wp\/v2\/product\/1083\/revisions\/28001"}],"wp:featuredmedia":[{"embeddable":true,"href":"https:\/\/dev.challenge-agriculture.fr\/es\/wp-json\/wp\/v2\/media\/851"}],"wp:attachment":[{"href":"https:\/\/dev.challenge-agriculture.fr\/es\/wp-json\/wp\/v2\/media?parent=1083"}],"wp:term":[{"taxonomy":"product_cat","embeddable":true,"href":"https:\/\/dev.challenge-agriculture.fr\/es\/wp-json\/wp\/v2\/product_cat?post=1083"},{"taxonomy":"product_tag","embeddable":true,"href":"https:\/\/dev.challenge-agriculture.fr\/es\/wp-json\/wp\/v2\/product_tag?post=1083"}],"curies":[{"name":"wp","href":"https:\/\/api.w.org\/{rel}","templated":true}]}}