{"id":14149,"date":"2021-01-03T12:11:00","date_gmt":"2021-01-03T11:11:00","guid":{"rendered":"https:\/\/www.challenge-agriculture.fr\/?post_type=product&#038;p=14149"},"modified":"2023-01-28T11:24:05","modified_gmt":"2023-01-28T10:24:05","slug":"sondes-watermark-pour-makers","status":"publish","type":"product","link":"https:\/\/dev.challenge-agriculture.fr\/es\/produit\/espace-makers\/sondes-watermark-pour-makers\/","title":{"rendered":"Sondes WATERMARK \u00ae pour makers, mont\u00e9es ou nues."},"content":{"rendered":"\t\t<div data-elementor-type=\"product-post\" data-elementor-id=\"14149\" class=\"elementor elementor-14149\" data-elementor-post-type=\"product\">\n\t\t\t\t\t\t<section class=\"elementor-section elementor-top-section elementor-element elementor-element-4d8e4d71 elementor-section-boxed elementor-section-height-default elementor-section-height-default\" data-id=\"4d8e4d71\" data-element_type=\"section\">\n\t\t\t\t\t\t<div class=\"elementor-container elementor-column-gap-default\">\n\t\t\t\t\t<div class=\"elementor-column elementor-col-100 elementor-top-column elementor-element elementor-element-416a8885\" data-id=\"416a8885\" data-element_type=\"column\">\n\t\t\t<div class=\"elementor-widget-wrap elementor-element-populated\">\n\t\t\t\t\t\t<div class=\"elementor-element elementor-element-302ed999 elementor-widget elementor-widget-text-editor\" data-id=\"302ed999\" data-element_type=\"widget\" data-widget_type=\"text-editor.default\">\n\t\t\t\t<div class=\"elementor-widget-container\">\n\t\t\t\t\t\t\t<h2>Les sondes Watermark \u00ae facilitent l&#8217;irrigation pour toutes les cultures<\/h2><p>Les <strong>sondes Watermark<\/strong> (Irrometer Co) mont\u00e9es sont coll\u00e9es-rivet\u00e9es sur tube PVC souple capuchonn\u00e9, que nous r\u00e9treignons en double diam\u00e8tre 25\/22 mm, pour assurer un contact parfait avec le sol. Un pr\u00e9-trou est r\u00e9alis\u00e9 sans perturber le milieu \u00e0 observer, gr\u00e2ce \u00e0 la tari\u00e8re spirale \u00e9tag\u00e9e 25\/22 mm correspondante. La mesure doit \u00eatre compens\u00e9e de la temp\u00e9rature du sol.<\/p><p><strong>Rappel<\/strong> : 6 \u00e0 16 sondes par parcelle, avec un minimum de 6 = 3 r\u00e9p\u00e9titions minimales x 2 profondeurs, permettent d&#8217;observer l&#8217;\u00e9volution dans le temps de ce milieu h\u00e9t\u00e9rog\u00e8ne qu&#8217;est un sol cultiv\u00e9 irrigu\u00e9. H\u00e9t\u00e9rog\u00e9n\u00e9it\u00e9 de structure propre aux sols cultiv\u00e9s, ainsi qu&#8217;h\u00e9t\u00e9rog\u00e9n\u00e9it\u00e9 de r\u00e9partition de l&#8217;eau, intrins\u00e8que aux diff\u00e9rents <strong>modes d&#8217;irrigation<\/strong> : submersion, irrigation \u00e0 la raie, aspersion pivot, enrouleur, sprinkler, micro-irrigation, goutte-\u00e0-goutte.<\/p><p>Les <strong>sondes Watermark \u00ae<\/strong> mesurent la tension de l&#8217;eau sur une gamme de 0 \u00e0 239 cb, permettant le <strong>pilotage d&#8217;irrigation<\/strong> sur quasi toutes situations de culture\/climat\/sol\/mat\u00e9riel d&#8217;irrigation.<\/p>\t\t\t\t\t\t<\/div>\n\t\t\t\t<\/div>\n\t\t\t\t\t<\/div>\n\t\t<\/div>\n\t\t\t\t\t<\/div>\n\t\t<\/section>\n\t\t\t\t<\/div>\n\t\t","protected":false},"excerpt":{"rendered":"<p>Pour les makers, \u00e0 partir de 100 pi\u00e8ces. Nous consulter concernant les remises quantitatives.<\/p>\n<p>Choisir la longueur de fil : 20cm, 55cm, 96cm, 2m, 4.5m, 6m, 12m<\/p>\n<p>Choisir la longueur du tube PVC :\u00a0 25cm, 50cm, 75cm, 110cm, ou sonde nue (non mont\u00e9e)<\/p>\n","protected":false},"featured_media":16501,"template":"","meta":{"_acf_changed":false},"product_cat":[1172],"product_tag":[],"acf":[],"yoast_head":"<!-- This site is optimized with the Yoast SEO plugin v22.0 - https:\/\/yoast.com\/wordpress\/plugins\/seo\/ -->\n<title>Sondes Watermark pour makers - Challenge agriculture<\/title>\n<meta name=\"description\" content=\"Toutes les caract\u00e9ristiques techniques des sondes Watermark pour makers, un produit distribu\u00e9 par Challenge agriculture.\" \/>\n<meta name=\"robots\" content=\"index, follow, max-snippet:-1, max-image-preview:large, max-video-preview:-1\" \/>\n<link rel=\"canonical\" href=\"https:\/\/dev.challenge-agriculture.fr\/produit\/espace-makers\/sondes-watermark-pour-makers\/\" \/>\n<meta property=\"og:locale\" content=\"fr_FR\" \/>\n<meta property=\"og:type\" content=\"article\" \/>\n<meta property=\"og:title\" content=\"Sondes Watermark pour makers - Challenge agriculture\" \/>\n<meta property=\"og:description\" content=\"Toutes les caract\u00e9ristiques techniques des sondes Watermark pour makers, un produit distribu\u00e9 par Challenge agriculture.\" \/>\n<meta property=\"og:url\" content=\"https:\/\/dev.challenge-agriculture.fr\/produit\/espace-makers\/sondes-watermark-pour-makers\/\" \/>\n<meta property=\"og:site_name\" content=\"Challenge Agriculture\" \/>\n<meta property=\"article:modified_time\" content=\"2023-01-28T10:24:05+00:00\" \/>\n<meta property=\"og:image\" content=\"https:\/\/dev.challenge-agriculture.fr\/wp-content\/uploads\/2020\/01\/Sondes-WATERMARK-pour-makers.jpg\" \/>\n\t<meta property=\"og:image:width\" content=\"480\" \/>\n\t<meta property=\"og:image:height\" content=\"360\" \/>\n\t<meta property=\"og:image:type\" content=\"image\/jpeg\" \/>\n<meta name=\"twitter:card\" content=\"summary_large_image\" \/>\n<meta name=\"twitter:label1\" content=\"Tiempo de lectura\" \/>\n\t<meta name=\"twitter:data1\" content=\"1 minuto\" \/>\n<script type=\"application\/ld+json\" class=\"yoast-schema-graph\">{\"@context\":\"https:\/\/schema.org\",\"@graph\":[{\"@type\":\"WebPage\",\"@id\":\"https:\/\/dev.challenge-agriculture.fr\/produit\/espace-makers\/sondes-watermark-pour-makers\/\",\"url\":\"https:\/\/dev.challenge-agriculture.fr\/produit\/espace-makers\/sondes-watermark-pour-makers\/\",\"name\":\"Sondes Watermark pour makers - Challenge agriculture\",\"isPartOf\":{\"@id\":\"https:\/\/dev.challenge-agriculture.fr\/#website\"},\"datePublished\":\"2021-01-03T11:11:00+00:00\",\"dateModified\":\"2023-01-28T10:24:05+00:00\",\"description\":\"Toutes les caract\u00e9ristiques techniques des sondes Watermark pour makers, un produit distribu\u00e9 par Challenge agriculture.\",\"breadcrumb\":{\"@id\":\"https:\/\/dev.challenge-agriculture.fr\/produit\/espace-makers\/sondes-watermark-pour-makers\/#breadcrumb\"},\"inLanguage\":\"es\",\"potentialAction\":[{\"@type\":\"ReadAction\",\"target\":[\"https:\/\/dev.challenge-agriculture.fr\/produit\/espace-makers\/sondes-watermark-pour-makers\/\"]}]},{\"@type\":\"BreadcrumbList\",\"@id\":\"https:\/\/dev.challenge-agriculture.fr\/produit\/espace-makers\/sondes-watermark-pour-makers\/#breadcrumb\",\"itemListElement\":[{\"@type\":\"ListItem\",\"position\":1,\"name\":\"Home\",\"item\":\"https:\/\/dev.challenge-agriculture.fr\/es\/\"},{\"@type\":\"ListItem\",\"position\":2,\"name\":\"Boutique\",\"item\":\"https:\/\/dev.challenge-agriculture.fr\/la-boutique\/\"},{\"@type\":\"ListItem\",\"position\":3,\"name\":\"Sondes WATERMARK \u00ae pour makers, mont\u00e9es ou nues.\"}]},{\"@type\":\"WebSite\",\"@id\":\"https:\/\/dev.challenge-agriculture.fr\/#website\",\"url\":\"https:\/\/dev.challenge-agriculture.fr\/\",\"name\":\"Challenge Agriculture\",\"description\":\"\",\"publisher\":{\"@id\":\"https:\/\/dev.challenge-agriculture.fr\/#organization\"},\"potentialAction\":[{\"@type\":\"SearchAction\",\"target\":{\"@type\":\"EntryPoint\",\"urlTemplate\":\"https:\/\/dev.challenge-agriculture.fr\/?s={search_term_string}\"},\"query-input\":\"required name=search_term_string\"}],\"inLanguage\":\"es\"},{\"@type\":\"Organization\",\"@id\":\"https:\/\/dev.challenge-agriculture.fr\/#organization\",\"name\":\"Challenge Agriculture\",\"url\":\"https:\/\/dev.challenge-agriculture.fr\/\",\"logo\":{\"@type\":\"ImageObject\",\"inLanguage\":\"es\",\"@id\":\"https:\/\/dev.challenge-agriculture.fr\/#\/schema\/logo\/image\/\",\"url\":\"https:\/\/www.challenge-agriculture.fr\/wp-content\/uploads\/2020\/02\/logo-doc.png\",\"contentUrl\":\"https:\/\/www.challenge-agriculture.fr\/wp-content\/uploads\/2020\/02\/logo-doc.png\",\"width\":1497,\"height\":355,\"caption\":\"Challenge Agriculture\"},\"image\":{\"@id\":\"https:\/\/dev.challenge-agriculture.fr\/#\/schema\/logo\/image\/\"}}]}<\/script>\n<!-- \/ Yoast SEO plugin. -->","yoast_head_json":{"title":"Sondes Watermark pour makers - Challenge agriculture","description":"Toutes les caract\u00e9ristiques techniques des sondes Watermark pour makers, un produit distribu\u00e9 par Challenge agriculture.","robots":{"index":"index","follow":"follow","max-snippet":"max-snippet:-1","max-image-preview":"max-image-preview:large","max-video-preview":"max-video-preview:-1"},"canonical":"https:\/\/dev.challenge-agriculture.fr\/produit\/espace-makers\/sondes-watermark-pour-makers\/","og_locale":"fr_FR","og_type":"article","og_title":"Sondes Watermark pour makers - Challenge agriculture","og_description":"Toutes les caract\u00e9ristiques techniques des sondes Watermark pour makers, un produit distribu\u00e9 par Challenge agriculture.","og_url":"https:\/\/dev.challenge-agriculture.fr\/produit\/espace-makers\/sondes-watermark-pour-makers\/","og_site_name":"Challenge Agriculture","article_modified_time":"2023-01-28T10:24:05+00:00","og_image":[{"width":480,"height":360,"url":"https:\/\/dev.challenge-agriculture.fr\/wp-content\/uploads\/2020\/01\/Sondes-WATERMARK-pour-makers.jpg","type":"image\/jpeg"}],"twitter_card":"summary_large_image","twitter_misc":{"Tiempo de lectura":"1 minuto"},"schema":{"@context":"https:\/\/schema.org","@graph":[{"@type":"WebPage","@id":"https:\/\/dev.challenge-agriculture.fr\/produit\/espace-makers\/sondes-watermark-pour-makers\/","url":"https:\/\/dev.challenge-agriculture.fr\/produit\/espace-makers\/sondes-watermark-pour-makers\/","name":"Sondes Watermark pour makers - Challenge agriculture","isPartOf":{"@id":"https:\/\/dev.challenge-agriculture.fr\/#website"},"datePublished":"2021-01-03T11:11:00+00:00","dateModified":"2023-01-28T10:24:05+00:00","description":"Toutes les caract\u00e9ristiques techniques des sondes Watermark pour makers, un produit distribu\u00e9 par Challenge agriculture.","breadcrumb":{"@id":"https:\/\/dev.challenge-agriculture.fr\/produit\/espace-makers\/sondes-watermark-pour-makers\/#breadcrumb"},"inLanguage":"es","potentialAction":[{"@type":"ReadAction","target":["https:\/\/dev.challenge-agriculture.fr\/produit\/espace-makers\/sondes-watermark-pour-makers\/"]}]},{"@type":"BreadcrumbList","@id":"https:\/\/dev.challenge-agriculture.fr\/produit\/espace-makers\/sondes-watermark-pour-makers\/#breadcrumb","itemListElement":[{"@type":"ListItem","position":1,"name":"Home","item":"https:\/\/dev.challenge-agriculture.fr\/es\/"},{"@type":"ListItem","position":2,"name":"Boutique","item":"https:\/\/dev.challenge-agriculture.fr\/la-boutique\/"},{"@type":"ListItem","position":3,"name":"Sondes WATERMARK \u00ae pour makers, mont\u00e9es ou nues."}]},{"@type":"WebSite","@id":"https:\/\/dev.challenge-agriculture.fr\/#website","url":"https:\/\/dev.challenge-agriculture.fr\/","name":"Challenge Agriculture","description":"","publisher":{"@id":"https:\/\/dev.challenge-agriculture.fr\/#organization"},"potentialAction":[{"@type":"SearchAction","target":{"@type":"EntryPoint","urlTemplate":"https:\/\/dev.challenge-agriculture.fr\/?s={search_term_string}"},"query-input":"required name=search_term_string"}],"inLanguage":"es"},{"@type":"Organization","@id":"https:\/\/dev.challenge-agriculture.fr\/#organization","name":"Challenge Agriculture","url":"https:\/\/dev.challenge-agriculture.fr\/","logo":{"@type":"ImageObject","inLanguage":"es","@id":"https:\/\/dev.challenge-agriculture.fr\/#\/schema\/logo\/image\/","url":"https:\/\/www.challenge-agriculture.fr\/wp-content\/uploads\/2020\/02\/logo-doc.png","contentUrl":"https:\/\/www.challenge-agriculture.fr\/wp-content\/uploads\/2020\/02\/logo-doc.png","width":1497,"height":355,"caption":"Challenge Agriculture"},"image":{"@id":"https:\/\/dev.challenge-agriculture.fr\/#\/schema\/logo\/image\/"}}]}},"_links":{"self":[{"href":"https:\/\/dev.challenge-agriculture.fr\/es\/wp-json\/wp\/v2\/product\/14149"}],"collection":[{"href":"https:\/\/dev.challenge-agriculture.fr\/es\/wp-json\/wp\/v2\/product"}],"about":[{"href":"https:\/\/dev.challenge-agriculture.fr\/es\/wp-json\/wp\/v2\/types\/product"}],"version-history":[{"count":13,"href":"https:\/\/dev.challenge-agriculture.fr\/es\/wp-json\/wp\/v2\/product\/14149\/revisions"}],"predecessor-version":[{"id":31080,"href":"https:\/\/dev.challenge-agriculture.fr\/es\/wp-json\/wp\/v2\/product\/14149\/revisions\/31080"}],"wp:featuredmedia":[{"embeddable":true,"href":"https:\/\/dev.challenge-agriculture.fr\/es\/wp-json\/wp\/v2\/media\/16501"}],"wp:attachment":[{"href":"https:\/\/dev.challenge-agriculture.fr\/es\/wp-json\/wp\/v2\/media?parent=14149"}],"wp:term":[{"taxonomy":"product_cat","embeddable":true,"href":"https:\/\/dev.challenge-agriculture.fr\/es\/wp-json\/wp\/v2\/product_cat?post=14149"},{"taxonomy":"product_tag","embeddable":true,"href":"https:\/\/dev.challenge-agriculture.fr\/es\/wp-json\/wp\/v2\/product_tag?post=14149"}],"curies":[{"name":"wp","href":"https:\/\/api.w.org\/{rel}","templated":true}]}}