{"id":15800,"date":"2020-01-06T09:48:17","date_gmt":"2020-01-06T08:48:17","guid":{"rendered":"https:\/\/www.challenge-agriculture.fr\/?post_type=product&#038;p=15800"},"modified":"2023-01-20T11:52:29","modified_gmt":"2023-01-20T10:52:29","slug":"mise-a-disposition-dun-monitor-r2-dl","status":"publish","type":"product","link":"https:\/\/dev.challenge-agriculture.fr\/es\/produit\/non-classe\/mise-a-disposition-dun-monitor-r2-dl\/","title":{"rendered":"Mise \u00e0 disposition d&#8217;un Monitor R2-DL, pour la saison"},"content":{"rendered":"<table class=\"spectbl\">\n<tbody>\n<tr>\n<th>Monitor<\/th>\n<th>R2-DL<\/th>\n<\/tr>\n<tr>\n<td>Fabrication 100 % fran\u00e7aise<\/td>\n<td><strong>Carte \u00e9lectronique et logiciels 100 % con\u00e7us, fabriqu\u00e9s, r\u00e9alis\u00e9s par nos soins<\/strong><\/td>\n<\/tr>\n<tr>\n<td>Description rapide<\/td>\n<td>Data logger<\/td>\n<\/tr>\n<tr>\n<td>Fonction<\/td>\n<td>Enregistrement automatique des donn\u00e9es sur carte micro SD<\/td>\n<\/tr>\n<tr>\n<td>Prix d&#8217;achat HT<\/td>\n<td><strong>390 \u20ac<\/strong><\/td>\n<\/tr>\n<tr>\n<td>Mesures capteurs <em>(Watermark, temp\u00e9rature&#8230;)<\/em><\/td>\n<td>16 en standard, max <strong>32<\/strong> entr\u00e9es<\/td>\n<\/tr>\n<tr>\n<td>Pluviom\u00e8tre \/ compteur d&#8217;eau<\/td>\n<td>oui,<strong> 2<\/strong> max<\/td>\n<\/tr>\n<tr>\n<td>Connecteur rapide<\/td>\n<td>oui, permet de connecter les diff\u00e9rents packs<\/td>\n<\/tr>\n<tr>\n<td>Afficheur LCD<\/td>\n<td>oui, l&#8217;\u00e9cran permet de visualiser au champ<\/td>\n<\/tr>\n<tr>\n<td>Enregistrement automatique<\/td>\n<td>oui<\/td>\n<\/tr>\n<tr>\n<td>Sauvegarde sur microSD<\/td>\n<td>oui<\/td>\n<\/tr>\n<tr>\n<td>Interface USB<\/td>\n<td>oui<\/td>\n<\/tr>\n<tr>\n<td>Interface UART<\/td>\n<td>oui, interface vers d&#8217;autres \u00e9quipements<\/td>\n<\/tr>\n<tr>\n<td>Source \/ Tension<\/td>\n<td>6 piles AA 1,5 V (9 V)<\/td>\n<\/tr>\n<tr>\n<td>Tension coupure<\/td>\n<td>alerte \u00e0 6.5 V et coupure \u00e0 5 V<\/td>\n<\/tr>\n<tr>\n<td>Autonomie<\/td>\n<td>16 mois<\/td>\n<\/tr>\n<tr>\n<td>Consommation r\u00e9duite<\/td>\n<td>oui<\/td>\n<\/tr>\n<tr>\n<td>Autonomie sur panneau solaire<\/td>\n<td>possible 72 mois<\/td>\n<\/tr>\n<tr>\n<td>Transmission par t\u00e9l\u00e9m\u00e9trie<\/td>\n<td>non, voir le <strong>Monitor R2-DX<\/strong><\/td>\n<\/tr>\n<tr>\n<td>Envoi des donn\u00e9es sur site<\/td>\n<td>oui, on envoie les donn\u00e9es sur une connexion manuelle<\/td>\n<\/tr>\n<tr>\n<td>Graphique automatique en ligne.<\/td>\n<td>oui, service en ligne identique<\/td>\n<\/tr>\n<tr>\n<td>Seuils de d\u00e9clenchement d&#8217;irrigation<\/td>\n<td>oui<\/td>\n<\/tr>\n<tr>\n<td>\u00c9chographie du bulbe goutte-\u00e0-goutte<\/td>\n<td>cette technique n\u00e9cessite la transmission <strong>R2-DX<\/strong> pour obtenir la vid\u00e9o en temps r\u00e9el<\/td>\n<\/tr>\n<tr>\n<td>Service technique \/ bo\u00eete de dialogue en ligne<\/td>\n<td>oui, conseil hebdomadaire possible.<\/td>\n<\/tr>\n<tr>\n<td>Exp\u00e9rience<\/td>\n<td>15 ans de recul sur data-logger simple. &gt; 5000 Monitor cumul\u00e9s \u00e0 fin 2018.<\/td>\n<\/tr>\n<\/tbody>\n<\/table>\n","protected":false},"excerpt":{"rendered":"<p><strong>Monitor R2-DL<\/strong> en enregistrement des <strong><a href=\"https:\/\/www.challenge-agriculture.fr\/materiel\/sondes-watermark\/\">sondes tensiom\u00e9triques WATERMARK<\/a><\/strong>, de temp\u00e9rature sol et air, pluviom\u00e8tre, compteur d\u2019eau.<\/p>\n","protected":false},"featured_media":12964,"template":"","meta":{"_acf_changed":false},"product_cat":[1034],"product_tag":[],"acf":[],"yoast_head":"<!-- This site is optimized with the Yoast SEO plugin v22.0 - https:\/\/yoast.com\/wordpress\/plugins\/seo\/ -->\n<title>Mise \u00e0 disposition d&#039;un monitor R2&#x2d;DL &#x2d; Challenge agriculture<\/title>\n<meta name=\"description\" content=\"Toutes les caract\u00e9ristique de la mise \u00e0 disposition d&#039;un monitor R2&#x2d;DL, un service de Challenge agriculture.\" \/>\n<meta name=\"robots\" content=\"index, follow, max-snippet:-1, max-image-preview:large, max-video-preview:-1\" \/>\n<link rel=\"canonical\" href=\"https:\/\/dev.challenge-agriculture.fr\/produit\/non-classe\/mise-a-disposition-dun-monitor-r2-dl\/\" \/>\n<meta property=\"og:locale\" content=\"fr_FR\" \/>\n<meta property=\"og:type\" content=\"article\" \/>\n<meta property=\"og:title\" content=\"Mise \u00e0 disposition d&#039;un monitor R2&#x2d;DL &#x2d; Challenge agriculture\" \/>\n<meta property=\"og:description\" content=\"Toutes les caract\u00e9ristique de la mise \u00e0 disposition d&#039;un monitor R2&#x2d;DL, un service de Challenge agriculture.\" \/>\n<meta property=\"og:url\" content=\"https:\/\/dev.challenge-agriculture.fr\/produit\/non-classe\/mise-a-disposition-dun-monitor-r2-dl\/\" \/>\n<meta property=\"og:site_name\" content=\"Challenge Agriculture\" \/>\n<meta property=\"article:modified_time\" content=\"2023-01-20T10:52:29+00:00\" \/>\n<meta property=\"og:image\" content=\"https:\/\/dev.challenge-agriculture.fr\/wp-content\/uploads\/2016\/12\/Challenge-030-e1618211332441.jpg\" \/>\n\t<meta property=\"og:image:width\" content=\"800\" \/>\n\t<meta property=\"og:image:height\" content=\"533\" \/>\n\t<meta property=\"og:image:type\" content=\"image\/jpeg\" \/>\n<meta name=\"twitter:card\" content=\"summary_large_image\" \/>\n<meta name=\"twitter:label1\" content=\"Tiempo de lectura\" \/>\n\t<meta name=\"twitter:data1\" content=\"1 minuto\" \/>\n<script type=\"application\/ld+json\" class=\"yoast-schema-graph\">{\"@context\":\"https:\/\/schema.org\",\"@graph\":[{\"@type\":\"WebPage\",\"@id\":\"https:\/\/dev.challenge-agriculture.fr\/produit\/non-classe\/mise-a-disposition-dun-monitor-r2-dl\/\",\"url\":\"https:\/\/dev.challenge-agriculture.fr\/produit\/non-classe\/mise-a-disposition-dun-monitor-r2-dl\/\",\"name\":\"Mise \u00e0 disposition d'un monitor R2&#x2d;DL &#x2d; Challenge agriculture\",\"isPartOf\":{\"@id\":\"https:\/\/dev.challenge-agriculture.fr\/#website\"},\"datePublished\":\"2020-01-06T08:48:17+00:00\",\"dateModified\":\"2023-01-20T10:52:29+00:00\",\"description\":\"Toutes les caract\u00e9ristique de la mise \u00e0 disposition d'un monitor R2&#x2d;DL, un service de Challenge agriculture.\",\"breadcrumb\":{\"@id\":\"https:\/\/dev.challenge-agriculture.fr\/produit\/non-classe\/mise-a-disposition-dun-monitor-r2-dl\/#breadcrumb\"},\"inLanguage\":\"es\",\"potentialAction\":[{\"@type\":\"ReadAction\",\"target\":[\"https:\/\/dev.challenge-agriculture.fr\/produit\/non-classe\/mise-a-disposition-dun-monitor-r2-dl\/\"]}]},{\"@type\":\"BreadcrumbList\",\"@id\":\"https:\/\/dev.challenge-agriculture.fr\/produit\/non-classe\/mise-a-disposition-dun-monitor-r2-dl\/#breadcrumb\",\"itemListElement\":[{\"@type\":\"ListItem\",\"position\":1,\"name\":\"Home\",\"item\":\"https:\/\/dev.challenge-agriculture.fr\/es\/\"},{\"@type\":\"ListItem\",\"position\":2,\"name\":\"Boutique\",\"item\":\"https:\/\/dev.challenge-agriculture.fr\/la-boutique\/\"},{\"@type\":\"ListItem\",\"position\":3,\"name\":\"Mise \u00e0 disposition d&rsquo;un Monitor R2-DL, pour la saison\"}]},{\"@type\":\"WebSite\",\"@id\":\"https:\/\/dev.challenge-agriculture.fr\/#website\",\"url\":\"https:\/\/dev.challenge-agriculture.fr\/\",\"name\":\"Challenge Agriculture\",\"description\":\"\",\"publisher\":{\"@id\":\"https:\/\/dev.challenge-agriculture.fr\/#organization\"},\"potentialAction\":[{\"@type\":\"SearchAction\",\"target\":{\"@type\":\"EntryPoint\",\"urlTemplate\":\"https:\/\/dev.challenge-agriculture.fr\/?s={search_term_string}\"},\"query-input\":\"required name=search_term_string\"}],\"inLanguage\":\"es\"},{\"@type\":\"Organization\",\"@id\":\"https:\/\/dev.challenge-agriculture.fr\/#organization\",\"name\":\"Challenge Agriculture\",\"url\":\"https:\/\/dev.challenge-agriculture.fr\/\",\"logo\":{\"@type\":\"ImageObject\",\"inLanguage\":\"es\",\"@id\":\"https:\/\/dev.challenge-agriculture.fr\/#\/schema\/logo\/image\/\",\"url\":\"https:\/\/www.challenge-agriculture.fr\/wp-content\/uploads\/2020\/02\/logo-doc.png\",\"contentUrl\":\"https:\/\/www.challenge-agriculture.fr\/wp-content\/uploads\/2020\/02\/logo-doc.png\",\"width\":1497,\"height\":355,\"caption\":\"Challenge Agriculture\"},\"image\":{\"@id\":\"https:\/\/dev.challenge-agriculture.fr\/#\/schema\/logo\/image\/\"}}]}<\/script>\n<!-- \/ Yoast SEO plugin. -->","yoast_head_json":{"title":"Mise \u00e0 disposition d'un monitor R2&#x2d;DL &#x2d; Challenge agriculture","description":"Toutes les caract\u00e9ristique de la mise \u00e0 disposition d'un monitor R2&#x2d;DL, un service de Challenge agriculture.","robots":{"index":"index","follow":"follow","max-snippet":"max-snippet:-1","max-image-preview":"max-image-preview:large","max-video-preview":"max-video-preview:-1"},"canonical":"https:\/\/dev.challenge-agriculture.fr\/produit\/non-classe\/mise-a-disposition-dun-monitor-r2-dl\/","og_locale":"fr_FR","og_type":"article","og_title":"Mise \u00e0 disposition d'un monitor R2&#x2d;DL &#x2d; Challenge agriculture","og_description":"Toutes les caract\u00e9ristique de la mise \u00e0 disposition d'un monitor R2&#x2d;DL, un service de Challenge agriculture.","og_url":"https:\/\/dev.challenge-agriculture.fr\/produit\/non-classe\/mise-a-disposition-dun-monitor-r2-dl\/","og_site_name":"Challenge Agriculture","article_modified_time":"2023-01-20T10:52:29+00:00","og_image":[{"width":800,"height":533,"url":"https:\/\/dev.challenge-agriculture.fr\/wp-content\/uploads\/2016\/12\/Challenge-030-e1618211332441.jpg","type":"image\/jpeg"}],"twitter_card":"summary_large_image","twitter_misc":{"Tiempo de lectura":"1 minuto"},"schema":{"@context":"https:\/\/schema.org","@graph":[{"@type":"WebPage","@id":"https:\/\/dev.challenge-agriculture.fr\/produit\/non-classe\/mise-a-disposition-dun-monitor-r2-dl\/","url":"https:\/\/dev.challenge-agriculture.fr\/produit\/non-classe\/mise-a-disposition-dun-monitor-r2-dl\/","name":"Mise \u00e0 disposition d'un monitor R2&#x2d;DL &#x2d; Challenge agriculture","isPartOf":{"@id":"https:\/\/dev.challenge-agriculture.fr\/#website"},"datePublished":"2020-01-06T08:48:17+00:00","dateModified":"2023-01-20T10:52:29+00:00","description":"Toutes les caract\u00e9ristique de la mise \u00e0 disposition d'un monitor R2&#x2d;DL, un service de Challenge agriculture.","breadcrumb":{"@id":"https:\/\/dev.challenge-agriculture.fr\/produit\/non-classe\/mise-a-disposition-dun-monitor-r2-dl\/#breadcrumb"},"inLanguage":"es","potentialAction":[{"@type":"ReadAction","target":["https:\/\/dev.challenge-agriculture.fr\/produit\/non-classe\/mise-a-disposition-dun-monitor-r2-dl\/"]}]},{"@type":"BreadcrumbList","@id":"https:\/\/dev.challenge-agriculture.fr\/produit\/non-classe\/mise-a-disposition-dun-monitor-r2-dl\/#breadcrumb","itemListElement":[{"@type":"ListItem","position":1,"name":"Home","item":"https:\/\/dev.challenge-agriculture.fr\/es\/"},{"@type":"ListItem","position":2,"name":"Boutique","item":"https:\/\/dev.challenge-agriculture.fr\/la-boutique\/"},{"@type":"ListItem","position":3,"name":"Mise \u00e0 disposition d&rsquo;un Monitor R2-DL, pour la saison"}]},{"@type":"WebSite","@id":"https:\/\/dev.challenge-agriculture.fr\/#website","url":"https:\/\/dev.challenge-agriculture.fr\/","name":"Challenge Agriculture","description":"","publisher":{"@id":"https:\/\/dev.challenge-agriculture.fr\/#organization"},"potentialAction":[{"@type":"SearchAction","target":{"@type":"EntryPoint","urlTemplate":"https:\/\/dev.challenge-agriculture.fr\/?s={search_term_string}"},"query-input":"required name=search_term_string"}],"inLanguage":"es"},{"@type":"Organization","@id":"https:\/\/dev.challenge-agriculture.fr\/#organization","name":"Challenge Agriculture","url":"https:\/\/dev.challenge-agriculture.fr\/","logo":{"@type":"ImageObject","inLanguage":"es","@id":"https:\/\/dev.challenge-agriculture.fr\/#\/schema\/logo\/image\/","url":"https:\/\/www.challenge-agriculture.fr\/wp-content\/uploads\/2020\/02\/logo-doc.png","contentUrl":"https:\/\/www.challenge-agriculture.fr\/wp-content\/uploads\/2020\/02\/logo-doc.png","width":1497,"height":355,"caption":"Challenge Agriculture"},"image":{"@id":"https:\/\/dev.challenge-agriculture.fr\/#\/schema\/logo\/image\/"}}]}},"_links":{"self":[{"href":"https:\/\/dev.challenge-agriculture.fr\/es\/wp-json\/wp\/v2\/product\/15800"}],"collection":[{"href":"https:\/\/dev.challenge-agriculture.fr\/es\/wp-json\/wp\/v2\/product"}],"about":[{"href":"https:\/\/dev.challenge-agriculture.fr\/es\/wp-json\/wp\/v2\/types\/product"}],"version-history":[{"count":3,"href":"https:\/\/dev.challenge-agriculture.fr\/es\/wp-json\/wp\/v2\/product\/15800\/revisions"}],"predecessor-version":[{"id":28444,"href":"https:\/\/dev.challenge-agriculture.fr\/es\/wp-json\/wp\/v2\/product\/15800\/revisions\/28444"}],"wp:featuredmedia":[{"embeddable":true,"href":"https:\/\/dev.challenge-agriculture.fr\/es\/wp-json\/wp\/v2\/media\/12964"}],"wp:attachment":[{"href":"https:\/\/dev.challenge-agriculture.fr\/es\/wp-json\/wp\/v2\/media?parent=15800"}],"wp:term":[{"taxonomy":"product_cat","embeddable":true,"href":"https:\/\/dev.challenge-agriculture.fr\/es\/wp-json\/wp\/v2\/product_cat?post=15800"},{"taxonomy":"product_tag","embeddable":true,"href":"https:\/\/dev.challenge-agriculture.fr\/es\/wp-json\/wp\/v2\/product_tag?post=15800"}],"curies":[{"name":"wp","href":"https:\/\/api.w.org\/{rel}","templated":true}]}}