{"id":23333,"date":"2016-12-30T10:00:11","date_gmt":"2016-12-30T09:00:11","guid":{"rendered":"https:\/\/www.challenge-agriculture.fr\/?post_type=product&#038;p=23333"},"modified":"2023-01-20T11:52:46","modified_gmt":"2023-01-20T10:52:46","slug":"extracteur","status":"publish","type":"product","link":"https:\/\/dev.challenge-agriculture.fr\/es\/produit\/nitrates\/tarieres\/extracteur\/","title":{"rendered":"Extracteur de sondes Watermark\u00ae"},"content":{"rendered":"","protected":false},"excerpt":{"rendered":"<p><a href=\"https:\/\/www.youtube.com\/watch?v=JMIdaN4lMXQ\" target=\"_blank\" rel=\"noopener\"><strong>L&#8217;extracteur<\/strong><\/a> est un levier actionn\u00e9 \u00e0 la main ou au pied, qui exerce une traction verticale, sur <strong>une pince-\u00e9tau<\/strong> serr\u00e9e autour du tube de sonde.\u00a0 Quand le sol est \u00abb\u00e9tonn\u00e9\u00bb en fin de saison, on fait le tour des sondes pour remplir leur tube d&#8217;eau, afin de d\u00e9tendre le sol autour de la sonde. On utilise ensuite cet extracteur pour les tirer doucement, bien dans l&#8217;axe, sans forcer, ce qui permet d&#8217;\u00e9viter la casse.<\/p>\n","protected":false},"featured_media":23364,"template":"","meta":{"_acf_changed":false},"product_cat":[547],"product_tag":[],"acf":[],"yoast_head":"<!-- This site is optimized with the Yoast SEO plugin v22.0 - https:\/\/yoast.com\/wordpress\/plugins\/seo\/ -->\n<title>L&#039;extracteur de sondes tensiom\u00e9triques - Challenge agriculture<\/title>\n<meta name=\"description\" content=\"Toutes les caract\u00e9ristiques techniques de l&#039;extracteur de sondes tensiom\u00e9triques, produit distribu\u00e9 par Challenge agriculture.\" \/>\n<meta name=\"robots\" content=\"index, follow, max-snippet:-1, max-image-preview:large, max-video-preview:-1\" \/>\n<link rel=\"canonical\" href=\"https:\/\/dev.challenge-agriculture.fr\/produit\/nitrates\/tarieres\/extracteur\/\" \/>\n<meta property=\"og:locale\" content=\"fr_FR\" \/>\n<meta property=\"og:type\" content=\"article\" \/>\n<meta property=\"og:title\" content=\"L&#039;extracteur de sondes tensiom\u00e9triques - Challenge agriculture\" \/>\n<meta property=\"og:description\" content=\"Toutes les caract\u00e9ristiques techniques de l&#039;extracteur de sondes tensiom\u00e9triques, produit distribu\u00e9 par Challenge agriculture.\" \/>\n<meta property=\"og:url\" content=\"https:\/\/dev.challenge-agriculture.fr\/produit\/nitrates\/tarieres\/extracteur\/\" \/>\n<meta property=\"og:site_name\" content=\"Challenge Agriculture\" \/>\n<meta property=\"article:modified_time\" content=\"2023-01-20T10:52:46+00:00\" \/>\n<meta property=\"og:image\" content=\"https:\/\/dev.challenge-agriculture.fr\/wp-content\/uploads\/2020\/08\/vlcsnap-2020-08-06-18h54m22s395.png\" \/>\n\t<meta property=\"og:image:width\" content=\"568\" \/>\n\t<meta property=\"og:image:height\" content=\"320\" \/>\n\t<meta property=\"og:image:type\" content=\"image\/png\" \/>\n<meta name=\"twitter:card\" content=\"summary_large_image\" \/>\n<script type=\"application\/ld+json\" class=\"yoast-schema-graph\">{\"@context\":\"https:\/\/schema.org\",\"@graph\":[{\"@type\":\"WebPage\",\"@id\":\"https:\/\/dev.challenge-agriculture.fr\/produit\/nitrates\/tarieres\/extracteur\/\",\"url\":\"https:\/\/dev.challenge-agriculture.fr\/produit\/nitrates\/tarieres\/extracteur\/\",\"name\":\"L'extracteur de sondes tensiom\u00e9triques - Challenge agriculture\",\"isPartOf\":{\"@id\":\"https:\/\/dev.challenge-agriculture.fr\/#website\"},\"datePublished\":\"2016-12-30T09:00:11+00:00\",\"dateModified\":\"2023-01-20T10:52:46+00:00\",\"description\":\"Toutes les caract\u00e9ristiques techniques de l'extracteur de sondes tensiom\u00e9triques, produit distribu\u00e9 par Challenge agriculture.\",\"breadcrumb\":{\"@id\":\"https:\/\/dev.challenge-agriculture.fr\/produit\/nitrates\/tarieres\/extracteur\/#breadcrumb\"},\"inLanguage\":\"es\",\"potentialAction\":[{\"@type\":\"ReadAction\",\"target\":[\"https:\/\/dev.challenge-agriculture.fr\/produit\/nitrates\/tarieres\/extracteur\/\"]}]},{\"@type\":\"BreadcrumbList\",\"@id\":\"https:\/\/dev.challenge-agriculture.fr\/produit\/nitrates\/tarieres\/extracteur\/#breadcrumb\",\"itemListElement\":[{\"@type\":\"ListItem\",\"position\":1,\"name\":\"Home\",\"item\":\"https:\/\/dev.challenge-agriculture.fr\/es\/\"},{\"@type\":\"ListItem\",\"position\":2,\"name\":\"Boutique\",\"item\":\"https:\/\/dev.challenge-agriculture.fr\/la-boutique\/\"},{\"@type\":\"ListItem\",\"position\":3,\"name\":\"Extracteur de sondes Watermark\u00ae\"}]},{\"@type\":\"WebSite\",\"@id\":\"https:\/\/dev.challenge-agriculture.fr\/#website\",\"url\":\"https:\/\/dev.challenge-agriculture.fr\/\",\"name\":\"Challenge Agriculture\",\"description\":\"\",\"publisher\":{\"@id\":\"https:\/\/dev.challenge-agriculture.fr\/#organization\"},\"potentialAction\":[{\"@type\":\"SearchAction\",\"target\":{\"@type\":\"EntryPoint\",\"urlTemplate\":\"https:\/\/dev.challenge-agriculture.fr\/?s={search_term_string}\"},\"query-input\":\"required name=search_term_string\"}],\"inLanguage\":\"es\"},{\"@type\":\"Organization\",\"@id\":\"https:\/\/dev.challenge-agriculture.fr\/#organization\",\"name\":\"Challenge Agriculture\",\"url\":\"https:\/\/dev.challenge-agriculture.fr\/\",\"logo\":{\"@type\":\"ImageObject\",\"inLanguage\":\"es\",\"@id\":\"https:\/\/dev.challenge-agriculture.fr\/#\/schema\/logo\/image\/\",\"url\":\"https:\/\/www.challenge-agriculture.fr\/wp-content\/uploads\/2020\/02\/logo-doc.png\",\"contentUrl\":\"https:\/\/www.challenge-agriculture.fr\/wp-content\/uploads\/2020\/02\/logo-doc.png\",\"width\":1497,\"height\":355,\"caption\":\"Challenge Agriculture\"},\"image\":{\"@id\":\"https:\/\/dev.challenge-agriculture.fr\/#\/schema\/logo\/image\/\"}}]}<\/script>\n<!-- \/ Yoast SEO plugin. -->","yoast_head_json":{"title":"L'extracteur de sondes tensiom\u00e9triques - Challenge agriculture","description":"Toutes les caract\u00e9ristiques techniques de l'extracteur de sondes tensiom\u00e9triques, produit distribu\u00e9 par Challenge agriculture.","robots":{"index":"index","follow":"follow","max-snippet":"max-snippet:-1","max-image-preview":"max-image-preview:large","max-video-preview":"max-video-preview:-1"},"canonical":"https:\/\/dev.challenge-agriculture.fr\/produit\/nitrates\/tarieres\/extracteur\/","og_locale":"fr_FR","og_type":"article","og_title":"L'extracteur de sondes tensiom\u00e9triques - Challenge agriculture","og_description":"Toutes les caract\u00e9ristiques techniques de l'extracteur de sondes tensiom\u00e9triques, produit distribu\u00e9 par Challenge agriculture.","og_url":"https:\/\/dev.challenge-agriculture.fr\/produit\/nitrates\/tarieres\/extracteur\/","og_site_name":"Challenge Agriculture","article_modified_time":"2023-01-20T10:52:46+00:00","og_image":[{"width":568,"height":320,"url":"https:\/\/dev.challenge-agriculture.fr\/wp-content\/uploads\/2020\/08\/vlcsnap-2020-08-06-18h54m22s395.png","type":"image\/png"}],"twitter_card":"summary_large_image","schema":{"@context":"https:\/\/schema.org","@graph":[{"@type":"WebPage","@id":"https:\/\/dev.challenge-agriculture.fr\/produit\/nitrates\/tarieres\/extracteur\/","url":"https:\/\/dev.challenge-agriculture.fr\/produit\/nitrates\/tarieres\/extracteur\/","name":"L'extracteur de sondes tensiom\u00e9triques - Challenge agriculture","isPartOf":{"@id":"https:\/\/dev.challenge-agriculture.fr\/#website"},"datePublished":"2016-12-30T09:00:11+00:00","dateModified":"2023-01-20T10:52:46+00:00","description":"Toutes les caract\u00e9ristiques techniques de l'extracteur de sondes tensiom\u00e9triques, produit distribu\u00e9 par Challenge agriculture.","breadcrumb":{"@id":"https:\/\/dev.challenge-agriculture.fr\/produit\/nitrates\/tarieres\/extracteur\/#breadcrumb"},"inLanguage":"es","potentialAction":[{"@type":"ReadAction","target":["https:\/\/dev.challenge-agriculture.fr\/produit\/nitrates\/tarieres\/extracteur\/"]}]},{"@type":"BreadcrumbList","@id":"https:\/\/dev.challenge-agriculture.fr\/produit\/nitrates\/tarieres\/extracteur\/#breadcrumb","itemListElement":[{"@type":"ListItem","position":1,"name":"Home","item":"https:\/\/dev.challenge-agriculture.fr\/es\/"},{"@type":"ListItem","position":2,"name":"Boutique","item":"https:\/\/dev.challenge-agriculture.fr\/la-boutique\/"},{"@type":"ListItem","position":3,"name":"Extracteur de sondes Watermark\u00ae"}]},{"@type":"WebSite","@id":"https:\/\/dev.challenge-agriculture.fr\/#website","url":"https:\/\/dev.challenge-agriculture.fr\/","name":"Challenge Agriculture","description":"","publisher":{"@id":"https:\/\/dev.challenge-agriculture.fr\/#organization"},"potentialAction":[{"@type":"SearchAction","target":{"@type":"EntryPoint","urlTemplate":"https:\/\/dev.challenge-agriculture.fr\/?s={search_term_string}"},"query-input":"required name=search_term_string"}],"inLanguage":"es"},{"@type":"Organization","@id":"https:\/\/dev.challenge-agriculture.fr\/#organization","name":"Challenge Agriculture","url":"https:\/\/dev.challenge-agriculture.fr\/","logo":{"@type":"ImageObject","inLanguage":"es","@id":"https:\/\/dev.challenge-agriculture.fr\/#\/schema\/logo\/image\/","url":"https:\/\/www.challenge-agriculture.fr\/wp-content\/uploads\/2020\/02\/logo-doc.png","contentUrl":"https:\/\/www.challenge-agriculture.fr\/wp-content\/uploads\/2020\/02\/logo-doc.png","width":1497,"height":355,"caption":"Challenge Agriculture"},"image":{"@id":"https:\/\/dev.challenge-agriculture.fr\/#\/schema\/logo\/image\/"}}]}},"_links":{"self":[{"href":"https:\/\/dev.challenge-agriculture.fr\/es\/wp-json\/wp\/v2\/product\/23333"}],"collection":[{"href":"https:\/\/dev.challenge-agriculture.fr\/es\/wp-json\/wp\/v2\/product"}],"about":[{"href":"https:\/\/dev.challenge-agriculture.fr\/es\/wp-json\/wp\/v2\/types\/product"}],"version-history":[{"count":5,"href":"https:\/\/dev.challenge-agriculture.fr\/es\/wp-json\/wp\/v2\/product\/23333\/revisions"}],"predecessor-version":[{"id":30351,"href":"https:\/\/dev.challenge-agriculture.fr\/es\/wp-json\/wp\/v2\/product\/23333\/revisions\/30351"}],"wp:featuredmedia":[{"embeddable":true,"href":"https:\/\/dev.challenge-agriculture.fr\/es\/wp-json\/wp\/v2\/media\/23364"}],"wp:attachment":[{"href":"https:\/\/dev.challenge-agriculture.fr\/es\/wp-json\/wp\/v2\/media?parent=23333"}],"wp:term":[{"taxonomy":"product_cat","embeddable":true,"href":"https:\/\/dev.challenge-agriculture.fr\/es\/wp-json\/wp\/v2\/product_cat?post=23333"},{"taxonomy":"product_tag","embeddable":true,"href":"https:\/\/dev.challenge-agriculture.fr\/es\/wp-json\/wp\/v2\/product_tag?post=23333"}],"curies":[{"name":"wp","href":"https:\/\/api.w.org\/{rel}","templated":true}]}}