{"id":23542,"date":"2020-09-15T16:54:03","date_gmt":"2020-09-15T14:54:03","guid":{"rendered":"https:\/\/www.challenge-agriculture.fr\/?post_type=product&#038;p=23542"},"modified":"2023-01-20T11:52:50","modified_gmt":"2023-01-20T10:52:50","slug":"webinaire-comportement-hydrique-et-performance-des-sols-cultives","status":"publish","type":"product","link":"https:\/\/dev.challenge-agriculture.fr\/es\/produit\/services\/webinaire-comportement-hydrique-et-performance-des-sols-cultives\/webinaire-comportement-hydrique-et-performance-des-sols-cultives\/","title":{"rendered":"Webinaire n\u00b01 : observez le fonctionnement du sol et optimisez l&#8217;irrigation"},"content":{"rendered":"","protected":false},"excerpt":{"rendered":"<h2>Webinaire n\u00b01 : pilotez avec 1 coup d&#8217;avance, observez le fonctionnement du sol et optimisez l&#8217;irrigation<\/h2>\n<h3>Au sommaire du Webinaire :<\/h3>\n<p><strong>A) L&#8217;irrigation \u00e0 court et moyen terme<\/strong><\/p>\n<p><strong>B) Observer les sols. <\/strong>Graphe\u00a0 4002779.<\/p>\n<p><strong>C) Comportement des sols :<\/strong><\/p>\n<ol>\n<li>Sol hydromorphe, sol contraignant. Graphes tensiom\u00e9triques 4000118 et 4001184.<b><br \/>\n<\/b><\/li>\n<li>Sol bien structur\u00e9. Graphe tensiom\u00e9trique 4001487.<\/li>\n<li>Battance : graphe tensiom\u00e9trique 4002613.<strong><br \/>\n<\/strong><\/li>\n<li>Tassement : graphe tensiom\u00e9trique 4000958.<\/li>\n<\/ol>\n<p><strong>D) Comment pr\u00e9voir le comportement hydrique des sols.<\/strong><\/p>\n<p><strong>E) Am\u00e9liorer la gestion de l&#8217;irrigation :<\/strong><\/p>\n<ol>\n<li style=\"list-style-type: none;\">\n<ol>\n<li>Graphes tensiom\u00e9triques aspersion 4002757, 4002464, 4001531<\/li>\n<li>Graphes tensiom\u00e9triques Goutte-\u00e0-goutte \/ \u00e9chographie du bulbe : 1476, 2413.<\/li>\n<\/ol>\n<\/li>\n<\/ol>\n<p><strong>F) Questions, \u00e9changes<\/strong><\/p>\n<p><em>Webinaire factur\u00e9 50\u20ac ht, c<\/em><em>omprenant r\u00e9ponse \u00e0 des questions individuelles, qui peuvent \u00eatre pos\u00e9es entre les chapitres ou \u00e0 l&#8217;issue du Webinaire.<\/em><\/p>\n","protected":false},"featured_media":23673,"template":"","meta":{"_acf_changed":false},"product_cat":[1239],"product_tag":[],"acf":[],"yoast_head":"<!-- This site is optimized with the Yoast SEO plugin v22.0 - https:\/\/yoast.com\/wordpress\/plugins\/seo\/ -->\n<title>Webinaire n\u00b01 : optimisez votre irrigation &#x2d; Challenge agriculture<\/title>\n<meta name=\"description\" content=\"La tensiom\u00e9trie permet d&#039;observer le comportement hydrique des sols. Gr\u00e2ce \u00e0 ce webinaire Challenge Agriculture, pilotez avec un coup d&#039;avance sur le sol.\" \/>\n<meta name=\"robots\" content=\"index, follow, max-snippet:-1, max-image-preview:large, max-video-preview:-1\" \/>\n<link rel=\"canonical\" href=\"https:\/\/dev.challenge-agriculture.fr\/produit\/services\/webinaire-comportement-hydrique-et-performance-des-sols-cultives\/webinaire-comportement-hydrique-et-performance-des-sols-cultives\/\" \/>\n<meta property=\"og:locale\" content=\"fr_FR\" \/>\n<meta property=\"og:type\" content=\"article\" \/>\n<meta property=\"og:title\" content=\"Webinaire n\u00b01 : optimisez votre irrigation &#x2d; Challenge agriculture\" \/>\n<meta property=\"og:description\" content=\"La tensiom\u00e9trie permet d&#039;observer le comportement hydrique des sols. Gr\u00e2ce \u00e0 ce webinaire Challenge Agriculture, pilotez avec un coup d&#039;avance sur le sol.\" \/>\n<meta property=\"og:url\" content=\"https:\/\/dev.challenge-agriculture.fr\/produit\/services\/webinaire-comportement-hydrique-et-performance-des-sols-cultives\/webinaire-comportement-hydrique-et-performance-des-sols-cultives\/\" \/>\n<meta property=\"og:site_name\" content=\"Challenge Agriculture\" \/>\n<meta property=\"article:modified_time\" content=\"2023-01-20T10:52:50+00:00\" \/>\n<meta property=\"og:image\" content=\"https:\/\/dev.challenge-agriculture.fr\/wp-content\/uploads\/2020\/10\/webinaire-1-1.png\" \/>\n\t<meta property=\"og:image:width\" content=\"533\" \/>\n\t<meta property=\"og:image:height\" content=\"400\" \/>\n\t<meta property=\"og:image:type\" content=\"image\/png\" \/>\n<meta name=\"twitter:card\" content=\"summary_large_image\" \/>\n<script type=\"application\/ld+json\" class=\"yoast-schema-graph\">{\"@context\":\"https:\/\/schema.org\",\"@graph\":[{\"@type\":\"WebPage\",\"@id\":\"https:\/\/dev.challenge-agriculture.fr\/produit\/services\/webinaire-comportement-hydrique-et-performance-des-sols-cultives\/webinaire-comportement-hydrique-et-performance-des-sols-cultives\/\",\"url\":\"https:\/\/dev.challenge-agriculture.fr\/produit\/services\/webinaire-comportement-hydrique-et-performance-des-sols-cultives\/webinaire-comportement-hydrique-et-performance-des-sols-cultives\/\",\"name\":\"Webinaire n\u00b01 : optimisez votre irrigation &#x2d; Challenge agriculture\",\"isPartOf\":{\"@id\":\"https:\/\/dev.challenge-agriculture.fr\/#website\"},\"datePublished\":\"2020-09-15T14:54:03+00:00\",\"dateModified\":\"2023-01-20T10:52:50+00:00\",\"description\":\"La tensiom\u00e9trie permet d'observer le comportement hydrique des sols. Gr\u00e2ce \u00e0 ce webinaire Challenge Agriculture, pilotez avec un coup d'avance sur le sol.\",\"breadcrumb\":{\"@id\":\"https:\/\/dev.challenge-agriculture.fr\/produit\/services\/webinaire-comportement-hydrique-et-performance-des-sols-cultives\/webinaire-comportement-hydrique-et-performance-des-sols-cultives\/#breadcrumb\"},\"inLanguage\":\"es\",\"potentialAction\":[{\"@type\":\"ReadAction\",\"target\":[\"https:\/\/dev.challenge-agriculture.fr\/produit\/services\/webinaire-comportement-hydrique-et-performance-des-sols-cultives\/webinaire-comportement-hydrique-et-performance-des-sols-cultives\/\"]}]},{\"@type\":\"BreadcrumbList\",\"@id\":\"https:\/\/dev.challenge-agriculture.fr\/produit\/services\/webinaire-comportement-hydrique-et-performance-des-sols-cultives\/webinaire-comportement-hydrique-et-performance-des-sols-cultives\/#breadcrumb\",\"itemListElement\":[{\"@type\":\"ListItem\",\"position\":1,\"name\":\"Home\",\"item\":\"https:\/\/dev.challenge-agriculture.fr\/es\/\"},{\"@type\":\"ListItem\",\"position\":2,\"name\":\"Boutique\",\"item\":\"https:\/\/dev.challenge-agriculture.fr\/la-boutique\/\"},{\"@type\":\"ListItem\",\"position\":3,\"name\":\"Webinaire n\u00b01 : observez le fonctionnement du sol et optimisez l&rsquo;irrigation\"}]},{\"@type\":\"WebSite\",\"@id\":\"https:\/\/dev.challenge-agriculture.fr\/#website\",\"url\":\"https:\/\/dev.challenge-agriculture.fr\/\",\"name\":\"Challenge Agriculture\",\"description\":\"\",\"publisher\":{\"@id\":\"https:\/\/dev.challenge-agriculture.fr\/#organization\"},\"potentialAction\":[{\"@type\":\"SearchAction\",\"target\":{\"@type\":\"EntryPoint\",\"urlTemplate\":\"https:\/\/dev.challenge-agriculture.fr\/?s={search_term_string}\"},\"query-input\":\"required name=search_term_string\"}],\"inLanguage\":\"es\"},{\"@type\":\"Organization\",\"@id\":\"https:\/\/dev.challenge-agriculture.fr\/#organization\",\"name\":\"Challenge Agriculture\",\"url\":\"https:\/\/dev.challenge-agriculture.fr\/\",\"logo\":{\"@type\":\"ImageObject\",\"inLanguage\":\"es\",\"@id\":\"https:\/\/dev.challenge-agriculture.fr\/#\/schema\/logo\/image\/\",\"url\":\"https:\/\/www.challenge-agriculture.fr\/wp-content\/uploads\/2020\/02\/logo-doc.png\",\"contentUrl\":\"https:\/\/www.challenge-agriculture.fr\/wp-content\/uploads\/2020\/02\/logo-doc.png\",\"width\":1497,\"height\":355,\"caption\":\"Challenge Agriculture\"},\"image\":{\"@id\":\"https:\/\/dev.challenge-agriculture.fr\/#\/schema\/logo\/image\/\"}}]}<\/script>\n<!-- \/ Yoast SEO plugin. -->","yoast_head_json":{"title":"Webinaire n\u00b01 : optimisez votre irrigation &#x2d; Challenge agriculture","description":"La tensiom\u00e9trie permet d'observer le comportement hydrique des sols. Gr\u00e2ce \u00e0 ce webinaire Challenge Agriculture, pilotez avec un coup d'avance sur le sol.","robots":{"index":"index","follow":"follow","max-snippet":"max-snippet:-1","max-image-preview":"max-image-preview:large","max-video-preview":"max-video-preview:-1"},"canonical":"https:\/\/dev.challenge-agriculture.fr\/produit\/services\/webinaire-comportement-hydrique-et-performance-des-sols-cultives\/webinaire-comportement-hydrique-et-performance-des-sols-cultives\/","og_locale":"fr_FR","og_type":"article","og_title":"Webinaire n\u00b01 : optimisez votre irrigation &#x2d; Challenge agriculture","og_description":"La tensiom\u00e9trie permet d'observer le comportement hydrique des sols. Gr\u00e2ce \u00e0 ce webinaire Challenge Agriculture, pilotez avec un coup d'avance sur le sol.","og_url":"https:\/\/dev.challenge-agriculture.fr\/produit\/services\/webinaire-comportement-hydrique-et-performance-des-sols-cultives\/webinaire-comportement-hydrique-et-performance-des-sols-cultives\/","og_site_name":"Challenge Agriculture","article_modified_time":"2023-01-20T10:52:50+00:00","og_image":[{"width":533,"height":400,"url":"https:\/\/dev.challenge-agriculture.fr\/wp-content\/uploads\/2020\/10\/webinaire-1-1.png","type":"image\/png"}],"twitter_card":"summary_large_image","schema":{"@context":"https:\/\/schema.org","@graph":[{"@type":"WebPage","@id":"https:\/\/dev.challenge-agriculture.fr\/produit\/services\/webinaire-comportement-hydrique-et-performance-des-sols-cultives\/webinaire-comportement-hydrique-et-performance-des-sols-cultives\/","url":"https:\/\/dev.challenge-agriculture.fr\/produit\/services\/webinaire-comportement-hydrique-et-performance-des-sols-cultives\/webinaire-comportement-hydrique-et-performance-des-sols-cultives\/","name":"Webinaire n\u00b01 : optimisez votre irrigation &#x2d; Challenge agriculture","isPartOf":{"@id":"https:\/\/dev.challenge-agriculture.fr\/#website"},"datePublished":"2020-09-15T14:54:03+00:00","dateModified":"2023-01-20T10:52:50+00:00","description":"La tensiom\u00e9trie permet d'observer le comportement hydrique des sols. Gr\u00e2ce \u00e0 ce webinaire Challenge Agriculture, pilotez avec un coup d'avance sur le sol.","breadcrumb":{"@id":"https:\/\/dev.challenge-agriculture.fr\/produit\/services\/webinaire-comportement-hydrique-et-performance-des-sols-cultives\/webinaire-comportement-hydrique-et-performance-des-sols-cultives\/#breadcrumb"},"inLanguage":"es","potentialAction":[{"@type":"ReadAction","target":["https:\/\/dev.challenge-agriculture.fr\/produit\/services\/webinaire-comportement-hydrique-et-performance-des-sols-cultives\/webinaire-comportement-hydrique-et-performance-des-sols-cultives\/"]}]},{"@type":"BreadcrumbList","@id":"https:\/\/dev.challenge-agriculture.fr\/produit\/services\/webinaire-comportement-hydrique-et-performance-des-sols-cultives\/webinaire-comportement-hydrique-et-performance-des-sols-cultives\/#breadcrumb","itemListElement":[{"@type":"ListItem","position":1,"name":"Home","item":"https:\/\/dev.challenge-agriculture.fr\/es\/"},{"@type":"ListItem","position":2,"name":"Boutique","item":"https:\/\/dev.challenge-agriculture.fr\/la-boutique\/"},{"@type":"ListItem","position":3,"name":"Webinaire n\u00b01 : observez le fonctionnement du sol et optimisez l&rsquo;irrigation"}]},{"@type":"WebSite","@id":"https:\/\/dev.challenge-agriculture.fr\/#website","url":"https:\/\/dev.challenge-agriculture.fr\/","name":"Challenge Agriculture","description":"","publisher":{"@id":"https:\/\/dev.challenge-agriculture.fr\/#organization"},"potentialAction":[{"@type":"SearchAction","target":{"@type":"EntryPoint","urlTemplate":"https:\/\/dev.challenge-agriculture.fr\/?s={search_term_string}"},"query-input":"required name=search_term_string"}],"inLanguage":"es"},{"@type":"Organization","@id":"https:\/\/dev.challenge-agriculture.fr\/#organization","name":"Challenge Agriculture","url":"https:\/\/dev.challenge-agriculture.fr\/","logo":{"@type":"ImageObject","inLanguage":"es","@id":"https:\/\/dev.challenge-agriculture.fr\/#\/schema\/logo\/image\/","url":"https:\/\/www.challenge-agriculture.fr\/wp-content\/uploads\/2020\/02\/logo-doc.png","contentUrl":"https:\/\/www.challenge-agriculture.fr\/wp-content\/uploads\/2020\/02\/logo-doc.png","width":1497,"height":355,"caption":"Challenge Agriculture"},"image":{"@id":"https:\/\/dev.challenge-agriculture.fr\/#\/schema\/logo\/image\/"}}]}},"_links":{"self":[{"href":"https:\/\/dev.challenge-agriculture.fr\/es\/wp-json\/wp\/v2\/product\/23542"}],"collection":[{"href":"https:\/\/dev.challenge-agriculture.fr\/es\/wp-json\/wp\/v2\/product"}],"about":[{"href":"https:\/\/dev.challenge-agriculture.fr\/es\/wp-json\/wp\/v2\/types\/product"}],"version-history":[{"count":6,"href":"https:\/\/dev.challenge-agriculture.fr\/es\/wp-json\/wp\/v2\/product\/23542\/revisions"}],"predecessor-version":[{"id":27088,"href":"https:\/\/dev.challenge-agriculture.fr\/es\/wp-json\/wp\/v2\/product\/23542\/revisions\/27088"}],"wp:featuredmedia":[{"embeddable":true,"href":"https:\/\/dev.challenge-agriculture.fr\/es\/wp-json\/wp\/v2\/media\/23673"}],"wp:attachment":[{"href":"https:\/\/dev.challenge-agriculture.fr\/es\/wp-json\/wp\/v2\/media?parent=23542"}],"wp:term":[{"taxonomy":"product_cat","embeddable":true,"href":"https:\/\/dev.challenge-agriculture.fr\/es\/wp-json\/wp\/v2\/product_cat?post=23542"},{"taxonomy":"product_tag","embeddable":true,"href":"https:\/\/dev.challenge-agriculture.fr\/es\/wp-json\/wp\/v2\/product_tag?post=23542"}],"curies":[{"name":"wp","href":"https:\/\/api.w.org\/{rel}","templated":true}]}}