{"id":2381,"date":"2018-01-04T17:03:26","date_gmt":"2018-01-17T15:17:01","guid":{"rendered":"http:\/\/www.challenge-agriculture.fr\/?post_type=product&#038;p=2381"},"modified":"2021-04-21T13:22:06","modified_gmt":"2021-04-21T11:22:06","slug":"instalacion-del-equipo","status":"publish","type":"product","link":"https:\/\/dev.challenge-agriculture.fr\/es\/producto\/tensiometria\/monitor-es\/nos-servicios-en-tensiometria\/instalacion-del-equipo\/","title":{"rendered":"Instalaci\u00f3n del material"},"content":{"rendered":"","protected":false},"excerpt":{"rendered":"<h2>La instalaci\u00f3n es un servicio completo<\/h2>\n<h3>Este service incluye :<\/h3>\n<p><strong>Asistencia<\/strong> a elecci\u00f3n t\u00e9cnica &#8211; econ\u00f3mica de las parcelas de referencia para equipar en la chacra<br \/>\nEnfoque agron\u00f3mico sobre el lugar o lugares en cada parcela<br \/>\nEnfoque agron\u00f3mico con respecto a las profundidades de las sondas en el enraizamiento<br \/>\nEnfoque en el mecanismo de abordaje relativo al posicionamiento debajo del carrete, rociador, goteo, l\u00ednea&#8230;<br \/>\nTrabajo de <strong>instalaci\u00f3n del equipo<\/strong> : <strong>Monitor<\/strong>, <strong>sondas<\/strong>, <strong>pluvi\u00f3metros<\/strong><br \/>\nApertura de la cuenta web para rastrear los <strong>gr\u00e1ficos en l\u00ednea<\/strong><br \/>\nLos desplazamientos por el viaje est\u00e1n incluidos<\/p>\n","protected":false},"featured_media":2772,"template":"","meta":{"_acf_changed":false},"product_cat":[1109,1032],"product_tag":[],"acf":[],"yoast_head":"<!-- This site is optimized with the Yoast SEO plugin v22.0 - https:\/\/yoast.com\/wordpress\/plugins\/seo\/ -->\n<title>Servicio : instalacion del material &#x2d; Challenge agriculture<\/title>\n<meta name=\"description\" content=\"Servicio : instalacion del material. Un producto distribuido por Challenge agriculture, hecho en Francia.\" \/>\n<meta name=\"robots\" content=\"index, follow, max-snippet:-1, max-image-preview:large, max-video-preview:-1\" \/>\n<link rel=\"canonical\" href=\"https:\/\/dev.challenge-agriculture.fr\/es\/producto\/tensiometria\/monitor-es\/nos-servicios-en-tensiometria\/instalacion-del-equipo\/\" \/>\n<meta property=\"og:locale\" content=\"fr_FR\" \/>\n<meta property=\"og:type\" content=\"article\" \/>\n<meta property=\"og:title\" content=\"Servicio : instalacion del material &#x2d; Challenge agriculture\" \/>\n<meta property=\"og:description\" content=\"Servicio : instalacion del material. Un producto distribuido por Challenge agriculture, hecho en Francia.\" \/>\n<meta property=\"og:url\" content=\"https:\/\/dev.challenge-agriculture.fr\/es\/producto\/tensiometria\/monitor-es\/nos-servicios-en-tensiometria\/instalacion-del-equipo\/\" \/>\n<meta property=\"og:site_name\" content=\"Challenge Agriculture\" \/>\n<meta property=\"article:modified_time\" content=\"2021-04-21T11:22:06+00:00\" \/>\n<meta property=\"og:image\" content=\"https:\/\/dev.challenge-agriculture.fr\/wp-content\/uploads\/2018\/03\/installation-du-materiel-challenge-agriculture-e1618548619427.jpg\" \/>\n\t<meta property=\"og:image:width\" content=\"600\" \/>\n\t<meta property=\"og:image:height\" content=\"506\" \/>\n\t<meta property=\"og:image:type\" content=\"image\/jpeg\" \/>\n<meta name=\"twitter:card\" content=\"summary_large_image\" \/>\n<script type=\"application\/ld+json\" class=\"yoast-schema-graph\">{\"@context\":\"https:\/\/schema.org\",\"@graph\":[{\"@type\":\"WebPage\",\"@id\":\"https:\/\/dev.challenge-agriculture.fr\/es\/producto\/tensiometria\/monitor-es\/nos-servicios-en-tensiometria\/instalacion-del-equipo\/\",\"url\":\"https:\/\/dev.challenge-agriculture.fr\/es\/producto\/tensiometria\/monitor-es\/nos-servicios-en-tensiometria\/instalacion-del-equipo\/\",\"name\":\"Servicio : instalacion del material &#x2d; Challenge agriculture\",\"isPartOf\":{\"@id\":\"https:\/\/dev.challenge-agriculture.fr\/#website\"},\"datePublished\":\"2018-01-17T15:17:01+00:00\",\"dateModified\":\"2021-04-21T11:22:06+00:00\",\"description\":\"Servicio : instalacion del material. Un producto distribuido por Challenge agriculture, hecho en Francia.\",\"breadcrumb\":{\"@id\":\"https:\/\/dev.challenge-agriculture.fr\/es\/producto\/tensiometria\/monitor-es\/nos-servicios-en-tensiometria\/instalacion-del-equipo\/#breadcrumb\"},\"inLanguage\":\"es\",\"potentialAction\":[{\"@type\":\"ReadAction\",\"target\":[\"https:\/\/dev.challenge-agriculture.fr\/es\/producto\/tensiometria\/monitor-es\/nos-servicios-en-tensiometria\/instalacion-del-equipo\/\"]}]},{\"@type\":\"BreadcrumbList\",\"@id\":\"https:\/\/dev.challenge-agriculture.fr\/es\/producto\/tensiometria\/monitor-es\/nos-servicios-en-tensiometria\/instalacion-del-equipo\/#breadcrumb\",\"itemListElement\":[{\"@type\":\"ListItem\",\"position\":1,\"name\":\"Home\",\"item\":\"https:\/\/dev.challenge-agriculture.fr\/es\/\"},{\"@type\":\"ListItem\",\"position\":2,\"name\":\"Boutique\",\"item\":\"https:\/\/dev.challenge-agriculture.fr\/la-boutique\/\"},{\"@type\":\"ListItem\",\"position\":3,\"name\":\"Instalaci\u00f3n del material\"}]},{\"@type\":\"WebSite\",\"@id\":\"https:\/\/dev.challenge-agriculture.fr\/#website\",\"url\":\"https:\/\/dev.challenge-agriculture.fr\/\",\"name\":\"Challenge Agriculture\",\"description\":\"\",\"publisher\":{\"@id\":\"https:\/\/dev.challenge-agriculture.fr\/#organization\"},\"potentialAction\":[{\"@type\":\"SearchAction\",\"target\":{\"@type\":\"EntryPoint\",\"urlTemplate\":\"https:\/\/dev.challenge-agriculture.fr\/?s={search_term_string}\"},\"query-input\":\"required name=search_term_string\"}],\"inLanguage\":\"es\"},{\"@type\":\"Organization\",\"@id\":\"https:\/\/dev.challenge-agriculture.fr\/#organization\",\"name\":\"Challenge Agriculture\",\"url\":\"https:\/\/dev.challenge-agriculture.fr\/\",\"logo\":{\"@type\":\"ImageObject\",\"inLanguage\":\"es\",\"@id\":\"https:\/\/dev.challenge-agriculture.fr\/#\/schema\/logo\/image\/\",\"url\":\"https:\/\/www.challenge-agriculture.fr\/wp-content\/uploads\/2020\/02\/logo-doc.png\",\"contentUrl\":\"https:\/\/www.challenge-agriculture.fr\/wp-content\/uploads\/2020\/02\/logo-doc.png\",\"width\":1497,\"height\":355,\"caption\":\"Challenge Agriculture\"},\"image\":{\"@id\":\"https:\/\/dev.challenge-agriculture.fr\/#\/schema\/logo\/image\/\"}}]}<\/script>\n<!-- \/ Yoast SEO plugin. -->","yoast_head_json":{"title":"Servicio : instalacion del material &#x2d; Challenge agriculture","description":"Servicio : instalacion del material. Un producto distribuido por Challenge agriculture, hecho en Francia.","robots":{"index":"index","follow":"follow","max-snippet":"max-snippet:-1","max-image-preview":"max-image-preview:large","max-video-preview":"max-video-preview:-1"},"canonical":"https:\/\/dev.challenge-agriculture.fr\/es\/producto\/tensiometria\/monitor-es\/nos-servicios-en-tensiometria\/instalacion-del-equipo\/","og_locale":"fr_FR","og_type":"article","og_title":"Servicio : instalacion del material &#x2d; Challenge agriculture","og_description":"Servicio : instalacion del material. Un producto distribuido por Challenge agriculture, hecho en Francia.","og_url":"https:\/\/dev.challenge-agriculture.fr\/es\/producto\/tensiometria\/monitor-es\/nos-servicios-en-tensiometria\/instalacion-del-equipo\/","og_site_name":"Challenge Agriculture","article_modified_time":"2021-04-21T11:22:06+00:00","og_image":[{"width":600,"height":506,"url":"https:\/\/dev.challenge-agriculture.fr\/wp-content\/uploads\/2018\/03\/installation-du-materiel-challenge-agriculture-e1618548619427.jpg","type":"image\/jpeg"}],"twitter_card":"summary_large_image","schema":{"@context":"https:\/\/schema.org","@graph":[{"@type":"WebPage","@id":"https:\/\/dev.challenge-agriculture.fr\/es\/producto\/tensiometria\/monitor-es\/nos-servicios-en-tensiometria\/instalacion-del-equipo\/","url":"https:\/\/dev.challenge-agriculture.fr\/es\/producto\/tensiometria\/monitor-es\/nos-servicios-en-tensiometria\/instalacion-del-equipo\/","name":"Servicio : instalacion del material &#x2d; Challenge agriculture","isPartOf":{"@id":"https:\/\/dev.challenge-agriculture.fr\/#website"},"datePublished":"2018-01-17T15:17:01+00:00","dateModified":"2021-04-21T11:22:06+00:00","description":"Servicio : instalacion del material. Un producto distribuido por Challenge agriculture, hecho en Francia.","breadcrumb":{"@id":"https:\/\/dev.challenge-agriculture.fr\/es\/producto\/tensiometria\/monitor-es\/nos-servicios-en-tensiometria\/instalacion-del-equipo\/#breadcrumb"},"inLanguage":"es","potentialAction":[{"@type":"ReadAction","target":["https:\/\/dev.challenge-agriculture.fr\/es\/producto\/tensiometria\/monitor-es\/nos-servicios-en-tensiometria\/instalacion-del-equipo\/"]}]},{"@type":"BreadcrumbList","@id":"https:\/\/dev.challenge-agriculture.fr\/es\/producto\/tensiometria\/monitor-es\/nos-servicios-en-tensiometria\/instalacion-del-equipo\/#breadcrumb","itemListElement":[{"@type":"ListItem","position":1,"name":"Home","item":"https:\/\/dev.challenge-agriculture.fr\/es\/"},{"@type":"ListItem","position":2,"name":"Boutique","item":"https:\/\/dev.challenge-agriculture.fr\/la-boutique\/"},{"@type":"ListItem","position":3,"name":"Instalaci\u00f3n del material"}]},{"@type":"WebSite","@id":"https:\/\/dev.challenge-agriculture.fr\/#website","url":"https:\/\/dev.challenge-agriculture.fr\/","name":"Challenge Agriculture","description":"","publisher":{"@id":"https:\/\/dev.challenge-agriculture.fr\/#organization"},"potentialAction":[{"@type":"SearchAction","target":{"@type":"EntryPoint","urlTemplate":"https:\/\/dev.challenge-agriculture.fr\/?s={search_term_string}"},"query-input":"required name=search_term_string"}],"inLanguage":"es"},{"@type":"Organization","@id":"https:\/\/dev.challenge-agriculture.fr\/#organization","name":"Challenge Agriculture","url":"https:\/\/dev.challenge-agriculture.fr\/","logo":{"@type":"ImageObject","inLanguage":"es","@id":"https:\/\/dev.challenge-agriculture.fr\/#\/schema\/logo\/image\/","url":"https:\/\/www.challenge-agriculture.fr\/wp-content\/uploads\/2020\/02\/logo-doc.png","contentUrl":"https:\/\/www.challenge-agriculture.fr\/wp-content\/uploads\/2020\/02\/logo-doc.png","width":1497,"height":355,"caption":"Challenge Agriculture"},"image":{"@id":"https:\/\/dev.challenge-agriculture.fr\/#\/schema\/logo\/image\/"}}]}},"_links":{"self":[{"href":"https:\/\/dev.challenge-agriculture.fr\/es\/wp-json\/wp\/v2\/product\/2381"}],"collection":[{"href":"https:\/\/dev.challenge-agriculture.fr\/es\/wp-json\/wp\/v2\/product"}],"about":[{"href":"https:\/\/dev.challenge-agriculture.fr\/es\/wp-json\/wp\/v2\/types\/product"}],"version-history":[{"count":3,"href":"https:\/\/dev.challenge-agriculture.fr\/es\/wp-json\/wp\/v2\/product\/2381\/revisions"}],"predecessor-version":[{"id":28168,"href":"https:\/\/dev.challenge-agriculture.fr\/es\/wp-json\/wp\/v2\/product\/2381\/revisions\/28168"}],"wp:featuredmedia":[{"embeddable":true,"href":"https:\/\/dev.challenge-agriculture.fr\/es\/wp-json\/wp\/v2\/media\/2772"}],"wp:attachment":[{"href":"https:\/\/dev.challenge-agriculture.fr\/es\/wp-json\/wp\/v2\/media?parent=2381"}],"wp:term":[{"taxonomy":"product_cat","embeddable":true,"href":"https:\/\/dev.challenge-agriculture.fr\/es\/wp-json\/wp\/v2\/product_cat?post=2381"},{"taxonomy":"product_tag","embeddable":true,"href":"https:\/\/dev.challenge-agriculture.fr\/es\/wp-json\/wp\/v2\/product_tag?post=2381"}],"curies":[{"name":"wp","href":"https:\/\/api.w.org\/{rel}","templated":true}]}}