{"id":2529,"date":"2017-12-20T16:46:54","date_gmt":"2018-02-22T14:43:25","guid":{"rendered":"http:\/\/www.challenge-agriculture.fr\/?post_type=product&#038;p=2529"},"modified":"2021-04-21T13:33:37","modified_gmt":"2021-04-21T11:33:37","slug":"solucion-monitor-r2-xd","status":"publish","type":"product","link":"https:\/\/dev.challenge-agriculture.fr\/es\/producto\/tensiometria\/monitor-es\/solucion-monitor-r2-xd\/","title":{"rendered":"Soluci\u00f3n 3 Monitor R2-XD"},"content":{"rendered":"<p>&nbsp;<\/p>\n<table class=\"spectbl\">\n<tbody>\n<tr>\n<td><strong>Monitor<\/strong><\/td>\n<th><\/th>\n<th><\/th>\n<th>R2-XD<\/th>\n<th><\/th>\n<\/tr>\n<tr>\n<td>Telemetria rustica, fiable, \u00abnunca pasa de moda\u00bb<\/td>\n<td><\/td>\n<td><\/td>\n<td>ninguna restriccion en el campo<\/td>\n<td><\/td>\n<\/tr>\n<tr>\n<td>Funci\u00f3n<\/td>\n<td><\/td>\n<td><\/td>\n<td>Grabaci\u00f3n y transmisi\u00f3n autom\u00e1tica<\/td>\n<td><\/td>\n<\/tr>\n<tr>\n<td>Precio HT<\/td>\n<td><\/td>\n<td><\/td>\n<td><strong>1 400 \u20ac los 3<\/strong><\/td>\n<td><\/td>\n<\/tr>\n<tr>\n<td>Mediciones del sensor\u00a0\u00a0<em>(Watermark, temperatura\u2026)<\/em><\/td>\n<td><\/td>\n<td><\/td>\n<td>15 entradas \/ 24 max<\/td>\n<td><\/td>\n<\/tr>\n<tr>\n<td>Pluvi\u00f3metro \/ medidor de agua<\/td>\n<td><\/td>\n<td><\/td>\n<td><strong>2<\/strong> m\u00e1ximo<\/td>\n<td><\/td>\n<\/tr>\n<tr>\n<td>Consumo reducido<\/td>\n<td><\/td>\n<td><\/td>\n<td>\u25cf<\/td>\n<td><\/td>\n<\/tr>\n<tr>\n<td>Pantalla LCD<br \/>\n<em>(medidas + estad\u00edsticas + estado)<\/em><\/td>\n<td><\/td>\n<td><\/td>\n<td>\u25cf<\/td>\n<td><\/td>\n<\/tr>\n<tr>\n<td>Registro autom\u00e1tico<\/td>\n<td><\/td>\n<td><\/td>\n<td>\u25cf<\/td>\n<td><\/td>\n<\/tr>\n<tr>\n<td><\/td>\n<td><\/td>\n<td><\/td>\n<td>\u25cf<\/td>\n<td><\/td>\n<\/tr>\n<tr>\n<td>Interfaz USB<br \/>\n<em>(configuraci\u00f3n \/ acceso medidas)<\/em><\/td>\n<td><\/td>\n<td><\/td>\n<td>\u25cf<\/td>\n<td><\/td>\n<\/tr>\n<tr>\n<td><\/td>\n<td><\/td>\n<td><\/td>\n<td><\/td>\n<td><\/td>\n<\/tr>\n<tr>\n<td>\u00a0Fuente\/Tensi\u00f3n<\/td>\n<td><\/td>\n<td><\/td>\n<td>12 bater\u00edas de 1.5 V &#8211; 18 V<\/td>\n<td><\/td>\n<\/tr>\n<tr>\n<td>Corte de voltaje<\/td>\n<td><\/td>\n<td><\/td>\n<td>9.5 V<\/td>\n<td><\/td>\n<\/tr>\n<tr>\n<td>Autonom\u00eda, luego de 24 horas de recarga<\/td>\n<td><\/td>\n<td><\/td>\n<td>\u00a012 meses<\/td>\n<td><\/td>\n<\/tr>\n<tr>\n<td><\/td>\n<td><\/td>\n<td><\/td>\n<td><\/td>\n<td><\/td>\n<\/tr>\n<tr>\n<td>Con panel solar<\/td>\n<td><\/td>\n<td><\/td>\n<td>72 meses<\/td>\n<td><\/td>\n<\/tr>\n<tr>\n<td>Transmisi\u00f3n GSM<\/td>\n<td><\/td>\n<td><\/td>\n<td>oui<\/td>\n<td><\/td>\n<\/tr>\n<tr>\n<td>Control remoto GSM<\/td>\n<td><\/td>\n<td><\/td>\n<td>S\u00ed<\/td>\n<td><\/td>\n<\/tr>\n<tr>\n<td>Sitio web dedicado<\/td>\n<td><\/td>\n<td><\/td>\n<td>Sobre su cuenta en l\u00ednea<\/td>\n<td><\/td>\n<\/tr>\n<tr>\n<td>Env\u00edo de datos en el sitio<\/td>\n<td><\/td>\n<td><\/td>\n<td>Autom\u00e1tico<\/td>\n<td><\/td>\n<\/tr>\n<tr>\n<td>Gr\u00e1fico autom\u00e1tico en l\u00ednea . Dispositivos de activaci\u00f3n de riego<\/td>\n<td><\/td>\n<td><\/td>\n<td>S\u00ed<\/td>\n<td><\/td>\n<\/tr>\n<tr>\n<td>Ecografia de la bombilla por goteo<\/td>\n<td><\/td>\n<td><\/td>\n<td>Preferible con el <strong>Monitor R2-DX<\/strong><\/td>\n<td><\/td>\n<\/tr>\n<tr>\n<td>Servicio t\u00e9cnico<br \/>\nCuadro de di\u00e1logo en l\u00ednea<\/td>\n<td><\/td>\n<td><\/td>\n<td>S\u00ed, es posible un asesoramiento semanal<\/td>\n<td><\/td>\n<\/tr>\n<tr>\n<td>Programador de riego<\/td>\n<td><\/td>\n<td><\/td>\n<td>\u00a0no, ver <strong>R2-DX-smart<\/strong><\/td>\n<td><\/td>\n<\/tr>\n<tr>\n<td>Interruptores 24V AC <em> v\u00e1lvula \/ bomba\u00a0<\/em><\/td>\n<td><\/td>\n<td><\/td>\n<td>\u00a0no, ver <strong>R2-DX-smart<\/strong><\/td>\n<td><\/td>\n<\/tr>\n<tr>\n<td>Verificaci\u00f3n de la v\u00e1lvula solenoide de retenci\u00f3n<\/td>\n<td><\/td>\n<td><\/td>\n<td>\u00a0no, ver <strong>R2-DX-smart<\/strong><\/td>\n<td><\/td>\n<\/tr>\n<tr>\n<td>Control de riego autom\u00e1tico<\/td>\n<td><\/td>\n<td><\/td>\n<td>\u00a0no, ver <strong>R2-DX-smart<\/strong><\/td>\n<td><\/td>\n<\/tr>\n<tr>\n<td>Informe de riego<\/td>\n<td><\/td>\n<td><\/td>\n<td>no, ver <strong>R2-DX-smart<\/strong><\/td>\n<td><\/td>\n<\/tr>\n<tr>\n<td>Planificaci\u00f3n del riego semanal<\/td>\n<td><\/td>\n<td><\/td>\n<td>no, ver <strong>R2-DX-smart<\/strong><\/td>\n<td><\/td>\n<\/tr>\n<\/tbody>\n<\/table>\n<div style=\"text-align: center;\"><\/div>\n<div style=\"text-align: center;\"><\/div>\n","protected":false},"excerpt":{"rendered":"<h2>Una soluci\u00f3n de los 3 R2-XD, es una variante de la cl\u00e1sica <a href=\"https:\/\/www.challenge-agriculture.fr\/es\/el-equipo\/monitor-r2-dx-watermark\/\">soluci\u00f3n R2-DX<\/a><\/h2>\n<p>Respeta la <strong>misma regla<\/strong> de 3 repeticiones m\u00ednimas, la \u00fanica respuesta a la heterogeneidad espacial del agua en el suelo de regad\u00edo. Se sigue las mismas reglas de posicionamiento en el anclaje y la distancia de posicionamiento de equipo de riego, etc &#8230;<\/p>\n<p>La diferencia es que la <strong>soluci\u00f3n de 3-XD R2<\/strong> consta de 3 <strong>Monitores<\/strong>, cada uno equipado con 3 sondas en dos bastones, la solidaridad pero deslizamiento en el cofre, sin cableado. La caja en s\u00ed, permite marcar en el suelo los 2 puntos donde es necesario perforar los 2 agujeros. La pose es muy simple.<\/p>\n<p>La <strong>soluci\u00f3n de 3-R2 XD<\/strong> es interesante cuando la heterogeneidad de la trama o el riego es cr\u00edtico (20% de los casos). Por ejemplo, parcelas con pendientes pronunciadas, parcelas con grandes diferencias de textura, parcelas irrigadas por la gravedad &#8230;) por lo tanto, requieren repeticiones distantes.<\/p>\n<p>La <strong>soluci\u00f3n del 3 R2-XD<\/strong> ofrece la misma posibilidad de conexi\u00f3n del pluvi\u00f3metro y el medidor de agua. Al final, la <strong>soluci\u00f3n de 3-R2 XD<\/strong> realiza el mismo trabajo que la <strong>soluci\u00f3n cl\u00e1sica R2-DX<\/strong>, con repeticiones sin cables, m\u00e1s distantes. Y a\u00fan sin restricci\u00f3n de <strong>telemetr\u00eda<\/strong>.<\/p>\n","protected":false},"featured_media":2158,"template":"","meta":{"_acf_changed":false},"product_cat":[93,756],"product_tag":[],"acf":[],"yoast_head":"<!-- This site is optimized with the Yoast SEO plugin v22.0 - https:\/\/yoast.com\/wordpress\/plugins\/seo\/ -->\n<title>Producto : la solucion de los R2&#x2d;XD &#x2d; Challenge agriculture<\/title>\n<meta name=\"description\" content=\"Producto : la solucion de los R2&#x2d;XD. Un producto distribuido por Challenge agriculture, hecho en Francia.\" \/>\n<meta name=\"robots\" content=\"index, follow, max-snippet:-1, max-image-preview:large, max-video-preview:-1\" \/>\n<link rel=\"canonical\" href=\"https:\/\/dev.challenge-agriculture.fr\/es\/producto\/tensiometria\/monitor-es\/solucion-monitor-r2-xd\/\" \/>\n<meta property=\"og:locale\" content=\"fr_FR\" \/>\n<meta property=\"og:type\" content=\"article\" \/>\n<meta property=\"og:title\" content=\"Producto : la solucion de los R2&#x2d;XD &#x2d; Challenge agriculture\" \/>\n<meta property=\"og:description\" content=\"Producto : la solucion de los R2&#x2d;XD. Un producto distribuido por Challenge agriculture, hecho en Francia.\" \/>\n<meta property=\"og:url\" content=\"https:\/\/dev.challenge-agriculture.fr\/es\/producto\/tensiometria\/monitor-es\/solucion-monitor-r2-xd\/\" \/>\n<meta property=\"og:site_name\" content=\"Challenge Agriculture\" \/>\n<meta property=\"article:modified_time\" content=\"2021-04-21T11:33:37+00:00\" \/>\n<meta property=\"og:image\" content=\"https:\/\/dev.challenge-agriculture.fr\/wp-content\/uploads\/2017\/12\/solution-monitor-r2-xd.jpg\" \/>\n\t<meta property=\"og:image:width\" content=\"600\" \/>\n\t<meta property=\"og:image:height\" content=\"600\" \/>\n\t<meta property=\"og:image:type\" content=\"image\/jpeg\" \/>\n<meta name=\"twitter:card\" content=\"summary_large_image\" \/>\n<meta name=\"twitter:label1\" content=\"Tiempo de lectura\" \/>\n\t<meta name=\"twitter:data1\" content=\"1 minuto\" \/>\n<script type=\"application\/ld+json\" class=\"yoast-schema-graph\">{\"@context\":\"https:\/\/schema.org\",\"@graph\":[{\"@type\":\"WebPage\",\"@id\":\"https:\/\/dev.challenge-agriculture.fr\/es\/producto\/tensiometria\/monitor-es\/solucion-monitor-r2-xd\/\",\"url\":\"https:\/\/dev.challenge-agriculture.fr\/es\/producto\/tensiometria\/monitor-es\/solucion-monitor-r2-xd\/\",\"name\":\"Producto : la solucion de los R2&#x2d;XD &#x2d; Challenge agriculture\",\"isPartOf\":{\"@id\":\"https:\/\/dev.challenge-agriculture.fr\/#website\"},\"datePublished\":\"2018-02-22T14:43:25+00:00\",\"dateModified\":\"2021-04-21T11:33:37+00:00\",\"description\":\"Producto : la solucion de los R2&#x2d;XD. Un producto distribuido por Challenge agriculture, hecho en Francia.\",\"breadcrumb\":{\"@id\":\"https:\/\/dev.challenge-agriculture.fr\/es\/producto\/tensiometria\/monitor-es\/solucion-monitor-r2-xd\/#breadcrumb\"},\"inLanguage\":\"es\",\"potentialAction\":[{\"@type\":\"ReadAction\",\"target\":[\"https:\/\/dev.challenge-agriculture.fr\/es\/producto\/tensiometria\/monitor-es\/solucion-monitor-r2-xd\/\"]}]},{\"@type\":\"BreadcrumbList\",\"@id\":\"https:\/\/dev.challenge-agriculture.fr\/es\/producto\/tensiometria\/monitor-es\/solucion-monitor-r2-xd\/#breadcrumb\",\"itemListElement\":[{\"@type\":\"ListItem\",\"position\":1,\"name\":\"Home\",\"item\":\"https:\/\/dev.challenge-agriculture.fr\/es\/\"},{\"@type\":\"ListItem\",\"position\":2,\"name\":\"Boutique\",\"item\":\"https:\/\/dev.challenge-agriculture.fr\/la-boutique\/\"},{\"@type\":\"ListItem\",\"position\":3,\"name\":\"Soluci\u00f3n 3 Monitor R2-XD\"}]},{\"@type\":\"WebSite\",\"@id\":\"https:\/\/dev.challenge-agriculture.fr\/#website\",\"url\":\"https:\/\/dev.challenge-agriculture.fr\/\",\"name\":\"Challenge Agriculture\",\"description\":\"\",\"publisher\":{\"@id\":\"https:\/\/dev.challenge-agriculture.fr\/#organization\"},\"potentialAction\":[{\"@type\":\"SearchAction\",\"target\":{\"@type\":\"EntryPoint\",\"urlTemplate\":\"https:\/\/dev.challenge-agriculture.fr\/?s={search_term_string}\"},\"query-input\":\"required name=search_term_string\"}],\"inLanguage\":\"es\"},{\"@type\":\"Organization\",\"@id\":\"https:\/\/dev.challenge-agriculture.fr\/#organization\",\"name\":\"Challenge Agriculture\",\"url\":\"https:\/\/dev.challenge-agriculture.fr\/\",\"logo\":{\"@type\":\"ImageObject\",\"inLanguage\":\"es\",\"@id\":\"https:\/\/dev.challenge-agriculture.fr\/#\/schema\/logo\/image\/\",\"url\":\"https:\/\/www.challenge-agriculture.fr\/wp-content\/uploads\/2020\/02\/logo-doc.png\",\"contentUrl\":\"https:\/\/www.challenge-agriculture.fr\/wp-content\/uploads\/2020\/02\/logo-doc.png\",\"width\":1497,\"height\":355,\"caption\":\"Challenge Agriculture\"},\"image\":{\"@id\":\"https:\/\/dev.challenge-agriculture.fr\/#\/schema\/logo\/image\/\"}}]}<\/script>\n<!-- \/ Yoast SEO plugin. -->","yoast_head_json":{"title":"Producto : la solucion de los R2&#x2d;XD &#x2d; Challenge agriculture","description":"Producto : la solucion de los R2&#x2d;XD. Un producto distribuido por Challenge agriculture, hecho en Francia.","robots":{"index":"index","follow":"follow","max-snippet":"max-snippet:-1","max-image-preview":"max-image-preview:large","max-video-preview":"max-video-preview:-1"},"canonical":"https:\/\/dev.challenge-agriculture.fr\/es\/producto\/tensiometria\/monitor-es\/solucion-monitor-r2-xd\/","og_locale":"fr_FR","og_type":"article","og_title":"Producto : la solucion de los R2&#x2d;XD &#x2d; Challenge agriculture","og_description":"Producto : la solucion de los R2&#x2d;XD. Un producto distribuido por Challenge agriculture, hecho en Francia.","og_url":"https:\/\/dev.challenge-agriculture.fr\/es\/producto\/tensiometria\/monitor-es\/solucion-monitor-r2-xd\/","og_site_name":"Challenge Agriculture","article_modified_time":"2021-04-21T11:33:37+00:00","og_image":[{"width":600,"height":600,"url":"https:\/\/dev.challenge-agriculture.fr\/wp-content\/uploads\/2017\/12\/solution-monitor-r2-xd.jpg","type":"image\/jpeg"}],"twitter_card":"summary_large_image","twitter_misc":{"Tiempo de lectura":"1 minuto"},"schema":{"@context":"https:\/\/schema.org","@graph":[{"@type":"WebPage","@id":"https:\/\/dev.challenge-agriculture.fr\/es\/producto\/tensiometria\/monitor-es\/solucion-monitor-r2-xd\/","url":"https:\/\/dev.challenge-agriculture.fr\/es\/producto\/tensiometria\/monitor-es\/solucion-monitor-r2-xd\/","name":"Producto : la solucion de los R2&#x2d;XD &#x2d; Challenge agriculture","isPartOf":{"@id":"https:\/\/dev.challenge-agriculture.fr\/#website"},"datePublished":"2018-02-22T14:43:25+00:00","dateModified":"2021-04-21T11:33:37+00:00","description":"Producto : la solucion de los R2&#x2d;XD. Un producto distribuido por Challenge agriculture, hecho en Francia.","breadcrumb":{"@id":"https:\/\/dev.challenge-agriculture.fr\/es\/producto\/tensiometria\/monitor-es\/solucion-monitor-r2-xd\/#breadcrumb"},"inLanguage":"es","potentialAction":[{"@type":"ReadAction","target":["https:\/\/dev.challenge-agriculture.fr\/es\/producto\/tensiometria\/monitor-es\/solucion-monitor-r2-xd\/"]}]},{"@type":"BreadcrumbList","@id":"https:\/\/dev.challenge-agriculture.fr\/es\/producto\/tensiometria\/monitor-es\/solucion-monitor-r2-xd\/#breadcrumb","itemListElement":[{"@type":"ListItem","position":1,"name":"Home","item":"https:\/\/dev.challenge-agriculture.fr\/es\/"},{"@type":"ListItem","position":2,"name":"Boutique","item":"https:\/\/dev.challenge-agriculture.fr\/la-boutique\/"},{"@type":"ListItem","position":3,"name":"Soluci\u00f3n 3 Monitor R2-XD"}]},{"@type":"WebSite","@id":"https:\/\/dev.challenge-agriculture.fr\/#website","url":"https:\/\/dev.challenge-agriculture.fr\/","name":"Challenge Agriculture","description":"","publisher":{"@id":"https:\/\/dev.challenge-agriculture.fr\/#organization"},"potentialAction":[{"@type":"SearchAction","target":{"@type":"EntryPoint","urlTemplate":"https:\/\/dev.challenge-agriculture.fr\/?s={search_term_string}"},"query-input":"required name=search_term_string"}],"inLanguage":"es"},{"@type":"Organization","@id":"https:\/\/dev.challenge-agriculture.fr\/#organization","name":"Challenge Agriculture","url":"https:\/\/dev.challenge-agriculture.fr\/","logo":{"@type":"ImageObject","inLanguage":"es","@id":"https:\/\/dev.challenge-agriculture.fr\/#\/schema\/logo\/image\/","url":"https:\/\/www.challenge-agriculture.fr\/wp-content\/uploads\/2020\/02\/logo-doc.png","contentUrl":"https:\/\/www.challenge-agriculture.fr\/wp-content\/uploads\/2020\/02\/logo-doc.png","width":1497,"height":355,"caption":"Challenge Agriculture"},"image":{"@id":"https:\/\/dev.challenge-agriculture.fr\/#\/schema\/logo\/image\/"}}]}},"_links":{"self":[{"href":"https:\/\/dev.challenge-agriculture.fr\/es\/wp-json\/wp\/v2\/product\/2529"}],"collection":[{"href":"https:\/\/dev.challenge-agriculture.fr\/es\/wp-json\/wp\/v2\/product"}],"about":[{"href":"https:\/\/dev.challenge-agriculture.fr\/es\/wp-json\/wp\/v2\/types\/product"}],"version-history":[{"count":3,"href":"https:\/\/dev.challenge-agriculture.fr\/es\/wp-json\/wp\/v2\/product\/2529\/revisions"}],"predecessor-version":[{"id":28170,"href":"https:\/\/dev.challenge-agriculture.fr\/es\/wp-json\/wp\/v2\/product\/2529\/revisions\/28170"}],"wp:featuredmedia":[{"embeddable":true,"href":"https:\/\/dev.challenge-agriculture.fr\/es\/wp-json\/wp\/v2\/media\/2158"}],"wp:attachment":[{"href":"https:\/\/dev.challenge-agriculture.fr\/es\/wp-json\/wp\/v2\/media?parent=2529"}],"wp:term":[{"taxonomy":"product_cat","embeddable":true,"href":"https:\/\/dev.challenge-agriculture.fr\/es\/wp-json\/wp\/v2\/product_cat?post=2529"},{"taxonomy":"product_tag","embeddable":true,"href":"https:\/\/dev.challenge-agriculture.fr\/es\/wp-json\/wp\/v2\/product_tag?post=2529"}],"curies":[{"name":"wp","href":"https:\/\/api.w.org\/{rel}","templated":true}]}}