{"id":2595,"date":"2017-08-23T10:00:58","date_gmt":"2018-02-27T14:54:56","guid":{"rendered":"http:\/\/www.challenge-agriculture.fr\/?post_type=product&#038;p=2595"},"modified":"2021-04-15T20:45:37","modified_gmt":"2021-04-15T18:45:37","slug":"llave-bujia-para-tensiometro-sr-irrometer","status":"publish","type":"product","link":"https:\/\/dev.challenge-agriculture.fr\/es\/producto\/tensiometria\/tensiometro-y-lisimetro-irrometer-es\/accesorios-por-tensiometros\/llave-bujia-para-tensiometro-sr-irrometer\/","title":{"rendered":"Llave buj\u00eda para tensi\u00f3metro SR IRROMETER"},"content":{"rendered":"","protected":false},"excerpt":{"rendered":"","protected":false},"featured_media":2792,"template":"","meta":{"_acf_changed":false},"product_cat":[93,323,325],"product_tag":[],"acf":[],"yoast_head":"<!-- This site is optimized with the Yoast SEO plugin v22.0 - https:\/\/yoast.com\/wordpress\/plugins\/seo\/ -->\n<title>Llave buj\u00eda para tensi\u00f3metro SR IRROMETER &#x2d; Challenge agriculture<\/title>\n<meta name=\"description\" content=\"Llave buj\u00eda para tensi\u00f3metro SR IRROMETER. Un producto distribuido por Challenge agriculture, hecho en Francia.\" \/>\n<meta name=\"robots\" content=\"index, follow, max-snippet:-1, max-image-preview:large, max-video-preview:-1\" \/>\n<link rel=\"canonical\" href=\"https:\/\/dev.challenge-agriculture.fr\/es\/producto\/tensiometria\/tensiometro-y-lisimetro-irrometer-es\/accesorios-por-tensiometros\/llave-bujia-para-tensiometro-sr-irrometer\/\" \/>\n<meta property=\"og:locale\" content=\"fr_FR\" \/>\n<meta property=\"og:type\" content=\"article\" \/>\n<meta property=\"og:title\" content=\"Llave buj\u00eda para tensi\u00f3metro SR IRROMETER &#x2d; Challenge agriculture\" \/>\n<meta property=\"og:description\" content=\"Llave buj\u00eda para tensi\u00f3metro SR IRROMETER. Un producto distribuido por Challenge agriculture, hecho en Francia.\" \/>\n<meta property=\"og:url\" content=\"https:\/\/dev.challenge-agriculture.fr\/es\/producto\/tensiometria\/tensiometro-y-lisimetro-irrometer-es\/accesorios-por-tensiometros\/llave-bujia-para-tensiometro-sr-irrometer\/\" \/>\n<meta property=\"og:site_name\" content=\"Challenge Agriculture\" \/>\n<meta property=\"article:modified_time\" content=\"2021-04-15T18:45:37+00:00\" \/>\n<meta property=\"og:image\" content=\"https:\/\/dev.challenge-agriculture.fr\/wp-content\/uploads\/2018\/03\/bougie-tensiometre-sr.jpg\" \/>\n\t<meta property=\"og:image:width\" content=\"800\" \/>\n\t<meta property=\"og:image:height\" content=\"800\" \/>\n\t<meta property=\"og:image:type\" content=\"image\/jpeg\" \/>\n<meta name=\"twitter:card\" content=\"summary_large_image\" \/>\n<script type=\"application\/ld+json\" class=\"yoast-schema-graph\">{\"@context\":\"https:\/\/schema.org\",\"@graph\":[{\"@type\":\"WebPage\",\"@id\":\"https:\/\/dev.challenge-agriculture.fr\/es\/producto\/tensiometria\/tensiometro-y-lisimetro-irrometer-es\/accesorios-por-tensiometros\/llave-bujia-para-tensiometro-sr-irrometer\/\",\"url\":\"https:\/\/dev.challenge-agriculture.fr\/es\/producto\/tensiometria\/tensiometro-y-lisimetro-irrometer-es\/accesorios-por-tensiometros\/llave-bujia-para-tensiometro-sr-irrometer\/\",\"name\":\"Llave buj\u00eda para tensi\u00f3metro SR IRROMETER &#x2d; Challenge agriculture\",\"isPartOf\":{\"@id\":\"https:\/\/dev.challenge-agriculture.fr\/#website\"},\"datePublished\":\"2018-02-27T14:54:56+00:00\",\"dateModified\":\"2021-04-15T18:45:37+00:00\",\"description\":\"Llave buj\u00eda para tensi\u00f3metro SR IRROMETER. Un producto distribuido por Challenge agriculture, hecho en Francia.\",\"breadcrumb\":{\"@id\":\"https:\/\/dev.challenge-agriculture.fr\/es\/producto\/tensiometria\/tensiometro-y-lisimetro-irrometer-es\/accesorios-por-tensiometros\/llave-bujia-para-tensiometro-sr-irrometer\/#breadcrumb\"},\"inLanguage\":\"es\",\"potentialAction\":[{\"@type\":\"ReadAction\",\"target\":[\"https:\/\/dev.challenge-agriculture.fr\/es\/producto\/tensiometria\/tensiometro-y-lisimetro-irrometer-es\/accesorios-por-tensiometros\/llave-bujia-para-tensiometro-sr-irrometer\/\"]}]},{\"@type\":\"BreadcrumbList\",\"@id\":\"https:\/\/dev.challenge-agriculture.fr\/es\/producto\/tensiometria\/tensiometro-y-lisimetro-irrometer-es\/accesorios-por-tensiometros\/llave-bujia-para-tensiometro-sr-irrometer\/#breadcrumb\",\"itemListElement\":[{\"@type\":\"ListItem\",\"position\":1,\"name\":\"Home\",\"item\":\"https:\/\/dev.challenge-agriculture.fr\/es\/\"},{\"@type\":\"ListItem\",\"position\":2,\"name\":\"Boutique\",\"item\":\"https:\/\/dev.challenge-agriculture.fr\/la-boutique\/\"},{\"@type\":\"ListItem\",\"position\":3,\"name\":\"Llave buj\u00eda para tensi\u00f3metro SR IRROMETER\"}]},{\"@type\":\"WebSite\",\"@id\":\"https:\/\/dev.challenge-agriculture.fr\/#website\",\"url\":\"https:\/\/dev.challenge-agriculture.fr\/\",\"name\":\"Challenge Agriculture\",\"description\":\"\",\"publisher\":{\"@id\":\"https:\/\/dev.challenge-agriculture.fr\/#organization\"},\"potentialAction\":[{\"@type\":\"SearchAction\",\"target\":{\"@type\":\"EntryPoint\",\"urlTemplate\":\"https:\/\/dev.challenge-agriculture.fr\/?s={search_term_string}\"},\"query-input\":\"required name=search_term_string\"}],\"inLanguage\":\"es\"},{\"@type\":\"Organization\",\"@id\":\"https:\/\/dev.challenge-agriculture.fr\/#organization\",\"name\":\"Challenge Agriculture\",\"url\":\"https:\/\/dev.challenge-agriculture.fr\/\",\"logo\":{\"@type\":\"ImageObject\",\"inLanguage\":\"es\",\"@id\":\"https:\/\/dev.challenge-agriculture.fr\/#\/schema\/logo\/image\/\",\"url\":\"https:\/\/www.challenge-agriculture.fr\/wp-content\/uploads\/2020\/02\/logo-doc.png\",\"contentUrl\":\"https:\/\/www.challenge-agriculture.fr\/wp-content\/uploads\/2020\/02\/logo-doc.png\",\"width\":1497,\"height\":355,\"caption\":\"Challenge Agriculture\"},\"image\":{\"@id\":\"https:\/\/dev.challenge-agriculture.fr\/#\/schema\/logo\/image\/\"}}]}<\/script>\n<!-- \/ Yoast SEO plugin. -->","yoast_head_json":{"title":"Llave buj\u00eda para tensi\u00f3metro SR IRROMETER &#x2d; Challenge agriculture","description":"Llave buj\u00eda para tensi\u00f3metro SR IRROMETER. Un producto distribuido por Challenge agriculture, hecho en Francia.","robots":{"index":"index","follow":"follow","max-snippet":"max-snippet:-1","max-image-preview":"max-image-preview:large","max-video-preview":"max-video-preview:-1"},"canonical":"https:\/\/dev.challenge-agriculture.fr\/es\/producto\/tensiometria\/tensiometro-y-lisimetro-irrometer-es\/accesorios-por-tensiometros\/llave-bujia-para-tensiometro-sr-irrometer\/","og_locale":"fr_FR","og_type":"article","og_title":"Llave buj\u00eda para tensi\u00f3metro SR IRROMETER &#x2d; Challenge agriculture","og_description":"Llave buj\u00eda para tensi\u00f3metro SR IRROMETER. Un producto distribuido por Challenge agriculture, hecho en Francia.","og_url":"https:\/\/dev.challenge-agriculture.fr\/es\/producto\/tensiometria\/tensiometro-y-lisimetro-irrometer-es\/accesorios-por-tensiometros\/llave-bujia-para-tensiometro-sr-irrometer\/","og_site_name":"Challenge Agriculture","article_modified_time":"2021-04-15T18:45:37+00:00","og_image":[{"width":800,"height":800,"url":"https:\/\/dev.challenge-agriculture.fr\/wp-content\/uploads\/2018\/03\/bougie-tensiometre-sr.jpg","type":"image\/jpeg"}],"twitter_card":"summary_large_image","schema":{"@context":"https:\/\/schema.org","@graph":[{"@type":"WebPage","@id":"https:\/\/dev.challenge-agriculture.fr\/es\/producto\/tensiometria\/tensiometro-y-lisimetro-irrometer-es\/accesorios-por-tensiometros\/llave-bujia-para-tensiometro-sr-irrometer\/","url":"https:\/\/dev.challenge-agriculture.fr\/es\/producto\/tensiometria\/tensiometro-y-lisimetro-irrometer-es\/accesorios-por-tensiometros\/llave-bujia-para-tensiometro-sr-irrometer\/","name":"Llave buj\u00eda para tensi\u00f3metro SR IRROMETER &#x2d; Challenge agriculture","isPartOf":{"@id":"https:\/\/dev.challenge-agriculture.fr\/#website"},"datePublished":"2018-02-27T14:54:56+00:00","dateModified":"2021-04-15T18:45:37+00:00","description":"Llave buj\u00eda para tensi\u00f3metro SR IRROMETER. Un producto distribuido por Challenge agriculture, hecho en Francia.","breadcrumb":{"@id":"https:\/\/dev.challenge-agriculture.fr\/es\/producto\/tensiometria\/tensiometro-y-lisimetro-irrometer-es\/accesorios-por-tensiometros\/llave-bujia-para-tensiometro-sr-irrometer\/#breadcrumb"},"inLanguage":"es","potentialAction":[{"@type":"ReadAction","target":["https:\/\/dev.challenge-agriculture.fr\/es\/producto\/tensiometria\/tensiometro-y-lisimetro-irrometer-es\/accesorios-por-tensiometros\/llave-bujia-para-tensiometro-sr-irrometer\/"]}]},{"@type":"BreadcrumbList","@id":"https:\/\/dev.challenge-agriculture.fr\/es\/producto\/tensiometria\/tensiometro-y-lisimetro-irrometer-es\/accesorios-por-tensiometros\/llave-bujia-para-tensiometro-sr-irrometer\/#breadcrumb","itemListElement":[{"@type":"ListItem","position":1,"name":"Home","item":"https:\/\/dev.challenge-agriculture.fr\/es\/"},{"@type":"ListItem","position":2,"name":"Boutique","item":"https:\/\/dev.challenge-agriculture.fr\/la-boutique\/"},{"@type":"ListItem","position":3,"name":"Llave buj\u00eda para tensi\u00f3metro SR IRROMETER"}]},{"@type":"WebSite","@id":"https:\/\/dev.challenge-agriculture.fr\/#website","url":"https:\/\/dev.challenge-agriculture.fr\/","name":"Challenge Agriculture","description":"","publisher":{"@id":"https:\/\/dev.challenge-agriculture.fr\/#organization"},"potentialAction":[{"@type":"SearchAction","target":{"@type":"EntryPoint","urlTemplate":"https:\/\/dev.challenge-agriculture.fr\/?s={search_term_string}"},"query-input":"required name=search_term_string"}],"inLanguage":"es"},{"@type":"Organization","@id":"https:\/\/dev.challenge-agriculture.fr\/#organization","name":"Challenge Agriculture","url":"https:\/\/dev.challenge-agriculture.fr\/","logo":{"@type":"ImageObject","inLanguage":"es","@id":"https:\/\/dev.challenge-agriculture.fr\/#\/schema\/logo\/image\/","url":"https:\/\/www.challenge-agriculture.fr\/wp-content\/uploads\/2020\/02\/logo-doc.png","contentUrl":"https:\/\/www.challenge-agriculture.fr\/wp-content\/uploads\/2020\/02\/logo-doc.png","width":1497,"height":355,"caption":"Challenge Agriculture"},"image":{"@id":"https:\/\/dev.challenge-agriculture.fr\/#\/schema\/logo\/image\/"}}]}},"_links":{"self":[{"href":"https:\/\/dev.challenge-agriculture.fr\/es\/wp-json\/wp\/v2\/product\/2595"}],"collection":[{"href":"https:\/\/dev.challenge-agriculture.fr\/es\/wp-json\/wp\/v2\/product"}],"about":[{"href":"https:\/\/dev.challenge-agriculture.fr\/es\/wp-json\/wp\/v2\/types\/product"}],"version-history":[{"count":1,"href":"https:\/\/dev.challenge-agriculture.fr\/es\/wp-json\/wp\/v2\/product\/2595\/revisions"}],"predecessor-version":[{"id":27582,"href":"https:\/\/dev.challenge-agriculture.fr\/es\/wp-json\/wp\/v2\/product\/2595\/revisions\/27582"}],"wp:featuredmedia":[{"embeddable":true,"href":"https:\/\/dev.challenge-agriculture.fr\/es\/wp-json\/wp\/v2\/media\/2792"}],"wp:attachment":[{"href":"https:\/\/dev.challenge-agriculture.fr\/es\/wp-json\/wp\/v2\/media?parent=2595"}],"wp:term":[{"taxonomy":"product_cat","embeddable":true,"href":"https:\/\/dev.challenge-agriculture.fr\/es\/wp-json\/wp\/v2\/product_cat?post=2595"},{"taxonomy":"product_tag","embeddable":true,"href":"https:\/\/dev.challenge-agriculture.fr\/es\/wp-json\/wp\/v2\/product_tag?post=2595"}],"curies":[{"name":"wp","href":"https:\/\/api.w.org\/{rel}","templated":true}]}}