{"id":28272,"date":"2021-03-02T08:40:47","date_gmt":"2021-04-22T08:08:10","guid":{"rendered":"https:\/\/www.challenge-agriculture.fr\/?post_type=product&#038;p=28272"},"modified":"2021-04-25T08:28:02","modified_gmt":"2021-04-25T06:28:02","slug":"solucion-irriduo","status":"publish","type":"product","link":"https:\/\/dev.challenge-agriculture.fr\/es\/producto\/espacio-fabricante\/solucion-irriduo\/","title":{"rendered":"Soluci\u00f3n Irriduo \u00ae"},"content":{"rendered":"<table class=\"spectbl\">\n<tbody>\n<tr>\n<td>Irriduo est la conjonction :<\/td>\n<th><\/th>\n<th><\/th>\n<th>Solution Irriduo<\/th>\n<\/tr>\n<tr>\n<td><strong>Arduino Edge Control<\/strong><strong>Arduino<\/strong> <strong>MKR<\/strong> <strong>1400\u00a0<\/strong><\/p>\n<p><strong>Firmware inside<\/strong><\/td>\n<td><\/td>\n<td><\/td>\n<td>La carte Arduino Edge control est le fruit d&#8217;une collaboration <a href=\"https:\/\/www.arduino.cc\/\"><strong>Arduino\/<\/strong><\/a><strong>Challenge Agriculture. <\/strong>Fabriqu\u00e9e par <strong>Arduino, <\/strong>il s&#8217;agit d&#8217;une \u00e9volution de la <strong>R2-DX Smart<\/strong> de <strong>Challenge Agriculture<\/strong>.La <strong>carte Arduino MKR<\/strong> 1400 fournit une connectivit\u00e9 GSM.<\/p>\n<p>code \u00e9crit et modifi\u00e9 par <strong>Challenge Agriculture<\/strong>, avec l&#8217;aide d&#8217;<strong>Arduino<\/strong>.<\/td>\n<\/tr>\n<tr>\n<td>Nombreux capteurs<\/td>\n<td><\/td>\n<td><\/td>\n<td>r\u00e9sistifs, intensit\u00e9, tension,<\/td>\n<\/tr>\n<tr>\n<td>Nombreuses fonctions<\/td>\n<td><\/td>\n<td><\/td>\n<td>acquisition, enregistrement, affichage, transmission, contr\u00f4le d&#8217;irrigation automatique<\/td>\n<\/tr>\n<tr>\n<td>Prix HT de la solution<\/td>\n<td><\/td>\n<td><\/td>\n<td><strong>600 \u20ac = Edge control + MKR + firmware<\/strong><\/td>\n<\/tr>\n<tr>\n<td>Mesure capteurs <em><strong>Watermark<\/strong><\/em><\/td>\n<td><\/td>\n<td><\/td>\n<td>16 entr\u00e9es, pour un niveau professionnel en tensiom\u00e9trie.<\/td>\n<\/tr>\n<tr>\n<td>Pluviom\u00e8tre \/ compteur d&#8217;eau<\/td>\n<td><\/td>\n<td><\/td>\n<td><strong>2<\/strong> max<\/td>\n<\/tr>\n<tr>\n<td>Connecteur rapide<\/td>\n<td><\/td>\n<td><\/td>\n<td>possible<\/td>\n<\/tr>\n<tr>\n<td>Afficheur LCD<\/td>\n<td><\/td>\n<td><\/td>\n<td>possible. Affiche la configuration, les mesures et la connexion<\/td>\n<\/tr>\n<tr>\n<td>Enregistrement automatique<\/td>\n<td><\/td>\n<td><\/td>\n<td>oui<\/td>\n<\/tr>\n<tr>\n<td>Sauvegarde sur micro SD<\/td>\n<td><\/td>\n<td><\/td>\n<td>oui<\/td>\n<\/tr>\n<tr>\n<td>Interface mini-USB<\/td>\n<td><\/td>\n<td><\/td>\n<td>oui, <em>configuration\/acc\u00e8s<\/em><\/td>\n<\/tr>\n<tr>\n<td>Consommation r\u00e9duite<\/td>\n<td><\/td>\n<td><\/td>\n<td>oui<\/td>\n<\/tr>\n<tr>\n<td>Source\/Tension<\/td>\n<td><\/td>\n<td><\/td>\n<td>Batterie 12 V- 5 Ah<\/td>\n<\/tr>\n<tr>\n<td>Tension coupure<\/td>\n<td><\/td>\n<td><\/td>\n<td>11 V<\/td>\n<\/tr>\n<tr>\n<td>Autonomie, a<em>pr\u00e8s 24h de recharge<\/em><\/td>\n<td><\/td>\n<td><\/td>\n<td>12 mois (fonction du nombre de vannes contr\u00f4l\u00e9es)<\/td>\n<\/tr>\n<tr>\n<td>Autonomie sur panneau solaire<\/td>\n<td><\/td>\n<td><\/td>\n<td>recommand\u00e9 pour le contr\u00f4le de vannes : 72 mois avant maintenance<\/td>\n<\/tr>\n<tr>\n<td>Exp\u00e9rience<\/td>\n<td><\/td>\n<td><\/td>\n<td><\/td>\n<\/tr>\n<tr>\n<td>Transmissions GSM<\/td>\n<td><\/td>\n<td><\/td>\n<td>oui<\/td>\n<\/tr>\n<tr>\n<td>Programmable \u00e0 distance par SMS<\/td>\n<td><\/td>\n<td><\/td>\n<td>oui<\/td>\n<\/tr>\n<tr>\n<td>Site Web d\u00e9di\u00e9 <em>(historique, grapheur, r\u00e9glages\u2026)<\/em><\/td>\n<td><\/td>\n<td><\/td>\n<td>oui<\/td>\n<\/tr>\n<tr>\n<td>Envoi des donn\u00e9es sur site<\/td>\n<td><\/td>\n<td><\/td>\n<td>automatique<\/td>\n<\/tr>\n<tr>\n<td>Graphique automatique en ligne. Seuils de d\u00e9clenchement d&#8217;irrigation<\/td>\n<td><\/td>\n<td><\/td>\n<td>oui<\/td>\n<\/tr>\n<tr>\n<td>\u00c9chographie du bulbe Goutte-\u00e0-goutte<\/td>\n<td><\/td>\n<td><\/td>\n<td>outil adapt\u00e9 \u00e0 l&#8217;\u00e9chographie<\/td>\n<\/tr>\n<tr>\n<td>Service technique\/bo\u00eete de dialogue en ligne<\/td>\n<td><\/td>\n<td><\/td>\n<td>conseil hebdomadaire<\/td>\n<\/tr>\n<tr>\n<td>Programmateur d\u2019irrigation<\/td>\n<td><\/td>\n<td><\/td>\n<td>oui, s\u00e9quentiel 8 sorties<\/td>\n<\/tr>\n<tr>\n<td>Interrupteurs 24 V AC <em>vannes\/pompe <\/em><\/td>\n<td><\/td>\n<td><\/td>\n<td><strong>4<\/strong> sorties<\/td>\n<\/tr>\n<tr>\n<td>Contr\u00f4le vanne Latch sol\u00e9no\u00efde<\/td>\n<td><\/td>\n<td><\/td>\n<td><strong>8<\/strong> sorties, en s\u00e9quentiel<\/td>\n<\/tr>\n<tr>\n<td>Contr\u00f4le automatique irrigation<\/td>\n<td><\/td>\n<td><\/td>\n<td>oui, sur r\u00e9seau sous pression<\/td>\n<\/tr>\n<tr>\n<td>Rapport d\u2019irrigation<\/td>\n<td><\/td>\n<td><\/td>\n<td>oui, en ligne<\/td>\n<\/tr>\n<tr>\n<td>Planning irrigation hebdomadaire<\/td>\n<td><\/td>\n<td><\/td>\n<td>oui<\/td>\n<\/tr>\n<\/tbody>\n<\/table>\n<p>&nbsp;<\/p>\n","protected":false},"excerpt":{"rendered":"<div class=\"elementor-column elementor-col-50 elementor-top-column elementor-element elementor-element-68001ae\" data-id=\"68001ae\" data-element_type=\"column\">\n<div class=\"elementor-column-wrap elementor-element-populated\">\n<div class=\"elementor-widget-wrap\">\n<div class=\"elementor-element elementor-element-6572034 elementor-widget elementor-widget-woocommerce-product-short-description\" data-id=\"6572034\" data-element_type=\"widget\" data-widget_type=\"woocommerce-product-short-description.default\">\n<div class=\"elementor-widget-container\">\n<div class=\"woocommerce-product-details__short-description\">\n<p>Esta tarjeta \u00abprofesi\u00f3n\u00bb, fruto de la colaboraci\u00f3n <strong><a href=\"https:\/\/www.arduino.cc\/\">Arduino<\/a><\/strong>\/<strong>Challenge Agriculture<\/strong>, es una s\u00edntesis de la experiencia de <strong>Challenge Agriculture<\/strong><br \/>\nen materia de gesti\u00f3n del riego y la de <strong>Arduino<\/strong> en materia de la comunicaci\u00f3n electr\u00f3nica remota<\/p>\n<p><strong>Irriduo<\/strong> se adapta a la elecci\u00f3n de <strong>tarjetas MKR GSM<\/strong>, LoRa, Sigfox, Wifi, las posibilidades del mercado actual y probablemente las futuras.<\/p>\n<\/div>\n<\/div>\n<\/div>\n<\/div>\n<\/div>\n<\/div>\n","protected":false},"featured_media":24059,"template":"","meta":{"_acf_changed":false},"product_cat":[1278],"product_tag":[],"acf":[],"yoast_head":"<!-- This site is optimized with the Yoast SEO plugin v22.0 - https:\/\/yoast.com\/wordpress\/plugins\/seo\/ -->\n<title>Soluci\u00f3n Irriduo &#x2d; Challenge agriculture<\/title>\n<meta name=\"description\" content=\"Soluci\u00f3n Irriduo, fruto de la colaboraci\u00f3n Arduino\/Challenge Agriculture. Un producto distribuido por Challenge agriculture, hecho en Francia.\" \/>\n<meta name=\"robots\" content=\"index, follow, max-snippet:-1, max-image-preview:large, max-video-preview:-1\" \/>\n<link rel=\"canonical\" href=\"https:\/\/dev.challenge-agriculture.fr\/es\/producto\/espacio-fabricante\/solucion-irriduo\/\" \/>\n<meta property=\"og:locale\" content=\"fr_FR\" \/>\n<meta property=\"og:type\" content=\"article\" \/>\n<meta property=\"og:title\" content=\"Soluci\u00f3n Irriduo &#x2d; Challenge agriculture\" \/>\n<meta property=\"og:description\" content=\"Soluci\u00f3n Irriduo, fruto de la colaboraci\u00f3n Arduino\/Challenge Agriculture. Un producto distribuido por Challenge agriculture, hecho en Francia.\" \/>\n<meta property=\"og:url\" content=\"https:\/\/dev.challenge-agriculture.fr\/es\/producto\/espacio-fabricante\/solucion-irriduo\/\" \/>\n<meta property=\"og:site_name\" content=\"Challenge Agriculture\" \/>\n<meta property=\"article:modified_time\" content=\"2021-04-25T06:28:02+00:00\" \/>\n<meta property=\"og:image\" content=\"https:\/\/dev.challenge-agriculture.fr\/wp-content\/uploads\/2020\/11\/irriduo-e1618554694508.jpg\" \/>\n\t<meta property=\"og:image:width\" content=\"1024\" \/>\n\t<meta property=\"og:image:height\" content=\"826\" \/>\n\t<meta property=\"og:image:type\" content=\"image\/jpeg\" \/>\n<meta name=\"twitter:card\" content=\"summary_large_image\" \/>\n<meta name=\"twitter:label1\" content=\"Tiempo de lectura\" \/>\n\t<meta name=\"twitter:data1\" content=\"1 minuto\" \/>\n<script type=\"application\/ld+json\" class=\"yoast-schema-graph\">{\"@context\":\"https:\/\/schema.org\",\"@graph\":[{\"@type\":\"WebPage\",\"@id\":\"https:\/\/dev.challenge-agriculture.fr\/es\/producto\/espacio-fabricante\/solucion-irriduo\/\",\"url\":\"https:\/\/dev.challenge-agriculture.fr\/es\/producto\/espacio-fabricante\/solucion-irriduo\/\",\"name\":\"Soluci\u00f3n Irriduo &#x2d; Challenge agriculture\",\"isPartOf\":{\"@id\":\"https:\/\/dev.challenge-agriculture.fr\/#website\"},\"datePublished\":\"2021-04-22T08:08:10+00:00\",\"dateModified\":\"2021-04-25T06:28:02+00:00\",\"description\":\"Soluci\u00f3n Irriduo, fruto de la colaboraci\u00f3n Arduino\/Challenge Agriculture. Un producto distribuido por Challenge agriculture, hecho en Francia.\",\"breadcrumb\":{\"@id\":\"https:\/\/dev.challenge-agriculture.fr\/es\/producto\/espacio-fabricante\/solucion-irriduo\/#breadcrumb\"},\"inLanguage\":\"es\",\"potentialAction\":[{\"@type\":\"ReadAction\",\"target\":[\"https:\/\/dev.challenge-agriculture.fr\/es\/producto\/espacio-fabricante\/solucion-irriduo\/\"]}]},{\"@type\":\"BreadcrumbList\",\"@id\":\"https:\/\/dev.challenge-agriculture.fr\/es\/producto\/espacio-fabricante\/solucion-irriduo\/#breadcrumb\",\"itemListElement\":[{\"@type\":\"ListItem\",\"position\":1,\"name\":\"Home\",\"item\":\"https:\/\/dev.challenge-agriculture.fr\/es\/\"},{\"@type\":\"ListItem\",\"position\":2,\"name\":\"Boutique\",\"item\":\"https:\/\/dev.challenge-agriculture.fr\/la-boutique\/\"},{\"@type\":\"ListItem\",\"position\":3,\"name\":\"Soluci\u00f3n Irriduo \u00ae\"}]},{\"@type\":\"WebSite\",\"@id\":\"https:\/\/dev.challenge-agriculture.fr\/#website\",\"url\":\"https:\/\/dev.challenge-agriculture.fr\/\",\"name\":\"Challenge Agriculture\",\"description\":\"\",\"publisher\":{\"@id\":\"https:\/\/dev.challenge-agriculture.fr\/#organization\"},\"potentialAction\":[{\"@type\":\"SearchAction\",\"target\":{\"@type\":\"EntryPoint\",\"urlTemplate\":\"https:\/\/dev.challenge-agriculture.fr\/?s={search_term_string}\"},\"query-input\":\"required name=search_term_string\"}],\"inLanguage\":\"es\"},{\"@type\":\"Organization\",\"@id\":\"https:\/\/dev.challenge-agriculture.fr\/#organization\",\"name\":\"Challenge Agriculture\",\"url\":\"https:\/\/dev.challenge-agriculture.fr\/\",\"logo\":{\"@type\":\"ImageObject\",\"inLanguage\":\"es\",\"@id\":\"https:\/\/dev.challenge-agriculture.fr\/#\/schema\/logo\/image\/\",\"url\":\"https:\/\/www.challenge-agriculture.fr\/wp-content\/uploads\/2020\/02\/logo-doc.png\",\"contentUrl\":\"https:\/\/www.challenge-agriculture.fr\/wp-content\/uploads\/2020\/02\/logo-doc.png\",\"width\":1497,\"height\":355,\"caption\":\"Challenge Agriculture\"},\"image\":{\"@id\":\"https:\/\/dev.challenge-agriculture.fr\/#\/schema\/logo\/image\/\"}}]}<\/script>\n<!-- \/ Yoast SEO plugin. -->","yoast_head_json":{"title":"Soluci\u00f3n Irriduo &#x2d; Challenge agriculture","description":"Soluci\u00f3n Irriduo, fruto de la colaboraci\u00f3n Arduino\/Challenge Agriculture. Un producto distribuido por Challenge agriculture, hecho en Francia.","robots":{"index":"index","follow":"follow","max-snippet":"max-snippet:-1","max-image-preview":"max-image-preview:large","max-video-preview":"max-video-preview:-1"},"canonical":"https:\/\/dev.challenge-agriculture.fr\/es\/producto\/espacio-fabricante\/solucion-irriduo\/","og_locale":"fr_FR","og_type":"article","og_title":"Soluci\u00f3n Irriduo &#x2d; Challenge agriculture","og_description":"Soluci\u00f3n Irriduo, fruto de la colaboraci\u00f3n Arduino\/Challenge Agriculture. Un producto distribuido por Challenge agriculture, hecho en Francia.","og_url":"https:\/\/dev.challenge-agriculture.fr\/es\/producto\/espacio-fabricante\/solucion-irriduo\/","og_site_name":"Challenge Agriculture","article_modified_time":"2021-04-25T06:28:02+00:00","og_image":[{"width":1024,"height":826,"url":"https:\/\/dev.challenge-agriculture.fr\/wp-content\/uploads\/2020\/11\/irriduo-e1618554694508.jpg","type":"image\/jpeg"}],"twitter_card":"summary_large_image","twitter_misc":{"Tiempo de lectura":"1 minuto"},"schema":{"@context":"https:\/\/schema.org","@graph":[{"@type":"WebPage","@id":"https:\/\/dev.challenge-agriculture.fr\/es\/producto\/espacio-fabricante\/solucion-irriduo\/","url":"https:\/\/dev.challenge-agriculture.fr\/es\/producto\/espacio-fabricante\/solucion-irriduo\/","name":"Soluci\u00f3n Irriduo &#x2d; Challenge agriculture","isPartOf":{"@id":"https:\/\/dev.challenge-agriculture.fr\/#website"},"datePublished":"2021-04-22T08:08:10+00:00","dateModified":"2021-04-25T06:28:02+00:00","description":"Soluci\u00f3n Irriduo, fruto de la colaboraci\u00f3n Arduino\/Challenge Agriculture. Un producto distribuido por Challenge agriculture, hecho en Francia.","breadcrumb":{"@id":"https:\/\/dev.challenge-agriculture.fr\/es\/producto\/espacio-fabricante\/solucion-irriduo\/#breadcrumb"},"inLanguage":"es","potentialAction":[{"@type":"ReadAction","target":["https:\/\/dev.challenge-agriculture.fr\/es\/producto\/espacio-fabricante\/solucion-irriduo\/"]}]},{"@type":"BreadcrumbList","@id":"https:\/\/dev.challenge-agriculture.fr\/es\/producto\/espacio-fabricante\/solucion-irriduo\/#breadcrumb","itemListElement":[{"@type":"ListItem","position":1,"name":"Home","item":"https:\/\/dev.challenge-agriculture.fr\/es\/"},{"@type":"ListItem","position":2,"name":"Boutique","item":"https:\/\/dev.challenge-agriculture.fr\/la-boutique\/"},{"@type":"ListItem","position":3,"name":"Soluci\u00f3n Irriduo \u00ae"}]},{"@type":"WebSite","@id":"https:\/\/dev.challenge-agriculture.fr\/#website","url":"https:\/\/dev.challenge-agriculture.fr\/","name":"Challenge Agriculture","description":"","publisher":{"@id":"https:\/\/dev.challenge-agriculture.fr\/#organization"},"potentialAction":[{"@type":"SearchAction","target":{"@type":"EntryPoint","urlTemplate":"https:\/\/dev.challenge-agriculture.fr\/?s={search_term_string}"},"query-input":"required name=search_term_string"}],"inLanguage":"es"},{"@type":"Organization","@id":"https:\/\/dev.challenge-agriculture.fr\/#organization","name":"Challenge Agriculture","url":"https:\/\/dev.challenge-agriculture.fr\/","logo":{"@type":"ImageObject","inLanguage":"es","@id":"https:\/\/dev.challenge-agriculture.fr\/#\/schema\/logo\/image\/","url":"https:\/\/www.challenge-agriculture.fr\/wp-content\/uploads\/2020\/02\/logo-doc.png","contentUrl":"https:\/\/www.challenge-agriculture.fr\/wp-content\/uploads\/2020\/02\/logo-doc.png","width":1497,"height":355,"caption":"Challenge Agriculture"},"image":{"@id":"https:\/\/dev.challenge-agriculture.fr\/#\/schema\/logo\/image\/"}}]}},"_links":{"self":[{"href":"https:\/\/dev.challenge-agriculture.fr\/es\/wp-json\/wp\/v2\/product\/28272"}],"collection":[{"href":"https:\/\/dev.challenge-agriculture.fr\/es\/wp-json\/wp\/v2\/product"}],"about":[{"href":"https:\/\/dev.challenge-agriculture.fr\/es\/wp-json\/wp\/v2\/types\/product"}],"version-history":[{"count":5,"href":"https:\/\/dev.challenge-agriculture.fr\/es\/wp-json\/wp\/v2\/product\/28272\/revisions"}],"predecessor-version":[{"id":28664,"href":"https:\/\/dev.challenge-agriculture.fr\/es\/wp-json\/wp\/v2\/product\/28272\/revisions\/28664"}],"wp:featuredmedia":[{"embeddable":true,"href":"https:\/\/dev.challenge-agriculture.fr\/es\/wp-json\/wp\/v2\/media\/24059"}],"wp:attachment":[{"href":"https:\/\/dev.challenge-agriculture.fr\/es\/wp-json\/wp\/v2\/media?parent=28272"}],"wp:term":[{"taxonomy":"product_cat","embeddable":true,"href":"https:\/\/dev.challenge-agriculture.fr\/es\/wp-json\/wp\/v2\/product_cat?post=28272"},{"taxonomy":"product_tag","embeddable":true,"href":"https:\/\/dev.challenge-agriculture.fr\/es\/wp-json\/wp\/v2\/product_tag?post=28272"}],"curies":[{"name":"wp","href":"https:\/\/api.w.org\/{rel}","templated":true}]}}