{"id":375,"date":"2017-01-03T12:34:31","date_gmt":"2017-01-03T11:34:31","guid":{"rendered":"http:\/\/www.challenge-agriculture.fr\/boutique\/sonde-watermark-sur-pvc-50cm\/"},"modified":"2023-01-20T11:51:43","modified_gmt":"2023-01-20T10:51:43","slug":"sonde-watermark-sur-pvc-50cm","status":"publish","type":"product","link":"https:\/\/dev.challenge-agriculture.fr\/es\/produit\/non-classe\/sonde-watermark-sur-pvc-50cm\/","title":{"rendered":"Sonde WATERMARK sur PVC 50 cm, pour makers"},"content":{"rendered":"<h2>Les sondes Watermark sont coll\u00e9es-rivet\u00e9es sur un tube en PVC tendre<\/h2>\n<p>Nous les r\u00e9treignons en double diam\u00e8tre, pour assurer un contact parfait avec le sol, gr\u00e2ce \u00e0 la <strong>tari\u00e8re spirale adapt\u00e9e<\/strong>.<\/p>\n<p>6 <strong>sondes Watermark<\/strong> permettent d&#8217;assurer au champ les 3 r\u00e9p\u00e9titions minimales x 2 profondeurs, n\u00e9cessaires pour s&#8217;adapter \u00e0 l&#8217;h\u00e9t\u00e9rog\u00e9n\u00e9it\u00e9 de structure en sol cultiv\u00e9, ainsi que l&#8217;h\u00e9t\u00e9rog\u00e9n\u00e9it\u00e9 de r\u00e9partition de l&#8217;eau intrins\u00e8que aux diff\u00e9rents <strong>modes d&#8217;irrigation<\/strong> : submersion, irrigation \u00e0 la raie, irrigation par aspersion, micro-irrigation, irrigation au goutte-\u00e0-goutte. Les <strong>sondes Watermark<\/strong> mesurent la tension de l&#8217;eau sur une gamme de 0 \u00e0 239 cb, permettant le pilotage d&#8217;irrigation sur quasi toutes situations de culture, climat, sol, <strong>mat\u00e9riel d&#8217;irrigation<\/strong>.<\/p>\n<p>Dans cette pr\u00e9sentation, les sondes ont 50 cm de profondeur et 76 cm de fil pour une lecture manuelle.<\/p>\n<p>Fabrication F19 test\u00e9e<\/p>\n","protected":false},"excerpt":{"rendered":"<p>Les sondes Watermark sont coll\u00e9es-rivet\u00e9es sur un tube en PVC tendre Nous les r\u00e9treignons en double diam\u00e8tre, pour assurer un contact parfait avec le sol, gr\u00e2ce \u00e0 la tari\u00e8re spirale adapt\u00e9e. 6 sondes Watermark permettent d&#8217;assurer au champ les 3 r\u00e9p\u00e9titions minimales x 2 profondeurs, n\u00e9cessaires pour s&#8217;adapter \u00e0 l&#8217;h\u00e9t\u00e9rog\u00e9n\u00e9it\u00e9 de structure en sol cultiv\u00e9, [&hellip;]<\/p>\n","protected":false},"featured_media":0,"template":"","meta":{"_acf_changed":false},"product_cat":[1034],"product_tag":[],"acf":[],"yoast_head":"<!-- This site is optimized with the Yoast SEO plugin v22.0 - https:\/\/yoast.com\/wordpress\/plugins\/seo\/ -->\n<title>Sondes Watermark sur PVC 50 cm &#x2d; Challenge agriculture<\/title>\n<meta name=\"description\" content=\"Toutes les caract\u00e9ristiques techniques des sondes Watermark sur PVC 50 cm pour makers, produits distribu\u00e9s par Challenge agriculture.\" \/>\n<meta name=\"robots\" content=\"index, follow, max-snippet:-1, max-image-preview:large, max-video-preview:-1\" \/>\n<link rel=\"canonical\" href=\"https:\/\/dev.challenge-agriculture.fr\/produit\/non-classe\/sonde-watermark-sur-pvc-50cm\/\" \/>\n<meta property=\"og:locale\" content=\"fr_FR\" \/>\n<meta property=\"og:type\" content=\"article\" \/>\n<meta property=\"og:title\" content=\"Sondes Watermark sur PVC 50 cm &#x2d; Challenge agriculture\" \/>\n<meta property=\"og:description\" content=\"Toutes les caract\u00e9ristiques techniques des sondes Watermark sur PVC 50 cm pour makers, produits distribu\u00e9s par Challenge agriculture.\" \/>\n<meta property=\"og:url\" content=\"https:\/\/dev.challenge-agriculture.fr\/produit\/non-classe\/sonde-watermark-sur-pvc-50cm\/\" \/>\n<meta property=\"og:site_name\" content=\"Challenge Agriculture\" \/>\n<meta property=\"article:modified_time\" content=\"2023-01-20T10:51:43+00:00\" \/>\n<meta property=\"og:image\" content=\"https:\/\/dev.challenge-agriculture.fr\/wp-content\/uploads\/2021\/04\/favicon.png\" \/>\n\t<meta property=\"og:image:width\" content=\"512\" \/>\n\t<meta property=\"og:image:height\" content=\"512\" \/>\n\t<meta property=\"og:image:type\" content=\"image\/png\" \/>\n<meta name=\"twitter:card\" content=\"summary_large_image\" \/>\n<meta name=\"twitter:label1\" content=\"Tiempo de lectura\" \/>\n\t<meta name=\"twitter:data1\" content=\"1 minuto\" \/>\n<script type=\"application\/ld+json\" class=\"yoast-schema-graph\">{\"@context\":\"https:\/\/schema.org\",\"@graph\":[{\"@type\":\"WebPage\",\"@id\":\"https:\/\/dev.challenge-agriculture.fr\/produit\/non-classe\/sonde-watermark-sur-pvc-50cm\/\",\"url\":\"https:\/\/dev.challenge-agriculture.fr\/produit\/non-classe\/sonde-watermark-sur-pvc-50cm\/\",\"name\":\"Sondes Watermark sur PVC 50 cm &#x2d; Challenge agriculture\",\"isPartOf\":{\"@id\":\"https:\/\/dev.challenge-agriculture.fr\/#website\"},\"datePublished\":\"2017-01-03T11:34:31+00:00\",\"dateModified\":\"2023-01-20T10:51:43+00:00\",\"description\":\"Toutes les caract\u00e9ristiques techniques des sondes Watermark sur PVC 50 cm pour makers, produits distribu\u00e9s par Challenge agriculture.\",\"breadcrumb\":{\"@id\":\"https:\/\/dev.challenge-agriculture.fr\/produit\/non-classe\/sonde-watermark-sur-pvc-50cm\/#breadcrumb\"},\"inLanguage\":\"es\",\"potentialAction\":[{\"@type\":\"ReadAction\",\"target\":[\"https:\/\/dev.challenge-agriculture.fr\/produit\/non-classe\/sonde-watermark-sur-pvc-50cm\/\"]}]},{\"@type\":\"BreadcrumbList\",\"@id\":\"https:\/\/dev.challenge-agriculture.fr\/produit\/non-classe\/sonde-watermark-sur-pvc-50cm\/#breadcrumb\",\"itemListElement\":[{\"@type\":\"ListItem\",\"position\":1,\"name\":\"Home\",\"item\":\"https:\/\/dev.challenge-agriculture.fr\/es\/\"},{\"@type\":\"ListItem\",\"position\":2,\"name\":\"Boutique\",\"item\":\"https:\/\/dev.challenge-agriculture.fr\/la-boutique\/\"},{\"@type\":\"ListItem\",\"position\":3,\"name\":\"Sonde WATERMARK sur PVC 50 cm, pour makers\"}]},{\"@type\":\"WebSite\",\"@id\":\"https:\/\/dev.challenge-agriculture.fr\/#website\",\"url\":\"https:\/\/dev.challenge-agriculture.fr\/\",\"name\":\"Challenge Agriculture\",\"description\":\"\",\"publisher\":{\"@id\":\"https:\/\/dev.challenge-agriculture.fr\/#organization\"},\"potentialAction\":[{\"@type\":\"SearchAction\",\"target\":{\"@type\":\"EntryPoint\",\"urlTemplate\":\"https:\/\/dev.challenge-agriculture.fr\/?s={search_term_string}\"},\"query-input\":\"required name=search_term_string\"}],\"inLanguage\":\"es\"},{\"@type\":\"Organization\",\"@id\":\"https:\/\/dev.challenge-agriculture.fr\/#organization\",\"name\":\"Challenge Agriculture\",\"url\":\"https:\/\/dev.challenge-agriculture.fr\/\",\"logo\":{\"@type\":\"ImageObject\",\"inLanguage\":\"es\",\"@id\":\"https:\/\/dev.challenge-agriculture.fr\/#\/schema\/logo\/image\/\",\"url\":\"https:\/\/www.challenge-agriculture.fr\/wp-content\/uploads\/2020\/02\/logo-doc.png\",\"contentUrl\":\"https:\/\/www.challenge-agriculture.fr\/wp-content\/uploads\/2020\/02\/logo-doc.png\",\"width\":1497,\"height\":355,\"caption\":\"Challenge Agriculture\"},\"image\":{\"@id\":\"https:\/\/dev.challenge-agriculture.fr\/#\/schema\/logo\/image\/\"}}]}<\/script>\n<!-- \/ Yoast SEO plugin. -->","yoast_head_json":{"title":"Sondes Watermark sur PVC 50 cm &#x2d; Challenge agriculture","description":"Toutes les caract\u00e9ristiques techniques des sondes Watermark sur PVC 50 cm pour makers, produits distribu\u00e9s par Challenge agriculture.","robots":{"index":"index","follow":"follow","max-snippet":"max-snippet:-1","max-image-preview":"max-image-preview:large","max-video-preview":"max-video-preview:-1"},"canonical":"https:\/\/dev.challenge-agriculture.fr\/produit\/non-classe\/sonde-watermark-sur-pvc-50cm\/","og_locale":"fr_FR","og_type":"article","og_title":"Sondes Watermark sur PVC 50 cm &#x2d; Challenge agriculture","og_description":"Toutes les caract\u00e9ristiques techniques des sondes Watermark sur PVC 50 cm pour makers, produits distribu\u00e9s par Challenge agriculture.","og_url":"https:\/\/dev.challenge-agriculture.fr\/produit\/non-classe\/sonde-watermark-sur-pvc-50cm\/","og_site_name":"Challenge Agriculture","article_modified_time":"2023-01-20T10:51:43+00:00","og_image":[{"width":512,"height":512,"url":"https:\/\/dev.challenge-agriculture.fr\/wp-content\/uploads\/2021\/04\/favicon.png","type":"image\/png"}],"twitter_card":"summary_large_image","twitter_misc":{"Tiempo de lectura":"1 minuto"},"schema":{"@context":"https:\/\/schema.org","@graph":[{"@type":"WebPage","@id":"https:\/\/dev.challenge-agriculture.fr\/produit\/non-classe\/sonde-watermark-sur-pvc-50cm\/","url":"https:\/\/dev.challenge-agriculture.fr\/produit\/non-classe\/sonde-watermark-sur-pvc-50cm\/","name":"Sondes Watermark sur PVC 50 cm &#x2d; Challenge agriculture","isPartOf":{"@id":"https:\/\/dev.challenge-agriculture.fr\/#website"},"datePublished":"2017-01-03T11:34:31+00:00","dateModified":"2023-01-20T10:51:43+00:00","description":"Toutes les caract\u00e9ristiques techniques des sondes Watermark sur PVC 50 cm pour makers, produits distribu\u00e9s par Challenge agriculture.","breadcrumb":{"@id":"https:\/\/dev.challenge-agriculture.fr\/produit\/non-classe\/sonde-watermark-sur-pvc-50cm\/#breadcrumb"},"inLanguage":"es","potentialAction":[{"@type":"ReadAction","target":["https:\/\/dev.challenge-agriculture.fr\/produit\/non-classe\/sonde-watermark-sur-pvc-50cm\/"]}]},{"@type":"BreadcrumbList","@id":"https:\/\/dev.challenge-agriculture.fr\/produit\/non-classe\/sonde-watermark-sur-pvc-50cm\/#breadcrumb","itemListElement":[{"@type":"ListItem","position":1,"name":"Home","item":"https:\/\/dev.challenge-agriculture.fr\/es\/"},{"@type":"ListItem","position":2,"name":"Boutique","item":"https:\/\/dev.challenge-agriculture.fr\/la-boutique\/"},{"@type":"ListItem","position":3,"name":"Sonde WATERMARK sur PVC 50 cm, pour makers"}]},{"@type":"WebSite","@id":"https:\/\/dev.challenge-agriculture.fr\/#website","url":"https:\/\/dev.challenge-agriculture.fr\/","name":"Challenge Agriculture","description":"","publisher":{"@id":"https:\/\/dev.challenge-agriculture.fr\/#organization"},"potentialAction":[{"@type":"SearchAction","target":{"@type":"EntryPoint","urlTemplate":"https:\/\/dev.challenge-agriculture.fr\/?s={search_term_string}"},"query-input":"required name=search_term_string"}],"inLanguage":"es"},{"@type":"Organization","@id":"https:\/\/dev.challenge-agriculture.fr\/#organization","name":"Challenge Agriculture","url":"https:\/\/dev.challenge-agriculture.fr\/","logo":{"@type":"ImageObject","inLanguage":"es","@id":"https:\/\/dev.challenge-agriculture.fr\/#\/schema\/logo\/image\/","url":"https:\/\/www.challenge-agriculture.fr\/wp-content\/uploads\/2020\/02\/logo-doc.png","contentUrl":"https:\/\/www.challenge-agriculture.fr\/wp-content\/uploads\/2020\/02\/logo-doc.png","width":1497,"height":355,"caption":"Challenge Agriculture"},"image":{"@id":"https:\/\/dev.challenge-agriculture.fr\/#\/schema\/logo\/image\/"}}]}},"_links":{"self":[{"href":"https:\/\/dev.challenge-agriculture.fr\/es\/wp-json\/wp\/v2\/product\/375"}],"collection":[{"href":"https:\/\/dev.challenge-agriculture.fr\/es\/wp-json\/wp\/v2\/product"}],"about":[{"href":"https:\/\/dev.challenge-agriculture.fr\/es\/wp-json\/wp\/v2\/types\/product"}],"version-history":[{"count":2,"href":"https:\/\/dev.challenge-agriculture.fr\/es\/wp-json\/wp\/v2\/product\/375\/revisions"}],"predecessor-version":[{"id":27714,"href":"https:\/\/dev.challenge-agriculture.fr\/es\/wp-json\/wp\/v2\/product\/375\/revisions\/27714"}],"wp:attachment":[{"href":"https:\/\/dev.challenge-agriculture.fr\/es\/wp-json\/wp\/v2\/media?parent=375"}],"wp:term":[{"taxonomy":"product_cat","embeddable":true,"href":"https:\/\/dev.challenge-agriculture.fr\/es\/wp-json\/wp\/v2\/product_cat?post=375"},{"taxonomy":"product_tag","embeddable":true,"href":"https:\/\/dev.challenge-agriculture.fr\/es\/wp-json\/wp\/v2\/product_tag?post=375"}],"curies":[{"name":"wp","href":"https:\/\/api.w.org\/{rel}","templated":true}]}}