{"id":8687,"date":"2019-07-19T15:55:52","date_gmt":"2019-07-19T13:55:52","guid":{"rendered":"http:\/\/www.challenge-agriculture.fr\/?post_type=product&#038;p=8687"},"modified":"2021-04-16T09:25:22","modified_gmt":"2021-04-16T07:25:22","slug":"tensiometre-a-contact-sec","status":"publish","type":"product","link":"https:\/\/dev.challenge-agriculture.fr\/es\/produit\/non-classe\/tensiometre-a-contact-sec\/","title":{"rendered":"Tensiom\u00e8tre \u00e0 contact \u00abA\u00bb"},"content":{"rendered":"<p>Le <strong>contact ajustable \u00abA\u00bb<\/strong>est mont\u00e9 sur un T en laiton, sur le corps du tensiom\u00e8tre, en m\u00eame temps que le <strong>vacuom\u00e8tre<\/strong>, qui continue \u00e0 donner la <strong>tension de l&#8217;eau<\/strong> dans le <strong>sol<\/strong>, entre 0 et 80 cb ou kPa.<\/p>\n<p><strong>Sp\u00e9cification<\/strong> : IP 67, CE, RoHS.<\/p>\n<p>Vis ajustable, contact ferm\u00e9 \u00e0 partir du seuil.<br \/>\nDisponible pour courant alternatif et continu :\u00a024 VAC 4 amp maximum. Compatible avec les \u00e9lectrovannes 24 v AC (courant alternatif) et les programmateurs DC (courant continu) ayant un contact \u00absonde\u00bb<br \/>\nVis d&#8217;ajustement, pr\u00e9cision 10 %, r\u00e9p\u00e9tabilit\u00e9 3 %.<\/p>\n","protected":false},"excerpt":{"rendered":"<p>Le contact ajustable \u00abA\u00bbest mont\u00e9 sur un T en laiton, sur le corps du tensiom\u00e8tre, en m\u00eame temps que le vacuom\u00e8tre, qui continue \u00e0 donner la tension de l&#8217;eau dans le sol, entre 0 et 80 cb ou kPa. Sp\u00e9cification : IP 67, CE, RoHS. Vis ajustable, contact ferm\u00e9 \u00e0 partir du seuil. Disponible pour [&hellip;]<\/p>\n","protected":false},"featured_media":0,"template":"","meta":{"_acf_changed":false},"product_cat":[1034],"product_tag":[],"acf":[],"yoast_head":"<!-- This site is optimized with the Yoast SEO plugin v22.0 - https:\/\/yoast.com\/wordpress\/plugins\/seo\/ -->\n<title>Description du tensiom\u00e8tre \u00e0 contact A &#x2d; Challenge agriculture<\/title>\n<meta name=\"description\" content=\"Toutes les caract\u00e9ristiques techniques du tensiom\u00e8tre \u00e0 contact A, produit distribu\u00e9 par Challenge agriculture.\" \/>\n<meta name=\"robots\" content=\"index, follow, max-snippet:-1, max-image-preview:large, max-video-preview:-1\" \/>\n<link rel=\"canonical\" href=\"https:\/\/dev.challenge-agriculture.fr\/produit\/non-classe\/tensiometre-a-contact-sec\/\" \/>\n<meta property=\"og:locale\" content=\"fr_FR\" \/>\n<meta property=\"og:type\" content=\"article\" \/>\n<meta property=\"og:title\" content=\"Description du tensiom\u00e8tre \u00e0 contact A &#x2d; Challenge agriculture\" \/>\n<meta property=\"og:description\" content=\"Toutes les caract\u00e9ristiques techniques du tensiom\u00e8tre \u00e0 contact A, produit distribu\u00e9 par Challenge agriculture.\" \/>\n<meta property=\"og:url\" content=\"https:\/\/dev.challenge-agriculture.fr\/produit\/non-classe\/tensiometre-a-contact-sec\/\" \/>\n<meta property=\"og:site_name\" content=\"Challenge Agriculture\" \/>\n<meta property=\"article:modified_time\" content=\"2021-04-16T07:25:22+00:00\" \/>\n<meta property=\"og:image\" content=\"https:\/\/dev.challenge-agriculture.fr\/wp-content\/uploads\/2021\/04\/favicon.png\" \/>\n\t<meta property=\"og:image:width\" content=\"512\" \/>\n\t<meta property=\"og:image:height\" content=\"512\" \/>\n\t<meta property=\"og:image:type\" content=\"image\/png\" \/>\n<meta name=\"twitter:card\" content=\"summary_large_image\" \/>\n<script type=\"application\/ld+json\" class=\"yoast-schema-graph\">{\"@context\":\"https:\/\/schema.org\",\"@graph\":[{\"@type\":\"WebPage\",\"@id\":\"https:\/\/dev.challenge-agriculture.fr\/produit\/non-classe\/tensiometre-a-contact-sec\/\",\"url\":\"https:\/\/dev.challenge-agriculture.fr\/produit\/non-classe\/tensiometre-a-contact-sec\/\",\"name\":\"Description du tensiom\u00e8tre \u00e0 contact A &#x2d; Challenge agriculture\",\"isPartOf\":{\"@id\":\"https:\/\/dev.challenge-agriculture.fr\/#website\"},\"datePublished\":\"2019-07-19T13:55:52+00:00\",\"dateModified\":\"2021-04-16T07:25:22+00:00\",\"description\":\"Toutes les caract\u00e9ristiques techniques du tensiom\u00e8tre \u00e0 contact A, produit distribu\u00e9 par Challenge agriculture.\",\"breadcrumb\":{\"@id\":\"https:\/\/dev.challenge-agriculture.fr\/produit\/non-classe\/tensiometre-a-contact-sec\/#breadcrumb\"},\"inLanguage\":\"es\",\"potentialAction\":[{\"@type\":\"ReadAction\",\"target\":[\"https:\/\/dev.challenge-agriculture.fr\/produit\/non-classe\/tensiometre-a-contact-sec\/\"]}]},{\"@type\":\"BreadcrumbList\",\"@id\":\"https:\/\/dev.challenge-agriculture.fr\/produit\/non-classe\/tensiometre-a-contact-sec\/#breadcrumb\",\"itemListElement\":[{\"@type\":\"ListItem\",\"position\":1,\"name\":\"Home\",\"item\":\"https:\/\/dev.challenge-agriculture.fr\/es\/\"},{\"@type\":\"ListItem\",\"position\":2,\"name\":\"Boutique\",\"item\":\"https:\/\/dev.challenge-agriculture.fr\/la-boutique\/\"},{\"@type\":\"ListItem\",\"position\":3,\"name\":\"Tensiom\u00e8tre \u00e0 contact \u00ab\u00a0A\u00a0\u00bb\"}]},{\"@type\":\"WebSite\",\"@id\":\"https:\/\/dev.challenge-agriculture.fr\/#website\",\"url\":\"https:\/\/dev.challenge-agriculture.fr\/\",\"name\":\"Challenge Agriculture\",\"description\":\"\",\"publisher\":{\"@id\":\"https:\/\/dev.challenge-agriculture.fr\/#organization\"},\"potentialAction\":[{\"@type\":\"SearchAction\",\"target\":{\"@type\":\"EntryPoint\",\"urlTemplate\":\"https:\/\/dev.challenge-agriculture.fr\/?s={search_term_string}\"},\"query-input\":\"required name=search_term_string\"}],\"inLanguage\":\"es\"},{\"@type\":\"Organization\",\"@id\":\"https:\/\/dev.challenge-agriculture.fr\/#organization\",\"name\":\"Challenge Agriculture\",\"url\":\"https:\/\/dev.challenge-agriculture.fr\/\",\"logo\":{\"@type\":\"ImageObject\",\"inLanguage\":\"es\",\"@id\":\"https:\/\/dev.challenge-agriculture.fr\/#\/schema\/logo\/image\/\",\"url\":\"https:\/\/www.challenge-agriculture.fr\/wp-content\/uploads\/2020\/02\/logo-doc.png\",\"contentUrl\":\"https:\/\/www.challenge-agriculture.fr\/wp-content\/uploads\/2020\/02\/logo-doc.png\",\"width\":1497,\"height\":355,\"caption\":\"Challenge Agriculture\"},\"image\":{\"@id\":\"https:\/\/dev.challenge-agriculture.fr\/#\/schema\/logo\/image\/\"}}]}<\/script>\n<!-- \/ Yoast SEO plugin. -->","yoast_head_json":{"title":"Description du tensiom\u00e8tre \u00e0 contact A &#x2d; Challenge agriculture","description":"Toutes les caract\u00e9ristiques techniques du tensiom\u00e8tre \u00e0 contact A, produit distribu\u00e9 par Challenge agriculture.","robots":{"index":"index","follow":"follow","max-snippet":"max-snippet:-1","max-image-preview":"max-image-preview:large","max-video-preview":"max-video-preview:-1"},"canonical":"https:\/\/dev.challenge-agriculture.fr\/produit\/non-classe\/tensiometre-a-contact-sec\/","og_locale":"fr_FR","og_type":"article","og_title":"Description du tensiom\u00e8tre \u00e0 contact A &#x2d; Challenge agriculture","og_description":"Toutes les caract\u00e9ristiques techniques du tensiom\u00e8tre \u00e0 contact A, produit distribu\u00e9 par Challenge agriculture.","og_url":"https:\/\/dev.challenge-agriculture.fr\/produit\/non-classe\/tensiometre-a-contact-sec\/","og_site_name":"Challenge Agriculture","article_modified_time":"2021-04-16T07:25:22+00:00","og_image":[{"width":512,"height":512,"url":"https:\/\/dev.challenge-agriculture.fr\/wp-content\/uploads\/2021\/04\/favicon.png","type":"image\/png"}],"twitter_card":"summary_large_image","schema":{"@context":"https:\/\/schema.org","@graph":[{"@type":"WebPage","@id":"https:\/\/dev.challenge-agriculture.fr\/produit\/non-classe\/tensiometre-a-contact-sec\/","url":"https:\/\/dev.challenge-agriculture.fr\/produit\/non-classe\/tensiometre-a-contact-sec\/","name":"Description du tensiom\u00e8tre \u00e0 contact A &#x2d; Challenge agriculture","isPartOf":{"@id":"https:\/\/dev.challenge-agriculture.fr\/#website"},"datePublished":"2019-07-19T13:55:52+00:00","dateModified":"2021-04-16T07:25:22+00:00","description":"Toutes les caract\u00e9ristiques techniques du tensiom\u00e8tre \u00e0 contact A, produit distribu\u00e9 par Challenge agriculture.","breadcrumb":{"@id":"https:\/\/dev.challenge-agriculture.fr\/produit\/non-classe\/tensiometre-a-contact-sec\/#breadcrumb"},"inLanguage":"es","potentialAction":[{"@type":"ReadAction","target":["https:\/\/dev.challenge-agriculture.fr\/produit\/non-classe\/tensiometre-a-contact-sec\/"]}]},{"@type":"BreadcrumbList","@id":"https:\/\/dev.challenge-agriculture.fr\/produit\/non-classe\/tensiometre-a-contact-sec\/#breadcrumb","itemListElement":[{"@type":"ListItem","position":1,"name":"Home","item":"https:\/\/dev.challenge-agriculture.fr\/es\/"},{"@type":"ListItem","position":2,"name":"Boutique","item":"https:\/\/dev.challenge-agriculture.fr\/la-boutique\/"},{"@type":"ListItem","position":3,"name":"Tensiom\u00e8tre \u00e0 contact \u00ab\u00a0A\u00a0\u00bb"}]},{"@type":"WebSite","@id":"https:\/\/dev.challenge-agriculture.fr\/#website","url":"https:\/\/dev.challenge-agriculture.fr\/","name":"Challenge Agriculture","description":"","publisher":{"@id":"https:\/\/dev.challenge-agriculture.fr\/#organization"},"potentialAction":[{"@type":"SearchAction","target":{"@type":"EntryPoint","urlTemplate":"https:\/\/dev.challenge-agriculture.fr\/?s={search_term_string}"},"query-input":"required name=search_term_string"}],"inLanguage":"es"},{"@type":"Organization","@id":"https:\/\/dev.challenge-agriculture.fr\/#organization","name":"Challenge Agriculture","url":"https:\/\/dev.challenge-agriculture.fr\/","logo":{"@type":"ImageObject","inLanguage":"es","@id":"https:\/\/dev.challenge-agriculture.fr\/#\/schema\/logo\/image\/","url":"https:\/\/www.challenge-agriculture.fr\/wp-content\/uploads\/2020\/02\/logo-doc.png","contentUrl":"https:\/\/www.challenge-agriculture.fr\/wp-content\/uploads\/2020\/02\/logo-doc.png","width":1497,"height":355,"caption":"Challenge Agriculture"},"image":{"@id":"https:\/\/dev.challenge-agriculture.fr\/#\/schema\/logo\/image\/"}}]}},"_links":{"self":[{"href":"https:\/\/dev.challenge-agriculture.fr\/es\/wp-json\/wp\/v2\/product\/8687"}],"collection":[{"href":"https:\/\/dev.challenge-agriculture.fr\/es\/wp-json\/wp\/v2\/product"}],"about":[{"href":"https:\/\/dev.challenge-agriculture.fr\/es\/wp-json\/wp\/v2\/types\/product"}],"version-history":[{"count":3,"href":"https:\/\/dev.challenge-agriculture.fr\/es\/wp-json\/wp\/v2\/product\/8687\/revisions"}],"predecessor-version":[{"id":27675,"href":"https:\/\/dev.challenge-agriculture.fr\/es\/wp-json\/wp\/v2\/product\/8687\/revisions\/27675"}],"wp:attachment":[{"href":"https:\/\/dev.challenge-agriculture.fr\/es\/wp-json\/wp\/v2\/media?parent=8687"}],"wp:term":[{"taxonomy":"product_cat","embeddable":true,"href":"https:\/\/dev.challenge-agriculture.fr\/es\/wp-json\/wp\/v2\/product_cat?post=8687"},{"taxonomy":"product_tag","embeddable":true,"href":"https:\/\/dev.challenge-agriculture.fr\/es\/wp-json\/wp\/v2\/product_tag?post=8687"}],"curies":[{"name":"wp","href":"https:\/\/api.w.org\/{rel}","templated":true}]}}