{"id":970,"date":"2019-12-22T15:40:20","date_gmt":"2017-03-20T14:02:17","guid":{"rendered":"http:\/\/www.challenge-agriculture.fr\/es\/product\/monitor-kit-r2-dx-es\/"},"modified":"2023-11-10T14:54:03","modified_gmt":"2023-11-10T13:54:03","slug":"solucion-monitor-r2-dx-transmision-de-datos","status":"publish","type":"product","link":"https:\/\/dev.challenge-agriculture.fr\/es\/producto\/tensiometria\/monitor-es\/solucion-monitor-r2-dx-transmision-de-datos\/","title":{"rendered":"Soluci\u00f3n monitor R2-DX : Transmisi\u00f3n de datos"},"content":{"rendered":"<table class=\"spectbl\">\n<tbody>\n<tr>\n<td><strong>Monitor<\/strong><\/td>\n<th>R2-DX<\/th>\n<\/tr>\n<tr>\n<td>Cargador para bater\u00eda de 12V &#8211; 5Ah<\/td>\n<td>Concepci\u00f3n y realizaci\u00f3n<\/td>\n<\/tr>\n<tr>\n<td>Telemetria rustica, fiable, ninguna restriccion en el campo<\/td>\n<td>para sms<\/td>\n<\/tr>\n<tr>\n<td>Funci\u00f3n<\/td>\n<td>Grabaci\u00f3n y transmisi\u00f3n autom\u00e1tica<\/td>\n<\/tr>\n<tr>\n<td>Precio HT<\/td>\n<td><strong>880 \u20ac<\/strong><\/td>\n<\/tr>\n<tr>\n<td>Mediciones del sensor<br \/>\n<em>(Watermark, temperatura&#8230;)<\/em><\/td>\n<td>m\u00e1ximo <strong>32<\/strong> entr\u00e9es<\/td>\n<\/tr>\n<tr>\n<td>Pluvi\u00f3metro \/ medidor de agua<\/td>\n<td><strong>2<\/strong> m\u00e1ximo<\/td>\n<\/tr>\n<tr>\n<td>Consumo reducido<\/td>\n<td>\u25cf<\/td>\n<\/tr>\n<tr>\n<td>Pantalla LCD<br \/>\n<em>(medidas + estad\u00edsticas + estado)<\/em><\/td>\n<td>\u25cf<\/td>\n<\/tr>\n<tr>\n<td>Registro autom\u00e1tico<\/td>\n<td>\u25cf<\/td>\n<\/tr>\n<tr>\n<td>Copia de seguridad en microSD<\/td>\n<td>\u25cf<\/td>\n<\/tr>\n<tr>\n<td>Interfaz USB<br \/>\n<em>(configuration \/ acc\u00e8s mesures)<\/em><\/td>\n<td>\u25cf<\/td>\n<\/tr>\n<tr>\n<td>Interface UART<br \/>\n<em>(interfaz hacia otros equipos)<\/em><\/td>\n<td><\/td>\n<\/tr>\n<tr>\n<td>Fuente \/ Tensi\u00f3n<\/td>\n<td>Bater\u00eda de voltaje 12 V &#8211; 5 Ah<\/td>\n<\/tr>\n<tr>\n<td>Corte de voltaje<\/td>\n<td>11 V<\/td>\n<\/tr>\n<tr>\n<td>Autonom\u00eda :<\/td>\n<td><\/td>\n<\/tr>\n<tr>\n<td><em>Despu\u00e9s de 24 horas de recarga<\/em><\/td>\n<td>16 meses<\/td>\n<\/tr>\n<tr>\n<td><em>Autonom\u00eda en panel solar<\/em><\/td>\n<td>posible por 72 meses<\/td>\n<\/tr>\n<tr>\n<td>Transmisiones GSM \/ GPRS<\/td>\n<td>\u25cf<\/td>\n<\/tr>\n<tr>\n<td>Control remoto GSM \/ GPRS<\/td>\n<td>\u25cf<\/td>\n<\/tr>\n<tr>\n<td>Sitio web dedicado<br \/>\n<em>(historial, gr\u00e1fico, configuraci\u00f3n&#8230;)<\/em><\/td>\n<td>S\u00ed<\/td>\n<\/tr>\n<tr>\n<td>Env\u00edo de datos en el sitio<\/td>\n<td>automatico<\/td>\n<\/tr>\n<tr>\n<td>Gr\u00e1fico autom\u00e1tico en l\u00ednea. Umbrales de activaci\u00f3n de riego<\/td>\n<td>Automatico<\/td>\n<\/tr>\n<tr>\n<td>Ecografia de la bombilla por goteo<\/td>\n<td>S\u00ed<\/td>\n<\/tr>\n<tr>\n<td>Servicio t\u00e9cnico<br \/>\nCuadro de di\u00e1logo en l\u00ednea<\/td>\n<td>S\u00ed<\/td>\n<\/tr>\n<\/tbody>\n<\/table>\n","protected":false},"excerpt":{"rendered":"<p><strong><a href=\"https:\/\/www.challenge-agriculture.fr\/es\/el-equipo\/monitor-r2-dx-watermark\/\">Monitor R2-DX<\/a><\/strong> adquiere, almacena y transmite mediciones tensiom\u00e9tricas de <strong><a href=\"https:\/\/www.challenge-agriculture.fr\/es\/el-equipo\/sondas-watermark\/\">sondas Watermark<\/a><\/strong> en la Web.<\/p>\n","protected":false},"featured_media":8215,"template":"","meta":{"_acf_changed":false},"product_cat":[93,756],"product_tag":[],"acf":[],"yoast_head":"<!-- This site is optimized with the Yoast SEO plugin v22.0 - https:\/\/yoast.com\/wordpress\/plugins\/seo\/ -->\n<title>Soluci\u00f3n monitor R2-DX : tansmisi\u00f3n de datos - Challenge agriculture<\/title>\n<meta name=\"description\" content=\"Soluci\u00f3n monitor R2-DX : transmisi\u00f3n de datos. Un producto distribuido por Challenge agriculture, hecho en Francia.\" \/>\n<meta name=\"robots\" content=\"index, follow, max-snippet:-1, max-image-preview:large, max-video-preview:-1\" \/>\n<link rel=\"canonical\" href=\"https:\/\/dev.challenge-agriculture.fr\/es\/producto\/tensiometria\/monitor-es\/solucion-monitor-r2-dx-transmision-de-datos\/\" \/>\n<meta property=\"og:locale\" content=\"fr_FR\" \/>\n<meta property=\"og:type\" content=\"article\" \/>\n<meta property=\"og:title\" content=\"Soluci\u00f3n monitor R2-DX : tansmisi\u00f3n de datos - Challenge agriculture\" \/>\n<meta property=\"og:description\" content=\"Soluci\u00f3n monitor R2-DX : transmisi\u00f3n de datos. Un producto distribuido por Challenge agriculture, hecho en Francia.\" \/>\n<meta property=\"og:url\" content=\"https:\/\/dev.challenge-agriculture.fr\/es\/producto\/tensiometria\/monitor-es\/solucion-monitor-r2-dx-transmision-de-datos\/\" \/>\n<meta property=\"og:site_name\" content=\"Challenge Agriculture\" \/>\n<meta property=\"article:modified_time\" content=\"2023-11-10T13:54:03+00:00\" \/>\n<meta property=\"og:image\" content=\"https:\/\/dev.challenge-agriculture.fr\/wp-content\/uploads\/2016\/12\/R2-DX.png\" \/>\n\t<meta property=\"og:image:width\" content=\"300\" \/>\n\t<meta property=\"og:image:height\" content=\"300\" \/>\n\t<meta property=\"og:image:type\" content=\"image\/png\" \/>\n<meta name=\"twitter:card\" content=\"summary_large_image\" \/>\n<meta name=\"twitter:label1\" content=\"Tiempo de lectura\" \/>\n\t<meta name=\"twitter:data1\" content=\"1 minuto\" \/>\n<script type=\"application\/ld+json\" class=\"yoast-schema-graph\">{\"@context\":\"https:\/\/schema.org\",\"@graph\":[{\"@type\":\"WebPage\",\"@id\":\"https:\/\/dev.challenge-agriculture.fr\/es\/producto\/tensiometria\/monitor-es\/solucion-monitor-r2-dx-transmision-de-datos\/\",\"url\":\"https:\/\/dev.challenge-agriculture.fr\/es\/producto\/tensiometria\/monitor-es\/solucion-monitor-r2-dx-transmision-de-datos\/\",\"name\":\"Soluci\u00f3n monitor R2-DX : tansmisi\u00f3n de datos - Challenge agriculture\",\"isPartOf\":{\"@id\":\"https:\/\/dev.challenge-agriculture.fr\/#website\"},\"datePublished\":\"2017-03-20T14:02:17+00:00\",\"dateModified\":\"2023-11-10T13:54:03+00:00\",\"description\":\"Soluci\u00f3n monitor R2-DX : transmisi\u00f3n de datos. Un producto distribuido por Challenge agriculture, hecho en Francia.\",\"breadcrumb\":{\"@id\":\"https:\/\/dev.challenge-agriculture.fr\/es\/producto\/tensiometria\/monitor-es\/solucion-monitor-r2-dx-transmision-de-datos\/#breadcrumb\"},\"inLanguage\":\"es\",\"potentialAction\":[{\"@type\":\"ReadAction\",\"target\":[\"https:\/\/dev.challenge-agriculture.fr\/es\/producto\/tensiometria\/monitor-es\/solucion-monitor-r2-dx-transmision-de-datos\/\"]}]},{\"@type\":\"BreadcrumbList\",\"@id\":\"https:\/\/dev.challenge-agriculture.fr\/es\/producto\/tensiometria\/monitor-es\/solucion-monitor-r2-dx-transmision-de-datos\/#breadcrumb\",\"itemListElement\":[{\"@type\":\"ListItem\",\"position\":1,\"name\":\"Home\",\"item\":\"https:\/\/dev.challenge-agriculture.fr\/es\/\"},{\"@type\":\"ListItem\",\"position\":2,\"name\":\"Boutique\",\"item\":\"https:\/\/dev.challenge-agriculture.fr\/la-boutique\/\"},{\"@type\":\"ListItem\",\"position\":3,\"name\":\"Soluci\u00f3n monitor R2-DX : Transmisi\u00f3n de datos\"}]},{\"@type\":\"WebSite\",\"@id\":\"https:\/\/dev.challenge-agriculture.fr\/#website\",\"url\":\"https:\/\/dev.challenge-agriculture.fr\/\",\"name\":\"Challenge Agriculture\",\"description\":\"\",\"publisher\":{\"@id\":\"https:\/\/dev.challenge-agriculture.fr\/#organization\"},\"potentialAction\":[{\"@type\":\"SearchAction\",\"target\":{\"@type\":\"EntryPoint\",\"urlTemplate\":\"https:\/\/dev.challenge-agriculture.fr\/?s={search_term_string}\"},\"query-input\":\"required name=search_term_string\"}],\"inLanguage\":\"es\"},{\"@type\":\"Organization\",\"@id\":\"https:\/\/dev.challenge-agriculture.fr\/#organization\",\"name\":\"Challenge Agriculture\",\"url\":\"https:\/\/dev.challenge-agriculture.fr\/\",\"logo\":{\"@type\":\"ImageObject\",\"inLanguage\":\"es\",\"@id\":\"https:\/\/dev.challenge-agriculture.fr\/#\/schema\/logo\/image\/\",\"url\":\"https:\/\/www.challenge-agriculture.fr\/wp-content\/uploads\/2020\/02\/logo-doc.png\",\"contentUrl\":\"https:\/\/www.challenge-agriculture.fr\/wp-content\/uploads\/2020\/02\/logo-doc.png\",\"width\":1497,\"height\":355,\"caption\":\"Challenge Agriculture\"},\"image\":{\"@id\":\"https:\/\/dev.challenge-agriculture.fr\/#\/schema\/logo\/image\/\"}}]}<\/script>\n<!-- \/ Yoast SEO plugin. -->","yoast_head_json":{"title":"Soluci\u00f3n monitor R2-DX : tansmisi\u00f3n de datos - Challenge agriculture","description":"Soluci\u00f3n monitor R2-DX : transmisi\u00f3n de datos. Un producto distribuido por Challenge agriculture, hecho en Francia.","robots":{"index":"index","follow":"follow","max-snippet":"max-snippet:-1","max-image-preview":"max-image-preview:large","max-video-preview":"max-video-preview:-1"},"canonical":"https:\/\/dev.challenge-agriculture.fr\/es\/producto\/tensiometria\/monitor-es\/solucion-monitor-r2-dx-transmision-de-datos\/","og_locale":"fr_FR","og_type":"article","og_title":"Soluci\u00f3n monitor R2-DX : tansmisi\u00f3n de datos - Challenge agriculture","og_description":"Soluci\u00f3n monitor R2-DX : transmisi\u00f3n de datos. Un producto distribuido por Challenge agriculture, hecho en Francia.","og_url":"https:\/\/dev.challenge-agriculture.fr\/es\/producto\/tensiometria\/monitor-es\/solucion-monitor-r2-dx-transmision-de-datos\/","og_site_name":"Challenge Agriculture","article_modified_time":"2023-11-10T13:54:03+00:00","og_image":[{"width":300,"height":300,"url":"https:\/\/dev.challenge-agriculture.fr\/wp-content\/uploads\/2016\/12\/R2-DX.png","type":"image\/png"}],"twitter_card":"summary_large_image","twitter_misc":{"Tiempo de lectura":"1 minuto"},"schema":{"@context":"https:\/\/schema.org","@graph":[{"@type":"WebPage","@id":"https:\/\/dev.challenge-agriculture.fr\/es\/producto\/tensiometria\/monitor-es\/solucion-monitor-r2-dx-transmision-de-datos\/","url":"https:\/\/dev.challenge-agriculture.fr\/es\/producto\/tensiometria\/monitor-es\/solucion-monitor-r2-dx-transmision-de-datos\/","name":"Soluci\u00f3n monitor R2-DX : tansmisi\u00f3n de datos - Challenge agriculture","isPartOf":{"@id":"https:\/\/dev.challenge-agriculture.fr\/#website"},"datePublished":"2017-03-20T14:02:17+00:00","dateModified":"2023-11-10T13:54:03+00:00","description":"Soluci\u00f3n monitor R2-DX : transmisi\u00f3n de datos. Un producto distribuido por Challenge agriculture, hecho en Francia.","breadcrumb":{"@id":"https:\/\/dev.challenge-agriculture.fr\/es\/producto\/tensiometria\/monitor-es\/solucion-monitor-r2-dx-transmision-de-datos\/#breadcrumb"},"inLanguage":"es","potentialAction":[{"@type":"ReadAction","target":["https:\/\/dev.challenge-agriculture.fr\/es\/producto\/tensiometria\/monitor-es\/solucion-monitor-r2-dx-transmision-de-datos\/"]}]},{"@type":"BreadcrumbList","@id":"https:\/\/dev.challenge-agriculture.fr\/es\/producto\/tensiometria\/monitor-es\/solucion-monitor-r2-dx-transmision-de-datos\/#breadcrumb","itemListElement":[{"@type":"ListItem","position":1,"name":"Home","item":"https:\/\/dev.challenge-agriculture.fr\/es\/"},{"@type":"ListItem","position":2,"name":"Boutique","item":"https:\/\/dev.challenge-agriculture.fr\/la-boutique\/"},{"@type":"ListItem","position":3,"name":"Soluci\u00f3n monitor R2-DX : Transmisi\u00f3n de datos"}]},{"@type":"WebSite","@id":"https:\/\/dev.challenge-agriculture.fr\/#website","url":"https:\/\/dev.challenge-agriculture.fr\/","name":"Challenge Agriculture","description":"","publisher":{"@id":"https:\/\/dev.challenge-agriculture.fr\/#organization"},"potentialAction":[{"@type":"SearchAction","target":{"@type":"EntryPoint","urlTemplate":"https:\/\/dev.challenge-agriculture.fr\/?s={search_term_string}"},"query-input":"required name=search_term_string"}],"inLanguage":"es"},{"@type":"Organization","@id":"https:\/\/dev.challenge-agriculture.fr\/#organization","name":"Challenge Agriculture","url":"https:\/\/dev.challenge-agriculture.fr\/","logo":{"@type":"ImageObject","inLanguage":"es","@id":"https:\/\/dev.challenge-agriculture.fr\/#\/schema\/logo\/image\/","url":"https:\/\/www.challenge-agriculture.fr\/wp-content\/uploads\/2020\/02\/logo-doc.png","contentUrl":"https:\/\/www.challenge-agriculture.fr\/wp-content\/uploads\/2020\/02\/logo-doc.png","width":1497,"height":355,"caption":"Challenge Agriculture"},"image":{"@id":"https:\/\/dev.challenge-agriculture.fr\/#\/schema\/logo\/image\/"}}]}},"_links":{"self":[{"href":"https:\/\/dev.challenge-agriculture.fr\/es\/wp-json\/wp\/v2\/product\/970"}],"collection":[{"href":"https:\/\/dev.challenge-agriculture.fr\/es\/wp-json\/wp\/v2\/product"}],"about":[{"href":"https:\/\/dev.challenge-agriculture.fr\/es\/wp-json\/wp\/v2\/types\/product"}],"version-history":[{"count":9,"href":"https:\/\/dev.challenge-agriculture.fr\/es\/wp-json\/wp\/v2\/product\/970\/revisions"}],"predecessor-version":[{"id":31542,"href":"https:\/\/dev.challenge-agriculture.fr\/es\/wp-json\/wp\/v2\/product\/970\/revisions\/31542"}],"wp:featuredmedia":[{"embeddable":true,"href":"https:\/\/dev.challenge-agriculture.fr\/es\/wp-json\/wp\/v2\/media\/8215"}],"wp:attachment":[{"href":"https:\/\/dev.challenge-agriculture.fr\/es\/wp-json\/wp\/v2\/media?parent=970"}],"wp:term":[{"taxonomy":"product_cat","embeddable":true,"href":"https:\/\/dev.challenge-agriculture.fr\/es\/wp-json\/wp\/v2\/product_cat?post=970"},{"taxonomy":"product_tag","embeddable":true,"href":"https:\/\/dev.challenge-agriculture.fr\/es\/wp-json\/wp\/v2\/product_tag?post=970"}],"curies":[{"name":"wp","href":"https:\/\/api.w.org\/{rel}","templated":true}]}}